{"id":26,"date":"2025-09-12T15:22:23","date_gmt":"2025-09-12T12:22:23","guid":{"rendered":"https:\/\/sites.uwasa.fi\/mevi2026\/?page_id=26"},"modified":"2026-03-06T11:59:18","modified_gmt":"2026-03-06T09:59:18","slug":"tyoryhmat","status":"publish","type":"page","link":"https:\/\/sites.uwasa.fi\/mevi2026\/tyoryhmat\/","title":{"rendered":"Ty\u00f6ryhm\u00e4t"},"content":{"rendered":"<p>T\u00e4ll\u00e4 sivulla voit tutustua kunkin ty\u00f6ryhm\u00e4n kuvaukseen.<\/p>\n<hr \/>\n<ul>\n<li><a href=\"https:\/\/sites.uwasa.fi\/mevi2026\/tyoryhmat\/ekomediatutkimuksen-versovat-kentat\/\" target=\"_blank\" rel=\"noopener\">Ekomediatutkimuksen versovat kent\u00e4t<\/a><\/li>\n<li><a href=\"https:\/\/sites.uwasa.fi\/mevi2026\/tyoryhmat\/informaatioresilienssin-moniulotteisuus-median-ja-viestinnan-kentalla\/\" target=\"_blank\" rel=\"noopener\">Informaatioresilienssin moniulotteisuus median ja viestinn\u00e4n kent\u00e4ll\u00e4 (The Multidimensionality of Information Resilience in the Field of Media and Communication Research)<\/a><\/li>\n<li><a href=\"https:\/\/sites.uwasa.fi\/mevi2026\/tyoryhmat\/juuret-journalismin-perustat-ja-uudet-versot\/\" target=\"_blank\" rel=\"noopener\">Juuret \u2013 Journalismin perustat ja uudet versot (Roots \u2013 The foundations and new offshoots of journalism)<\/a><\/li>\n<li><a href=\"https:\/\/sites.uwasa.fi\/mevi2026\/tyoryhmat\/lansi-ja-muut-mediassa-sivilisationaalinen-ideologia-liberaalin-ja-saantopohjaisen-jarjestyksen-haastajana\/\" target=\"_blank\" rel=\"noopener\">L\u00e4nsi ja muut mediassa: sivilisationaalinen ideologia liberaalin ja s\u00e4\u00e4nt\u00f6pohjaisen j\u00e4rjestyksen haastajana<\/a><\/li>\n<li><a href=\"https:\/\/sites.uwasa.fi\/mevi2026\/tyoryhmat\/media-teknologia-ja-kestavyys\/\" target=\"_blank\" rel=\"noopener\">Media, teknologia ja kest\u00e4vyys (Media, technology, and sustainability)<\/a><\/li>\n<li><a href=\"https:\/\/sites.uwasa.fi\/mevi2026\/tyoryhmat\/mediatalouden-ja-viestintapolitiikan-tyoryhma\/\" target=\"_blank\" rel=\"noopener\">Mediatalouden ja viestint\u00e4politiikan ty\u00f6ryhm\u00e4<\/a><\/li>\n<li><a href=\"https:\/\/sites.uwasa.fi\/mevi2026\/tyoryhmat\/nakokulmia-televisioon-ennen-ja-nyt\/\" target=\"_blank\" rel=\"noopener\">N\u00e4k\u00f6kulmia televisioon ennen ja nyt<\/a><\/li>\n<li><a href=\"https:\/\/sites.uwasa.fi\/mevi2026\/tyoryhmat\/poliittinen-viestinta-affektiivisen-polarisaation-aikakaudella\/\" target=\"_blank\" rel=\"noopener\">Poliittinen viestint\u00e4 affektiivisen polarisaation aikakaudella<\/a><\/li>\n<li><a href=\"https:\/\/sites.uwasa.fi\/mevi2026\/en\/working-groups\/roots-and-appearance-of-misleading-in-digital-communication\/\" target=\"_blank\" rel=\"noopener\">Roots and appearance of misleading in digital communication<\/a><\/li>\n<li><a href=\"https:\/\/sites.uwasa.fi\/mevi2026\/tyoryhmat\/tekoaly-journalismissa\/\" target=\"_blank\" rel=\"noopener\">Teko\u00e4ly journalismissa<\/a><\/li>\n<li><a href=\"https:\/\/sites.uwasa.fi\/mevi2026\/tyoryhmat\/tiede-teknologia-ja-asiantuntijuus-julkisuudessa\/\" target=\"_blank\" rel=\"noopener\">Tiede, teknologia ja asiantuntijuus julkisuudessa<\/a><\/li>\n<li><a href=\"https:\/\/sites.uwasa.fi\/mevi2026\/tyoryhmat\/viestivan-tekoalyn-juuret-ja-joutomaat\/\" target=\"_blank\" rel=\"noopener\">Viestiv\u00e4n teko\u00e4lyn juuret ja joutomaat (Communicative AI: roots and repercussions)<\/a><\/li>\n<li><a href=\"https:\/\/sites.uwasa.fi\/mevi2026\/tyoryhmat\/visuaalisen-tutkimuksen-tyoryhma\/\" target=\"_blank\" rel=\"noopener\">Visuaalisen tutkimuksen ty\u00f6ryhm\u00e4<\/a><\/li>\n<li><a href=\"https:\/\/sites.uwasa.fi\/mevi2026\/en\/working-groups\/when-news-meet-planetary-boundaries-rethinking-journalism\/\" target=\"_blank\" rel=\"noopener\">When News Meet Planetary Boundaries: Rethinking Journalism<\/a><\/li>\n<\/ul>\n","protected":false},"excerpt":{"rendered":"<p>T\u00e4ll\u00e4 sivulla voit tutustua kunkin ty\u00f6ryhm\u00e4n kuvaukseen. Ekomediatutkimuksen versovat kent\u00e4t Informaatioresilienssin moniulotteisuus median ja viestinn\u00e4n kent\u00e4ll\u00e4 (The Multidimensionality of Information Resilience in the Field of Media and Communication Research) Juuret \u2013 Journalismin perustat ja uudet versot (Roots \u2013 The foundations and new offshoots of journalism) L\u00e4nsi ja muut mediassa: sivilisationaalinen ideologia liberaalin ja s\u00e4\u00e4nt\u00f6pohjaisen j\u00e4rjestyksen [&hellip;]<\/p>\n","protected":false},"author":100,"featured_media":0,"parent":0,"menu_order":0,"comment_status":"closed","ping_status":"closed","template":"","meta":{"_acf_changed":false,"footnotes":""},"class_list":["post-26","page","type-page","status-publish","hentry"],"acf":[],"lang":"fi","translations":{"fi":26,"sv":163,"en":169},"pll_sync_post":[],"_links":{"self":[{"href":"https:\/\/sites.uwasa.fi\/mevi2026\/wp-json\/wp\/v2\/pages\/26"}],"collection":[{"href":"https:\/\/sites.uwasa.fi\/mevi2026\/wp-json\/wp\/v2\/pages"}],"about":[{"href":"https:\/\/sites.uwasa.fi\/mevi2026\/wp-json\/wp\/v2\/types\/page"}],"author":[{"embeddable":true,"href":"https:\/\/sites.uwasa.fi\/mevi2026\/wp-json\/wp\/v2\/users\/100"}],"replies":[{"embeddable":true,"href":"https:\/\/sites.uwasa.fi\/mevi2026\/wp-json\/wp\/v2\/comments?post=26"}],"version-history":[{"count":21,"href":"https:\/\/sites.uwasa.fi\/mevi2026\/wp-json\/wp\/v2\/pages\/26\/revisions"}],"predecessor-version":[{"id":451,"href":"https:\/\/sites.uwasa.fi\/mevi2026\/wp-json\/wp\/v2\/pages\/26\/revisions\/451"}],"wp:attachment":[{"href":"https:\/\/sites.uwasa.fi\/mevi2026\/wp-json\/wp\/v2\/media?parent=26"}],"curies":[{"name":"wp","href":"https:\/\/api.w.org\/{rel}","templated":true}]}}