{"id":255,"date":"2025-12-11T19:17:34","date_gmt":"2025-12-11T17:17:34","guid":{"rendered":"https:\/\/sites.uwasa.fi\/mevi2026\/?page_id=255"},"modified":"2025-12-11T19:17:34","modified_gmt":"2025-12-11T17:17:34","slug":"tiede-teknologia-ja-asiantuntijuus-julkisuudessa","status":"publish","type":"page","link":"https:\/\/sites.uwasa.fi\/mevi2026\/tyoryhmat\/tiede-teknologia-ja-asiantuntijuus-julkisuudessa\/","title":{"rendered":"Tiede, teknologia ja asiantuntijuus julkisuudessa"},"content":{"rendered":"<p><strong>Ty\u00f6ryhm\u00e4n vet\u00e4j\u00e4t:<\/strong> V\u00e4it\u00f6skirjatutkija Elina Uutela, Helsingin yliopisto &amp; professori emeritus Esa V\u00e4liverronen, Helsingin yliopisto<\/p>\n<p>Tieteen haastaminen ja tutkijoiden vaientaminen ovat olleet laajassa keskustelussa viime vuosina niin kansainv\u00e4listen poliittisten tuulien kuin kansallisten rahoitusp\u00e4\u00e4t\u00f6sten vuoksi. Tiede ja asiantuntijuus nauttivat Suomessa edelleen korkeaa luottamusta, ja kuitenkin samaan aikaan tohtoriopintojen vaatimuksia muutetaan valmistumisen nopeuttamiseksi, yksitt\u00e4iset rahoitusp\u00e4\u00e4t\u00f6kset ker\u00e4\u00e4v\u00e4t kritiikki\u00e4 ja julkisessa keskustelussa korostuu usein tieteen v\u00e4linearvo taloudellisen hy\u00f6dyn tuottajana.<\/p>\n<p>Pit\u00e4\u00e4k\u00f6 n\u00e4ist\u00e4 olla huolissaan, vai saavatko n\u00e4m\u00e4 aikaan toivottuja muutoksia eri tieteenaloilla?<\/p>\n<p>Ty\u00f6ryhm\u00e4\u00e4n ovat tervetulleita esitykset, joissa k\u00e4sitell\u00e4\u00e4n tieteen, teknologian ja asiantuntijuuden representaatioita, haastamista ja toimintaa julkisuudessa sek\u00e4 n\u00e4iss\u00e4 tapahtuneita muutoksia.<\/p>\n<p>Esitykset voivat k\u00e4sitell\u00e4 esimerkiksi tiedeviestinn\u00e4n k\u00e4yt\u00e4nt\u00f6j\u00e4, tiedejournalismia, asiantuntijuuden roolia sek\u00e4 tieteen esitystapoja julkisuudessa. Ty\u00f6ryhm\u00e4n teemaan sopivat esimerkiksi luottamus tai ep\u00e4luottamus tieteeseen, teknologiaan ja asiantuntijoihin, kansalaisten k\u00e4sitykset tieteest\u00e4 ja asiantuntijoista, tieteen julkaisuk\u00e4yt\u00e4nn\u00f6t, tai asiantuntijoiden ja toimittajien suhteet.<\/p>\n<p>Julkisuus voi tarkoittaa perinteist\u00e4 mediaa, sosiaalista mediaa, verkkoa tai muita julkisia foorumeita.<\/p>\n<p>Tervetulleita ovat niin teoreettiset esitykset, ajankohtaiset analyysit kuin historiallisetkin tutkimukset.<\/p>\n","protected":false},"excerpt":{"rendered":"<p>Ty\u00f6ryhm\u00e4n vet\u00e4j\u00e4t: V\u00e4it\u00f6skirjatutkija Elina Uutela, Helsingin yliopisto &amp; professori emeritus Esa V\u00e4liverronen, Helsingin yliopisto Tieteen haastaminen ja tutkijoiden vaientaminen ovat olleet laajassa keskustelussa viime vuosina niin kansainv\u00e4listen poliittisten tuulien kuin kansallisten rahoitusp\u00e4\u00e4t\u00f6sten vuoksi. Tiede ja asiantuntijuus nauttivat Suomessa edelleen korkeaa luottamusta, ja kuitenkin samaan aikaan tohtoriopintojen vaatimuksia muutetaan valmistumisen nopeuttamiseksi, yksitt\u00e4iset rahoitusp\u00e4\u00e4t\u00f6kset ker\u00e4\u00e4v\u00e4t kritiikki\u00e4 ja [&hellip;]<\/p>\n","protected":false},"author":586,"featured_media":0,"parent":26,"menu_order":12,"comment_status":"closed","ping_status":"closed","template":"","meta":{"_acf_changed":false,"footnotes":""},"class_list":["post-255","page","type-page","status-publish","hentry"],"acf":[],"lang":"fi","translations":{"fi":255,"sv":257,"en":259},"pll_sync_post":[],"_links":{"self":[{"href":"https:\/\/sites.uwasa.fi\/mevi2026\/wp-json\/wp\/v2\/pages\/255"}],"collection":[{"href":"https:\/\/sites.uwasa.fi\/mevi2026\/wp-json\/wp\/v2\/pages"}],"about":[{"href":"https:\/\/sites.uwasa.fi\/mevi2026\/wp-json\/wp\/v2\/types\/page"}],"author":[{"embeddable":true,"href":"https:\/\/sites.uwasa.fi\/mevi2026\/wp-json\/wp\/v2\/users\/586"}],"replies":[{"embeddable":true,"href":"https:\/\/sites.uwasa.fi\/mevi2026\/wp-json\/wp\/v2\/comments?post=255"}],"version-history":[{"count":1,"href":"https:\/\/sites.uwasa.fi\/mevi2026\/wp-json\/wp\/v2\/pages\/255\/revisions"}],"predecessor-version":[{"id":256,"href":"https:\/\/sites.uwasa.fi\/mevi2026\/wp-json\/wp\/v2\/pages\/255\/revisions\/256"}],"up":[{"embeddable":true,"href":"https:\/\/sites.uwasa.fi\/mevi2026\/wp-json\/wp\/v2\/pages\/26"}],"wp:attachment":[{"href":"https:\/\/sites.uwasa.fi\/mevi2026\/wp-json\/wp\/v2\/media?parent=255"}],"curies":[{"name":"wp","href":"https:\/\/api.w.org\/{rel}","templated":true}]}}