{"id":25,"date":"2025-09-12T15:22:23","date_gmt":"2025-09-12T12:22:23","guid":{"rendered":"https:\/\/sites.uwasa.fi\/mevi2026\/?page_id=25"},"modified":"2026-03-27T16:35:20","modified_gmt":"2026-03-27T14:35:20","slug":"jatko-opiskelijoille","status":"publish","type":"page","link":"https:\/\/sites.uwasa.fi\/mevi2026\/jatko-opiskelijoille\/","title":{"rendered":"Jatko-opiskelijoille"},"content":{"rendered":"<h2><\/h2>\n<hr \/>\n<h2><strong>Jatko-opiskelijoiden tapaaminen<\/strong><\/h2>\n<p>Ennen Mevi-p\u00e4ivien varsinaisen ohjelman alkamista j\u00e4rjestet\u00e4\u00e4n jatko-opiskelijoille tapaaminen, jossa teemana ovat tutkimusapurahahakemukset: Mik\u00e4 tekee hyv\u00e4n hakemuksen? Samalla p\u00e4\u00e4see verkostoitumaan muiden jatko-opiskelijoiden kanssa.<\/p>\n<p>Tilaisuudessa C.V. \u00c5kerlundin medias\u00e4\u00e4ti\u00f6n toiminnanjohtaja P\u00e4ivi Myllykangas sek\u00e4 Media-alan tutkimuss\u00e4\u00e4ti\u00f6n johtaja (vs.) Nando Malmelin kertovat apurahojen hakuprosessista sek\u00e4 siit\u00e4, mit\u00e4 asioita p\u00e4\u00e4t\u00f6ksiss\u00e4 painotetaan. Aikaa varataan my\u00f6s kysymyksille ja keskustelulle.<\/p>\n<p>Voit ilmoittautua tapaamiseen Mevi-p\u00e4ivien <a href=\"https:\/\/sites.uwasa.fi\/mevi2026\/ilmoittautuminen\/\" target=\"_blank\" rel=\"noopener\">ilmoittautumislomakkeella<\/a>.<\/p>\n<p><a href=\"https:\/\/sites.uwasa.fi\/mevi2026\/ohjelma\/\" target=\"_blank\" rel=\"noopener\">Tutustu ohjelmaan.<\/a><\/p>\n<hr \/>\n<p><em>Haku p\u00e4\u00e4ttynyt.<\/em><\/p>\n<h2><strong>Apurahoja jaossa jatko-opiskelijoille<\/strong><\/h2>\n<p><span style=\"font-weight: 400\">Jaossa 350 euron suuruisia apurahoja jatko-opiskelijoille Mevi-p\u00e4iville osallistumista varten!<\/span><\/p>\n<p><span style=\"font-weight: 400\">Mevi ry my\u00f6nt\u00e4\u00e4 korkeintaan 350 euron suuruisia apurahoja jatko-opiskelijoille tukemaan\u00a0 osallistumista Mevi-p\u00e4iville 2026.<\/span><\/p>\n<p><span style=\"font-weight: 400\">Apurahalla suomalaisessa korkeakoulussa kirjoilla oleva jatko-opiskelija voi kattaa osallistumismaksun sek\u00e4 majoituskustannuksia ja julkisilla liikennev\u00e4lineill\u00e4 matkustamisesta syntyvi\u00e4 matkakuluja. Apurahasumman ylitt\u00e4vi\u00e4 kuluja ei kateta. Apuraha maksetaan konferenssin j\u00e4lkeen kuitteja vastaan.<\/span><\/p>\n<p><span style=\"font-weight: 400\">Apuraha my\u00f6nnet\u00e4\u00e4n vain jatko-opiskelijalle, jonka esitys on hyv\u00e4ksytty esitett\u00e4v\u00e4ksi konferenssissa. Apurahat pyrit\u00e4\u00e4n jakamaan opiskelijoille, joilla ei ole muita mahdollisuuksia rahoittaa osallistumistaan konferenssiin. Lis\u00e4ksi jaossa painotetaan henkil\u00f6it\u00e4, jotka osallistuvat ensimm\u00e4ist\u00e4 kertaa Mevi-p\u00e4iville. P\u00e4\u00e4t\u00f6ksen apurahoista tekee Mevi ry:n hallitus. <\/span><b>Apurahaa haetaan <\/b><a href=\"https:\/\/docs.google.com\/forms\/d\/e\/1FAIpQLSepD6xqOI6nCYGLNvbwbLTJ-noHWwKGmQ_mlaMVb4wryDQhLw\/viewform\" target=\"_blank\" rel=\"noopener\"><b>t\u00e4ll\u00e4 lomakkeella<\/b><\/a><del><b> 12.1.2026<\/b><\/del><span style=\"font-weight: 400\"> menness\u00e4. <strong>Huom. apurahahakua on jatkettu 9.2.2026 asti.\u00a0<\/strong><\/span><\/p>\n","protected":false},"excerpt":{"rendered":"<p>Jatko-opiskelijoiden tapaaminen Ennen Mevi-p\u00e4ivien varsinaisen ohjelman alkamista j\u00e4rjestet\u00e4\u00e4n jatko-opiskelijoille tapaaminen, jossa teemana ovat tutkimusapurahahakemukset: Mik\u00e4 tekee hyv\u00e4n hakemuksen? Samalla p\u00e4\u00e4see verkostoitumaan muiden jatko-opiskelijoiden kanssa. Tilaisuudessa C.V. \u00c5kerlundin medias\u00e4\u00e4ti\u00f6n toiminnanjohtaja P\u00e4ivi Myllykangas sek\u00e4 Media-alan tutkimuss\u00e4\u00e4ti\u00f6n johtaja (vs.) Nando Malmelin kertovat apurahojen hakuprosessista sek\u00e4 siit\u00e4, mit\u00e4 asioita p\u00e4\u00e4t\u00f6ksiss\u00e4 painotetaan. Aikaa varataan my\u00f6s kysymyksille ja keskustelulle. Voit ilmoittautua [&hellip;]<\/p>\n","protected":false},"author":100,"featured_media":0,"parent":0,"menu_order":0,"comment_status":"closed","ping_status":"closed","template":"","meta":{"_acf_changed":false,"footnotes":""},"class_list":["post-25","page","type-page","status-publish","hentry"],"acf":[],"lang":"fi","translations":{"fi":25,"sv":342,"en":347},"pll_sync_post":[],"_links":{"self":[{"href":"https:\/\/sites.uwasa.fi\/mevi2026\/wp-json\/wp\/v2\/pages\/25"}],"collection":[{"href":"https:\/\/sites.uwasa.fi\/mevi2026\/wp-json\/wp\/v2\/pages"}],"about":[{"href":"https:\/\/sites.uwasa.fi\/mevi2026\/wp-json\/wp\/v2\/types\/page"}],"author":[{"embeddable":true,"href":"https:\/\/sites.uwasa.fi\/mevi2026\/wp-json\/wp\/v2\/users\/100"}],"replies":[{"embeddable":true,"href":"https:\/\/sites.uwasa.fi\/mevi2026\/wp-json\/wp\/v2\/comments?post=25"}],"version-history":[{"count":5,"href":"https:\/\/sites.uwasa.fi\/mevi2026\/wp-json\/wp\/v2\/pages\/25\/revisions"}],"predecessor-version":[{"id":494,"href":"https:\/\/sites.uwasa.fi\/mevi2026\/wp-json\/wp\/v2\/pages\/25\/revisions\/494"}],"wp:attachment":[{"href":"https:\/\/sites.uwasa.fi\/mevi2026\/wp-json\/wp\/v2\/media?parent=25"}],"curies":[{"name":"wp","href":"https:\/\/api.w.org\/{rel}","templated":true}]}}