{"id":248,"date":"2025-12-11T19:13:09","date_gmt":"2025-12-11T17:13:09","guid":{"rendered":"https:\/\/sites.uwasa.fi\/mevi2026\/?page_id=248"},"modified":"2025-12-11T19:13:09","modified_gmt":"2025-12-11T17:13:09","slug":"tekoaly-journalismissa","status":"publish","type":"page","link":"https:\/\/sites.uwasa.fi\/mevi2026\/tyoryhmat\/tekoaly-journalismissa\/","title":{"rendered":"Teko\u00e4ly journalismissa"},"content":{"rendered":"<p><strong>Ty\u00f6ryhm\u00e4n vet\u00e4j\u00e4: <\/strong>Yliopistonlehtori, dos. Lauri Haapanen, Jyv\u00e4skyl\u00e4n yliopisto<\/p>\n<p>Teko\u00e4ly juurtuu juuri osaksi journalismia, ja siksi on kiire.<\/p>\n<p>Ty\u00f6ryhm\u00e4 tarkastelee sit\u00e4, miten teko\u00e4ly muuttaa journalistisia ty\u00f6tapoja, ty\u00f6nkuvia ja ammatti-identiteettej\u00e4. Pohditaan my\u00f6s teko\u00e4lyn journalistista hy\u00f6dynt\u00e4mist\u00e4 teknisist\u00e4, eettisist\u00e4, yhteiskunnallisista ja kulttuurisista n\u00e4k\u00f6kulmista.<\/p>\n<p>N\u00e4iden n\u00e4k\u00f6kulmien valossa l\u00f6ytyy etsim\u00e4tt\u00e4 kysymykseksi: mik\u00e4 tekee ihmistoimijasta ainutlaatuisen viel\u00e4 silloin, teko\u00e4ly hoitaa rutiininomaiset ja kaavamaiset teht\u00e4v\u00e4t?<\/p>\n<p>Ty\u00f6ryhm\u00e4n koollekutsuja, Lauri Haapanen, ehdottaa avauspuheenvuorossaan vastaukseksi ihmisen kyky\u00e4 huomata odottamaton ja muuttaa se oivallukseksi (Critical Serendipity Literacy).<\/p>\n<p>Kenties t\u00e4m\u00e4 on journalistin t\u00e4rkein voimavara teko\u00e4lyn aikakaudella?<\/p>\n","protected":false},"excerpt":{"rendered":"<p>Ty\u00f6ryhm\u00e4n vet\u00e4j\u00e4: Yliopistonlehtori, dos. Lauri Haapanen, Jyv\u00e4skyl\u00e4n yliopisto Teko\u00e4ly juurtuu juuri osaksi journalismia, ja siksi on kiire. Ty\u00f6ryhm\u00e4 tarkastelee sit\u00e4, miten teko\u00e4ly muuttaa journalistisia ty\u00f6tapoja, ty\u00f6nkuvia ja ammatti-identiteettej\u00e4. Pohditaan my\u00f6s teko\u00e4lyn journalistista hy\u00f6dynt\u00e4mist\u00e4 teknisist\u00e4, eettisist\u00e4, yhteiskunnallisista ja kulttuurisista n\u00e4k\u00f6kulmista. N\u00e4iden n\u00e4k\u00f6kulmien valossa l\u00f6ytyy etsim\u00e4tt\u00e4 kysymykseksi: mik\u00e4 tekee ihmistoimijasta ainutlaatuisen viel\u00e4 silloin, teko\u00e4ly hoitaa rutiininomaiset ja [&hellip;]<\/p>\n","protected":false},"author":586,"featured_media":0,"parent":26,"menu_order":11,"comment_status":"closed","ping_status":"closed","template":"","meta":{"_acf_changed":false,"footnotes":""},"class_list":["post-248","page","type-page","status-publish","hentry"],"acf":[],"lang":"fi","translations":{"fi":248,"sv":250,"en":252},"pll_sync_post":[],"_links":{"self":[{"href":"https:\/\/sites.uwasa.fi\/mevi2026\/wp-json\/wp\/v2\/pages\/248"}],"collection":[{"href":"https:\/\/sites.uwasa.fi\/mevi2026\/wp-json\/wp\/v2\/pages"}],"about":[{"href":"https:\/\/sites.uwasa.fi\/mevi2026\/wp-json\/wp\/v2\/types\/page"}],"author":[{"embeddable":true,"href":"https:\/\/sites.uwasa.fi\/mevi2026\/wp-json\/wp\/v2\/users\/586"}],"replies":[{"embeddable":true,"href":"https:\/\/sites.uwasa.fi\/mevi2026\/wp-json\/wp\/v2\/comments?post=248"}],"version-history":[{"count":1,"href":"https:\/\/sites.uwasa.fi\/mevi2026\/wp-json\/wp\/v2\/pages\/248\/revisions"}],"predecessor-version":[{"id":249,"href":"https:\/\/sites.uwasa.fi\/mevi2026\/wp-json\/wp\/v2\/pages\/248\/revisions\/249"}],"up":[{"embeddable":true,"href":"https:\/\/sites.uwasa.fi\/mevi2026\/wp-json\/wp\/v2\/pages\/26"}],"wp:attachment":[{"href":"https:\/\/sites.uwasa.fi\/mevi2026\/wp-json\/wp\/v2\/media?parent=248"}],"curies":[{"name":"wp","href":"https:\/\/api.w.org\/{rel}","templated":true}]}}