{"id":24,"date":"2025-09-12T15:22:23","date_gmt":"2025-09-12T12:22:23","guid":{"rendered":"https:\/\/sites.uwasa.fi\/mevi2026\/?page_id=24"},"modified":"2026-03-12T09:16:34","modified_gmt":"2026-03-12T07:16:34","slug":"puhujat","status":"publish","type":"page","link":"https:\/\/sites.uwasa.fi\/mevi2026\/puhujat\/","title":{"rendered":"Puhujat"},"content":{"rendered":"<hr \/>\n<h3><\/h3>\n<h2><strong>JING ZENG: <\/strong><strong>The Rusting Roots of Truth and Knowledge in the Age of AI and Platforms<\/strong><\/h2>\n<h3>Apulaisprofessori, Z\u00fcrichin yliopisto<\/h3>\n<p><img loading=\"lazy\" decoding=\"async\" class=\"alignleft wp-image-490 \" src=\"https:\/\/sites.uwasa.fi\/mevi2026\/wp-content\/blogs.dir\/4\/files\/sites\/257\/2026\/03\/jingzeng3-1024x683.jpg\" alt=\"\" width=\"460\" height=\"307\" srcset=\"https:\/\/sites.uwasa.fi\/mevi2026\/wp-content\/blogs.dir\/4\/files\/sites\/257\/2026\/03\/jingzeng3-1024x683.jpg 1024w, https:\/\/sites.uwasa.fi\/mevi2026\/wp-content\/blogs.dir\/4\/files\/sites\/257\/2026\/03\/jingzeng3-300x200.jpg 300w, https:\/\/sites.uwasa.fi\/mevi2026\/wp-content\/blogs.dir\/4\/files\/sites\/257\/2026\/03\/jingzeng3-768x512.jpg 768w, https:\/\/sites.uwasa.fi\/mevi2026\/wp-content\/blogs.dir\/4\/files\/sites\/257\/2026\/03\/jingzeng3-1536x1024.jpg 1536w, https:\/\/sites.uwasa.fi\/mevi2026\/wp-content\/blogs.dir\/4\/files\/sites\/257\/2026\/03\/jingzeng3.jpg 2048w\" sizes=\"(max-width: 460px) 100vw, 460px\" \/><\/p>\n<p>Understanding contemporary media systems requires rethinking the \u201croots\u201d of power associated with information and knowledge production. For much of the twentieth century, truth and knowledge in public communication were anchored in institutional infrastructures such as journalism, science, and public media. Today, however, these epistemic foundations are increasingly mediated by global digital platforms and AI systems. People receive news updates while scrolling through TikTok feeds, and we ask conversational AI for all sorts of information. In this talk, the speaker draws on her cross-culture research on misinformation, platforms, and AI to examine how contemporary digital infrastructures reshape regimes of truth. The talk also reflects on the speaker\u2019s ongoing methodological work with large language models (LLMs) and problematizes how these tools are transforming the practices of scientific knowledge production.<\/p>\n<p>[Puheenvuoro englanniksi.]<\/p>\n<p>&nbsp;<\/p>\n<p>&nbsp;<\/p>\n<p><strong>Bio:<\/strong> Jing Zeng ty\u00f6skentelee apulaisprofessorina Z\u00fcrichin yliopiston media- ja viestint\u00e4tieteess\u00e4. H\u00e4nen tutkimuksensa on poikkeuksellisen kansainv\u00e4list\u00e4 ja se keskittyy erityisesti digitaalisten teknologioiden sosiokulttuurisiin konteksteihin. H\u00e4n on erikoistunut my\u00f6s uusien tutkimusmenetelmien kehitt\u00e4miseen sek\u00e4 kulttuurienv\u00e4lisen ja visuaalisen viestinn\u00e4n kysymyksiin. H\u00e4n on tutkinut laajasti my\u00f6s disinformaatiota, digitaalista julkisuutta ja ilmastoaktivismia. H\u00e4nelt\u00e4 on tulossa l\u00e4hiaikoina kirja (Alt Platforms, Polity Press) sek\u00e4 useita julkaisuja teko\u00e4lyst\u00e4 ja datataloudesta.<\/p>\n<p><strong>Profiili:<\/strong> <a href=\"https:\/\/www.ikmz.uzh.ch\/en\/research\/divisions\/computational-social-and-communication-science\/team\/jing-zeng.html\" target=\"_blank\" rel=\"noopener\">https:\/\/www.ikmz.uzh.ch\/en\/research\/divisions\/computational-social-and-communication-science\/team\/jing-zeng.html<\/a><\/p>\n<p>&nbsp;<\/p>\n<hr \/>\n<h2><\/h2>\n<h2><strong>TANJA AITAMURTO: <\/strong><strong>Siivet ja juuret \u2013 Paikallisuus, liikkuvuus ja identiteetti kansainv\u00e4lisess\u00e4 mediatutkimuksessa<\/strong><\/h2>\n<h3>Apulaisprofessori, Illinoisin yliopisto<\/h3>\n<p><img loading=\"lazy\" decoding=\"async\" class=\"alignright wp-image-353 \" src=\"https:\/\/sites.uwasa.fi\/mevi2026\/wp-content\/blogs.dir\/4\/files\/sites\/257\/2025\/12\/tanjaaittamurto.png\" alt=\"\" width=\"475\" height=\"284\" srcset=\"https:\/\/sites.uwasa.fi\/mevi2026\/wp-content\/blogs.dir\/4\/files\/sites\/257\/2025\/12\/tanjaaittamurto.png 819w, https:\/\/sites.uwasa.fi\/mevi2026\/wp-content\/blogs.dir\/4\/files\/sites\/257\/2025\/12\/tanjaaittamurto-300x179.png 300w, https:\/\/sites.uwasa.fi\/mevi2026\/wp-content\/blogs.dir\/4\/files\/sites\/257\/2025\/12\/tanjaaittamurto-768x459.png 768w\" sizes=\"(max-width: 475px) 100vw, 475px\" \/><\/p>\n<p>T\u00e4m\u00e4 puheenvuoro tarkastelee juurien merkityst\u00e4 kansainv\u00e4lisen mediatutkimuksen maailmassa. Se pohtii, miten tutkijoiden kulttuuriset, kielelliset ja institutionaaliset taustat muovaavat tutkimuskysymyksi\u00e4, n\u00e4k\u00f6kulmia ja tiedon tuottamisen k\u00e4yt\u00e4nt\u00f6j\u00e4 globaalissa akateemisessa kent\u00e4ss\u00e4. Puheenvuoro k\u00e4sittelee my\u00f6s j\u00e4nnitett\u00e4 liikkuvuuden ja paikallisuuden v\u00e4lill\u00e4 sek\u00e4 globaalien tiedeyhteis\u00f6jen ja paikallisten kokemusten merkityst\u00e4 tutkimuksen tekemiselle ja tutkijan identiteetille.<\/p>\n<p>[Puheenvuoro suomeksi.]<\/p>\n<p><strong>Bio:<\/strong> Tanja Aitamurto ty\u00f6skentelee apulaisprofessorina Illinoisin yliopiston viestinn\u00e4n laitoksella Chicagossa, jossa h\u00e4n toimii my\u00f6s Media\/Democracy Labin johtajana ja perustajana. H\u00e4nen tutkimuksensa keskittyy siihen, miten ihmiset k\u00e4ytt\u00e4v\u00e4t mediaa yhteydenpitoon, itseilmaisuun ja poliittiseen osallistumiseen. H\u00e4n tutkii sit\u00e4, miten viestint\u00e4tavat muovaavat ymm\u00e4rryst\u00e4, empatiaa ja osallisuutta yhteiskunnassa sek\u00e4 sit\u00e4, miten media voi voimaannuttaa yksil\u00f6it\u00e4 ja yhteis\u00f6j\u00e4 osallistumaan aktiivisemmin kansalaisel\u00e4m\u00e4\u00e4n ja vaikuttamaan demokratian kollektiivisiin rakenteisiin. T\u00e4m\u00e4nhetkisiss\u00e4 projekteissa h\u00e4n tarkastelee, millaisia rooleja teko\u00e4lyll\u00e4 (AI) ja laajennetulla todellisuudella (XR) on viestint\u00e4k\u00e4yt\u00e4nt\u00f6jen muovaamisessa.<\/p>\n<p><strong>Profiili:<\/strong> <a href=\"https:\/\/comm.uic.edu\/profiles\/aitamurto-tanja\/\" target=\"_blank\" rel=\"noopener\">https:\/\/comm.uic.edu\/profiles\/aitamurto-tanja\/<\/a><\/p>\n<p><strong>Kotisivut:<\/strong> <a href=\"https:\/\/tanjaaitamurto.com\/\" target=\"_blank\" rel=\"noopener\">https:\/\/tanjaaitamurto.com\/<\/a><\/p>\n<p>&nbsp;<\/p>\n","protected":false},"excerpt":{"rendered":"<p>JING ZENG: The Rusting Roots of Truth and Knowledge in the Age of AI and Platforms Apulaisprofessori, Z\u00fcrichin yliopisto Understanding contemporary media systems requires rethinking the \u201croots\u201d of power associated with information and knowledge production. For much of the twentieth century, truth and knowledge in public communication were anchored in institutional infrastructures such as journalism, [&hellip;]<\/p>\n","protected":false},"author":100,"featured_media":0,"parent":0,"menu_order":0,"comment_status":"closed","ping_status":"closed","template":"","meta":{"_acf_changed":false,"footnotes":""},"class_list":["post-24","page","type-page","status-publish","hentry"],"acf":[],"lang":"fi","translations":{"fi":24,"sv":358,"en":360},"pll_sync_post":[],"_links":{"self":[{"href":"https:\/\/sites.uwasa.fi\/mevi2026\/wp-json\/wp\/v2\/pages\/24"}],"collection":[{"href":"https:\/\/sites.uwasa.fi\/mevi2026\/wp-json\/wp\/v2\/pages"}],"about":[{"href":"https:\/\/sites.uwasa.fi\/mevi2026\/wp-json\/wp\/v2\/types\/page"}],"author":[{"embeddable":true,"href":"https:\/\/sites.uwasa.fi\/mevi2026\/wp-json\/wp\/v2\/users\/100"}],"replies":[{"embeddable":true,"href":"https:\/\/sites.uwasa.fi\/mevi2026\/wp-json\/wp\/v2\/comments?post=24"}],"version-history":[{"count":9,"href":"https:\/\/sites.uwasa.fi\/mevi2026\/wp-json\/wp\/v2\/pages\/24\/revisions"}],"predecessor-version":[{"id":491,"href":"https:\/\/sites.uwasa.fi\/mevi2026\/wp-json\/wp\/v2\/pages\/24\/revisions\/491"}],"wp:attachment":[{"href":"https:\/\/sites.uwasa.fi\/mevi2026\/wp-json\/wp\/v2\/media?parent=24"}],"curies":[{"name":"wp","href":"https:\/\/api.w.org\/{rel}","templated":true}]}}