{"id":238,"date":"2025-12-11T19:10:07","date_gmt":"2025-12-11T17:10:07","guid":{"rendered":"https:\/\/sites.uwasa.fi\/mevi2026\/?page_id=238"},"modified":"2025-12-11T19:10:07","modified_gmt":"2025-12-11T17:10:07","slug":"roots-and-appearance-of-misleading-in-digital-communication","status":"publish","type":"page","link":"https:\/\/sites.uwasa.fi\/mevi2026\/tyoryhmat\/roots-and-appearance-of-misleading-in-digital-communication\/","title":{"rendered":"Roots and appearance of misleading in digital communication"},"content":{"rendered":"<p>T\u00e4m\u00e4n ty\u00f6ryhm\u00e4n kieli on englanti.<\/p>\n","protected":false},"excerpt":{"rendered":"<p>T\u00e4m\u00e4n ty\u00f6ryhm\u00e4n kieli on englanti.<\/p>\n","protected":false},"author":586,"featured_media":0,"parent":26,"menu_order":10,"comment_status":"closed","ping_status":"closed","template":"","meta":{"_acf_changed":false,"footnotes":""},"class_list":["post-238","page","type-page","status-publish","hentry"],"acf":[],"lang":"fi","translations":{"fi":238,"sv":241,"en":243},"pll_sync_post":[],"_links":{"self":[{"href":"https:\/\/sites.uwasa.fi\/mevi2026\/wp-json\/wp\/v2\/pages\/238"}],"collection":[{"href":"https:\/\/sites.uwasa.fi\/mevi2026\/wp-json\/wp\/v2\/pages"}],"about":[{"href":"https:\/\/sites.uwasa.fi\/mevi2026\/wp-json\/wp\/v2\/types\/page"}],"author":[{"embeddable":true,"href":"https:\/\/sites.uwasa.fi\/mevi2026\/wp-json\/wp\/v2\/users\/586"}],"replies":[{"embeddable":true,"href":"https:\/\/sites.uwasa.fi\/mevi2026\/wp-json\/wp\/v2\/comments?post=238"}],"version-history":[{"count":2,"href":"https:\/\/sites.uwasa.fi\/mevi2026\/wp-json\/wp\/v2\/pages\/238\/revisions"}],"predecessor-version":[{"id":240,"href":"https:\/\/sites.uwasa.fi\/mevi2026\/wp-json\/wp\/v2\/pages\/238\/revisions\/240"}],"up":[{"embeddable":true,"href":"https:\/\/sites.uwasa.fi\/mevi2026\/wp-json\/wp\/v2\/pages\/26"}],"wp:attachment":[{"href":"https:\/\/sites.uwasa.fi\/mevi2026\/wp-json\/wp\/v2\/media?parent=238"}],"curies":[{"name":"wp","href":"https:\/\/api.w.org\/{rel}","templated":true}]}}