{"id":230,"date":"2025-12-11T18:58:20","date_gmt":"2025-12-11T16:58:20","guid":{"rendered":"https:\/\/sites.uwasa.fi\/mevi2026\/?page_id=230"},"modified":"2025-12-11T18:58:20","modified_gmt":"2025-12-11T16:58:20","slug":"poliittinen-viestinta-affektiivisen-polarisaation-aikakaudella","status":"publish","type":"page","link":"https:\/\/sites.uwasa.fi\/mevi2026\/sv\/arbetsgrupperna\/poliittinen-viestinta-affektiivisen-polarisaation-aikakaudella\/","title":{"rendered":"Poliittinen viestint\u00e4 affektiivisen polarisaation aikakaudella"},"content":{"rendered":"<p>Arbetsgruppens arbetsspr\u00e5k \u00e4r finska, men bidrag kan l\u00e4mnas \u00e4ven p\u00e5 svenska eller engelska.<\/p>\n","protected":false},"excerpt":{"rendered":"<p>Arbetsgruppens arbetsspr\u00e5k \u00e4r finska, men bidrag kan l\u00e4mnas \u00e4ven p\u00e5 svenska eller engelska.<\/p>\n","protected":false},"author":586,"featured_media":0,"parent":163,"menu_order":9,"comment_status":"closed","ping_status":"closed","template":"","meta":{"_acf_changed":false,"footnotes":""},"class_list":["post-230","page","type-page","status-publish","hentry"],"acf":[],"lang":"sv","translations":{"sv":230,"fi":228,"en":232},"pll_sync_post":[],"_links":{"self":[{"href":"https:\/\/sites.uwasa.fi\/mevi2026\/wp-json\/wp\/v2\/pages\/230"}],"collection":[{"href":"https:\/\/sites.uwasa.fi\/mevi2026\/wp-json\/wp\/v2\/pages"}],"about":[{"href":"https:\/\/sites.uwasa.fi\/mevi2026\/wp-json\/wp\/v2\/types\/page"}],"author":[{"embeddable":true,"href":"https:\/\/sites.uwasa.fi\/mevi2026\/wp-json\/wp\/v2\/users\/586"}],"replies":[{"embeddable":true,"href":"https:\/\/sites.uwasa.fi\/mevi2026\/wp-json\/wp\/v2\/comments?post=230"}],"version-history":[{"count":2,"href":"https:\/\/sites.uwasa.fi\/mevi2026\/wp-json\/wp\/v2\/pages\/230\/revisions"}],"predecessor-version":[{"id":235,"href":"https:\/\/sites.uwasa.fi\/mevi2026\/wp-json\/wp\/v2\/pages\/230\/revisions\/235"}],"up":[{"embeddable":true,"href":"https:\/\/sites.uwasa.fi\/mevi2026\/wp-json\/wp\/v2\/pages\/163"}],"wp:attachment":[{"href":"https:\/\/sites.uwasa.fi\/mevi2026\/wp-json\/wp\/v2\/media?parent=230"}],"curies":[{"name":"wp","href":"https:\/\/api.w.org\/{rel}","templated":true}]}}