{"id":228,"date":"2025-12-11T18:58:37","date_gmt":"2025-12-11T16:58:37","guid":{"rendered":"https:\/\/sites.uwasa.fi\/mevi2026\/?page_id=228"},"modified":"2025-12-11T18:58:37","modified_gmt":"2025-12-11T16:58:37","slug":"poliittinen-viestinta-affektiivisen-polarisaation-aikakaudella","status":"publish","type":"page","link":"https:\/\/sites.uwasa.fi\/mevi2026\/tyoryhmat\/poliittinen-viestinta-affektiivisen-polarisaation-aikakaudella\/","title":{"rendered":"Poliittinen viestint\u00e4 affektiivisen polarisaation aikakaudella"},"content":{"rendered":"<p><strong>Ty\u00f6ryhm\u00e4n vet\u00e4j\u00e4t:<\/strong> Professori Juha Herkman, Helsingin yliopisto &amp; tutkijatohtori, VTT Jon J\u00e4rviniemi, Helsingin yliopisto<\/p>\n<p>T\u00e4ll\u00e4 vuosituhannella on puhuttu paljon yhteiskunnallisen polarisaation lis\u00e4\u00e4ntymisest\u00e4. Polarisaatiolla voidaan tarkoittaa monia eri asioita, kuten tuloerojen kasvua tai yhteiskunnallisen hyvinvoinnin tai poliittisten ideologioiden eriytymist\u00e4. Affektiivisella polarisaatiolla viitataan siihen, ett\u00e4 kilpailevat poliittiset toimijat aletaan n\u00e4hd\u00e4 poliittisissa puolueissa ja niiden kannattajakunnissa vihollisina.<\/p>\n<p>Tutkimus on osoittanut, ett\u00e4 my\u00f6s Pohjoismaissa ja Suomessa affektiivinen polarisaatio on lis\u00e4\u00e4ntynyt 2010\u20132020-luvuilla. Ilmi\u00f6t\u00e4 on selitetty sek\u00e4 populististen toimijoiden menestymisell\u00e4 puoluekent\u00e4ll\u00e4 ett\u00e4 sosiaalisen median levi\u00e4misell\u00e4. Poliittinen viestint\u00e4 on muuttunut selv\u00e4sti aiempaa provosoivammaksi, ja siihen liitet\u00e4\u00e4n nyky\u00e4\u00e4n vihapuheen, disinformaation ja maalittamisen kaltaisia kielteisi\u00e4 keinoja.<\/p>\n<p>Yksi edell\u00e4 mainittuja painotuksia selitt\u00e4v\u00e4 tekij\u00e4 on se, ett\u00e4 populismi ja sosiaalinen media tukevat ryhm\u00e4identiteettien rakentamista vahvojen ja tunteenomaisten me\u2013muut-vastakkainasettelujen kautta. N\u00e4iss\u00e4 vastakkainasetteluissa vedotaan usein perinteisiin ja juuriin, joihin identiteetit ankkuroidaan. Juuret voivat liitty\u00e4 esimerkiksi kansallisuuteen, etnisyyteen, sukupuoleen, yhteiskuntaluokkaan, kieleen tai uskontoon.<\/p>\n<p>Ty\u00f6ryhm\u00e4\u00e4n voi tarjota tutkimuksia, jotka l\u00e4hestyv\u00e4t poliittista viestint\u00e4\u00e4 polarisoivien k\u00e4yt\u00e4nt\u00f6jen n\u00e4k\u00f6kulmasta. Tervetulleita ovat kaikenlaiset poliittiseen viestint\u00e4\u00e4n liittyv\u00e4t analyysit, joissa tutkitaan vaikkapa poliittisten puolueiden, kansalaisj\u00e4rjest\u00f6jen tai tavallisten kansalaisten viestint\u00e4\u00e4. My\u00f6s uutismediaan liittyv\u00e4t poliittisen viestinn\u00e4n tutkimukset sopivat ryhm\u00e4\u00e4n. Tutkimuksen tulisi kuitenkin tarkastella jollakin tavoin viestinn\u00e4n kytkeytymist\u00e4 identiteettien rakentamiseen ja erontekoon.<\/p>\n<p>Ty\u00f6ryhm\u00e4n ty\u00f6skentelykieli on suomi, mutta siihen voi tarjota esityksi\u00e4 my\u00f6s ruotsiksi tai englanniksi.<\/p>\n","protected":false},"excerpt":{"rendered":"<p>Ty\u00f6ryhm\u00e4n vet\u00e4j\u00e4t: Professori Juha Herkman, Helsingin yliopisto &amp; tutkijatohtori, VTT Jon J\u00e4rviniemi, Helsingin yliopisto T\u00e4ll\u00e4 vuosituhannella on puhuttu paljon yhteiskunnallisen polarisaation lis\u00e4\u00e4ntymisest\u00e4. Polarisaatiolla voidaan tarkoittaa monia eri asioita, kuten tuloerojen kasvua tai yhteiskunnallisen hyvinvoinnin tai poliittisten ideologioiden eriytymist\u00e4. Affektiivisella polarisaatiolla viitataan siihen, ett\u00e4 kilpailevat poliittiset toimijat aletaan n\u00e4hd\u00e4 poliittisissa puolueissa ja niiden kannattajakunnissa vihollisina. Tutkimus [&hellip;]<\/p>\n","protected":false},"author":586,"featured_media":0,"parent":26,"menu_order":9,"comment_status":"closed","ping_status":"closed","template":"","meta":{"_acf_changed":false,"footnotes":""},"class_list":["post-228","page","type-page","status-publish","hentry"],"acf":[],"lang":"fi","translations":{"fi":228,"sv":230,"en":232},"pll_sync_post":[],"_links":{"self":[{"href":"https:\/\/sites.uwasa.fi\/mevi2026\/wp-json\/wp\/v2\/pages\/228"}],"collection":[{"href":"https:\/\/sites.uwasa.fi\/mevi2026\/wp-json\/wp\/v2\/pages"}],"about":[{"href":"https:\/\/sites.uwasa.fi\/mevi2026\/wp-json\/wp\/v2\/types\/page"}],"author":[{"embeddable":true,"href":"https:\/\/sites.uwasa.fi\/mevi2026\/wp-json\/wp\/v2\/users\/586"}],"replies":[{"embeddable":true,"href":"https:\/\/sites.uwasa.fi\/mevi2026\/wp-json\/wp\/v2\/comments?post=228"}],"version-history":[{"count":2,"href":"https:\/\/sites.uwasa.fi\/mevi2026\/wp-json\/wp\/v2\/pages\/228\/revisions"}],"predecessor-version":[{"id":234,"href":"https:\/\/sites.uwasa.fi\/mevi2026\/wp-json\/wp\/v2\/pages\/228\/revisions\/234"}],"up":[{"embeddable":true,"href":"https:\/\/sites.uwasa.fi\/mevi2026\/wp-json\/wp\/v2\/pages\/26"}],"wp:attachment":[{"href":"https:\/\/sites.uwasa.fi\/mevi2026\/wp-json\/wp\/v2\/media?parent=228"}],"curies":[{"name":"wp","href":"https:\/\/api.w.org\/{rel}","templated":true}]}}