{"id":222,"date":"2025-12-11T18:47:38","date_gmt":"2025-12-11T16:47:38","guid":{"rendered":"https:\/\/sites.uwasa.fi\/mevi2026\/?page_id=222"},"modified":"2025-12-11T18:47:38","modified_gmt":"2025-12-11T16:47:38","slug":"nakokulmia-televisioon-ennen-ja-nyt","status":"publish","type":"page","link":"https:\/\/sites.uwasa.fi\/mevi2026\/sv\/arbetsgrupperna\/nakokulmia-televisioon-ennen-ja-nyt\/","title":{"rendered":"N\u00e4k\u00f6kulmia televisioon ennen ja nyt"},"content":{"rendered":"<p>Denna arbetsgruppsbeskrivning finns endast p\u00e5 finska.<\/p>\n","protected":false},"excerpt":{"rendered":"<p>Denna arbetsgruppsbeskrivning finns endast p\u00e5 finska.<\/p>\n","protected":false},"author":586,"featured_media":0,"parent":163,"menu_order":8,"comment_status":"closed","ping_status":"closed","template":"","meta":{"_acf_changed":false,"footnotes":""},"class_list":["post-222","page","type-page","status-publish","hentry"],"acf":[],"lang":"sv","translations":{"sv":222,"fi":219,"en":224},"pll_sync_post":[],"_links":{"self":[{"href":"https:\/\/sites.uwasa.fi\/mevi2026\/wp-json\/wp\/v2\/pages\/222"}],"collection":[{"href":"https:\/\/sites.uwasa.fi\/mevi2026\/wp-json\/wp\/v2\/pages"}],"about":[{"href":"https:\/\/sites.uwasa.fi\/mevi2026\/wp-json\/wp\/v2\/types\/page"}],"author":[{"embeddable":true,"href":"https:\/\/sites.uwasa.fi\/mevi2026\/wp-json\/wp\/v2\/users\/586"}],"replies":[{"embeddable":true,"href":"https:\/\/sites.uwasa.fi\/mevi2026\/wp-json\/wp\/v2\/comments?post=222"}],"version-history":[{"count":1,"href":"https:\/\/sites.uwasa.fi\/mevi2026\/wp-json\/wp\/v2\/pages\/222\/revisions"}],"predecessor-version":[{"id":223,"href":"https:\/\/sites.uwasa.fi\/mevi2026\/wp-json\/wp\/v2\/pages\/222\/revisions\/223"}],"up":[{"embeddable":true,"href":"https:\/\/sites.uwasa.fi\/mevi2026\/wp-json\/wp\/v2\/pages\/163"}],"wp:attachment":[{"href":"https:\/\/sites.uwasa.fi\/mevi2026\/wp-json\/wp\/v2\/media?parent=222"}],"curies":[{"name":"wp","href":"https:\/\/api.w.org\/{rel}","templated":true}]}}