{"id":219,"date":"2025-12-11T18:48:17","date_gmt":"2025-12-11T16:48:17","guid":{"rendered":"https:\/\/sites.uwasa.fi\/mevi2026\/?page_id=219"},"modified":"2025-12-11T18:48:17","modified_gmt":"2025-12-11T16:48:17","slug":"nakokulmia-televisioon-ennen-ja-nyt","status":"publish","type":"page","link":"https:\/\/sites.uwasa.fi\/mevi2026\/tyoryhmat\/nakokulmia-televisioon-ennen-ja-nyt\/","title":{"rendered":"N\u00e4k\u00f6kulmia televisioon ennen ja nyt"},"content":{"rendered":"<p><strong>Ty\u00f6ryhm\u00e4n vet\u00e4j\u00e4t: <\/strong>Yliopistonlehtori Anne Soronen, Tampereen yliopisto &amp; yliopistonlehtori Eliisa Vainikka, Vaasan yliopisto<\/p>\n<p>Televisiolla on historiallisesti ollut t\u00e4rke\u00e4 rooli kansallisessa kulttuuripolitiikassa, demokratiakehityksess\u00e4 ja kulttuurisen kansalaisuuden muodostamisessa. Nykyisin ei ole kuitenkaan t\u00e4ysin selv\u00e4\u00e4 mist\u00e4 puhumme, kun puhumme televisiosta, vaan se vaihtelee erilaisissa tuotannollisissa konteksteissa ja katsoja-k\u00e4ytt\u00e4j\u00e4-ryhmiss\u00e4. Mediakonvergenssi on 2000-luvulla muuttanut television ohjelmatyyppej\u00e4 ja yleis\u00f6jen katsomistottumuksia, ja suoratoistopalvelujen tulo kent\u00e4lle on mullistanut television katsomisen tavat. Katsojilla on p\u00e4\u00e4sy televisioon moninaisten ruutujen kautta ja rajojen yli samalla kun televisioteollisuudessa heit\u00e4 jaotellaan demografisesti ja m\u00e4\u00e4ritell\u00e4\u00e4n algoritmisesti (esim. Joyrich 2024). Teknologioiden ja suoratoiston tuomat muutokset eiv\u00e4t ole kuitenkaan merkitt\u00e4v\u00e4sti muuttaneet sit\u00e4, ett\u00e4 moni television katsoja tuntee olevansa osa jotain yhteis\u00f6\u00e4. Televisiota voidaan yh\u00e4 2020-luvulla pit\u00e4\u00e4 yhten\u00e4 keskeisen\u00e4 julkisuuden areenana sek\u00e4 ajankohtaisten, viihteellisten ja kulttuuristen sis\u00e4lt\u00f6jen tarjoajana.<\/p>\n<p>T\u00e4ss\u00e4 ty\u00f6ryhm\u00e4ss\u00e4 tarkastelemme televisiota, tv-tarjontaa ja televisiotuotantoja laaja-alaisesti niin historiallisesti kuin nykyhetken valossa. Ty\u00f6ryhm\u00e4ss\u00e4 pohditaan esimerkiksi, mit\u00e4 televisuaalisuus tyylin\u00e4, teollisena tuotantotapana tai yleis\u00f6jen televisiotietoisuutena (ks. Caldwell 2020) merkitsee suoratoistopalvelujen hallitsemassa ymp\u00e4rist\u00f6ss\u00e4. Miten televisiota ja televisuaalisuutta voidaan ymm\u00e4rt\u00e4\u00e4 muutokset ja jatkuvuudet huomioon ottaen? Millaisia uusia, vanhoja tai uusvanhoja sis\u00e4lt\u00f6j\u00e4 ja ohjelmatyyppej\u00e4 2020-luvun televisio sis\u00e4lt\u00e4\u00e4? Onko lineaarisen television ja suoratoistopalvelujen ohjelmatarjonta edelleen yhdistett\u00e4viss\u00e4 televisuaalisuuden k\u00e4sitteen kautta yhten\u00e4iseksi kategoriaksi? Millaista erityisosaamista tai mit\u00e4 omaleimaisia piirteit\u00e4 t\u00e4m\u00e4n p\u00e4iv\u00e4n televisioty\u00f6ss\u00e4 tai televisiotuotannoissa on n\u00e4ht\u00e4viss\u00e4? Ent\u00e4 miten televisiotutkimuksen metodologiaa voitaisiin kehitt\u00e4\u00e4 muuttuvan mediaymp\u00e4rist\u00f6n haasteissa ja voiko varhaisemman televisiotutkimuksen menetelmi\u00e4 soveltaa nykyisess\u00e4 alustoituneen mediatarjonnan maailmassa?<\/p>\n<p>Kutsumme suomenkieliseen ty\u00f6ryhm\u00e4\u00e4mme esitelmi\u00e4 seuraavista aiheista, mutta my\u00f6s muut ty\u00f6ryhm\u00e4n aihepiiriin sopivat ehdotukset ovat tervetulleita:<\/p>\n<ul>\n<li>Televisuaalisuus k\u00e4sitteen\u00e4 ja k\u00e4yt\u00e4nt\u00f6in\u00e4<\/li>\n<li>Muuttuva televisiokerronta, erilaiset ohjelmatyypit ja narratiivit<\/li>\n<li>Televisio julkisuuden areenana 2020-luvulla<\/li>\n<li>TV-tutkimuksen metodologia ja tutkimuskohteet<\/li>\n<li>Suoratoistopalvelut ja dataistuminen audiovisuaalisella alalla<\/li>\n<li>Visuaalisuus ja estetiikka televisiosarjoissa (nyt ja aiemmin)<\/li>\n<li>Generatiivinen teko\u00e4ly k\u00e4sikirjoitusty\u00f6ss\u00e4 ja televisiotuotannoissa<\/li>\n<li>Televisioesiintyj\u00e4t ja -esiintyminen<\/li>\n<li>Televisiokatsojuus ja tv-sarjafanius<\/li>\n<\/ul>\n<p>&nbsp;<\/p>\n<p><strong>L\u00e4hteet:<\/strong><\/p>\n<p>Caldwell, J. T. (2020). <em>Televisuality: Style, Crisis, and Authority in American Television<\/em>, Ithaca, NY: Rutgers University Press. <a href=\"blank\" target=\"_blank\" rel=\"noopener\">https:\/\/doi.org\/10.36019\/9781978816244<\/a><\/p>\n<p>Joyrich, L. (2024). Regression\/Progression: Two Cases of COVID Television. <em>Television &amp; New Media<\/em>, 25(6), 558-569. <a href=\"https:\/\/doi.org\/10.1177\/15274764241251751\" target=\"_blank\" rel=\"noopener\">https:\/\/doi.org\/10.1177\/15274764241251751.<\/a><\/p>\n","protected":false},"excerpt":{"rendered":"<p>Ty\u00f6ryhm\u00e4n vet\u00e4j\u00e4t: Yliopistonlehtori Anne Soronen, Tampereen yliopisto &amp; yliopistonlehtori Eliisa Vainikka, Vaasan yliopisto Televisiolla on historiallisesti ollut t\u00e4rke\u00e4 rooli kansallisessa kulttuuripolitiikassa, demokratiakehityksess\u00e4 ja kulttuurisen kansalaisuuden muodostamisessa. Nykyisin ei ole kuitenkaan t\u00e4ysin selv\u00e4\u00e4 mist\u00e4 puhumme, kun puhumme televisiosta, vaan se vaihtelee erilaisissa tuotannollisissa konteksteissa ja katsoja-k\u00e4ytt\u00e4j\u00e4-ryhmiss\u00e4. Mediakonvergenssi on 2000-luvulla muuttanut television ohjelmatyyppej\u00e4 ja yleis\u00f6jen katsomistottumuksia, ja [&hellip;]<\/p>\n","protected":false},"author":586,"featured_media":0,"parent":26,"menu_order":8,"comment_status":"closed","ping_status":"closed","template":"","meta":{"_acf_changed":false,"footnotes":""},"class_list":["post-219","page","type-page","status-publish","hentry"],"acf":[],"lang":"fi","translations":{"fi":219,"sv":222,"en":224},"pll_sync_post":[],"_links":{"self":[{"href":"https:\/\/sites.uwasa.fi\/mevi2026\/wp-json\/wp\/v2\/pages\/219"}],"collection":[{"href":"https:\/\/sites.uwasa.fi\/mevi2026\/wp-json\/wp\/v2\/pages"}],"about":[{"href":"https:\/\/sites.uwasa.fi\/mevi2026\/wp-json\/wp\/v2\/types\/page"}],"author":[{"embeddable":true,"href":"https:\/\/sites.uwasa.fi\/mevi2026\/wp-json\/wp\/v2\/users\/586"}],"replies":[{"embeddable":true,"href":"https:\/\/sites.uwasa.fi\/mevi2026\/wp-json\/wp\/v2\/comments?post=219"}],"version-history":[{"count":3,"href":"https:\/\/sites.uwasa.fi\/mevi2026\/wp-json\/wp\/v2\/pages\/219\/revisions"}],"predecessor-version":[{"id":226,"href":"https:\/\/sites.uwasa.fi\/mevi2026\/wp-json\/wp\/v2\/pages\/219\/revisions\/226"}],"up":[{"embeddable":true,"href":"https:\/\/sites.uwasa.fi\/mevi2026\/wp-json\/wp\/v2\/pages\/26"}],"wp:attachment":[{"href":"https:\/\/sites.uwasa.fi\/mevi2026\/wp-json\/wp\/v2\/media?parent=219"}],"curies":[{"name":"wp","href":"https:\/\/api.w.org\/{rel}","templated":true}]}}