{"id":214,"date":"2025-12-11T18:42:08","date_gmt":"2025-12-11T16:42:08","guid":{"rendered":"https:\/\/sites.uwasa.fi\/mevi2026\/?page_id=214"},"modified":"2025-12-11T18:42:08","modified_gmt":"2025-12-11T16:42:08","slug":"mediatalouden-ja-viestintapolitiikan-tyoryhma","status":"publish","type":"page","link":"https:\/\/sites.uwasa.fi\/mevi2026\/en\/working-groups\/mediatalouden-ja-viestintapolitiikan-tyoryhma\/","title":{"rendered":"Mediatalouden ja viestint\u00e4politiikan ty\u00f6ryhm\u00e4"},"content":{"rendered":"<p>The description of this working group is in Finnish, but presentations in English are accepted.<\/p>\n","protected":false},"excerpt":{"rendered":"<p>The description of this working group is in Finnish, but presentations in English are accepted.<\/p>\n","protected":false},"author":586,"featured_media":0,"parent":169,"menu_order":7,"comment_status":"closed","ping_status":"closed","template":"","meta":{"_acf_changed":false,"footnotes":""},"class_list":["post-214","page","type-page","status-publish","hentry"],"acf":[],"lang":"en","translations":{"en":214,"sv":212,"fi":210},"pll_sync_post":[],"_links":{"self":[{"href":"https:\/\/sites.uwasa.fi\/mevi2026\/wp-json\/wp\/v2\/pages\/214"}],"collection":[{"href":"https:\/\/sites.uwasa.fi\/mevi2026\/wp-json\/wp\/v2\/pages"}],"about":[{"href":"https:\/\/sites.uwasa.fi\/mevi2026\/wp-json\/wp\/v2\/types\/page"}],"author":[{"embeddable":true,"href":"https:\/\/sites.uwasa.fi\/mevi2026\/wp-json\/wp\/v2\/users\/586"}],"replies":[{"embeddable":true,"href":"https:\/\/sites.uwasa.fi\/mevi2026\/wp-json\/wp\/v2\/comments?post=214"}],"version-history":[{"count":2,"href":"https:\/\/sites.uwasa.fi\/mevi2026\/wp-json\/wp\/v2\/pages\/214\/revisions"}],"predecessor-version":[{"id":216,"href":"https:\/\/sites.uwasa.fi\/mevi2026\/wp-json\/wp\/v2\/pages\/214\/revisions\/216"}],"up":[{"embeddable":true,"href":"https:\/\/sites.uwasa.fi\/mevi2026\/wp-json\/wp\/v2\/pages\/169"}],"wp:attachment":[{"href":"https:\/\/sites.uwasa.fi\/mevi2026\/wp-json\/wp\/v2\/media?parent=214"}],"curies":[{"name":"wp","href":"https:\/\/api.w.org\/{rel}","templated":true}]}}