{"id":212,"date":"2025-12-11T18:42:19","date_gmt":"2025-12-11T16:42:19","guid":{"rendered":"https:\/\/sites.uwasa.fi\/mevi2026\/?page_id=212"},"modified":"2025-12-11T18:42:19","modified_gmt":"2025-12-11T16:42:19","slug":"mediatalouden-ja-viestintapolitiikan-tyoryhma","status":"publish","type":"page","link":"https:\/\/sites.uwasa.fi\/mevi2026\/sv\/arbetsgrupperna\/mediatalouden-ja-viestintapolitiikan-tyoryhma\/","title":{"rendered":"Mediatalouden ja viestint\u00e4politiikan ty\u00f6ryhm\u00e4"},"content":{"rendered":"<p>Beskrivningen av denna arbetsgrupp \u00e4r p\u00e5 finska, men presentationer p\u00e5 engelska godtas.<\/p>\n","protected":false},"excerpt":{"rendered":"<p>Beskrivningen av denna arbetsgrupp \u00e4r p\u00e5 finska, men presentationer p\u00e5 engelska godtas.<\/p>\n","protected":false},"author":586,"featured_media":0,"parent":163,"menu_order":7,"comment_status":"closed","ping_status":"closed","template":"","meta":{"_acf_changed":false,"footnotes":""},"class_list":["post-212","page","type-page","status-publish","hentry"],"acf":[],"lang":"sv","translations":{"sv":212,"fi":210,"en":214},"pll_sync_post":[],"_links":{"self":[{"href":"https:\/\/sites.uwasa.fi\/mevi2026\/wp-json\/wp\/v2\/pages\/212"}],"collection":[{"href":"https:\/\/sites.uwasa.fi\/mevi2026\/wp-json\/wp\/v2\/pages"}],"about":[{"href":"https:\/\/sites.uwasa.fi\/mevi2026\/wp-json\/wp\/v2\/types\/page"}],"author":[{"embeddable":true,"href":"https:\/\/sites.uwasa.fi\/mevi2026\/wp-json\/wp\/v2\/users\/586"}],"replies":[{"embeddable":true,"href":"https:\/\/sites.uwasa.fi\/mevi2026\/wp-json\/wp\/v2\/comments?post=212"}],"version-history":[{"count":2,"href":"https:\/\/sites.uwasa.fi\/mevi2026\/wp-json\/wp\/v2\/pages\/212\/revisions"}],"predecessor-version":[{"id":217,"href":"https:\/\/sites.uwasa.fi\/mevi2026\/wp-json\/wp\/v2\/pages\/212\/revisions\/217"}],"up":[{"embeddable":true,"href":"https:\/\/sites.uwasa.fi\/mevi2026\/wp-json\/wp\/v2\/pages\/163"}],"wp:attachment":[{"href":"https:\/\/sites.uwasa.fi\/mevi2026\/wp-json\/wp\/v2\/media?parent=212"}],"curies":[{"name":"wp","href":"https:\/\/api.w.org\/{rel}","templated":true}]}}