{"id":210,"date":"2025-12-11T18:42:49","date_gmt":"2025-12-11T16:42:49","guid":{"rendered":"https:\/\/sites.uwasa.fi\/mevi2026\/?page_id=210"},"modified":"2025-12-11T18:42:49","modified_gmt":"2025-12-11T16:42:49","slug":"mediatalouden-ja-viestintapolitiikan-tyoryhma","status":"publish","type":"page","link":"https:\/\/sites.uwasa.fi\/mevi2026\/tyoryhmat\/mediatalouden-ja-viestintapolitiikan-tyoryhma\/","title":{"rendered":"Mediatalouden ja viestint\u00e4politiikan ty\u00f6ryhm\u00e4"},"content":{"rendered":"<p><strong>Ty\u00f6ryhm\u00e4n vet\u00e4j\u00e4t: <\/strong>Yliopistonlehtori Katja Lehtisaari, Tampereen yliopisto &amp; yliopistonlehtori Marko Ala-Fossi, Tampereen yliopisto<\/p>\n<p>Ty\u00f6ryhm\u00e4ss\u00e4 k\u00e4sitelt\u00e4vi\u00e4 teemoja ovat muun muassa viestint\u00e4politiikan vaikutus median kehitykseen, mediatoimialan rakenteen ja liiketoimintamallien muutokset sek\u00e4 yleis\u00f6suhteen muutosten tuomat uudistustarpeet. Ty\u00f6ryhm\u00e4ss\u00e4 pohditaan esimerkiksi, mik\u00e4 on valtion ja viestint\u00e4politiikan rooli suhteessa media-alan tulevaisuuteen ja haasteisiin. Ryhm\u00e4ss\u00e4 tarkastellaan my\u00f6s viestint\u00e4politiikan sek\u00e4 yleisen talous- ja kilpailupolitiikan vuorovaikutusta kansallisella tasolla sek\u00e4 toisaalta kansallisen viestint\u00e4politiikan rajallisuutta nykyisess\u00e4 mediamaailmassa. Esimerkiksi alustataloutta ja alustojen toimintaa viestint\u00e4politiikan n\u00e4k\u00f6kulmasta k\u00e4sittelev\u00e4t esitykset ovat tervetulleita.<\/p>\n<ul>\n<li>Kenen etuja kansallinen viestint\u00e4politiikka edist\u00e4\u00e4\u00a0ja ovatko sen tavoitteet ja painotukset muuttumassa?<\/li>\n<li>Mik\u00e4 on luottamuksen rooli viestint\u00e4politiikassa?<\/li>\n<li>Ent\u00e4 miten media puhuu viestint\u00e4politiikasta ja alan taloudesta?<\/li>\n<li>Millaisia muutoksia mediasis\u00e4lt\u00f6jen tuotannon, jakelun ja kulutuksen digitalisoituminen ja alustoituminen ovat merkinneet mediayhti\u00f6iden liiketoimintamalleille?<\/li>\n<li>Miten verkossa voi tehd\u00e4 tulosta journalismilla?<\/li>\n<li>Miten mediatoimialan rakenne muuttuu?<\/li>\n<li>Mit\u00e4 vaikutuksia on median keskittymisell\u00e4?<\/li>\n<li>Miten mainonta muuttuu?<\/li>\n<\/ul>\n<p>Sek\u00e4 suomalaisia ett\u00e4 kansainv\u00e4lisi\u00e4 viestint\u00e4politiikan ja mediatalouden kysymyksi\u00e4 k\u00e4sittelev\u00e4t esitykset, tapaustutkimuksista teoreettisiin puheenvuoroihin, ovat tervetulleita. Esitykset voivat olla suomeksi tai englanniksi.<\/p>\n","protected":false},"excerpt":{"rendered":"<p>Ty\u00f6ryhm\u00e4n vet\u00e4j\u00e4t: Yliopistonlehtori Katja Lehtisaari, Tampereen yliopisto &amp; yliopistonlehtori Marko Ala-Fossi, Tampereen yliopisto Ty\u00f6ryhm\u00e4ss\u00e4 k\u00e4sitelt\u00e4vi\u00e4 teemoja ovat muun muassa viestint\u00e4politiikan vaikutus median kehitykseen, mediatoimialan rakenteen ja liiketoimintamallien muutokset sek\u00e4 yleis\u00f6suhteen muutosten tuomat uudistustarpeet. Ty\u00f6ryhm\u00e4ss\u00e4 pohditaan esimerkiksi, mik\u00e4 on valtion ja viestint\u00e4politiikan rooli suhteessa media-alan tulevaisuuteen ja haasteisiin. Ryhm\u00e4ss\u00e4 tarkastellaan my\u00f6s viestint\u00e4politiikan sek\u00e4 yleisen talous- ja [&hellip;]<\/p>\n","protected":false},"author":586,"featured_media":0,"parent":26,"menu_order":7,"comment_status":"closed","ping_status":"closed","template":"","meta":{"_acf_changed":false,"footnotes":""},"class_list":["post-210","page","type-page","status-publish","hentry"],"acf":[],"lang":"fi","translations":{"fi":210,"sv":212,"en":214},"pll_sync_post":[],"_links":{"self":[{"href":"https:\/\/sites.uwasa.fi\/mevi2026\/wp-json\/wp\/v2\/pages\/210"}],"collection":[{"href":"https:\/\/sites.uwasa.fi\/mevi2026\/wp-json\/wp\/v2\/pages"}],"about":[{"href":"https:\/\/sites.uwasa.fi\/mevi2026\/wp-json\/wp\/v2\/types\/page"}],"author":[{"embeddable":true,"href":"https:\/\/sites.uwasa.fi\/mevi2026\/wp-json\/wp\/v2\/users\/586"}],"replies":[{"embeddable":true,"href":"https:\/\/sites.uwasa.fi\/mevi2026\/wp-json\/wp\/v2\/comments?post=210"}],"version-history":[{"count":1,"href":"https:\/\/sites.uwasa.fi\/mevi2026\/wp-json\/wp\/v2\/pages\/210\/revisions"}],"predecessor-version":[{"id":211,"href":"https:\/\/sites.uwasa.fi\/mevi2026\/wp-json\/wp\/v2\/pages\/210\/revisions\/211"}],"up":[{"embeddable":true,"href":"https:\/\/sites.uwasa.fi\/mevi2026\/wp-json\/wp\/v2\/pages\/26"}],"wp:attachment":[{"href":"https:\/\/sites.uwasa.fi\/mevi2026\/wp-json\/wp\/v2\/media?parent=210"}],"curies":[{"name":"wp","href":"https:\/\/api.w.org\/{rel}","templated":true}]}}