{"id":205,"date":"2025-12-11T18:37:38","date_gmt":"2025-12-11T16:37:38","guid":{"rendered":"https:\/\/sites.uwasa.fi\/mevi2026\/?page_id=205"},"modified":"2025-12-11T18:37:38","modified_gmt":"2025-12-11T16:37:38","slug":"media-teknologia-ja-kestavyys-media-technology-and-sustainability","status":"publish","type":"page","link":"https:\/\/sites.uwasa.fi\/mevi2026\/sv\/arbetsgrupperna\/media-teknologia-ja-kestavyys-media-technology-and-sustainability\/","title":{"rendered":"Media, teknologia ja kest\u00e4vyys (Media, technology, and sustainability)"},"content":{"rendered":"<p>Denna arbetsgruppsbeskrivning finns tillg\u00e4nglig p\u00e5 finska och engelska.<\/p>\n","protected":false},"excerpt":{"rendered":"<p>Denna arbetsgruppsbeskrivning finns tillg\u00e4nglig p\u00e5 finska och engelska.<\/p>\n","protected":false},"author":586,"featured_media":0,"parent":163,"menu_order":6,"comment_status":"closed","ping_status":"closed","template":"","meta":{"_acf_changed":false,"footnotes":""},"class_list":["post-205","page","type-page","status-publish","hentry"],"acf":[],"lang":"sv","translations":{"sv":205,"fi":203,"en":207},"pll_sync_post":[],"_links":{"self":[{"href":"https:\/\/sites.uwasa.fi\/mevi2026\/wp-json\/wp\/v2\/pages\/205"}],"collection":[{"href":"https:\/\/sites.uwasa.fi\/mevi2026\/wp-json\/wp\/v2\/pages"}],"about":[{"href":"https:\/\/sites.uwasa.fi\/mevi2026\/wp-json\/wp\/v2\/types\/page"}],"author":[{"embeddable":true,"href":"https:\/\/sites.uwasa.fi\/mevi2026\/wp-json\/wp\/v2\/users\/586"}],"replies":[{"embeddable":true,"href":"https:\/\/sites.uwasa.fi\/mevi2026\/wp-json\/wp\/v2\/comments?post=205"}],"version-history":[{"count":1,"href":"https:\/\/sites.uwasa.fi\/mevi2026\/wp-json\/wp\/v2\/pages\/205\/revisions"}],"predecessor-version":[{"id":206,"href":"https:\/\/sites.uwasa.fi\/mevi2026\/wp-json\/wp\/v2\/pages\/205\/revisions\/206"}],"up":[{"embeddable":true,"href":"https:\/\/sites.uwasa.fi\/mevi2026\/wp-json\/wp\/v2\/pages\/163"}],"wp:attachment":[{"href":"https:\/\/sites.uwasa.fi\/mevi2026\/wp-json\/wp\/v2\/media?parent=205"}],"curies":[{"name":"wp","href":"https:\/\/api.w.org\/{rel}","templated":true}]}}