{"id":203,"date":"2025-12-11T18:38:00","date_gmt":"2025-12-11T16:38:00","guid":{"rendered":"https:\/\/sites.uwasa.fi\/mevi2026\/?page_id=203"},"modified":"2025-12-11T18:38:00","modified_gmt":"2025-12-11T16:38:00","slug":"media-teknologia-ja-kestavyys","status":"publish","type":"page","link":"https:\/\/sites.uwasa.fi\/mevi2026\/tyoryhmat\/media-teknologia-ja-kestavyys\/","title":{"rendered":"Media, teknologia ja kest\u00e4vyys"},"content":{"rendered":"<p><strong>Ty\u00f6ryhm\u00e4n vet\u00e4j\u00e4t:<\/strong> Apulaisprofessori Minna Vigren, LUT-yliopisto, Professori Tarja Rautiainen-Keskustalo, Tampereen yliopisto &amp; V\u00e4it\u00f6skirjatutkija Antti Kurko, Tampereen yliopisto<\/p>\n<p>Mediateknologioiden ja digitaalisen infrastruktuurin ymp\u00e4rist\u00f6vaikutukset ovat nousseet yh\u00e4 enemm\u00e4n kiinnostuksen kohteeksi my\u00f6s mediatutkimuksessa. Ne ovat keskeinen osa esimerkiksi uudempaa, materiaalisesti painottunutta mediaekologiaa (esim. Cubitt, 2017; Fuller, 2005; Gabrys, 2011; Parikka, 2015; Taffel. 2019; 2023). Mediaekologinen l\u00e4hestymistapa ottaa l\u00e4ht\u00f6kohdakseen l\u00e4pikotaisen planetaarisen kytk\u00f6ksisyyden ja asettaa kriittisen tarkastelun kohteeksi my\u00f6s kest\u00e4vyyspuheen, jonka teknosolutionistinen ote sivuuttaa, ett\u00e4 digitalisaatio ja uudet teknologiat, kuten teko\u00e4ly, voivat tarjota ratkaisuja vain, jos niiden omat kest\u00e4vyysongelmat ratkaistaan (ks. esim. Crawford, 2021).<\/p>\n<p>T\u00e4ss\u00e4 ty\u00f6ryhm\u00e4ss\u00e4 mediaa ja (digitaalista) teknologiaa l\u00e4hestyt\u00e4\u00e4n kriittisesti tarkastelemalla sen suhdetta ekologiseen kriisiin. Mediatutkimuksen kest\u00e4vyytt\u00e4 koskevat kysymykset sijoittuvat usein rajapinnoille ja hakevat vaikutteita esimerkiksi posthumanistisesta sek\u00e4 tieteen ja teknologian tutkimuksesta. Mediateknologian ymp\u00e4rist\u00f6vastuullisuutta on per\u00e4\u00e4nkuulutettu muun muassa digilaitteissa k\u00e4ytett\u00e4vien mineraalien louhintaan, datakeskusten energiankulutukseen ja veteen sek\u00e4 laitteiden korjattavuuteen ja j\u00e4tteeseen liittyvien ongelmien takia (esim. Bald\u00e9 ym., 2024; Brown ym., 2022; Crawford, 2021; 2024; Eerola ym., 2021; Gabrys, 2011; Taffel, 2023). Kyse on median ja mediateknologian eettisyydest\u00e4: Millaista olisi ekologisesti kest\u00e4v\u00e4 mediateknologia? Millaista olisi mediatutkimus, joka yhdist\u00e4isi tutkimusperinteen juuret ja kysymykset ekologisesta kest\u00e4vyydest\u00e4<\/p>\n<p>Ty\u00f6ryhm\u00e4ss\u00e4 haastamme tutkimuksellista l\u00e4hestymistapaa, jonka perustana on keskittyminen ongelmiin ja huolenaiheisiin (<em>matters of concern<\/em>, Latour 2004). Kuten feministinen hoivan tutkija Maria Puig de la Bellacasa (2017) esitt\u00e4\u00e4, rajautuminen pelkk\u00e4\u00e4n ongelmien tunnistamiseen j\u00e4\u00e4 helposti yleiseksi ja persoonattomaksi ja on siksi riitt\u00e4m\u00e4t\u00f6nt\u00e4 kest\u00e4vyysongelmien ratkaisemiseksi. H\u00e4nen ehdottamansa provokatiivinen feministinen vaihtoehto on keskitty\u00e4 hoivaan (<em>matters of care<\/em>) ja \u201dmahdollisimman hyvien\u201d eettis-poliittisten vaihtoehtojen kuvittelemiseen.<\/p>\n<p>Ryhm\u00e4\u00e4n kutsutaan esityksi\u00e4, joissa tarkastellaan, millainen kasvualusta on monitieteinen mediatutkimusta ja kest\u00e4vyyskysymyksi\u00e4 yhdistelev\u00e4 kentt\u00e4, ja miten sen my\u00f6t\u00e4 mediatutkimuksen perinteit\u00e4, teorioita, menetelmi\u00e4, k\u00e4sitteit\u00e4 ja tutkimuskohteita voidaan ajatella uusista n\u00e4k\u00f6kulmista. Kutsumme ryhm\u00e4\u00e4n erityisesti esityksi\u00e4, joissa pohditaan, millaista voisi olla mediatutkimus, jonka eettisen\u00e4 ohjenuorana on ymm\u00e4rrys maapallon hauraudesta sek\u00e4 kysymykset ekosysteemien s\u00e4ilymisest\u00e4 suhteessa mediateknologisiin infrastruktuureihin, k\u00e4yt\u00e4nt\u00f6ihin ja niit\u00e4 kannatteleviin arvoihin. Ty\u00f6ryhm\u00e4n esitykset voivat olla tutkimuksen eri vaiheista \u2013 tutkimusideoista tuloksiin \u2013 ja ne voivat olla teoreettisia, menetelm\u00e4llisi\u00e4 tai empiirisi\u00e4 tai provokatiivisia avauksia.\u00a0Esitykset voivat olla suomeksi tai englanniksi.<\/p>\n","protected":false},"excerpt":{"rendered":"<p>Ty\u00f6ryhm\u00e4n vet\u00e4j\u00e4t: Apulaisprofessori Minna Vigren, LUT-yliopisto, Professori Tarja Rautiainen-Keskustalo, Tampereen yliopisto &amp; V\u00e4it\u00f6skirjatutkija Antti Kurko, Tampereen yliopisto Mediateknologioiden ja digitaalisen infrastruktuurin ymp\u00e4rist\u00f6vaikutukset ovat nousseet yh\u00e4 enemm\u00e4n kiinnostuksen kohteeksi my\u00f6s mediatutkimuksessa. Ne ovat keskeinen osa esimerkiksi uudempaa, materiaalisesti painottunutta mediaekologiaa (esim. Cubitt, 2017; Fuller, 2005; Gabrys, 2011; Parikka, 2015; Taffel. 2019; 2023). Mediaekologinen l\u00e4hestymistapa ottaa l\u00e4ht\u00f6kohdakseen [&hellip;]<\/p>\n","protected":false},"author":586,"featured_media":0,"parent":26,"menu_order":6,"comment_status":"closed","ping_status":"closed","template":"","meta":{"_acf_changed":false,"footnotes":""},"class_list":["post-203","page","type-page","status-publish","hentry"],"acf":[],"lang":"fi","translations":{"fi":203,"sv":205,"en":207},"pll_sync_post":[],"_links":{"self":[{"href":"https:\/\/sites.uwasa.fi\/mevi2026\/wp-json\/wp\/v2\/pages\/203"}],"collection":[{"href":"https:\/\/sites.uwasa.fi\/mevi2026\/wp-json\/wp\/v2\/pages"}],"about":[{"href":"https:\/\/sites.uwasa.fi\/mevi2026\/wp-json\/wp\/v2\/types\/page"}],"author":[{"embeddable":true,"href":"https:\/\/sites.uwasa.fi\/mevi2026\/wp-json\/wp\/v2\/users\/586"}],"replies":[{"embeddable":true,"href":"https:\/\/sites.uwasa.fi\/mevi2026\/wp-json\/wp\/v2\/comments?post=203"}],"version-history":[{"count":1,"href":"https:\/\/sites.uwasa.fi\/mevi2026\/wp-json\/wp\/v2\/pages\/203\/revisions"}],"predecessor-version":[{"id":204,"href":"https:\/\/sites.uwasa.fi\/mevi2026\/wp-json\/wp\/v2\/pages\/203\/revisions\/204"}],"up":[{"embeddable":true,"href":"https:\/\/sites.uwasa.fi\/mevi2026\/wp-json\/wp\/v2\/pages\/26"}],"wp:attachment":[{"href":"https:\/\/sites.uwasa.fi\/mevi2026\/wp-json\/wp\/v2\/media?parent=203"}],"curies":[{"name":"wp","href":"https:\/\/api.w.org\/{rel}","templated":true}]}}