{"id":199,"date":"2025-12-11T18:30:31","date_gmt":"2025-12-11T16:30:31","guid":{"rendered":"https:\/\/sites.uwasa.fi\/mevi2026\/?page_id=199"},"modified":"2025-12-11T18:30:31","modified_gmt":"2025-12-11T16:30:31","slug":"lansi-ja-muut-mediassa-sivilisationaalinen-ideologia-liberaalin-ja-saantopohjaisen-jarjestyksen-haastajana","status":"publish","type":"page","link":"https:\/\/sites.uwasa.fi\/mevi2026\/en\/working-groups\/lansi-ja-muut-mediassa-sivilisationaalinen-ideologia-liberaalin-ja-saantopohjaisen-jarjestyksen-haastajana\/","title":{"rendered":"L\u00e4nsi ja muut mediassa: sivilisationaalinen ideologia liberaalin ja s\u00e4\u00e4nt\u00f6pohjaisen j\u00e4rjestyksen haastajana"},"content":{"rendered":"<p>This working group description is available only in Finnish.<\/p>\n","protected":false},"excerpt":{"rendered":"<p>This working group description is available only in Finnish.<\/p>\n","protected":false},"author":586,"featured_media":0,"parent":169,"menu_order":5,"comment_status":"closed","ping_status":"closed","template":"","meta":{"_acf_changed":false,"footnotes":""},"class_list":["post-199","page","type-page","status-publish","hentry"],"acf":[],"lang":"en","translations":{"en":199,"sv":197,"fi":194},"pll_sync_post":[],"_links":{"self":[{"href":"https:\/\/sites.uwasa.fi\/mevi2026\/wp-json\/wp\/v2\/pages\/199"}],"collection":[{"href":"https:\/\/sites.uwasa.fi\/mevi2026\/wp-json\/wp\/v2\/pages"}],"about":[{"href":"https:\/\/sites.uwasa.fi\/mevi2026\/wp-json\/wp\/v2\/types\/page"}],"author":[{"embeddable":true,"href":"https:\/\/sites.uwasa.fi\/mevi2026\/wp-json\/wp\/v2\/users\/586"}],"replies":[{"embeddable":true,"href":"https:\/\/sites.uwasa.fi\/mevi2026\/wp-json\/wp\/v2\/comments?post=199"}],"version-history":[{"count":1,"href":"https:\/\/sites.uwasa.fi\/mevi2026\/wp-json\/wp\/v2\/pages\/199\/revisions"}],"predecessor-version":[{"id":200,"href":"https:\/\/sites.uwasa.fi\/mevi2026\/wp-json\/wp\/v2\/pages\/199\/revisions\/200"}],"up":[{"embeddable":true,"href":"https:\/\/sites.uwasa.fi\/mevi2026\/wp-json\/wp\/v2\/pages\/169"}],"wp:attachment":[{"href":"https:\/\/sites.uwasa.fi\/mevi2026\/wp-json\/wp\/v2\/media?parent=199"}],"curies":[{"name":"wp","href":"https:\/\/api.w.org\/{rel}","templated":true}]}}