{"id":194,"date":"2025-12-11T18:30:23","date_gmt":"2025-12-11T16:30:23","guid":{"rendered":"https:\/\/sites.uwasa.fi\/mevi2026\/?page_id=194"},"modified":"2025-12-11T18:30:23","modified_gmt":"2025-12-11T16:30:23","slug":"lansi-ja-muut-mediassa-sivilisationaalinen-ideologia-liberaalin-ja-saantopohjaisen-jarjestyksen-haastajana","status":"publish","type":"page","link":"https:\/\/sites.uwasa.fi\/mevi2026\/tyoryhmat\/lansi-ja-muut-mediassa-sivilisationaalinen-ideologia-liberaalin-ja-saantopohjaisen-jarjestyksen-haastajana\/","title":{"rendered":"L\u00e4nsi ja muut mediassa: sivilisationaalinen ideologia liberaalin ja s\u00e4\u00e4nt\u00f6pohjaisen j\u00e4rjestyksen haastajana"},"content":{"rendered":"<p><strong>Ty\u00f6ryhm\u00e4n vet\u00e4j\u00e4:<\/strong> FT, dos. Jere Kyyr\u00f6, Tampereen yliopisto<\/p>\n<p>\u201dL\u00e4nsimaat\u201d on mediassa toistuva, joskin usein h\u00e4m\u00e4r\u00e4ksi j\u00e4\u00e4v\u00e4 merkitsij\u00e4. Kylm\u00e4n sodan aikana Suomi sijaitsi it\u00e4- ja l\u00e4nsileirien v\u00e4liss\u00e4, kun Natoon liittymisen my\u00f6t\u00e4 Suomen on n\u00e4hty siirtyneen lopullisesti osaksi l\u00e4ntt\u00e4. Kylm\u00e4\u00e4 sotaa seuranneen yksinapaisen ja liberaalin demokratian voittokulkua ennakoineen kehityksen aikana kilpaileva, sivilisaatioihin perustuva maailmanj\u00e4rjestys alkoi hahmottua.<\/p>\n<p>Gregorio Bettizan, Derek Boltonin ja David Lewisin mukaan sivilisationaalisen ideologian avulla liberaaliin demokratiaan syyst\u00e4 tai toisesta sopeutumattomat valtiot ja poliittiset eliitit voivat haastaa liberaalin demokratian universalistista hegemoniaa. Esimerkiksi Putinin Ven\u00e4j\u00e4 esiintyy ven\u00e4l\u00e4isen maailman tai euraasialaisen sivilisaation ja Kiina konfutselaisen sivilisaation johtajana, samaan aikaan kun \u201dL\u00e4nsi\u201d esitet\u00e4\u00e4n rappeutuneena tai heikkona.<\/p>\n<p>Samaan aikaan my\u00f6s globaalin, jo kylm\u00e4n sodan aikana kehittyneen s\u00e4\u00e4nt\u00f6pohjaisen j\u00e4rjestelm\u00e4n n\u00e4hd\u00e4\u00e4n olevan uhattuna ja sivilisationalistit haastavat t\u00e4t\u00e4 j\u00e4rjestelm\u00e4\u00e4. Sivilisationaalinen ideologia my\u00f6s esitt\u00e4\u00e4 usein toiset sivilisaatiot uhkina. My\u00f6s ns. l\u00e4nsimaissa voidaan haastaa liberaalia demokratiaa, tai puolustaa sit\u00e4 n\u00e4enn\u00e4isesti, puhumalla sivilisaatioista.<\/p>\n<p>Ty\u00f6ryhm\u00e4mme pureutuu puheeseen sivilisaatioista mediassa. Kutsumme mukaan esitelmi\u00e4, jotka voivat k\u00e4sitell\u00e4 mm. seuraavia kysymyksi\u00e4:<\/p>\n<ul>\n<li>Miten mediassa kuvataan, tuotetaan tai kyseenalaistetaan puhetta sivilisaatioista?<\/li>\n<li>Mist\u00e4 sivilisaatioiden n\u00e4hd\u00e4\u00e4n muodostuvan ja mihin muihin teemoihin puhe sivilisaatioista linkittyy?<\/li>\n<li>Millaisia teorioita tai menetelmi\u00e4 voidaan hy\u00f6dynt\u00e4\u00e4, kun tutkitaan puhetta l\u00e4nnest\u00e4 tai muista sivilisaatioista mediassa?<\/li>\n<\/ul>\n<p><strong>L\u00e4hteet:<\/strong><\/p>\n<p>Bettiza, Gregorio, Derek Bolton &amp; David Lewis 2023. Civilizationism and the Ideological Contestation of the Liberal International Order. International Studies Review 25 (2). https:\/\/doi.org\/10.1093\/isr\/viad006.<\/p>\n<p>Brubaker, Rogers 2017. Between nationalism and civilizationism: the European populist moment in comparative perspective. Ethnic and Racial Studies, 40(8), 1191\u20131226. https:\/\/doi.org\/10.1080\/01419870.2017.1294700.<\/p>\n<p>Jouhki, Jukka 2016. Global Issues, Western Foci: Banal Occidentalism in a Finnish Newspaper. Suomen antropologi, 41(2), 32-46. http:\/\/ojs.tsv.fi\/index.php\/suomenantropologi\/article\/view\/59641.<\/p>\n","protected":false},"excerpt":{"rendered":"<p>Ty\u00f6ryhm\u00e4n vet\u00e4j\u00e4: FT, dos. Jere Kyyr\u00f6, Tampereen yliopisto \u201dL\u00e4nsimaat\u201d on mediassa toistuva, joskin usein h\u00e4m\u00e4r\u00e4ksi j\u00e4\u00e4v\u00e4 merkitsij\u00e4. Kylm\u00e4n sodan aikana Suomi sijaitsi it\u00e4- ja l\u00e4nsileirien v\u00e4liss\u00e4, kun Natoon liittymisen my\u00f6t\u00e4 Suomen on n\u00e4hty siirtyneen lopullisesti osaksi l\u00e4ntt\u00e4. Kylm\u00e4\u00e4 sotaa seuranneen yksinapaisen ja liberaalin demokratian voittokulkua ennakoineen kehityksen aikana kilpaileva, sivilisaatioihin perustuva maailmanj\u00e4rjestys alkoi hahmottua. Gregorio [&hellip;]<\/p>\n","protected":false},"author":586,"featured_media":0,"parent":26,"menu_order":5,"comment_status":"closed","ping_status":"closed","template":"","meta":{"_acf_changed":false,"footnotes":""},"class_list":["post-194","page","type-page","status-publish","hentry"],"acf":[],"lang":"fi","translations":{"fi":194,"sv":197,"en":199},"pll_sync_post":[],"_links":{"self":[{"href":"https:\/\/sites.uwasa.fi\/mevi2026\/wp-json\/wp\/v2\/pages\/194"}],"collection":[{"href":"https:\/\/sites.uwasa.fi\/mevi2026\/wp-json\/wp\/v2\/pages"}],"about":[{"href":"https:\/\/sites.uwasa.fi\/mevi2026\/wp-json\/wp\/v2\/types\/page"}],"author":[{"embeddable":true,"href":"https:\/\/sites.uwasa.fi\/mevi2026\/wp-json\/wp\/v2\/users\/586"}],"replies":[{"embeddable":true,"href":"https:\/\/sites.uwasa.fi\/mevi2026\/wp-json\/wp\/v2\/comments?post=194"}],"version-history":[{"count":2,"href":"https:\/\/sites.uwasa.fi\/mevi2026\/wp-json\/wp\/v2\/pages\/194\/revisions"}],"predecessor-version":[{"id":196,"href":"https:\/\/sites.uwasa.fi\/mevi2026\/wp-json\/wp\/v2\/pages\/194\/revisions\/196"}],"up":[{"embeddable":true,"href":"https:\/\/sites.uwasa.fi\/mevi2026\/wp-json\/wp\/v2\/pages\/26"}],"wp:attachment":[{"href":"https:\/\/sites.uwasa.fi\/mevi2026\/wp-json\/wp\/v2\/media?parent=194"}],"curies":[{"name":"wp","href":"https:\/\/api.w.org\/{rel}","templated":true}]}}