{"id":187,"date":"2025-12-11T18:26:13","date_gmt":"2025-12-11T16:26:13","guid":{"rendered":"https:\/\/sites.uwasa.fi\/mevi2026\/?page_id=187"},"modified":"2025-12-11T18:26:13","modified_gmt":"2025-12-11T16:26:13","slug":"juuret-journalismin-perustat-ja-uudet-versot","status":"publish","type":"page","link":"https:\/\/sites.uwasa.fi\/mevi2026\/tyoryhmat\/juuret-journalismin-perustat-ja-uudet-versot\/","title":{"rendered":"Juuret \u2013 Journalismin perustat ja uudet versot"},"content":{"rendered":"<p><strong>Ty\u00f6ryhm\u00e4n vet\u00e4j\u00e4t:<\/strong> V\u00e4it\u00f6skirjatutkija Liisa Ovaska, Tampereen yliopisto, Yliopisto-opettaja Jari V\u00e4liverronen, Tampereen yliopisto, Tutkijatohtori Pauliina Penttil\u00e4, Tampereen yliopisto<\/p>\n<p>Journalismin kriisit ja sen toimintaymp\u00e4rist\u00f6n muutokset asettavat tutkijat tarkastelemaan sek\u00e4 journalismin juuria ett\u00e4 sen uusia versoja. Mit\u00e4 vaikkapa dataistuminen, ilmastonmuutos ja polarisaatio tekev\u00e4t niin journalismille kuin sen kuluttamiselle? Mik\u00e4 on uutinen ja kuka on toimittaja? Millaisia uusia mahdollisuuksia ja vaateita n\u00e4m\u00e4 asetettavat journalismin tekemiselle ja kuluttamiselle?<\/p>\n<p>T\u00e4ss\u00e4 ty\u00f6ryhm\u00e4ss\u00e4 kutsumme tutkijoita tarkastelemaan niin teoreettisista kuin empiirisist\u00e4 l\u00e4ht\u00f6kohdista journalismin juuria ja sen uusia versoja esimerkiksi journalismin yleis\u00f6n, tekij\u00f6iden, sis\u00e4lt\u00f6jen ja\u00a0teknologioiden n\u00e4k\u00f6kulmasta. Lis\u00e4ksi hyv\u00e4ksymme muunlaisia journalismia k\u00e4sittelevi\u00e4 esityksi\u00e4. Esityksi\u00e4 voi j\u00e4tt\u00e4\u00e4 joko suomeksi tai englanniksi.<\/p>\n","protected":false},"excerpt":{"rendered":"<p>Ty\u00f6ryhm\u00e4n vet\u00e4j\u00e4t: V\u00e4it\u00f6skirjatutkija Liisa Ovaska, Tampereen yliopisto, Yliopisto-opettaja Jari V\u00e4liverronen, Tampereen yliopisto, Tutkijatohtori Pauliina Penttil\u00e4, Tampereen yliopisto Journalismin kriisit ja sen toimintaymp\u00e4rist\u00f6n muutokset asettavat tutkijat tarkastelemaan sek\u00e4 journalismin juuria ett\u00e4 sen uusia versoja. Mit\u00e4 vaikkapa dataistuminen, ilmastonmuutos ja polarisaatio tekev\u00e4t niin journalismille kuin sen kuluttamiselle? Mik\u00e4 on uutinen ja kuka on toimittaja? Millaisia uusia mahdollisuuksia [&hellip;]<\/p>\n","protected":false},"author":586,"featured_media":0,"parent":26,"menu_order":4,"comment_status":"closed","ping_status":"closed","template":"","meta":{"_acf_changed":false,"footnotes":""},"class_list":["post-187","page","type-page","status-publish","hentry"],"acf":[],"lang":"fi","translations":{"fi":187,"sv":189,"en":191},"pll_sync_post":[],"_links":{"self":[{"href":"https:\/\/sites.uwasa.fi\/mevi2026\/wp-json\/wp\/v2\/pages\/187"}],"collection":[{"href":"https:\/\/sites.uwasa.fi\/mevi2026\/wp-json\/wp\/v2\/pages"}],"about":[{"href":"https:\/\/sites.uwasa.fi\/mevi2026\/wp-json\/wp\/v2\/types\/page"}],"author":[{"embeddable":true,"href":"https:\/\/sites.uwasa.fi\/mevi2026\/wp-json\/wp\/v2\/users\/586"}],"replies":[{"embeddable":true,"href":"https:\/\/sites.uwasa.fi\/mevi2026\/wp-json\/wp\/v2\/comments?post=187"}],"version-history":[{"count":1,"href":"https:\/\/sites.uwasa.fi\/mevi2026\/wp-json\/wp\/v2\/pages\/187\/revisions"}],"predecessor-version":[{"id":188,"href":"https:\/\/sites.uwasa.fi\/mevi2026\/wp-json\/wp\/v2\/pages\/187\/revisions\/188"}],"up":[{"embeddable":true,"href":"https:\/\/sites.uwasa.fi\/mevi2026\/wp-json\/wp\/v2\/pages\/26"}],"wp:attachment":[{"href":"https:\/\/sites.uwasa.fi\/mevi2026\/wp-json\/wp\/v2\/media?parent=187"}],"curies":[{"name":"wp","href":"https:\/\/api.w.org\/{rel}","templated":true}]}}