{"id":180,"date":"2025-12-11T18:18:26","date_gmt":"2025-12-11T16:18:26","guid":{"rendered":"https:\/\/sites.uwasa.fi\/mevi2026\/?page_id=180"},"modified":"2025-12-11T18:18:26","modified_gmt":"2025-12-11T16:18:26","slug":"informaatioresilienssin-moniulotteisuus-median-ja-viestinnan-kentalla-the-multidimensionality-of-information-resilience-in-the-field-of-media-and-communication-research","status":"publish","type":"page","link":"https:\/\/sites.uwasa.fi\/mevi2026\/sv\/arbetsgrupperna\/informaatioresilienssin-moniulotteisuus-median-ja-viestinnan-kentalla-the-multidimensionality-of-information-resilience-in-the-field-of-media-and-communication-research\/","title":{"rendered":"Informaatioresilienssin moniulotteisuus median ja viestinn\u00e4n kent\u00e4ll\u00e4 (The Multidimensionality of Information Resilience in the Field of Media and Communication Research)"},"content":{"rendered":"<p>Denna arbetsgruppsbeskrivning finns tillg\u00e4nglig p\u00e5 finska och engelska.<\/p>\n","protected":false},"excerpt":{"rendered":"<p>Denna arbetsgruppsbeskrivning finns tillg\u00e4nglig p\u00e5 finska och engelska.<\/p>\n","protected":false},"author":586,"featured_media":0,"parent":163,"menu_order":3,"comment_status":"closed","ping_status":"closed","template":"","meta":{"_acf_changed":false,"footnotes":""},"class_list":["post-180","page","type-page","status-publish","hentry"],"acf":[],"lang":"sv","translations":{"sv":180,"en":178,"fi":157},"pll_sync_post":[],"_links":{"self":[{"href":"https:\/\/sites.uwasa.fi\/mevi2026\/wp-json\/wp\/v2\/pages\/180"}],"collection":[{"href":"https:\/\/sites.uwasa.fi\/mevi2026\/wp-json\/wp\/v2\/pages"}],"about":[{"href":"https:\/\/sites.uwasa.fi\/mevi2026\/wp-json\/wp\/v2\/types\/page"}],"author":[{"embeddable":true,"href":"https:\/\/sites.uwasa.fi\/mevi2026\/wp-json\/wp\/v2\/users\/586"}],"replies":[{"embeddable":true,"href":"https:\/\/sites.uwasa.fi\/mevi2026\/wp-json\/wp\/v2\/comments?post=180"}],"version-history":[{"count":1,"href":"https:\/\/sites.uwasa.fi\/mevi2026\/wp-json\/wp\/v2\/pages\/180\/revisions"}],"predecessor-version":[{"id":181,"href":"https:\/\/sites.uwasa.fi\/mevi2026\/wp-json\/wp\/v2\/pages\/180\/revisions\/181"}],"up":[{"embeddable":true,"href":"https:\/\/sites.uwasa.fi\/mevi2026\/wp-json\/wp\/v2\/pages\/163"}],"wp:attachment":[{"href":"https:\/\/sites.uwasa.fi\/mevi2026\/wp-json\/wp\/v2\/media?parent=180"}],"curies":[{"name":"wp","href":"https:\/\/api.w.org\/{rel}","templated":true}]}}