{"id":157,"date":"2025-12-11T18:18:22","date_gmt":"2025-12-11T16:18:22","guid":{"rendered":"https:\/\/sites.uwasa.fi\/mevi2026\/?page_id=157"},"modified":"2025-12-11T18:18:22","modified_gmt":"2025-12-11T16:18:22","slug":"informaatioresilienssin-moniulotteisuus-median-ja-viestinnan-kentalla","status":"publish","type":"page","link":"https:\/\/sites.uwasa.fi\/mevi2026\/tyoryhmat\/informaatioresilienssin-moniulotteisuus-median-ja-viestinnan-kentalla\/","title":{"rendered":"Informaatioresilienssin moniulotteisuus median ja viestinn\u00e4n kent\u00e4ll\u00e4"},"content":{"rendered":"<p><strong>Ty\u00f6ryhm\u00e4n vet\u00e4j\u00e4t:<\/strong> Tutkimusp\u00e4\u00e4llikk\u00f6, VTT Minttu Tikka, THL; Tutkijatohtori, HTT, K\u00e4til\u00f6 (YAMK), Aino Rantam\u00e4ki, Vaasan yliopisto; Vuorovaikutusvastaava (DECA-konsortio), VTT Minna Horowitz, Helsingin yliopisto; Yliopistotutkija, YTT, Reeta P\u00f6yht\u00e4ri, Tampereen yliopisto<\/p>\n<p>Informaatioresilienssill\u00e4 tarkoitetaan yhteiskunnan ja sen toimijoiden valmiutta kohdata ja kyky\u00e4 torjua informaatioh\u00e4iri\u00f6it\u00e4 \u2013 eli tahallisesti tai tahattomasti tuotettua ja levitetty\u00e4 virheellist\u00e4 informaatiota. Se on kyvykkyytt\u00e4 ker\u00e4t\u00e4 ja kehitt\u00e4\u00e4 hy\u00f6dyllist\u00e4 ja totuudenmukaista tietoa sek\u00e4 torjua harhaanjohtavaa ja haitallista informaatiota.<\/p>\n<p>Informaatioresilienssi on koetuksella ep\u00e4vakaina aikoina. Se rakentuu luotettavien yhteiskunnallisten j\u00e4rjestelmien ja rakenteiden turvaamisesta, luottamusta her\u00e4tt\u00e4vien tiedon instituutioiden tukemisesta sek\u00e4 kansalaisten luottamuksen, osallisuuden ja toimijuuden vahvistamisesta. Media- ja informaatiolukutaidon rooli on keskeinen ihmisten kyvyss\u00e4 tunnistaa luotettavia l\u00e4hteit\u00e4. Informaatioresilienssin ytimess\u00e4 on toimijoiden v\u00e4linen vuorovaikutus sek\u00e4 luottamuksen rakentaminen ja yll\u00e4pit\u00e4minen.<\/p>\n<p>Ty\u00f6ryhm\u00e4 kytkeytyy p\u00e4ivien teemaan s\u00e4ilytt\u00e4misen ja muutoksen tematiikan kautta. Resilienssi on tasapainottelua ydintoimintojen yll\u00e4pit\u00e4misen sek\u00e4 uudistumisen ja oppimisen v\u00e4lill\u00e4. Tiedon v\u00e4litt\u00e4misen tavoilla voidaan sek\u00e4 luoda vakautta ja turvallisuutta ett\u00e4 haastaa ja tarkastella kriittisesti vallitsevia rakenteita. Informaatioresilienssi kytkeytyy siten tiedon legitimointiin, sosiaalisiin yhteyksiin ja ep\u00e4varmuuden siet\u00e4miseen.<\/p>\n<p>Ty\u00f6ryhm\u00e4ss\u00e4 tarkastellaan yhteiskunnan informaatioresilienssi\u00e4 niin yhteiskunnan rakenteiden, tietoa tuottavien ja v\u00e4litt\u00e4vien instituutioiden kuin kansalaisten toiminnan, osaamisen ja kriittisen lukutaidon n\u00e4k\u00f6kulmista. Ty\u00f6ryhm\u00e4ss\u00e4 pohditaan muun muassa millaiset rakenteet, tekij\u00e4t, tunteet tai k\u00e4yt\u00e4nteet tukevat, vahvistavat tai heikent\u00e4v\u00e4t informaatioresilienssi\u00e4. Samalla huomioidaan my\u00f6s se, ett\u00e4 resilienssi on k\u00e4sitteen\u00e4 ja ilmi\u00f6n\u00e4 moniulotteinen ja vaikeasti m\u00e4\u00e4ritelt\u00e4v\u00e4, mink\u00e4 vuoksi aihetta on tarpeen tarkastella my\u00f6s kriittisesti.<\/p>\n<p>Ty\u00f6ryhm\u00e4 kutsuu empiirisi\u00e4, metodologisia, k\u00e4sitteellisi\u00e4, teoreettisia ja kriittisi\u00e4 esityksi\u00e4, jotka tarkastelevat informaatioresilienssi\u00e4 eri n\u00e4k\u00f6kulmista. Ty\u00f6ryhm\u00e4 on kaksikielinen ja esitykset voivat olla sek\u00e4 suomeksi ett\u00e4 englanniksi. Mahdollisia aiheita ovat esimerkiksi:<\/p>\n<ul>\n<li>Mediaj\u00e4rjestelm\u00e4n rooli ja haasteet<\/li>\n<li>Kansalaisten (digitaalinen) media- ja informaatiolukutaito ja osallisuus<\/li>\n<li>Journalistiset k\u00e4yt\u00e4nteet<\/li>\n<li>Strateginen viestint\u00e4<\/li>\n<li>Alustoitumisen, dataistumisen ja teko\u00e4lyteknologioiden vaikutukset informaatioresilienssiin<\/li>\n<li>Institutionaalinen luottamus ja sen rakentaminen<\/li>\n<li>Kokonaisuusturvallisuus ja kansainv\u00e4liset suositukset (esim. YK:n ja OECD:n 2024 information integrity -periaatteet ja suositukset)<\/li>\n<li>Dis- ja misinformaation torjunta yhteiskunnallisena teht\u00e4v\u00e4n\u00e4<\/li>\n<li>Informaatioresilienssin mittaaminen ja indikaattorit<\/li>\n<li>Informaatioresilienssin k\u00e4sitteellinen analyysi, esim. resilienssin suhde informaatiointegriteetin k\u00e4sitteeseen<\/li>\n<li>Tunteiden (esim. pelko ja toivo) rooli informaatioresilienssin rakentamisessa tai heikent\u00e4misess\u00e4<\/li>\n<\/ul>\n","protected":false},"excerpt":{"rendered":"<p>Ty\u00f6ryhm\u00e4n vet\u00e4j\u00e4t: Tutkimusp\u00e4\u00e4llikk\u00f6, VTT Minttu Tikka, THL; Tutkijatohtori, HTT, K\u00e4til\u00f6 (YAMK), Aino Rantam\u00e4ki, Vaasan yliopisto; Vuorovaikutusvastaava (DECA-konsortio), VTT Minna Horowitz, Helsingin yliopisto; Yliopistotutkija, YTT, Reeta P\u00f6yht\u00e4ri, Tampereen yliopisto Informaatioresilienssill\u00e4 tarkoitetaan yhteiskunnan ja sen toimijoiden valmiutta kohdata ja kyky\u00e4 torjua informaatioh\u00e4iri\u00f6it\u00e4 \u2013 eli tahallisesti tai tahattomasti tuotettua ja levitetty\u00e4 virheellist\u00e4 informaatiota. Se on kyvykkyytt\u00e4 ker\u00e4t\u00e4 ja [&hellip;]<\/p>\n","protected":false},"author":586,"featured_media":0,"parent":26,"menu_order":3,"comment_status":"closed","ping_status":"closed","template":"","meta":{"_acf_changed":false,"footnotes":""},"class_list":["post-157","page","type-page","status-publish","hentry"],"acf":[],"lang":"fi","translations":{"fi":157,"en":178,"sv":180},"pll_sync_post":[],"_links":{"self":[{"href":"https:\/\/sites.uwasa.fi\/mevi2026\/wp-json\/wp\/v2\/pages\/157"}],"collection":[{"href":"https:\/\/sites.uwasa.fi\/mevi2026\/wp-json\/wp\/v2\/pages"}],"about":[{"href":"https:\/\/sites.uwasa.fi\/mevi2026\/wp-json\/wp\/v2\/types\/page"}],"author":[{"embeddable":true,"href":"https:\/\/sites.uwasa.fi\/mevi2026\/wp-json\/wp\/v2\/users\/586"}],"replies":[{"embeddable":true,"href":"https:\/\/sites.uwasa.fi\/mevi2026\/wp-json\/wp\/v2\/comments?post=157"}],"version-history":[{"count":4,"href":"https:\/\/sites.uwasa.fi\/mevi2026\/wp-json\/wp\/v2\/pages\/157\/revisions"}],"predecessor-version":[{"id":185,"href":"https:\/\/sites.uwasa.fi\/mevi2026\/wp-json\/wp\/v2\/pages\/157\/revisions\/185"}],"up":[{"embeddable":true,"href":"https:\/\/sites.uwasa.fi\/mevi2026\/wp-json\/wp\/v2\/pages\/26"}],"wp:attachment":[{"href":"https:\/\/sites.uwasa.fi\/mevi2026\/wp-json\/wp\/v2\/media?parent=157"}],"curies":[{"name":"wp","href":"https:\/\/api.w.org\/{rel}","templated":true}]}}