{"id":155,"date":"2025-12-11T18:04:46","date_gmt":"2025-12-11T16:04:46","guid":{"rendered":"https:\/\/sites.uwasa.fi\/mevi2026\/?page_id=155"},"modified":"2025-12-11T18:04:46","modified_gmt":"2025-12-11T16:04:46","slug":"ekomediatutkimuksen-versovat-kentat","status":"publish","type":"page","link":"https:\/\/sites.uwasa.fi\/mevi2026\/tyoryhmat\/ekomediatutkimuksen-versovat-kentat\/","title":{"rendered":"Ekomediatutkimuksen versovat kent\u00e4t"},"content":{"rendered":"<p><strong>Ty\u00f6ryhm\u00e4n vet\u00e4j\u00e4t:<\/strong> FT, dos. Laura Saarenmaa, Turun yliopisto &amp; FM Hebe Ronkainen, Turun yliopisto<\/p>\n<p>Ty\u00f6ryhm\u00e4n l\u00e4ht\u00f6kohtana on ymm\u00e4rrys ekomediatutkimuksesta haarautuvana ja versovana kentt\u00e4n\u00e4, joka el\u00e4\u00e4 jatkuvassa vuorovaikutuksessa muiden ekokriittisten tieteenalojen kanssa. Ekomediatutkimus toimii t\u00e4ss\u00e4 yhteydess\u00e4 kattotermin\u00e4 monitahoiselle joukolle tutkimusn\u00e4k\u00f6kulmia, joille on yhteist\u00e4 median tarkastelu ymp\u00e4rist\u00f6\u00f6n ja sen muutoksiin linkittyneen\u00e4. Kerrostuvien ekologisten kriisien m\u00e4\u00e4ritt\u00e4m\u00e4ss\u00e4 nykytilanteessa median ja ymp\u00e4rist\u00f6n suhteeseen liittyv\u00e4n tutkimustiedon ja ekomedialukutaidon tarve on suuri. Kutsumme ty\u00f6ryhm\u00e4\u00e4n tutkijoita, jotka analysoivat mediasis\u00e4lt\u00f6j\u00e4, tuotantotapoja tai tekstin ja teknologian lomittumia ekokriittisen linssin l\u00e4pi. Monitieteiset ja tieteidenv\u00e4liset puheenvuorot ovat tervetulleita.<\/p>\n","protected":false},"excerpt":{"rendered":"<p>Ty\u00f6ryhm\u00e4n vet\u00e4j\u00e4t: FT, dos. Laura Saarenmaa, Turun yliopisto &amp; FM Hebe Ronkainen, Turun yliopisto Ty\u00f6ryhm\u00e4n l\u00e4ht\u00f6kohtana on ymm\u00e4rrys ekomediatutkimuksesta haarautuvana ja versovana kentt\u00e4n\u00e4, joka el\u00e4\u00e4 jatkuvassa vuorovaikutuksessa muiden ekokriittisten tieteenalojen kanssa. Ekomediatutkimus toimii t\u00e4ss\u00e4 yhteydess\u00e4 kattotermin\u00e4 monitahoiselle joukolle tutkimusn\u00e4k\u00f6kulmia, joille on yhteist\u00e4 median tarkastelu ymp\u00e4rist\u00f6\u00f6n ja sen muutoksiin linkittyneen\u00e4. Kerrostuvien ekologisten kriisien m\u00e4\u00e4ritt\u00e4m\u00e4ss\u00e4 nykytilanteessa median [&hellip;]<\/p>\n","protected":false},"author":586,"featured_media":0,"parent":26,"menu_order":2,"comment_status":"closed","ping_status":"closed","template":"","meta":{"_acf_changed":false,"footnotes":""},"class_list":["post-155","page","type-page","status-publish","hentry"],"acf":[],"lang":"fi","translations":{"fi":155,"sv":172,"en":174},"pll_sync_post":[],"_links":{"self":[{"href":"https:\/\/sites.uwasa.fi\/mevi2026\/wp-json\/wp\/v2\/pages\/155"}],"collection":[{"href":"https:\/\/sites.uwasa.fi\/mevi2026\/wp-json\/wp\/v2\/pages"}],"about":[{"href":"https:\/\/sites.uwasa.fi\/mevi2026\/wp-json\/wp\/v2\/types\/page"}],"author":[{"embeddable":true,"href":"https:\/\/sites.uwasa.fi\/mevi2026\/wp-json\/wp\/v2\/users\/586"}],"replies":[{"embeddable":true,"href":"https:\/\/sites.uwasa.fi\/mevi2026\/wp-json\/wp\/v2\/comments?post=155"}],"version-history":[{"count":1,"href":"https:\/\/sites.uwasa.fi\/mevi2026\/wp-json\/wp\/v2\/pages\/155\/revisions"}],"predecessor-version":[{"id":156,"href":"https:\/\/sites.uwasa.fi\/mevi2026\/wp-json\/wp\/v2\/pages\/155\/revisions\/156"}],"up":[{"embeddable":true,"href":"https:\/\/sites.uwasa.fi\/mevi2026\/wp-json\/wp\/v2\/pages\/26"}],"wp:attachment":[{"href":"https:\/\/sites.uwasa.fi\/mevi2026\/wp-json\/wp\/v2\/media?parent=155"}],"curies":[{"name":"wp","href":"https:\/\/api.w.org\/{rel}","templated":true}]}}