{"id":7,"date":"2022-09-09T02:19:09","date_gmt":"2022-09-08T23:19:09","guid":{"rendered":"https:\/\/sites.uwasa.fi\/lyhytvideot\/?page_id=7"},"modified":"2022-09-21T16:54:14","modified_gmt":"2022-09-21T13:54:14","slug":"yhteystiedot","status":"publish","type":"page","link":"https:\/\/sites.uwasa.fi\/lyhytvideot\/yhteystiedot\/","title":{"rendered":"Yhteystiedot"},"content":{"rendered":"<p style=\"text-align: left\">Twitter: <a href=\"https:\/\/twitter.com\/TikTok_tutkimus\">@TikTok_tutkimus<\/a><\/p>\n<p style=\"text-align: left\"><a href=\"https:\/\/twitter.com\/hashtag\/tiktoktutkimus?src=hashtag_click\">#tiktoktutkimus<\/a> <a href=\"https:\/\/twitter.com\/hashtag\/tiktokresearch?src=hashtag_click\">#tiktokresearch<\/a><\/p>\n<p>&nbsp;<\/p>\n<p style=\"text-align: left\">Ota yhteytt\u00e4, jos haluat tiet\u00e4\u00e4 lis\u00e4\u00e4 hankkeesta!<\/p>\n<h3 style=\"text-align: left\">Tanja Sihvonen<\/h3>\n<p style=\"text-align: left\">Viestint\u00e4tieteiden professori<br \/>\nVaasan yliopisto<\/p>\n<p style=\"text-align: left\"><em>p. 029 449 8269<\/em><br \/>\n<em>tanja.sihvonen@uwasa.fi<\/em><\/p>\n","protected":false},"excerpt":{"rendered":"<p>Twitter: @TikTok_tutkimus #tiktoktutkimus #tiktokresearch &nbsp; Ota yhteytt\u00e4, jos haluat tiet\u00e4\u00e4 lis\u00e4\u00e4 hankkeesta! Tanja Sihvonen Viestint\u00e4tieteiden professori Vaasan yliopisto p. 029 449 8269 tanja.sihvonen@uwasa.fi<\/p>\n","protected":false},"author":30,"featured_media":0,"parent":0,"menu_order":0,"comment_status":"closed","ping_status":"closed","template":"","meta":{"_acf_changed":false,"footnotes":""},"class_list":["post-7","page","type-page","status-publish","hentry"],"acf":[],"lang":"fi","translations":{"fi":7,"en":110},"pll_sync_post":[],"_links":{"self":[{"href":"https:\/\/sites.uwasa.fi\/lyhytvideot\/wp-json\/wp\/v2\/pages\/7"}],"collection":[{"href":"https:\/\/sites.uwasa.fi\/lyhytvideot\/wp-json\/wp\/v2\/pages"}],"about":[{"href":"https:\/\/sites.uwasa.fi\/lyhytvideot\/wp-json\/wp\/v2\/types\/page"}],"author":[{"embeddable":true,"href":"https:\/\/sites.uwasa.fi\/lyhytvideot\/wp-json\/wp\/v2\/users\/30"}],"replies":[{"embeddable":true,"href":"https:\/\/sites.uwasa.fi\/lyhytvideot\/wp-json\/wp\/v2\/comments?post=7"}],"version-history":[{"count":10,"href":"https:\/\/sites.uwasa.fi\/lyhytvideot\/wp-json\/wp\/v2\/pages\/7\/revisions"}],"predecessor-version":[{"id":146,"href":"https:\/\/sites.uwasa.fi\/lyhytvideot\/wp-json\/wp\/v2\/pages\/7\/revisions\/146"}],"wp:attachment":[{"href":"https:\/\/sites.uwasa.fi\/lyhytvideot\/wp-json\/wp\/v2\/media?parent=7"}],"curies":[{"name":"wp","href":"https:\/\/api.w.org\/{rel}","templated":true}]}}