{"id":46,"date":"2022-09-12T13:54:17","date_gmt":"2022-09-12T10:54:17","guid":{"rendered":"https:\/\/sites.uwasa.fi\/lyhytvideot\/?page_id=46"},"modified":"2023-10-04T10:34:44","modified_gmt":"2023-10-04T07:34:44","slug":"tutkijat","status":"publish","type":"page","link":"https:\/\/sites.uwasa.fi\/lyhytvideot\/tutkijat\/","title":{"rendered":"Tutkijat"},"content":{"rendered":"<p style=\"text-align: left\"><img loading=\"lazy\" decoding=\"async\" class=\"alignleft wp-image-8 size-thumbnail\" src=\"https:\/\/sites.uwasa.fi\/lyhytvideot\/wp-content\/blogs.dir\/4\/files\/sites\/164\/2022\/09\/sihvonen-tanja-e1663598050985-150x150.jpg\" alt=\"Kuva professori Tanja Sihvosesta\" width=\"150\" height=\"150\" srcset=\"https:\/\/sites.uwasa.fi\/lyhytvideot\/wp-content\/blogs.dir\/4\/files\/sites\/164\/2022\/09\/sihvonen-tanja-e1663598050985-150x150.jpg 150w, https:\/\/sites.uwasa.fi\/lyhytvideot\/wp-content\/blogs.dir\/4\/files\/sites\/164\/2022\/09\/sihvonen-tanja-e1663598050985-300x300.jpg 300w, https:\/\/sites.uwasa.fi\/lyhytvideot\/wp-content\/blogs.dir\/4\/files\/sites\/164\/2022\/09\/sihvonen-tanja-e1663598050985-1024x1024.jpg 1024w, https:\/\/sites.uwasa.fi\/lyhytvideot\/wp-content\/blogs.dir\/4\/files\/sites\/164\/2022\/09\/sihvonen-tanja-e1663598050985-768x768.jpg 768w, https:\/\/sites.uwasa.fi\/lyhytvideot\/wp-content\/blogs.dir\/4\/files\/sites\/164\/2022\/09\/sihvonen-tanja-e1663598050985-1536x1536.jpg 1536w, https:\/\/sites.uwasa.fi\/lyhytvideot\/wp-content\/blogs.dir\/4\/files\/sites\/164\/2022\/09\/sihvonen-tanja-e1663598050985.jpg 1638w\" sizes=\"(max-width: 150px) 100vw, 150px\" \/><strong>Professori Tanja Sihvonen<\/strong> on hankkeen johtaja. H\u00e4n<span style=\"font-weight: 400\">\u00a0on viestint\u00e4tieteen professori ja mediatutkija, jonka erikoisalaa on digitaalisen kulttuurin, mediateknologioiden ja pelien tutkimus. H\u00e4n v\u00e4itteli mediatutkimuksen oppiaineessa tietokonepelien modauksesta. Viime aikoina h\u00e4n on keskittynyt tutkimuksessaan mm. botteihin, digitaalisen journalismin erityiskysymyksiin sek\u00e4 hybridimedian asettamiin haasteisiin viestinn\u00e4lle. T\u00e4ss\u00e4 hankkeessa h\u00e4nt\u00e4 inspiroi erityisesti mahdollisuus oppia ymm\u00e4rt\u00e4m\u00e4\u00e4n audiovisuaalista ilmaisua ja estetiikkaa videonjakoalustoilla.<\/span><\/p>\n<p style=\"text-align: left\">Yhteystiedot: etunimi.sukunimi(at)uwasa.fi<\/p>\n<p>&nbsp;<\/p>\n<p>&nbsp;<\/p>\n<p><img loading=\"lazy\" decoding=\"async\" class=\"alignleft wp-image-70 size-thumbnail\" src=\"https:\/\/sites.uwasa.fi\/lyhytvideot\/wp-content\/blogs.dir\/4\/files\/sites\/164\/2022\/09\/20210330-124147-150x150.jpg\" alt=\"\" width=\"150\" height=\"150\" srcset=\"https:\/\/sites.uwasa.fi\/lyhytvideot\/wp-content\/blogs.dir\/4\/files\/sites\/164\/2022\/09\/20210330-124147-150x150.jpg 150w, https:\/\/sites.uwasa.fi\/lyhytvideot\/wp-content\/blogs.dir\/4\/files\/sites\/164\/2022\/09\/20210330-124147-1024x1024.jpg 1024w\" sizes=\"(max-width: 150px) 100vw, 150px\" \/><\/p>\n<p style=\"text-align: left\"><b>FT, tutkijatohtori Liisa K\u00e4\u00e4nt\u00e4 <\/b><span style=\"font-weight: 400\">on digitaalisen yhteiskunnan tutkimuksen moniottelija, jota kiinnostaa ty\u00f6el\u00e4m\u00e4n ja eri medioiden ilmi\u00f6t. H\u00e4n on v\u00e4itellyt suomen kielen alalta, aiheenaan vertaisvuorovaikutus institutionaalisissa verkkokeskusteluissa. T\u00e4ll\u00e4 hetkell\u00e4 h\u00e4n tutkii mm. videov\u00e4litteisyytt\u00e4 ty\u00f6ss\u00e4 ja ilmastoviisaan asumisen mediadiskursseja. Hankkeessa h\u00e4nt\u00e4 kiehtoo erityisesti se, mink\u00e4lainen viestinn\u00e4n muoto lyhytvideoformaatti on nykyajan hybridiss\u00e4 mediaymp\u00e4rist\u00f6ss\u00e4 ja mit\u00e4 erilaiset kuluttaja-tuottajat sill\u00e4 tekev\u00e4t.<\/span><\/p>\n<p style=\"text-align: left\">Yhteystiedot: etunimi.sukunimi(at)uwasa.fi<\/p>\n<p>&nbsp;<\/p>\n<p>&nbsp;<\/p>\n<p style=\"text-align: left\"><strong><img loading=\"lazy\" decoding=\"async\" class=\"wp-image-76 alignleft\" src=\"https:\/\/sites.uwasa.fi\/lyhytvideot\/wp-content\/blogs.dir\/4\/files\/sites\/164\/2022\/09\/vmannine-300x300.png\" alt=\"Kuva tutkija Ville Mannisesta\" width=\"150\" height=\"150\" srcset=\"https:\/\/sites.uwasa.fi\/lyhytvideot\/wp-content\/blogs.dir\/4\/files\/sites\/164\/2022\/09\/vmannine-300x300.png 300w, https:\/\/sites.uwasa.fi\/lyhytvideot\/wp-content\/blogs.dir\/4\/files\/sites\/164\/2022\/09\/vmannine-150x150.png 150w, https:\/\/sites.uwasa.fi\/lyhytvideot\/wp-content\/blogs.dir\/4\/files\/sites\/164\/2022\/09\/vmannine.png 432w\" sizes=\"(max-width: 150px) 100vw, 150px\" \/><\/strong><\/p>\n<p style=\"text-align: left\"><strong>FT, tutkija<\/strong> <b>Ville Manninen<\/b><span style=\"font-weight: 400\"> v\u00e4itteli journalistiikan oppiaineesta, aiheenaan nuorten suomalaisaikuisten luottamus verkkojournalismia kohtaan. H\u00e4n on tutkinut my\u00f6s teknologisia innovaatioita journalistisessa ty\u00f6ss\u00e4 sek\u00e4 median moninaisuutta. Lyhytvideoformaatissa h\u00e4nt\u00e4 kiinnostaa etenkin sen rajoitteet ja mahdollisuudet niin kutsutun \u201cperinteisen journalismin\u201d n\u00e4k\u00f6kulmasta.<\/span><\/p>\n<p style=\"text-align: left\">Yhteystiedot: etunimi.sukunimi(at)uwasa.fi<\/p>\n<p>&nbsp;<\/p>\n<p>&nbsp;<\/p>\n<p>&nbsp;<\/p>\n<p style=\"text-align: left\"><img loading=\"lazy\" decoding=\"async\" class=\"alignleft wp-image-117 size-thumbnail\" src=\"https:\/\/sites.uwasa.fi\/lyhytvideot\/wp-content\/blogs.dir\/4\/files\/sites\/164\/2022\/09\/virpis-e1663738254197-150x150.jpg\" alt=\"\" width=\"150\" height=\"150\" srcset=\"https:\/\/sites.uwasa.fi\/lyhytvideot\/wp-content\/blogs.dir\/4\/files\/sites\/164\/2022\/09\/virpis-e1663738254197-150x150.jpg 150w, https:\/\/sites.uwasa.fi\/lyhytvideot\/wp-content\/blogs.dir\/4\/files\/sites\/164\/2022\/09\/virpis-e1663738254197-300x300.jpg 300w, https:\/\/sites.uwasa.fi\/lyhytvideot\/wp-content\/blogs.dir\/4\/files\/sites\/164\/2022\/09\/virpis-e1663738254197-768x768.jpg 768w, https:\/\/sites.uwasa.fi\/lyhytvideot\/wp-content\/blogs.dir\/4\/files\/sites\/164\/2022\/09\/virpis-e1663738254197.jpg 800w\" sizes=\"(max-width: 150px) 100vw, 150px\" \/><strong>VTT, tutkijatohtori<\/strong> <b>Virpi Saloj\u00e4rvi <\/b>on poliittisen viestinn\u00e4n, journalismin ja sosiaalisen median liikehdinn\u00e4n tutkija. H\u00e4n on v\u00e4itellyt perinteisen median roolista populistisessa konfliktissa ja viimeksi h\u00e4n on osallistunut Euroopan laajuiseen hankkeeseen, jossa tutkittiin, miten tieto muuttuu ja muotoutuu sosiaalisessa mediassa kehitt\u00e4en my\u00f6s (audio-)visuaalisia menetelmi\u00e4. T\u00e4ss\u00e4 hankkeessa h\u00e4nt\u00e4 kiinnostaa etenkin eri sosiaalisen median alustojen ja sovellusten visuaalisuus ja tunteet osana journalismia.<\/p>\n<p style=\"text-align: left\">Yhteystiedot: etunimi.sukunimi(at)uwasa.fi<\/p>\n<p>&nbsp;<\/p>\n<p>&nbsp;<\/p>\n<p style=\"text-align: left\"><strong><img loading=\"lazy\" decoding=\"async\" class=\"size-thumbnail wp-image-154 alignleft\" src=\"https:\/\/sites.uwasa.fi\/lyhytvideot\/wp-content\/blogs.dir\/4\/files\/sites\/164\/2022\/09\/waaramaa-teija-e1663852047350-150x150.jpg\" alt=\"Kuva yliopistonlehtori Teija Waaramaasta.\" width=\"150\" height=\"150\" srcset=\"https:\/\/sites.uwasa.fi\/lyhytvideot\/wp-content\/blogs.dir\/4\/files\/sites\/164\/2022\/09\/waaramaa-teija-e1663852047350-150x150.jpg 150w, https:\/\/sites.uwasa.fi\/lyhytvideot\/wp-content\/blogs.dir\/4\/files\/sites\/164\/2022\/09\/waaramaa-teija-e1663852047350-300x300.jpg 300w, https:\/\/sites.uwasa.fi\/lyhytvideot\/wp-content\/blogs.dir\/4\/files\/sites\/164\/2022\/09\/waaramaa-teija-e1663852047350-1024x1024.jpg 1024w, https:\/\/sites.uwasa.fi\/lyhytvideot\/wp-content\/blogs.dir\/4\/files\/sites\/164\/2022\/09\/waaramaa-teija-e1663852047350-768x768.jpg 768w, https:\/\/sites.uwasa.fi\/lyhytvideot\/wp-content\/blogs.dir\/4\/files\/sites\/164\/2022\/09\/waaramaa-teija-e1663852047350-1536x1536.jpg 1536w, https:\/\/sites.uwasa.fi\/lyhytvideot\/wp-content\/blogs.dir\/4\/files\/sites\/164\/2022\/09\/waaramaa-teija-e1663852047350.jpg 1638w\" sizes=\"(max-width: 150px) 100vw, 150px\" \/>FT, yliopistonlehtori<\/strong> <b>Teija Waaramaa<\/b><span style=\"font-weight: 400\"> on puheen, \u00e4\u00e4nen, emootioiden, vuorovaikutuksen ja niiden kulttuurisen variaation tutkija. Waaramaa on v\u00e4itellyt emootioista puhe\u00e4\u00e4ness\u00e4. H\u00e4nen dosentuurinsa ala on vokologia ja nonverbaalinen viestint\u00e4. H\u00e4n on tutkinut kansainv\u00e4lisesti emootioiden vastaanottoa akustisesta signaalista, puhe\u00e4\u00e4nt\u00e4 ja persoonallisuuspiirteiden vastaanottoa natiivien ja vieraskielisten v\u00e4lill\u00e4. Lis\u00e4ksi h\u00e4n on tutkinut suomalaisten uutisankkurien ty\u00f6t\u00e4.<\/span><\/p>\n<p style=\"text-align: left\">Yhteystiedot: etunimi.sukunimi(at)uwasa.fi<\/p>\n<p>&nbsp;<\/p>\n<p>&nbsp;<\/p>\n<p><img loading=\"lazy\" decoding=\"async\" class=\"size-thumbnail wp-image-198 alignleft\" src=\"https:\/\/sites.uwasa.fi\/lyhytvideot\/wp-content\/blogs.dir\/4\/files\/sites\/164\/2023\/10\/nuppu-pelevina-valokuva-150x150.jpg\" alt=\"Valokuva tutkija Nuppu Pelevinasta.\" width=\"150\" height=\"150\" srcset=\"https:\/\/sites.uwasa.fi\/lyhytvideot\/wp-content\/blogs.dir\/4\/files\/sites\/164\/2023\/10\/nuppu-pelevina-valokuva-150x150.jpg 150w, https:\/\/sites.uwasa.fi\/lyhytvideot\/wp-content\/blogs.dir\/4\/files\/sites\/164\/2023\/10\/nuppu-pelevina-valokuva-909x900.jpg 909w\" sizes=\"(max-width: 150px) 100vw, 150px\" \/><strong>VTM, yliopisto-opettaja, Nuppu Pelevina<\/strong> tutkii v\u00e4it\u00f6skirjassaan poliittisia sosiaalisen median vaikuttajia ja erityisesti somevaikuttajien roolia kansainv\u00e4lisen politiikan kent\u00e4ll\u00e4. Pelevina on kiinnostunut laajemmin poliittisesta ja yhteiskunnallisesta viestinn\u00e4st\u00e4 visuaalisilla sosiaalisen median alustoilla ja tarkastelee tutkimuksessaan strategisia narratiiveja, propagandaa ja populismia.<\/p>\n<p>Yhteystiedot: nuppu-maija.sukunimi(at)uwasa.fi<\/p>\n","protected":false},"excerpt":{"rendered":"<p>Professori Tanja Sihvonen on hankkeen johtaja. H\u00e4n\u00a0on viestint\u00e4tieteen professori ja mediatutkija, jonka erikoisalaa on digitaalisen kulttuurin, mediateknologioiden ja pelien tutkimus. H\u00e4n v\u00e4itteli mediatutkimuksen oppiaineessa tietokonepelien modauksesta. Viime aikoina h\u00e4n on keskittynyt tutkimuksessaan mm. botteihin, digitaalisen journalismin erityiskysymyksiin sek\u00e4 hybridimedian asettamiin haasteisiin viestinn\u00e4lle. T\u00e4ss\u00e4 hankkeessa h\u00e4nt\u00e4 inspiroi erityisesti mahdollisuus oppia ymm\u00e4rt\u00e4m\u00e4\u00e4n audiovisuaalista ilmaisua ja estetiikkaa videonjakoalustoilla. [&hellip;]<\/p>\n","protected":false},"author":30,"featured_media":0,"parent":0,"menu_order":0,"comment_status":"closed","ping_status":"closed","template":"","meta":{"_acf_changed":false,"footnotes":""},"class_list":["post-46","page","type-page","status-publish","hentry"],"acf":[],"lang":"fi","translations":{"fi":46,"en":107},"pll_sync_post":[],"_links":{"self":[{"href":"https:\/\/sites.uwasa.fi\/lyhytvideot\/wp-json\/wp\/v2\/pages\/46"}],"collection":[{"href":"https:\/\/sites.uwasa.fi\/lyhytvideot\/wp-json\/wp\/v2\/pages"}],"about":[{"href":"https:\/\/sites.uwasa.fi\/lyhytvideot\/wp-json\/wp\/v2\/types\/page"}],"author":[{"embeddable":true,"href":"https:\/\/sites.uwasa.fi\/lyhytvideot\/wp-json\/wp\/v2\/users\/30"}],"replies":[{"embeddable":true,"href":"https:\/\/sites.uwasa.fi\/lyhytvideot\/wp-json\/wp\/v2\/comments?post=46"}],"version-history":[{"count":40,"href":"https:\/\/sites.uwasa.fi\/lyhytvideot\/wp-json\/wp\/v2\/pages\/46\/revisions"}],"predecessor-version":[{"id":207,"href":"https:\/\/sites.uwasa.fi\/lyhytvideot\/wp-json\/wp\/v2\/pages\/46\/revisions\/207"}],"wp:attachment":[{"href":"https:\/\/sites.uwasa.fi\/lyhytvideot\/wp-json\/wp\/v2\/media?parent=46"}],"curies":[{"name":"wp","href":"https:\/\/api.w.org\/{rel}","templated":true}]}}