{"id":13,"date":"2022-09-09T02:33:23","date_gmt":"2022-09-08T23:33:23","guid":{"rendered":"https:\/\/sites.uwasa.fi\/lyhytvideot\/?page_id=13"},"modified":"2024-09-02T19:32:02","modified_gmt":"2024-09-02T16:32:02","slug":"nakyvyys","status":"publish","type":"page","link":"https:\/\/sites.uwasa.fi\/lyhytvideot\/nakyvyys\/","title":{"rendered":"N\u00e4kyvyys"},"content":{"rendered":"<p>&nbsp;<\/p>\n<h4 style=\"text-align: left\">Julkaisut ja esitelm\u00e4t<\/h4>\n<p class=\"entry-title\">17.8.2024<a href=\"https:\/\/politiikasta.fi\/venezuelan-kansa-kaansi-somen-tiktok-kuningas-maduroa-vastaan\/\"> Venezuelan kansa k\u00e4\u00e4nsi somen \u201dTiktok-kuningas\u201d Maduroa vastaan<\/a>. Virpi Saloj\u00e4rvi. Kirjoitus Politiikasta.fi sivustolla.<\/p>\n<p class=\"page_title\">27.3.2024 <a href=\"https:\/\/doi.org\/10.23983\/mv.137083\">TikTok-journalismi Suomessa<\/a> Sihvonen &amp; Manninen, Media &amp; Viestint\u00e4, 47(1).<\/p>\n<p>16.2.2024 <a href=\"https:\/\/merkkiin.fi\/tapahtumat\/seminaari-pilaako-tiktok-nuoret-ja-journalismin-tutkimusnakokulmia-tiktokin-kayttoon\/\">Pilaako TikTok nuoret ja journalismin? Tutkimusn\u00e4k\u00f6kulmia TikTokin k\u00e4ytt\u00f6\u00f6n<\/a>. Yleis\u00f6seminaari. Museo Merkki, Helsinki.<\/p>\n<p>9.2.2024 Sihvonen &amp; Ask: Diversifying Audiovisual Layers. On the Memetics of Sound on TikTok. Esitelm\u00e4 <a href=\"https:\/\/sites.uwasa.fi\/vakki\/symposiumi-2024\/ohjelma\/\">2024 VAKKI Symposiumissa<\/a>.<\/p>\n<p>15.11.2023 Balancing between creativity and normativity \u2013 multimodal discourses of newsworthiness in experts\u2019 short-videos. Esitelm\u00e4 <a href=\"https:\/\/events.tuni.fi\/nordisco2023\/\">7. Nordic Interdisciplinary Conference on Discourse and Interaction&#8217;ssa<\/a> (NORDISCO).<\/p>\n<p>28.9.2023 Totuus TikTok-journalismista. Esitelm\u00e4 <a href=\"https:\/\/rajapinta.co\/meetup\/\">Rajapinta ry:n meetupissa<\/a><\/p>\n<p>16.6.2023 <a href=\"https:\/\/rajapinta.co\/2023\/06\/16\/kohti-dopamiinidemokratiaa-journalismi-tiktokissa\/\">Kohti dopamiinidemokratiaa? Journalismi Tiktokissa<\/a><\/p>\n<p>31.5.2023 Saloj\u00e4rvi: Julkinen luento TikTokista Helsingin yliopistolla<\/p>\n<p>10.2.2023 Sihvonen &amp; Manninen: Some-journalismi Instagramissa ja TikTokissa: #Uutiset @ylekioskista @rareonkovaan. Esitelm\u00e4 2023 VAKKI Symposiumissa.<\/p>\n<p>9.2.2023 Sihvonen &amp; Manninen: TikTok and the Problem of (Meta)Data. Esitelm\u00e4 2023 VAKKI Symposiumissa.<\/p>\n<h4><\/h4>\n<p>&nbsp;<\/p>\n<h4 style=\"text-align: left\">Median\u00e4kyvyys<\/h4>\n<p>28.8.2024 Tiktokia tutkinut <a href=\"https:\/\/yle.fi\/a\/74-20106965\">professori tyrm\u00e4\u00e4 ajatuksen<\/a> sovelluksen kielt\u00e4misest\u00e4 \u2013 \u201dKertoo vierauden pelosta\u201d<\/p>\n<ul id=\"header-2023-drawer-sitemenu\" class=\"bqq79o6 bqq79o0\"><\/ul>\n<p>26.8.2024 <a href=\"https:\/\/areena.yle.fi\/1-71678439\">TikTok Suomessa<\/a>. Tanja Sihvonen Ylell\u00e4<\/p>\n<p>17.2.2024 <a href=\"https:\/\/ilkkapohjalainen.fi\/uutiset\/tiktok-muuttaa-journalismia-mutta-nuoria-se-ei-ole-pilannut-tuore-vaasan-yliopiston-tutkimus-esitt%C3%A4%C3%A4\">Tiktok muuttaa journalismia, mutta nuoria se ei ole pilannut, tuore Vaasan yliopiston tutkimus esitt\u00e4\u00e4<\/a><\/p>\n<p>16.2.2024 <a href=\"https:\/\/pomedia.fi\/2024\/02\/16\/tiktokin-turvallisuus-ja-nuorten-mediakriittisyys-puhuttivat-vaasan-yliopiston-tiktok-hankkeen-paatosseminaarissa\/\">Tiktokin turvallisuus ja nuorten mediakriittisyys puhuttivat Vaasan yliopiston Tiktok-hankkeen p\u00e4\u00e4t\u00f6sseminaarissa<\/a><\/p>\n<p>18.10.2023 Miten TikTok k\u00e4ytt\u00e4\u00e4 valtaa musa-alalla? (Saatavilla <a href=\"https:\/\/areena.yle.fi\/1-66986521\">Yle Areenassa<\/a> ja <a href=\"https:\/\/www.youtube.com\/watch?v=oTNA80Kgzgw\">YouTubessa<\/a>)<\/p>\n<p>5.10.2022 <a href=\"https:\/\/www.uwasa.fi\/fi\/uutishuone\/artikkelit\/aikaa-60-sekuntia-kuinka-lyhytvideot-toimivat-uutismediana\">Aikaa 60 sekuntia &#8211; kuinka lyhytvideot toimivat uutismediana?<\/a><\/p>\n<h4><\/h4>\n","protected":false},"excerpt":{"rendered":"<p>&nbsp; Julkaisut ja esitelm\u00e4t 17.8.2024 Venezuelan kansa k\u00e4\u00e4nsi somen \u201dTiktok-kuningas\u201d Maduroa vastaan. Virpi Saloj\u00e4rvi. Kirjoitus Politiikasta.fi sivustolla. 27.3.2024 TikTok-journalismi Suomessa Sihvonen &amp; Manninen, Media &amp; Viestint\u00e4, 47(1). 16.2.2024 Pilaako TikTok nuoret ja journalismin? Tutkimusn\u00e4k\u00f6kulmia TikTokin k\u00e4ytt\u00f6\u00f6n. Yleis\u00f6seminaari. Museo Merkki, Helsinki. 9.2.2024 Sihvonen &amp; Ask: Diversifying Audiovisual Layers. On the Memetics of Sound on TikTok. Esitelm\u00e4 [&hellip;]<\/p>\n","protected":false},"author":30,"featured_media":60,"parent":0,"menu_order":0,"comment_status":"closed","ping_status":"closed","template":"","meta":{"_acf_changed":false,"footnotes":""},"class_list":["post-13","page","type-page","status-publish","has-post-thumbnail","hentry"],"acf":[],"lang":"fi","translations":{"fi":13,"en":105},"pll_sync_post":[],"_links":{"self":[{"href":"https:\/\/sites.uwasa.fi\/lyhytvideot\/wp-json\/wp\/v2\/pages\/13"}],"collection":[{"href":"https:\/\/sites.uwasa.fi\/lyhytvideot\/wp-json\/wp\/v2\/pages"}],"about":[{"href":"https:\/\/sites.uwasa.fi\/lyhytvideot\/wp-json\/wp\/v2\/types\/page"}],"author":[{"embeddable":true,"href":"https:\/\/sites.uwasa.fi\/lyhytvideot\/wp-json\/wp\/v2\/users\/30"}],"replies":[{"embeddable":true,"href":"https:\/\/sites.uwasa.fi\/lyhytvideot\/wp-json\/wp\/v2\/comments?post=13"}],"version-history":[{"count":42,"href":"https:\/\/sites.uwasa.fi\/lyhytvideot\/wp-json\/wp\/v2\/pages\/13\/revisions"}],"predecessor-version":[{"id":252,"href":"https:\/\/sites.uwasa.fi\/lyhytvideot\/wp-json\/wp\/v2\/pages\/13\/revisions\/252"}],"wp:featuredmedia":[{"embeddable":true,"href":"https:\/\/sites.uwasa.fi\/lyhytvideot\/wp-json\/wp\/v2\/media\/60"}],"wp:attachment":[{"href":"https:\/\/sites.uwasa.fi\/lyhytvideot\/wp-json\/wp\/v2\/media?parent=13"}],"curies":[{"name":"wp","href":"https:\/\/api.w.org\/{rel}","templated":true}]}}