{"id":11,"date":"2022-09-09T02:25:03","date_gmt":"2022-09-08T23:25:03","guid":{"rendered":"https:\/\/sites.uwasa.fi\/lyhytvideot\/?page_id=11"},"modified":"2022-09-21T17:30:22","modified_gmt":"2022-09-21T14:30:22","slug":"hanke","status":"publish","type":"page","link":"https:\/\/sites.uwasa.fi\/lyhytvideot\/hanke\/","title":{"rendered":"Hanke"},"content":{"rendered":"<h3 style=\"text-align: left\">Lyhyesti<\/h3>\n<p style=\"text-align: left\"><span style=\"font-weight: 400\">Hankkeen tavoite on selvitt\u00e4\u00e4, mik\u00e4 tekee lyhytvideoista erityisesti journalistisessa kontekstissa kiinnostavia ja vakuuttavia. Aihetta tutkitaan nuorten suomalaisaikuisten n\u00e4k\u00f6kulmasta ja eri videonjakosovelluksissa. Nuoret ovat lyhytvideoiden ahkeria k\u00e4ytt\u00e4ji\u00e4, mutta niiden k\u00e4ytt\u00f6 uutisl\u00e4hteen\u00e4 on yh\u00e4 v\u00e4h\u00e4ist\u00e4. Journalististen lyhytvideoiden tarjonta kuitenkin lis\u00e4\u00e4ntyy, ja my\u00f6s perinteiset mediatoimijat kuten BBC, <\/span><i><span style=\"font-weight: 400\">Washington Post<\/span><\/i><span style=\"font-weight: 400\">, Yle ja <\/span><i><span style=\"font-weight: 400\">Helsingin Sanomat<\/span><\/i><span style=\"font-weight: 400\"> ovat alkaneet hy\u00f6dynt\u00e4\u00e4 formaattia.<\/span><\/p>\n<p style=\"text-align: left\">Hanke on saanut <a href=\"https:\/\/www.hssaatio.fi\/apurahat\/lyhytvideot-nuorten-uutislahteena\/\">145 000 euron rahoituksen<\/a> Helsingin Sanomain S\u00e4\u00e4ti\u00f6lt\u00e4. Viestint\u00e4tieteiden tutkimusryhm\u00e4ss\u00e4 toteutettava hanke on alkanut elokuussa 2022 ja jatkuu tammikuuhun 2024. Vastuullinen johtaja on professori Tanja Sihvonen, jonka lis\u00e4ksi hankkeessa on mukana nelj\u00e4 tutkijaa.<\/p>\n<h3 style=\"text-align: left\">Mit\u00e4 hankkeessa tutkitaan?<\/h3>\n<p style=\"text-align: left\"><span style=\"font-weight: 400\">T\u00e4ss\u00e4 tutkimushankkeessa keskityt\u00e4\u00e4n lyhytvideoihin uutisellisen ja journalistisen sis\u00e4ll\u00f6n v\u00e4litt\u00e4misen ja kuluttamisen n\u00e4k\u00f6kulmista. Lyhytvideo on mediaformaatti, jolla on pitk\u00e4 historia televisiomainosten, sketsiviihteen, tietoiskujen ja uutisinserttien v\u00e4litt\u00e4j\u00e4n\u00e4, mutta jonka varsinainen kukoistuskausi on vasta alkamassa erilaisissa sosiaalisen median ymp\u00e4rist\u00f6iss\u00e4. <\/span><span style=\"font-weight: 400\">Etenkin lyhyen formaatin videot, jotka soveltuvat nopeatempoiseen sosiaalisen median selailuun, ovat lis\u00e4nneet suosiotaan.<\/span><\/p>\n<p style=\"text-align: left\"><span style=\"font-weight: 400\">Lyhytvideot vetoavat nuoriin yleis\u00f6ryhmiin, jotka k\u00e4ytt\u00e4v\u00e4t runsaasti sosiaalisen median palveluja mobiililaitteilla. <\/span><span style=\"font-weight: 400\">Esimerkiksi lyhytvideoihin keskittyv\u00e4n TikTok-sovelluksen k\u00e4ytt\u00e4j\u00e4m\u00e4\u00e4r\u00e4 on noussut nopeasti. <\/span><span style=\"font-weight: 400\">Videosis\u00e4lt\u00f6jen merkityksen odotetaan entisest\u00e4\u00e4<\/span><span style=\"font-weight: 400\">n<\/span><span style=\"font-weight: 400\"> kasvavan<\/span><span style=\"font-weight: 400\">, ja siten niiden rooli my\u00f6s journalismin, ajankohtaisten keskustelujen ja markkinoinnin v\u00e4lineen\u00e4 vahvistuu.<\/span><\/p>\n<p style=\"text-align: left\"><span style=\"font-weight: 400\">Vaikka nuoret ovat ahkeria sosiaalisen median ja \u00e4lypuhelinten k\u00e4ytt\u00e4ji\u00e4, he kuluttavat m\u00e4\u00e4r\u00e4llisesti v\u00e4hemm\u00e4n uutisvideoita kuin vanhemmat yleis\u00f6t. Kyse ei kuitenkaan ole siit\u00e4, ett\u00e4 nuoret olisivat t\u00e4ysin v\u00e4linpit\u00e4m\u00e4tt\u00f6mi\u00e4 lyhytvideomuotoista journalismia kohtaan. T\u00e4m\u00e4n hankkeen tavoitteena on ymm\u00e4rt\u00e4\u00e4, millaiset tarjolla olevat journalistiset lyhytvideosis\u00e4ll\u00f6t kiinnostavat ja ovat uskottavia nuorten keskuudessa.<\/span><\/p>\n","protected":false},"excerpt":{"rendered":"<p>Lyhyesti Hankkeen tavoite on selvitt\u00e4\u00e4, mik\u00e4 tekee lyhytvideoista erityisesti journalistisessa kontekstissa kiinnostavia ja vakuuttavia. Aihetta tutkitaan nuorten suomalaisaikuisten n\u00e4k\u00f6kulmasta ja eri videonjakosovelluksissa. Nuoret ovat lyhytvideoiden ahkeria k\u00e4ytt\u00e4ji\u00e4, mutta niiden k\u00e4ytt\u00f6 uutisl\u00e4hteen\u00e4 on yh\u00e4 v\u00e4h\u00e4ist\u00e4. Journalististen lyhytvideoiden tarjonta kuitenkin lis\u00e4\u00e4ntyy, ja my\u00f6s perinteiset mediatoimijat kuten BBC, Washington Post, Yle ja Helsingin Sanomat ovat alkaneet hy\u00f6dynt\u00e4\u00e4 formaattia. [&hellip;]<\/p>\n","protected":false},"author":30,"featured_media":42,"parent":0,"menu_order":0,"comment_status":"closed","ping_status":"closed","template":"","meta":{"_acf_changed":false,"footnotes":""},"class_list":["post-11","page","type-page","status-publish","has-post-thumbnail","hentry"],"acf":[],"lang":"fi","translations":{"fi":11,"en":102},"pll_sync_post":[],"_links":{"self":[{"href":"https:\/\/sites.uwasa.fi\/lyhytvideot\/wp-json\/wp\/v2\/pages\/11"}],"collection":[{"href":"https:\/\/sites.uwasa.fi\/lyhytvideot\/wp-json\/wp\/v2\/pages"}],"about":[{"href":"https:\/\/sites.uwasa.fi\/lyhytvideot\/wp-json\/wp\/v2\/types\/page"}],"author":[{"embeddable":true,"href":"https:\/\/sites.uwasa.fi\/lyhytvideot\/wp-json\/wp\/v2\/users\/30"}],"replies":[{"embeddable":true,"href":"https:\/\/sites.uwasa.fi\/lyhytvideot\/wp-json\/wp\/v2\/comments?post=11"}],"version-history":[{"count":17,"href":"https:\/\/sites.uwasa.fi\/lyhytvideot\/wp-json\/wp\/v2\/pages\/11\/revisions"}],"predecessor-version":[{"id":151,"href":"https:\/\/sites.uwasa.fi\/lyhytvideot\/wp-json\/wp\/v2\/pages\/11\/revisions\/151"}],"wp:featuredmedia":[{"embeddable":true,"href":"https:\/\/sites.uwasa.fi\/lyhytvideot\/wp-json\/wp\/v2\/media\/42"}],"wp:attachment":[{"href":"https:\/\/sites.uwasa.fi\/lyhytvideot\/wp-json\/wp\/v2\/media?parent=11"}],"curies":[{"name":"wp","href":"https:\/\/api.w.org\/{rel}","templated":true}]}}