{"id":107,"date":"2022-09-19T18:19:00","date_gmt":"2022-09-19T15:19:00","guid":{"rendered":"https:\/\/sites.uwasa.fi\/lyhytvideot\/?page_id=107"},"modified":"2023-10-04T10:38:29","modified_gmt":"2023-10-04T07:38:29","slug":"our-team","status":"publish","type":"page","link":"https:\/\/sites.uwasa.fi\/lyhytvideot\/en\/our-team\/","title":{"rendered":"Our team"},"content":{"rendered":"<p style=\"text-align: left\"><img loading=\"lazy\" decoding=\"async\" class=\"alignleft wp-image-8 size-thumbnail\" src=\"https:\/\/sites.uwasa.fi\/lyhytvideot\/wp-content\/blogs.dir\/4\/files\/sites\/164\/2022\/09\/sihvonen-tanja-e1663598050985-150x150.jpg\" alt=\"Kuva professori Tanja Sihvosesta\" width=\"150\" height=\"150\" srcset=\"https:\/\/sites.uwasa.fi\/lyhytvideot\/wp-content\/blogs.dir\/4\/files\/sites\/164\/2022\/09\/sihvonen-tanja-e1663598050985-150x150.jpg 150w, https:\/\/sites.uwasa.fi\/lyhytvideot\/wp-content\/blogs.dir\/4\/files\/sites\/164\/2022\/09\/sihvonen-tanja-e1663598050985-300x300.jpg 300w, https:\/\/sites.uwasa.fi\/lyhytvideot\/wp-content\/blogs.dir\/4\/files\/sites\/164\/2022\/09\/sihvonen-tanja-e1663598050985-1024x1024.jpg 1024w, https:\/\/sites.uwasa.fi\/lyhytvideot\/wp-content\/blogs.dir\/4\/files\/sites\/164\/2022\/09\/sihvonen-tanja-e1663598050985-768x768.jpg 768w, https:\/\/sites.uwasa.fi\/lyhytvideot\/wp-content\/blogs.dir\/4\/files\/sites\/164\/2022\/09\/sihvonen-tanja-e1663598050985-1536x1536.jpg 1536w, https:\/\/sites.uwasa.fi\/lyhytvideot\/wp-content\/blogs.dir\/4\/files\/sites\/164\/2022\/09\/sihvonen-tanja-e1663598050985.jpg 1638w\" sizes=\"(max-width: 150px) 100vw, 150px\" \/><strong>Professor Tanja Sihvonen<\/strong> is the project&#8217;s Principal Investigator. She is a Professor in Communication Studies and a media research specialized in digital cultures, media technologies and games.<span style=\"font-weight: 400\"> Tanja defended her thesis in Media Studies on the subject of modding computer games. Recently her work has focused on, among others, bots, digital journalism and communicative challenges posed by a hybrid media environment. What especially inspires her in the current project is the opportunity to learn more about audiovisual expression and aesthetics on video sharing platforms.<\/span><\/p>\n<p style=\"text-align: left\">Contact: firstname.lastname(at)uwasa.fi<\/p>\n<p>&nbsp;<\/p>\n<p>&nbsp;<\/p>\n<p><img loading=\"lazy\" decoding=\"async\" class=\"alignleft wp-image-70 size-thumbnail\" src=\"https:\/\/sites.uwasa.fi\/lyhytvideot\/wp-content\/blogs.dir\/4\/files\/sites\/164\/2022\/09\/20210330-124147-150x150.jpg\" alt=\"\" width=\"150\" height=\"150\" srcset=\"https:\/\/sites.uwasa.fi\/lyhytvideot\/wp-content\/blogs.dir\/4\/files\/sites\/164\/2022\/09\/20210330-124147-150x150.jpg 150w, https:\/\/sites.uwasa.fi\/lyhytvideot\/wp-content\/blogs.dir\/4\/files\/sites\/164\/2022\/09\/20210330-124147-1024x1024.jpg 1024w\" sizes=\"(max-width: 150px) 100vw, 150px\" \/><\/p>\n<p style=\"text-align: left\"><b>PhD, Researcher Liisa K\u00e4\u00e4nt\u00e4<\/b> is a jack-of-all-trades in the study of digital society, interested in various phenomena in work-life and media. Her thesis is from Finnish language studies, with a focus on peer-to-peer interaction in institutional online conversations. Currently Liisa studies, among other things, mediation through video in vocational contexts and media discourses revolving around climate-smart living. She is fascinated by the format of short-form video in a modern, hybrid media environment, and the ways different types of consumer-producers use the format.<\/p>\n<p style=\"text-align: left\">Contact: firstname.lastname(at)uwasa.fi<\/p>\n<p>&nbsp;<\/p>\n<p>&nbsp;<\/p>\n<p style=\"text-align: left\"><strong><img loading=\"lazy\" decoding=\"async\" class=\"wp-image-76 alignleft\" src=\"https:\/\/sites.uwasa.fi\/lyhytvideot\/wp-content\/blogs.dir\/4\/files\/sites\/164\/2022\/09\/vmannine-300x300.png\" alt=\"Kuva tutkija Ville Mannisesta\" width=\"150\" height=\"150\" srcset=\"https:\/\/sites.uwasa.fi\/lyhytvideot\/wp-content\/blogs.dir\/4\/files\/sites\/164\/2022\/09\/vmannine-300x300.png 300w, https:\/\/sites.uwasa.fi\/lyhytvideot\/wp-content\/blogs.dir\/4\/files\/sites\/164\/2022\/09\/vmannine-150x150.png 150w, https:\/\/sites.uwasa.fi\/lyhytvideot\/wp-content\/blogs.dir\/4\/files\/sites\/164\/2022\/09\/vmannine.png 432w\" sizes=\"(max-width: 150px) 100vw, 150px\" \/><\/strong><\/p>\n<p style=\"text-align: left\"><strong>PhD, Researcher<\/strong> <b>Ville Manninen<\/b><span style=\"font-weight: 400\"> defended his thesis in Journalism Studies,\u00a0 having studied young adult Finns&#8217; trust towards online journalism. He has also studied media pluralism and technological innovations in journalistic work. The current project interests Ville especially in terms of what opportunities &#8211; and challenges -short-form video presents to so-called &#8221;traditional journalism&#8221;.<\/span><\/p>\n<p style=\"text-align: left\">Contact: firstname.lastname(at)uwasa.fi<\/p>\n<p>&nbsp;<\/p>\n<p>&nbsp;<\/p>\n<p>&nbsp;<\/p>\n<p style=\"text-align: left\"><img loading=\"lazy\" decoding=\"async\" class=\"alignleft wp-image-117 size-thumbnail\" src=\"https:\/\/sites.uwasa.fi\/lyhytvideot\/wp-content\/blogs.dir\/4\/files\/sites\/164\/2022\/09\/virpis-e1663738254197-150x150.jpg\" alt=\"\" width=\"150\" height=\"150\" srcset=\"https:\/\/sites.uwasa.fi\/lyhytvideot\/wp-content\/blogs.dir\/4\/files\/sites\/164\/2022\/09\/virpis-e1663738254197-150x150.jpg 150w, https:\/\/sites.uwasa.fi\/lyhytvideot\/wp-content\/blogs.dir\/4\/files\/sites\/164\/2022\/09\/virpis-e1663738254197-300x300.jpg 300w, https:\/\/sites.uwasa.fi\/lyhytvideot\/wp-content\/blogs.dir\/4\/files\/sites\/164\/2022\/09\/virpis-e1663738254197-768x768.jpg 768w, https:\/\/sites.uwasa.fi\/lyhytvideot\/wp-content\/blogs.dir\/4\/files\/sites\/164\/2022\/09\/virpis-e1663738254197.jpg 800w\" sizes=\"(max-width: 150px) 100vw, 150px\" \/><strong>PhD, Researcher<\/strong> <b>Virpi Saloj\u00e4rvi<\/b> studies shifts in political communication, journalism and social media. Her thesis pertained to the role of traditional media in populist conflict. Most recently she took part in a EU-wide project studying how information changes and is reshaped on social media, and in that project Virpi also took part in developing new (audio-)visual research methods. In the current project, Virpi is particularly interested in the visuality of different social media platforms and emotions as part of journalism.<\/p>\n<p style=\"text-align: left\">Contact: firstname.lastname(at)uwasa.fi<\/p>\n<p>&nbsp;<\/p>\n<p>&nbsp;<\/p>\n<p style=\"text-align: left\"><strong><img loading=\"lazy\" decoding=\"async\" class=\"size-thumbnail wp-image-154 alignleft\" src=\"https:\/\/sites.uwasa.fi\/lyhytvideot\/wp-content\/blogs.dir\/4\/files\/sites\/164\/2022\/09\/waaramaa-teija-e1663852047350-150x150.jpg\" alt=\"Kuva yliopistonlehtori Teija Waaramaasta.\" width=\"150\" height=\"150\" srcset=\"https:\/\/sites.uwasa.fi\/lyhytvideot\/wp-content\/blogs.dir\/4\/files\/sites\/164\/2022\/09\/waaramaa-teija-e1663852047350-150x150.jpg 150w, https:\/\/sites.uwasa.fi\/lyhytvideot\/wp-content\/blogs.dir\/4\/files\/sites\/164\/2022\/09\/waaramaa-teija-e1663852047350-300x300.jpg 300w, https:\/\/sites.uwasa.fi\/lyhytvideot\/wp-content\/blogs.dir\/4\/files\/sites\/164\/2022\/09\/waaramaa-teija-e1663852047350-1024x1024.jpg 1024w, https:\/\/sites.uwasa.fi\/lyhytvideot\/wp-content\/blogs.dir\/4\/files\/sites\/164\/2022\/09\/waaramaa-teija-e1663852047350-768x768.jpg 768w, https:\/\/sites.uwasa.fi\/lyhytvideot\/wp-content\/blogs.dir\/4\/files\/sites\/164\/2022\/09\/waaramaa-teija-e1663852047350-1536x1536.jpg 1536w, https:\/\/sites.uwasa.fi\/lyhytvideot\/wp-content\/blogs.dir\/4\/files\/sites\/164\/2022\/09\/waaramaa-teija-e1663852047350.jpg 1638w\" sizes=\"(max-width: 150px) 100vw, 150px\" \/>PhD, Senior Lecturer<\/strong> <b>Teija Waaramaa<\/b><span style=\"font-weight: 400\"> is a researcher of speech, voice, emotion, interaction and the cultural variations thereof. She completed her thesis on emotion in spoken language. Teija has the title of Docent with a specialization on vocology and non-verbal communication. She has studied internationally the reception of emotion from acoustic signals, voice, and the reception of personality between native speakers and non-native speakers. Teija has also studied the work of Finnish news anchors.<\/span><\/p>\n<p style=\"text-align: left\">Contact: firstname.lastname(at)uwasa.fi<\/p>\n<p>&nbsp;<\/p>\n<p>&nbsp;<\/p>\n<p><img loading=\"lazy\" decoding=\"async\" class=\"size-thumbnail wp-image-198 alignleft\" src=\"https:\/\/sites.uwasa.fi\/lyhytvideot\/wp-content\/blogs.dir\/4\/files\/sites\/164\/2023\/10\/nuppu-pelevina-valokuva-150x150.jpg\" alt=\"Valokuva tutkija Nuppu Pelevinasta.\" width=\"150\" height=\"150\" srcset=\"https:\/\/sites.uwasa.fi\/lyhytvideot\/wp-content\/blogs.dir\/4\/files\/sites\/164\/2023\/10\/nuppu-pelevina-valokuva-150x150.jpg 150w, https:\/\/sites.uwasa.fi\/lyhytvideot\/wp-content\/blogs.dir\/4\/files\/sites\/164\/2023\/10\/nuppu-pelevina-valokuva-909x900.jpg 909w\" sizes=\"(max-width: 150px) 100vw, 150px\" \/><strong>M.Soc.Sc. University Teacher Nuppu Pelevina<\/strong>\u00a0is preparing her doctoral thesis on political social media influencers and, especially, influencers&#8217; role in international politics. Pelevina is broadly interested in political communication on visually-oriented social media platforms, on which her research focuses on strategic narratives, propaganda and populism.<\/p>\n<p>Contact: nuppu-maija.lastname(at)uwasa.fi<\/p>\n","protected":false},"excerpt":{"rendered":"<p>Professor Tanja Sihvonen is the project&#8217;s Principal Investigator. She is a Professor in Communication Studies and a media research specialized in digital cultures, media technologies and games. Tanja defended her thesis in Media Studies on the subject of modding computer games. Recently her work has focused on, among others, bots, digital journalism and communicative challenges [&hellip;]<\/p>\n","protected":false},"author":83,"featured_media":0,"parent":0,"menu_order":0,"comment_status":"closed","ping_status":"closed","template":"","meta":{"_acf_changed":false,"footnotes":""},"class_list":["post-107","page","type-page","status-publish","hentry"],"acf":[],"lang":"en","translations":{"en":107,"fi":46},"pll_sync_post":[],"_links":{"self":[{"href":"https:\/\/sites.uwasa.fi\/lyhytvideot\/wp-json\/wp\/v2\/pages\/107"}],"collection":[{"href":"https:\/\/sites.uwasa.fi\/lyhytvideot\/wp-json\/wp\/v2\/pages"}],"about":[{"href":"https:\/\/sites.uwasa.fi\/lyhytvideot\/wp-json\/wp\/v2\/types\/page"}],"author":[{"embeddable":true,"href":"https:\/\/sites.uwasa.fi\/lyhytvideot\/wp-json\/wp\/v2\/users\/83"}],"replies":[{"embeddable":true,"href":"https:\/\/sites.uwasa.fi\/lyhytvideot\/wp-json\/wp\/v2\/comments?post=107"}],"version-history":[{"count":11,"href":"https:\/\/sites.uwasa.fi\/lyhytvideot\/wp-json\/wp\/v2\/pages\/107\/revisions"}],"predecessor-version":[{"id":208,"href":"https:\/\/sites.uwasa.fi\/lyhytvideot\/wp-json\/wp\/v2\/pages\/107\/revisions\/208"}],"wp:attachment":[{"href":"https:\/\/sites.uwasa.fi\/lyhytvideot\/wp-json\/wp\/v2\/media?parent=107"}],"curies":[{"name":"wp","href":"https:\/\/api.w.org\/{rel}","templated":true}]}}