{"id":105,"date":"2022-09-19T18:16:20","date_gmt":"2022-09-19T15:16:20","guid":{"rendered":"https:\/\/sites.uwasa.fi\/lyhytvideot\/?page_id=105"},"modified":"2024-02-20T13:16:19","modified_gmt":"2024-02-20T11:16:19","slug":"impact","status":"publish","type":"page","link":"https:\/\/sites.uwasa.fi\/lyhytvideot\/en\/impact\/","title":{"rendered":"Impact"},"content":{"rendered":"<p>&nbsp;<\/p>\n<h4 style=\"text-align: left\">Publications &amp; presentations<\/h4>\n<p>16.2.2024 <a href=\"https:\/\/merkkiin.fi\/tapahtumat\/seminaari-pilaako-tiktok-nuoret-ja-journalismin-tutkimusnakokulmia-tiktokin-kayttoon\/\">Pilaako TikTok nuoret ja journalismin? Tutkimusn\u00e4k\u00f6kulmia TikTokin k\u00e4ytt\u00f6\u00f6n<\/a> (&#8221;Is TikTok ruining both the youth and journalism? Research-based perspectives to TikTok&#8217;s uses&#8221;). Public seminar. At Museum Merkki, Helsinki.<\/p>\n<p>9.2.2024 Sihvonen &amp; Ask: Diversifying Audiovisual Layers. On the Memetics of Sound on TikTok. Presentation at the <a href=\"https:\/\/sites.uwasa.fi\/vakki\/en\/symposium-2024\/program\/\">44th annual VAKKI Symposium.<\/a><\/p>\n<p>15.11.2023 Balancing between creativity and normativity \u2013 multimodal discourses of newsworthiness in experts\u2019 short-videos. Presentation at the <a href=\"https:\/\/events.tuni.fi\/nordisco2023\/\">7th Nordic Interdisciplinary Conference on Discourse and Interaction<\/a>\u00a0(NORDISCO).<\/p>\n<p>28.9.2023 Totuus TikTok-journalismista (&#8221;The truth on TikTok journalism&#8221;). Presentation at <a href=\"https:\/\/rajapinta.co\/in-english\/\">Rajapinta<\/a> meetup.<\/p>\n<p>16.6.2023 <a href=\"https:\/\/rajapinta.co\/2023\/06\/16\/kohti-dopamiinidemokratiaa-journalismi-tiktokissa\/\">Kohti dopamiinidemokratiaa? Journalismi Tiktokissa<\/a> (&#8221;Towards dopamine democracy? Journalism on TikTok&#8221;).<\/p>\n<p>31.5.2023 Saloj\u00e4rvi: Public lecture on TikTok given at Helsinki University.<\/p>\n<p>10.2.2023 Sihvonen &amp; Manninen: Some-journalismi Instagramissa ja TikTokissa: #Uutiset @ylekioskista @rareonkovaan (&#8221;Social media journalism on Instagram and TikTok: #News from @ylekioski to @rareonkova&#8221;. Presentation at the 43rd annual VAKKI Symposium.<\/p>\n<p>9.2.2023 Sihvonen &amp; Manninen: TikTok and the Problem of (Meta)Data. Presentation at the 43rd annual VAKKI Symposium.<\/p>\n<h4><\/h4>\n<p>&nbsp;<\/p>\n<h4 style=\"text-align: left\">In media<\/h4>\n<p>17.2.2024 <a href=\"https:\/\/ilkkapohjalainen.fi\/uutiset\/tiktok-muuttaa-journalismia-mutta-nuoria-se-ei-ole-pilannut-tuore-vaasan-yliopiston-tutkimus-esitt%C3%A4%C3%A4\">Tiktok muuttaa journalismia, mutta nuoria se ei ole pilannut, tuore Vaasan yliopiston tutkimus esitt\u00e4\u00e4<\/a> (&#8221;TikTok changes journalism, but the kids are alright, new University of Vaasa study says&#8221;)<\/p>\n<p>16.2.2024 <a href=\"https:\/\/pomedia.fi\/2024\/02\/16\/tiktokin-turvallisuus-ja-nuorten-mediakriittisyys-puhuttivat-vaasan-yliopiston-tiktok-hankkeen-paatosseminaarissa\/\">Tiktokin turvallisuus ja nuorten mediakriittisyys puhuttivat Vaasan yliopiston Tiktok-hankkeen p\u00e4\u00e4t\u00f6sseminaarissa<\/a> (&#8221;Concerns over TikTok&#8217;s safety and youth&#8217;s media literacy discussed at concluding seminar of University of Vaasa&#8217;s TikTok-project&#8221;)<\/p>\n<p>18.10.2023 Miten TikTok k\u00e4ytt\u00e4\u00e4 valtaa musa-alalla? (&#8221;How does TikTok exert power over the music business?&#8221; (Available on <a href=\"https:\/\/areena.yle.fi\/1-66986521\">Yle Areena<\/a> and <a href=\"https:\/\/www.youtube.com\/watch?v=oTNA80Kgzgw\">YouTube<\/a>)<\/p>\n<p>5.10.2022 <a href=\"https:\/\/www.uwasa.fi\/fi\/uutishuone\/artikkelit\/aikaa-60-sekuntia-kuinka-lyhytvideot-toimivat-uutismediana\">Aikaa 60 sekuntia &#8211; kuinka lyhytvideot toimivat uutismediana?<\/a> (&#8221;60 seconds of time &#8211; how does short-form video function as a news medium?&#8221;)<\/p>\n<h4><\/h4>\n","protected":false},"excerpt":{"rendered":"<p>&nbsp; Publications &amp; presentations 16.2.2024 Pilaako TikTok nuoret ja journalismin? Tutkimusn\u00e4k\u00f6kulmia TikTokin k\u00e4ytt\u00f6\u00f6n (&#8221;Is TikTok ruining both the youth and journalism? Research-based perspectives to TikTok&#8217;s uses&#8221;). Public seminar. At Museum Merkki, Helsinki. 9.2.2024 Sihvonen &amp; Ask: Diversifying Audiovisual Layers. On the Memetics of Sound on TikTok. Presentation at the 44th annual VAKKI Symposium. 15.11.2023 Balancing [&hellip;]<\/p>\n","protected":false},"author":83,"featured_media":60,"parent":0,"menu_order":0,"comment_status":"closed","ping_status":"closed","template":"","meta":{"_acf_changed":false,"footnotes":""},"class_list":["post-105","page","type-page","status-publish","has-post-thumbnail","hentry"],"acf":[],"lang":"en","translations":{"en":105,"fi":13},"pll_sync_post":[],"_links":{"self":[{"href":"https:\/\/sites.uwasa.fi\/lyhytvideot\/wp-json\/wp\/v2\/pages\/105"}],"collection":[{"href":"https:\/\/sites.uwasa.fi\/lyhytvideot\/wp-json\/wp\/v2\/pages"}],"about":[{"href":"https:\/\/sites.uwasa.fi\/lyhytvideot\/wp-json\/wp\/v2\/types\/page"}],"author":[{"embeddable":true,"href":"https:\/\/sites.uwasa.fi\/lyhytvideot\/wp-json\/wp\/v2\/users\/83"}],"replies":[{"embeddable":true,"href":"https:\/\/sites.uwasa.fi\/lyhytvideot\/wp-json\/wp\/v2\/comments?post=105"}],"version-history":[{"count":26,"href":"https:\/\/sites.uwasa.fi\/lyhytvideot\/wp-json\/wp\/v2\/pages\/105\/revisions"}],"predecessor-version":[{"id":243,"href":"https:\/\/sites.uwasa.fi\/lyhytvideot\/wp-json\/wp\/v2\/pages\/105\/revisions\/243"}],"wp:featuredmedia":[{"embeddable":true,"href":"https:\/\/sites.uwasa.fi\/lyhytvideot\/wp-json\/wp\/v2\/media\/60"}],"wp:attachment":[{"href":"https:\/\/sites.uwasa.fi\/lyhytvideot\/wp-json\/wp\/v2\/media?parent=105"}],"curies":[{"name":"wp","href":"https:\/\/api.w.org\/{rel}","templated":true}]}}