{"id":8,"date":"2020-03-27T08:32:48","date_gmt":"2020-03-27T06:32:48","guid":{"rendered":"https:\/\/sites.uwasa.fi\/linkki\/?page_id=8"},"modified":"2022-11-18T12:39:20","modified_gmt":"2022-11-18T10:39:20","slug":"8-2","status":"publish","type":"page","link":"https:\/\/sites.uwasa.fi\/linkki\/linkki-vaasan-yliopiston-akavalaiset-asiantuntijat-ry\/8-2\/","title":{"rendered":"Yhdistyksen s\u00e4\u00e4nn\u00f6t ja rekisteriseloste"},"content":{"rendered":"<p><span style=\"font-size: 16px;\">Ty\u00f6paikkayhdistys Linkki \u2013 Vaasan yliopiston akavalaiset asiantuntijat perustettiin 3.11.1997. Yhdistyksen teht\u00e4v\u00e4n\u00e4 on edist\u00e4\u00e4 JUKOn ja paikallistason tiedonv\u00e4lityst\u00e4 sek\u00e4 harjoittaa paikallista edunvalvontaa tukevaa toimintaa JUKOn neuvottelukunnan tarkemmin m\u00e4\u00e4rittelem\u00e4ll\u00e4 tavalla.<\/span><\/p>\n<div id=\"extra\" class=\"right\">\n<div id=\"links\">\n<p>Yhdistys j\u00e4rjest\u00e4\u00e4 paikallisia tiedotus-, koulutus-, keskustelu- ja virkistystilaisuuksia j\u00e4senist\u00f6lle ja muita akavalaista yhteishenke\u00e4 luovia tilaisuuksia.<\/p>\n<p>Yhdistyksen j\u00e4senyyden voivat saada kaikki Vaasan yliopistossa ty\u00f6skentelev\u00e4t AKAVA:n j\u00e4senliittoon kuuluvat henkil\u00f6t.<\/p>\n<p>Yhdistyksen p\u00e4\u00e4t\u00f6svaltaa k\u00e4ytt\u00e4\u00e4 j\u00e4senten kokous, joka valitsee yhdistyksen asioita hoitavan hallituksen. Linkist\u00e4 tuli rekister\u00f6ity yhdistys vuoden 2011 lopulla. Virallinen nimi on t\u00e4st\u00e4 eteenp\u00e4in Linkki &#8211; Vaasan yliopiston akavalaiset asiantuntijat ry.<\/p>\n<p><a href=\"https:\/\/sites.uwasa.fi\/linkki\/linkki-vaasan-yliopiston-akavalaiset-asiantuntijat-ry\/8-2\/linkki_uudet_saannot_2011-2\/\" rel=\"attachment wp-att-38\">Yhdistyksen s\u00e4\u00e4nn\u00f6t<\/a><\/p>\n<p><a href=\"https:\/\/sites.uwasa.fi\/linkki\/linkki-vaasan-yliopiston-akavalaiset-asiantuntijat-ry\/8-2\/linkki_rekisteriseloste_0217-2\/\" rel=\"attachment wp-att-37\">Rekisteriseloste<\/a><\/p>\n<\/div>\n<\/div>\n","protected":false},"excerpt":{"rendered":"<p>Ty\u00f6paikkayhdistys Linkki \u2013 Vaasan yliopiston akavalaiset asiantuntijat perustettiin 3.11.1997. Yhdistyksen teht\u00e4v\u00e4n\u00e4 on edist\u00e4\u00e4 JUKOn ja paikallistason tiedonv\u00e4lityst\u00e4 sek\u00e4 harjoittaa paikallista edunvalvontaa tukevaa toimintaa JUKOn neuvottelukunnan tarkemmin m\u00e4\u00e4rittelem\u00e4ll\u00e4 tavalla. Yhdistys j\u00e4rjest\u00e4\u00e4 paikallisia tiedotus-, koulutus-, keskustelu- ja virkistystilaisuuksia j\u00e4senist\u00f6lle ja muita akavalaista yhteishenke\u00e4 luovia tilaisuuksia. Yhdistyksen j\u00e4senyyden voivat saada kaikki Vaasan yliopistossa ty\u00f6skentelev\u00e4t AKAVA:n j\u00e4senliittoon kuuluvat henkil\u00f6t. [&hellip;]<\/p>\n","protected":false},"author":60,"featured_media":0,"parent":5,"menu_order":0,"comment_status":"closed","ping_status":"closed","template":"","meta":{"_acf_changed":false,"footnotes":""},"class_list":["post-8","page","type-page","status-publish","hentry"],"acf":[],"lang":"fi","translations":{"fi":8},"pll_sync_post":[],"_links":{"self":[{"href":"https:\/\/sites.uwasa.fi\/linkki\/wp-json\/wp\/v2\/pages\/8"}],"collection":[{"href":"https:\/\/sites.uwasa.fi\/linkki\/wp-json\/wp\/v2\/pages"}],"about":[{"href":"https:\/\/sites.uwasa.fi\/linkki\/wp-json\/wp\/v2\/types\/page"}],"author":[{"embeddable":true,"href":"https:\/\/sites.uwasa.fi\/linkki\/wp-json\/wp\/v2\/users\/60"}],"replies":[{"embeddable":true,"href":"https:\/\/sites.uwasa.fi\/linkki\/wp-json\/wp\/v2\/comments?post=8"}],"version-history":[{"count":5,"href":"https:\/\/sites.uwasa.fi\/linkki\/wp-json\/wp\/v2\/pages\/8\/revisions"}],"predecessor-version":[{"id":67,"href":"https:\/\/sites.uwasa.fi\/linkki\/wp-json\/wp\/v2\/pages\/8\/revisions\/67"}],"up":[{"embeddable":true,"href":"https:\/\/sites.uwasa.fi\/linkki\/wp-json\/wp\/v2\/pages\/5"}],"wp:attachment":[{"href":"https:\/\/sites.uwasa.fi\/linkki\/wp-json\/wp\/v2\/media?parent=8"}],"curies":[{"name":"wp","href":"https:\/\/api.w.org\/{rel}","templated":true}]}}