{"id":72,"date":"2022-11-18T13:03:39","date_gmt":"2022-11-18T11:03:39","guid":{"rendered":"https:\/\/sites.uwasa.fi\/linkki\/?page_id=72"},"modified":"2026-02-03T10:48:54","modified_gmt":"2026-02-03T08:48:54","slug":"the-board-shop-stewards-and-other-positions-of-trust","status":"publish","type":"page","link":"https:\/\/sites.uwasa.fi\/linkki\/en\/linkki-university-of-vaasa-staff-association-for-akava-professional-and-managerial-staff\/the-board-shop-stewards-and-other-positions-of-trust\/","title":{"rendered":"The Board, Shop Stewards and Other Positions of Trust"},"content":{"rendered":"<h4><strong>Board members<\/strong><\/h4>\n<ul>\n<li>Chair Heidi Troberg, tel. 029 449 8259<\/li>\n<li>Vice-Chair Kati Kangasniemi, tel. 029 449 8154<\/li>\n<li>Member and Communications Responsible Laura Koivisto, tel. 029 449 8754<\/li>\n<li>Treasurer Joona Luhta, tel. 029 449 8345<\/li>\n<li>Secretary Sannakaisa Holmlund, tel. 029 449 8150<\/li>\n<\/ul>\n<h4>Vice-members<\/h4>\n<ul>\n<li>Leena Larimo, tel. 029 449 8165<\/li>\n<li><span class=\"ui-provider a b c d e f g h i j k l m n o p q r s t u v w x y z ab ac ae af ag ah ai aj ak\" dir=\"ltr\">Marjukka Isaksen, tel. 029 449 8458<\/span><\/li>\n<\/ul>\n<h2>Other Positions of Trust (translation in progress)<\/h2>\n<ul>\n<li>Shop steward: Sunna Vainiomaa, tel. 029 449 8173<\/li>\n<li>Vice shop steward: Kati Kangasniemi, tel. 029 449 8154<\/li>\n<li>YT-neuvottelukunta: Mia Smedlund, varaj\u00e4sen Sunna Vainiomaa<\/li>\n<li>MUHE-ryhm\u00e4: Sunna Vainiomaa, vice-member Marko Honko<\/li>\n<li>Occupational Safety and Health Committee: Kaisu Piirainen, vice-member Sannakaisa Holmlund\n<ul>\n<li>Tasa-arvo- ja yhdenvertaisuusty\u00f6ryhm\u00e4: Laura Koivisto<\/li>\n<li>Ty\u00f6suojelu- ja ty\u00f6turvallisuusty\u00f6ryhm\u00e4: Katja Laine<\/li>\n<li>Virkistystoimikunta: Kati Kangasniemi<\/li>\n<\/ul>\n<\/li>\n<li>The University Collegium:\n<ul>\n<li>Kaisu Piirainen, vice-chair<\/li>\n<li>Mia Smedlund<\/li>\n<li>Sunna Vainiomaa, deputy member<\/li>\n<li>Kaisu S\u00e4il\u00e4, deputy member<\/li>\n<\/ul>\n<\/li>\n<li>University Board: Marja Vettenranta<\/li>\n<li>Education Council: Kaisu Piirainen<\/li>\n<\/ul>\n","protected":false},"excerpt":{"rendered":"<p>Board members Chair Heidi Troberg, tel. 029 449 8259 Vice-Chair Kati Kangasniemi, tel. 029 449 8154 Member and Communications Responsible Laura Koivisto, tel. 029 449 8754 Treasurer Joona Luhta, tel. 029 449 8345 Secretary Sannakaisa Holmlund, tel. 029 449 8150 Vice-members Leena Larimo, tel. 029 449 8165 Marjukka Isaksen, tel. 029 449 8458 Other Positions [&hellip;]<\/p>\n","protected":false},"author":76,"featured_media":0,"parent":69,"menu_order":0,"comment_status":"closed","ping_status":"closed","template":"","meta":{"_acf_changed":false,"footnotes":""},"class_list":["post-72","page","type-page","status-publish","hentry"],"acf":[],"lang":"en","translations":{"en":72,"fi":14},"pll_sync_post":[],"_links":{"self":[{"href":"https:\/\/sites.uwasa.fi\/linkki\/wp-json\/wp\/v2\/pages\/72"}],"collection":[{"href":"https:\/\/sites.uwasa.fi\/linkki\/wp-json\/wp\/v2\/pages"}],"about":[{"href":"https:\/\/sites.uwasa.fi\/linkki\/wp-json\/wp\/v2\/types\/page"}],"author":[{"embeddable":true,"href":"https:\/\/sites.uwasa.fi\/linkki\/wp-json\/wp\/v2\/users\/76"}],"replies":[{"embeddable":true,"href":"https:\/\/sites.uwasa.fi\/linkki\/wp-json\/wp\/v2\/comments?post=72"}],"version-history":[{"count":15,"href":"https:\/\/sites.uwasa.fi\/linkki\/wp-json\/wp\/v2\/pages\/72\/revisions"}],"predecessor-version":[{"id":125,"href":"https:\/\/sites.uwasa.fi\/linkki\/wp-json\/wp\/v2\/pages\/72\/revisions\/125"}],"up":[{"embeddable":true,"href":"https:\/\/sites.uwasa.fi\/linkki\/wp-json\/wp\/v2\/pages\/69"}],"wp:attachment":[{"href":"https:\/\/sites.uwasa.fi\/linkki\/wp-json\/wp\/v2\/media?parent=72"}],"curies":[{"name":"wp","href":"https:\/\/api.w.org\/{rel}","templated":true}]}}