{"id":12,"date":"2020-03-27T08:34:09","date_gmt":"2020-03-27T06:34:09","guid":{"rendered":"https:\/\/sites.uwasa.fi\/linkki\/?page_id=12"},"modified":"2022-11-18T12:39:12","modified_gmt":"2022-11-18T10:39:12","slug":"tule-linkin-jaseneksi","status":"publish","type":"page","link":"https:\/\/sites.uwasa.fi\/linkki\/linkki-vaasan-yliopiston-akavalaiset-asiantuntijat-ry\/tule-linkin-jaseneksi\/","title":{"rendered":"Tule Linkin j\u00e4seneksi"},"content":{"rendered":"<p>Linkin j\u00e4senyytt\u00e4 voivat hakea AKAVAn j\u00e4senliittoon kuuluvat Vaasan yliopistossa ty\u00f6skentelev\u00e4t henkil\u00f6t.<\/p>\n<p>T\u00e4yt\u00e4 liittymislomake ja toimita se yhdistyksen\u00a0<a href=\"https:\/\/sites.uwasa.fi\/linkki\/linkki-vaasan-yliopiston-akavalaiset-asiantuntijat-ry\/luottamushenkilot\/\">hallituksen j\u00e4senelle<\/a>. Hallitus hyv\u00e4ksyy uudet\u00a0j\u00e4senet.<\/p>\n<p><strong>Tervetuloa mukaan toimintaamme, vaikuttamaan ja virkistym\u00e4\u00e4n!<\/strong><\/p>\n<p><a href=\"https:\/\/sites.uwasa.fi\/linkki\/linkki-vaasan-yliopiston-akavalaiset-asiantuntijat-ry\/8-2\/linkin_jaseneksi_lomake-1-3\/\" rel=\"attachment wp-att-39\">J\u00e4senhakemuslomake<\/a><\/p>\n","protected":false},"excerpt":{"rendered":"<p>Linkin j\u00e4senyytt\u00e4 voivat hakea AKAVAn j\u00e4senliittoon kuuluvat Vaasan yliopistossa ty\u00f6skentelev\u00e4t henkil\u00f6t. T\u00e4yt\u00e4 liittymislomake ja toimita se yhdistyksen\u00a0hallituksen j\u00e4senelle. Hallitus hyv\u00e4ksyy uudet\u00a0j\u00e4senet. Tervetuloa mukaan toimintaamme, vaikuttamaan ja virkistym\u00e4\u00e4n! J\u00e4senhakemuslomake<\/p>\n","protected":false},"author":60,"featured_media":0,"parent":5,"menu_order":0,"comment_status":"closed","ping_status":"closed","template":"","meta":{"_acf_changed":false,"footnotes":""},"class_list":["post-12","page","type-page","status-publish","hentry"],"acf":[],"lang":"fi","translations":{"fi":12,"en":78},"pll_sync_post":[],"_links":{"self":[{"href":"https:\/\/sites.uwasa.fi\/linkki\/wp-json\/wp\/v2\/pages\/12"}],"collection":[{"href":"https:\/\/sites.uwasa.fi\/linkki\/wp-json\/wp\/v2\/pages"}],"about":[{"href":"https:\/\/sites.uwasa.fi\/linkki\/wp-json\/wp\/v2\/types\/page"}],"author":[{"embeddable":true,"href":"https:\/\/sites.uwasa.fi\/linkki\/wp-json\/wp\/v2\/users\/60"}],"replies":[{"embeddable":true,"href":"https:\/\/sites.uwasa.fi\/linkki\/wp-json\/wp\/v2\/comments?post=12"}],"version-history":[{"count":4,"href":"https:\/\/sites.uwasa.fi\/linkki\/wp-json\/wp\/v2\/pages\/12\/revisions"}],"predecessor-version":[{"id":42,"href":"https:\/\/sites.uwasa.fi\/linkki\/wp-json\/wp\/v2\/pages\/12\/revisions\/42"}],"up":[{"embeddable":true,"href":"https:\/\/sites.uwasa.fi\/linkki\/wp-json\/wp\/v2\/pages\/5"}],"wp:attachment":[{"href":"https:\/\/sites.uwasa.fi\/linkki\/wp-json\/wp\/v2\/media?parent=12"}],"curies":[{"name":"wp","href":"https:\/\/api.w.org\/{rel}","templated":true}]}}