{"id":67,"date":"2021-06-17T10:31:16","date_gmt":"2021-06-17T07:31:16","guid":{"rendered":"https:\/\/sites.uwasa.fi\/lahioinno\/?page_id=67"},"modified":"2023-02-21T13:17:23","modified_gmt":"2023-02-21T11:17:23","slug":"blogi","status":"publish","type":"page","link":"https:\/\/sites.uwasa.fi\/lahioinno\/blogi\/","title":{"rendered":"Blogi"},"content":{"rendered":"<h2>Tervetuloa L\u00e4hi\u00f6-Innon blogiin!<\/h2>\n<h3>Julkaisemme t\u00e4\u00e4ll\u00e4 tutkimushankkeemme aikana esiin nousseita havaintoja ja puheenvuoroja, joiden tarkoitus on sek\u00e4 avata ty\u00f6skentelyprosessiamme ett\u00e4 tuoda n\u00e4kyv\u00e4ksi tutkimuksen ja ajattelun arkea hankkeessa, samoin kuin yhteisty\u00f6kumppaneidemme ajatuksia.<\/h3>\n","protected":false},"excerpt":{"rendered":"<p>Tervetuloa L\u00e4hi\u00f6-Innon blogiin! Julkaisemme t\u00e4\u00e4ll\u00e4 tutkimushankkeemme aikana esiin nousseita havaintoja ja puheenvuoroja, joiden tarkoitus on sek\u00e4 avata ty\u00f6skentelyprosessiamme ett\u00e4 tuoda n\u00e4kyv\u00e4ksi tutkimuksen ja ajattelun arkea hankkeessa, samoin kuin yhteisty\u00f6kumppaneidemme ajatuksia.<\/p>\n","protected":false},"author":135,"featured_media":0,"parent":0,"menu_order":0,"comment_status":"closed","ping_status":"closed","template":"","meta":{"_acf_changed":false,"footnotes":""},"class_list":["post-67","page","type-page","status-publish","hentry"],"acf":[],"_links":{"self":[{"href":"https:\/\/sites.uwasa.fi\/lahioinno\/wp-json\/wp\/v2\/pages\/67"}],"collection":[{"href":"https:\/\/sites.uwasa.fi\/lahioinno\/wp-json\/wp\/v2\/pages"}],"about":[{"href":"https:\/\/sites.uwasa.fi\/lahioinno\/wp-json\/wp\/v2\/types\/page"}],"author":[{"embeddable":true,"href":"https:\/\/sites.uwasa.fi\/lahioinno\/wp-json\/wp\/v2\/users\/135"}],"replies":[{"embeddable":true,"href":"https:\/\/sites.uwasa.fi\/lahioinno\/wp-json\/wp\/v2\/comments?post=67"}],"version-history":[{"count":16,"href":"https:\/\/sites.uwasa.fi\/lahioinno\/wp-json\/wp\/v2\/pages\/67\/revisions"}],"predecessor-version":[{"id":415,"href":"https:\/\/sites.uwasa.fi\/lahioinno\/wp-json\/wp\/v2\/pages\/67\/revisions\/415"}],"wp:attachment":[{"href":"https:\/\/sites.uwasa.fi\/lahioinno\/wp-json\/wp\/v2\/media?parent=67"}],"curies":[{"name":"wp","href":"https:\/\/api.w.org\/{rel}","templated":true}]}}