{"id":310,"date":"2022-04-20T09:47:09","date_gmt":"2022-04-20T06:47:09","guid":{"rendered":"https:\/\/sites.uwasa.fi\/lahioinno\/?page_id=310"},"modified":"2023-01-16T16:37:30","modified_gmt":"2023-01-16T14:37:30","slug":"tutkimus","status":"publish","type":"page","link":"https:\/\/sites.uwasa.fi\/lahioinno\/tutkimus\/","title":{"rendered":"Tutkimus"},"content":{"rendered":"<h4>Seuraa tutkimussivuamme: t\u00e4\u00e4lt\u00e4 k\u00e4tev\u00e4sti julkaisujamme sek\u00e4 muita keskeisi\u00e4 hankkeen tuloksia esittelevi\u00e4 aineistoja.<\/h4>\n<p>&nbsp;<\/p>\n<ul>\n<li>Toimenpidesuositukset &#8211; Tutkimus Ristinummen ja Olympiakorttelin kehitt\u00e4misest\u00e4 (PDF-tiedosto, 1,47 MB) &#8211;&gt; <a href=\"https:\/\/sites.uwasa.fi\/lahioinno\/wp-content\/blogs.dir\/4\/files\/sites\/113\/2023\/01\/report-2023-fi-netti.pdf\">report-2023-fi-netti.pdf<\/a><\/li>\n<li>Policy\u00f6versikten &#8211; Studie om utvecklingen av Korsn\u00e4st\u00e5get och Olympiakvarteret (PDF-fil, 1,46 MB) &#8211;&gt; <a href=\"https:\/\/sites.uwasa.fi\/lahioinno\/wp-content\/blogs.dir\/4\/files\/sites\/113\/2023\/01\/report-2023-sv-netti.pdf\">report 2023&#8211;sv-netti<\/a><\/li>\n<li>Policy brief &#8211; Research on the development of Ristinummi and the Olympic Quarter (PDF file, 1,5 MB) &#8211;&gt; <a href=\"https:\/\/sites.uwasa.fi\/lahioinno\/wp-content\/blogs.dir\/4\/files\/sites\/113\/2023\/01\/report-2023-en-netti.pdf\">report 2023&#8211;en-netti<\/a><\/li>\n<\/ul>\n","protected":false},"excerpt":{"rendered":"<p>Seuraa tutkimussivuamme: t\u00e4\u00e4lt\u00e4 k\u00e4tev\u00e4sti julkaisujamme sek\u00e4 muita keskeisi\u00e4 hankkeen tuloksia esittelevi\u00e4 aineistoja. &nbsp; Toimenpidesuositukset &#8211; Tutkimus Ristinummen ja Olympiakorttelin kehitt\u00e4misest\u00e4 (PDF-tiedosto, 1,47 MB) &#8211;&gt; report-2023-fi-netti.pdf Policy\u00f6versikten &#8211; Studie om utvecklingen av Korsn\u00e4st\u00e5get och Olympiakvarteret (PDF-fil, 1,46 MB) &#8211;&gt; report 2023&#8211;sv-netti Policy brief &#8211; Research on the development of Ristinummi and the Olympic Quarter (PDF file, [&hellip;]<\/p>\n","protected":false},"author":135,"featured_media":0,"parent":0,"menu_order":0,"comment_status":"closed","ping_status":"closed","template":"","meta":{"_acf_changed":false,"footnotes":""},"class_list":["post-310","page","type-page","status-publish","hentry"],"acf":[],"_links":{"self":[{"href":"https:\/\/sites.uwasa.fi\/lahioinno\/wp-json\/wp\/v2\/pages\/310"}],"collection":[{"href":"https:\/\/sites.uwasa.fi\/lahioinno\/wp-json\/wp\/v2\/pages"}],"about":[{"href":"https:\/\/sites.uwasa.fi\/lahioinno\/wp-json\/wp\/v2\/types\/page"}],"author":[{"embeddable":true,"href":"https:\/\/sites.uwasa.fi\/lahioinno\/wp-json\/wp\/v2\/users\/135"}],"replies":[{"embeddable":true,"href":"https:\/\/sites.uwasa.fi\/lahioinno\/wp-json\/wp\/v2\/comments?post=310"}],"version-history":[{"count":34,"href":"https:\/\/sites.uwasa.fi\/lahioinno\/wp-json\/wp\/v2\/pages\/310\/revisions"}],"predecessor-version":[{"id":409,"href":"https:\/\/sites.uwasa.fi\/lahioinno\/wp-json\/wp\/v2\/pages\/310\/revisions\/409"}],"wp:attachment":[{"href":"https:\/\/sites.uwasa.fi\/lahioinno\/wp-json\/wp\/v2\/media?parent=310"}],"curies":[{"name":"wp","href":"https:\/\/api.w.org\/{rel}","templated":true}]}}