{"id":213,"date":"2021-02-25T15:02:23","date_gmt":"2021-02-25T13:02:23","guid":{"rendered":"https:\/\/sites.uwasa.fi\/lahioinno\/?page_id=213"},"modified":"2022-04-19T12:15:47","modified_gmt":"2022-04-19T09:15:47","slug":"asuinalueet-2","status":"publish","type":"page","link":"https:\/\/sites.uwasa.fi\/lahioinno\/asuinalueet-2\/","title":{"rendered":"Asuinalueet"},"content":{"rendered":"<h2>Esittelemme t\u00e4ll\u00e4 sivulla toisen tutkimistamme asuinalueista. Lis\u00e4\u00e4 tietoa alueesta ja siihen liittyvist\u00e4 ilmi\u00f6ist\u00e4 ja teemoista l\u00f6yd\u00e4t blogistamme.<\/h2>\n<p><img loading=\"lazy\" decoding=\"async\" class=\"aligncenter wp-image-177 size-full\" src=\"https:\/\/sites.uwasa.fi\/lahioinno\/wp-content\/blogs.dir\/4\/files\/sites\/113\/2021\/02\/ristinummi.png\" alt=\"\" width=\"600\" height=\"433\" srcset=\"https:\/\/sites.uwasa.fi\/lahioinno\/wp-content\/blogs.dir\/4\/files\/sites\/113\/2021\/02\/ristinummi.png 600w, https:\/\/sites.uwasa.fi\/lahioinno\/wp-content\/blogs.dir\/4\/files\/sites\/113\/2021\/02\/ristinummi-300x217.png 300w\" sizes=\"(max-width: 600px) 100vw, 600px\" \/>Ristinummi sijaitsee noin 6 km p\u00e4\u00e4ss\u00e4 Vaasan keskustasta it\u00e4\u00e4n. Aluetta alettiin rakentaa 1970-luvun alussa, jolloin se oli etenkin l\u00e4hist\u00f6ll\u00e4 sijaitsevan Str\u00f6mbergin tehtaan ty\u00f6ntekij\u00f6iden suosiossa. Ristinummi edustaa vahvasti 1970-luvun asumisen ihanteiden toteutumista. Puoli vuosisataa sitten nopeasti aluerakentamissopimuksien voimalla pystytetyt l\u00e4hi\u00f6t eri puolilla Suomea kaupunkien ulkokehill\u00e4 edustivat maaseudulta tulleille perheille modernia ja laadukasta kaupunkiasumista v\u00e4litt\u00f6m\u00e4ss\u00e4 luonnon l\u00e4heisyydess\u00e4. N\u00e4in on ollut my\u00f6s Ristinummen tapauksessa. Alueelta l\u00f6ytyy esimerkiksi mets\u00e4\u00e4, luontoa ja ulkoilumahdollisuuksia. Erityisen suosittu on l\u00e4hell\u00e4 sijaitseva Pilvilammen ulkoilualue luontopolkuineen.<\/p>\n<figure id=\"attachment_232\" aria-describedby=\"caption-attachment-232\" style=\"width: 660px\" class=\"wp-caption alignleft\"><img loading=\"lazy\" decoding=\"async\" class=\"wp-image-232 size-full\" src=\"https:\/\/sites.uwasa.fi\/lahioinno\/wp-content\/blogs.dir\/4\/files\/sites\/113\/2021\/02\/ristinummi-kuvitus.jpg\" alt=\"\" width=\"660\" height=\"440\" srcset=\"https:\/\/sites.uwasa.fi\/lahioinno\/wp-content\/blogs.dir\/4\/files\/sites\/113\/2021\/02\/ristinummi-kuvitus.jpg 660w, https:\/\/sites.uwasa.fi\/lahioinno\/wp-content\/blogs.dir\/4\/files\/sites\/113\/2021\/02\/ristinummi-kuvitus-300x200.jpg 300w\" sizes=\"(max-width: 660px) 100vw, 660px\" \/><figcaption id=\"caption-attachment-232\" class=\"wp-caption-text\">Kuval\u00e4hde: Vaasan kaupunki<\/figcaption><\/figure>\n<h4>Ristinummen asemakaava on muodostettu vahvasti autoilijoiden intressien mukaisesti<\/h4>\n<p>Moni vaasalainen on jo saattanut unohtaa, ett\u00e4 Ristinummella j\u00e4rjestettiin my\u00f6s asuntomessut vuonna 1975. Alueen rakennuskanta koostuu p\u00e4\u00e4asiassa 3\u20134 kerroksisista ajalle ominaisista elementtikerrostaloista. L\u00e4hi\u00f6n pohjoispuolella on my\u00f6s suhteellisen laaja eri ik\u00e4isten omakotitalojen alue. Luonnon voimakkaasta l\u00e4sn\u00e4olosta huolimatta Ristinummen asemakaava on muodostettu vahvasti autoilijoiden intressien mukaisesti \u2013 kadut ovat jalankulkijan n\u00e4k\u00f6kulmasta katsoen hyvin pitki\u00e4 ja leveit\u00e4.<\/p>\n<p>Huippuvuosina 1970-luvun puolessav\u00e4liss\u00e4 ja 1980-luvun alussa Ristinummen suuralueella asui noin 10 000 ihmist\u00e4 ja yhteis\u00f6llinen sosiaalinen p\u00e4\u00e4oma erilaisine tapahtumineen oli voimissaan. Alueelle muuttaneet lapsiperheet jakoivat samankaltaisen aktiivisen el\u00e4m\u00e4nvaiheen. Vuonna 2018 asukkaita oli en\u00e4\u00e4 7 196 henke\u00e4.<\/p>\n<h4>Vaasan asuinalueista Ristinummella on kenties huonoin maine<\/h4>\n<p>Asukasm\u00e4\u00e4r\u00e4n v\u00e4hentyminen on liitoksissa v\u00e4est\u00f6muutoksiin, kuten alkuper\u00e4isen v\u00e4est\u00f6n ik\u00e4\u00e4ntymiseen ja keskusta-asumisen kasvavaan suosioon. Nyky\u00e4\u00e4n Ristinummella asuu suhteellisen paljon vanhuksia ja ulkomaalaistaustaisia asukkaita. Ristinummella ty\u00f6tt\u00f6myysaste on kaupungin korkein (18 %).\u00a0Ristinummen keskusalue on rakennettu ostoskeskuksen ymp\u00e4rille tiiviisti, vaikka palvelut ovatkin nyky\u00e4\u00e4n suurimmaksi osaksi kadonneet. Autioitunut ostoskeskus symboloi alueen nykyist\u00e4 alennustilaa.<\/p>\n<p>Vaasan asuinalueista Ristinummella on kenties huonoin maine. Mielikuvat \u201dSlumminummesta\u201d ja \u201dNistinummesta\u201d el\u00e4v\u00e4t edelleen vahvoina kaupunkilaisten keskuudessa, vaikka alue on rauhoittunut aiemmista vuosikymmenist\u00e4. Alueen asukkaat kertovat, ett\u00e4 huonomaineisuus ei johdu juurikaan ulkomaalaistaustaisesta v\u00e4est\u00f6st\u00e4, vaan on kantav\u00e4est\u00f6n itsens\u00e4 aiheuttama, ja kyseenalainen maine on saanut alkunsa jo vuosikymmeni\u00e4 takaperin. Etenkin 1990-luvun laman vaikutukset olivat my\u00f6s Ristinummelle haasteellisia.<\/p>\n<p><img loading=\"lazy\" decoding=\"async\" class=\"alignright wp-image-239 size-large\" src=\"https:\/\/sites.uwasa.fi\/lahioinno\/wp-content\/blogs.dir\/4\/files\/sites\/113\/2021\/06\/ristinummi-pilvilampi-1024x653.jpg\" alt=\"\" width=\"640\" height=\"408\" srcset=\"https:\/\/sites.uwasa.fi\/lahioinno\/wp-content\/blogs.dir\/4\/files\/sites\/113\/2021\/06\/ristinummi-pilvilampi-1024x653.jpg 1024w, https:\/\/sites.uwasa.fi\/lahioinno\/wp-content\/blogs.dir\/4\/files\/sites\/113\/2021\/06\/ristinummi-pilvilampi-300x191.jpg 300w, https:\/\/sites.uwasa.fi\/lahioinno\/wp-content\/blogs.dir\/4\/files\/sites\/113\/2021\/06\/ristinummi-pilvilampi-768x490.jpg 768w, https:\/\/sites.uwasa.fi\/lahioinno\/wp-content\/blogs.dir\/4\/files\/sites\/113\/2021\/06\/ristinummi-pilvilampi-1536x980.jpg 1536w, https:\/\/sites.uwasa.fi\/lahioinno\/wp-content\/blogs.dir\/4\/files\/sites\/113\/2021\/06\/ristinummi-pilvilampi.jpg 2048w\" sizes=\"(max-width: 640px) 100vw, 640px\" \/><\/p>\n<h4>Mik\u00e4li alueen kehitt\u00e4misess\u00e4 onnistutaan, voi Ristinummi parhaimmillaan edustaa l\u00e4hi\u00f6asumisen nousevaa trendi\u00e4<\/h4>\n<p>Vaasan kaupungilla on parhaillaan valmisteilla uusi asemakaava Ristinummen keskusta-alueelle. Sen tarkoituksena on lis\u00e4t\u00e4 alueen asukasm\u00e4\u00e4r\u00e4\u00e4 ja tiivist\u00e4\u00e4 rakennettua kaupunkiymp\u00e4rist\u00f6\u00e4. Alueen palveluiden kehitt\u00e4miseksi on olemassa my\u00f6s suunnitelmia. Asukkaita kuullaan laajasti eri toimijoiden tahoilta ja suunnitelmat sek\u00e4 parannukset etenev\u00e4t kohta toteutusvaiheeseen. Mik\u00e4li alueen kehitt\u00e4misess\u00e4 onnistutaan, voi Ristinummi parhaimmillaan edustaa l\u00e4hi\u00f6asumisen nousevaa trendi\u00e4 \u2013 tarjolla olisi vaikkapa jotakin \u2019retroa\u2019, paljon ulkoilu- ja harrastusmahdollisuuksia ja kest\u00e4v\u00e4\u00e4 kaupunkikehityst\u00e4 sek\u00e4 -asumista edist\u00e4v\u00e4t palvelut. Suunnitteilla oleva uusi akkutehdas saattaisi toteutuessaan tuoda Ristinummelle niin ik\u00e4\u00e4n uusia asukkaita.<\/p>\n<p>Alueen alkuajoista periytyv\u00e4 yhteis\u00f6llisyys n\u00e4kyy edelleen muun muassa siten, ett\u00e4 Ristinummea kehitt\u00e4v\u00e4t ja sen asukkaiden hyvinvoinnista kantavat vastuuta useat vapaaehtoiset toimijat. Esimerkiksi yhteis\u00f6talkkarit auttavat ik\u00e4\u00e4ntyvi\u00e4 omakotiasujia pihat\u00f6iden hoitamisessa. Ristinummelaiset ovat aina toivottaneet tervetulleeksi uudet asukkaat ihonv\u00e4rist\u00e4, koulutuksesta tai varakkuudesta riippumatta. L\u00e4hi\u00f6-Inno-hankkeessa seuraamme tiiviisti, miten alue kehittyy. Tuomme t\u00e4h\u00e4n oman panoksemme kuulemalla laajasti asukkaita sek\u00e4 alueen eri toimijoita.<\/p>\n","protected":false},"excerpt":{"rendered":"<p>Esittelemme t\u00e4ll\u00e4 sivulla toisen tutkimistamme asuinalueista. Lis\u00e4\u00e4 tietoa alueesta ja siihen liittyvist\u00e4 ilmi\u00f6ist\u00e4 ja teemoista l\u00f6yd\u00e4t blogistamme. Ristinummi sijaitsee noin 6 km p\u00e4\u00e4ss\u00e4 Vaasan keskustasta it\u00e4\u00e4n. Aluetta alettiin rakentaa 1970-luvun alussa, jolloin se oli etenkin l\u00e4hist\u00f6ll\u00e4 sijaitsevan Str\u00f6mbergin tehtaan ty\u00f6ntekij\u00f6iden suosiossa. Ristinummi edustaa vahvasti 1970-luvun asumisen ihanteiden toteutumista. Puoli vuosisataa sitten nopeasti aluerakentamissopimuksien voimalla pystytetyt [&hellip;]<\/p>\n","protected":false},"author":135,"featured_media":0,"parent":0,"menu_order":0,"comment_status":"closed","ping_status":"closed","template":"","meta":{"_acf_changed":false,"footnotes":""},"class_list":["post-213","page","type-page","status-publish","hentry"],"acf":[],"_links":{"self":[{"href":"https:\/\/sites.uwasa.fi\/lahioinno\/wp-json\/wp\/v2\/pages\/213"}],"collection":[{"href":"https:\/\/sites.uwasa.fi\/lahioinno\/wp-json\/wp\/v2\/pages"}],"about":[{"href":"https:\/\/sites.uwasa.fi\/lahioinno\/wp-json\/wp\/v2\/types\/page"}],"author":[{"embeddable":true,"href":"https:\/\/sites.uwasa.fi\/lahioinno\/wp-json\/wp\/v2\/users\/135"}],"replies":[{"embeddable":true,"href":"https:\/\/sites.uwasa.fi\/lahioinno\/wp-json\/wp\/v2\/comments?post=213"}],"version-history":[{"count":8,"href":"https:\/\/sites.uwasa.fi\/lahioinno\/wp-json\/wp\/v2\/pages\/213\/revisions"}],"predecessor-version":[{"id":345,"href":"https:\/\/sites.uwasa.fi\/lahioinno\/wp-json\/wp\/v2\/pages\/213\/revisions\/345"}],"wp:attachment":[{"href":"https:\/\/sites.uwasa.fi\/lahioinno\/wp-json\/wp\/v2\/media?parent=213"}],"curies":[{"name":"wp","href":"https:\/\/api.w.org\/{rel}","templated":true}]}}