{"id":2,"date":"2020-09-12T15:26:37","date_gmt":"2020-09-12T12:26:37","guid":{"rendered":"https:\/\/sites.uwasa.fi\/lahioinno\/?page_id=2"},"modified":"2023-01-16T16:41:25","modified_gmt":"2023-01-16T14:41:25","slug":"esimerkkisivu","status":"publish","type":"page","link":"https:\/\/sites.uwasa.fi\/lahioinno\/","title":{"rendered":""},"content":{"rendered":"<h2 style=\"text-align: left\">N\u00e4k\u00f6kulmia l\u00e4hi\u00f6kehitt\u00e4misen tulevaisuuteen<\/h2>\n<h4>L\u00e4hi\u00f6-Inno-tutkimushankkeen p\u00e4\u00e4t\u00f6sseminaari, keskiviikkona 18.1.2023, klo 13.00-16.00<\/h4>\n<h4>Paikka: Vaasan yliopisto, Palom\u00e4ki-sali, A201 sek\u00e4 Zoom-linkki ilmoittautuneille<\/h4>\n<p>Vaasan yliopiston ja Vaasan kaupungin l\u00e4hi\u00f6ohjelmahankkeiden yhteinen p\u00e4\u00e4t\u00f6sseminaari.<br \/>\nTuoreita tuloksia Ristinummen ja Olympiakorttelin tutkimuksesta ja kehitt\u00e4misest\u00e4.<\/p>\n<p><a href=\"https:\/\/sites.uwasa.fi\/lahioinno\/wp-content\/blogs.dir\/4\/files\/sites\/113\/2022\/12\/Lseminaarikutsu_071222.pdf\">Tutustu seminaariohjelmaan t\u00e4st\u00e4.<\/a><\/p>\n<p><a href=\"https:\/\/link.webropolsurveys.com\/S\/6D47DB6CCCB3CF0D\">Ilmoittaudu suoraan t\u00e4st\u00e4.<\/a><\/p>\n","protected":false},"excerpt":{"rendered":"<p>N\u00e4k\u00f6kulmia l\u00e4hi\u00f6kehitt\u00e4misen tulevaisuuteen L\u00e4hi\u00f6-Inno-tutkimushankkeen p\u00e4\u00e4t\u00f6sseminaari, keskiviikkona 18.1.2023, klo 13.00-16.00 Paikka: Vaasan yliopisto, Palom\u00e4ki-sali, A201 sek\u00e4 Zoom-linkki ilmoittautuneille Vaasan yliopiston ja Vaasan kaupungin l\u00e4hi\u00f6ohjelmahankkeiden yhteinen p\u00e4\u00e4t\u00f6sseminaari. Tuoreita tuloksia Ristinummen ja Olympiakorttelin tutkimuksesta ja kehitt\u00e4misest\u00e4. Tutustu seminaariohjelmaan t\u00e4st\u00e4. Ilmoittaudu suoraan t\u00e4st\u00e4.<\/p>\n","protected":false},"author":25,"featured_media":0,"parent":0,"menu_order":1,"comment_status":"closed","ping_status":"open","template":"","meta":{"_acf_changed":false,"footnotes":""},"class_list":["post-2","page","type-page","status-publish","hentry"],"acf":[],"_links":{"self":[{"href":"https:\/\/sites.uwasa.fi\/lahioinno\/wp-json\/wp\/v2\/pages\/2"}],"collection":[{"href":"https:\/\/sites.uwasa.fi\/lahioinno\/wp-json\/wp\/v2\/pages"}],"about":[{"href":"https:\/\/sites.uwasa.fi\/lahioinno\/wp-json\/wp\/v2\/types\/page"}],"author":[{"embeddable":true,"href":"https:\/\/sites.uwasa.fi\/lahioinno\/wp-json\/wp\/v2\/users\/25"}],"replies":[{"embeddable":true,"href":"https:\/\/sites.uwasa.fi\/lahioinno\/wp-json\/wp\/v2\/comments?post=2"}],"version-history":[{"count":59,"href":"https:\/\/sites.uwasa.fi\/lahioinno\/wp-json\/wp\/v2\/pages\/2\/revisions"}],"predecessor-version":[{"id":384,"href":"https:\/\/sites.uwasa.fi\/lahioinno\/wp-json\/wp\/v2\/pages\/2\/revisions\/384"}],"wp:attachment":[{"href":"https:\/\/sites.uwasa.fi\/lahioinno\/wp-json\/wp\/v2\/media?parent=2"}],"curies":[{"name":"wp","href":"https:\/\/api.w.org\/{rel}","templated":true}]}}