{"id":154,"date":"2020-11-23T21:45:58","date_gmt":"2020-11-23T19:45:58","guid":{"rendered":"https:\/\/sites.uwasa.fi\/lahioinno\/?page_id=154"},"modified":"2020-11-23T21:47:03","modified_gmt":"2020-11-23T19:47:03","slug":"tietosuojailmoitus","status":"publish","type":"page","link":"https:\/\/sites.uwasa.fi\/lahioinno\/tietosuojailmoitus\/","title":{"rendered":"Tietosuojailmoitus"},"content":{"rendered":"<p><b><span data-contrast=\"auto\">TIETOSUOJAILMOITUS<\/span><\/b><span data-ccp-props=\"{&quot;201341983&quot;:0,&quot;335551550&quot;:3,&quot;335551620&quot;:3,&quot;335559739&quot;:160,&quot;335559740&quot;:259}\">\u00a0<\/span><\/p>\n<p><span data-contrast=\"auto\">EU:n yleinen tietosuoja-asetus (2016\/679),<\/span><span data-ccp-props=\"{&quot;201341983&quot;:0,&quot;335551550&quot;:3,&quot;335551620&quot;:3,&quot;335559739&quot;:160,&quot;335559740&quot;:259}\">\u00a0<\/span><\/p>\n<p><span data-contrast=\"auto\">Artiklat 13 ja 14<\/span><span data-ccp-props=\"{&quot;201341983&quot;:0,&quot;335551550&quot;:3,&quot;335551620&quot;:3,&quot;335559739&quot;:160,&quot;335559740&quot;:259}\">\u00a0<\/span><\/p>\n<p><span data-contrast=\"auto\">Laadittu: 17.9.2020<\/span><span data-ccp-props=\"{&quot;201341983&quot;:0,&quot;335551550&quot;:3,&quot;335551620&quot;:3,&quot;335559739&quot;:160,&quot;335559740&quot;:259}\">\u00a0<\/span><\/p>\n<ol>\n<li><b><span data-contrast=\"auto\"> Rekisterinpit\u00e4j\u00e4<\/span><\/b><\/li>\n<\/ol>\n<p><span data-contrast=\"auto\">Vaasan yliopisto<\/span><span data-ccp-props=\"{&quot;201341983&quot;:0,&quot;335559739&quot;:160,&quot;335559740&quot;:259}\">\u00a0<\/span><\/p>\n<p><span data-contrast=\"auto\">Wolffintie\u00a034<\/span><span data-ccp-props=\"{&quot;201341983&quot;:0,&quot;335559739&quot;:160,&quot;335559740&quot;:259}\">\u00a0<\/span><\/p>\n<p><span data-contrast=\"auto\">65200 VAASA<\/span><span data-ccp-props=\"{&quot;201341983&quot;:0,&quot;335559739&quot;:160,&quot;335559740&quot;:259}\">\u00a0<\/span><\/p>\n<p><span data-contrast=\"auto\">Y-tunnus<\/span><span data-contrast=\"auto\">:<\/span><span data-contrast=\"auto\">\u00a00209599-8<\/span><span data-ccp-props=\"{&quot;201341983&quot;:0,&quot;335559739&quot;:160,&quot;335559740&quot;:259}\">\u00a0<\/span><\/p>\n<p><span data-contrast=\"auto\">Puhelin: 029 449 8000<\/span><span data-ccp-props=\"{&quot;201341983&quot;:0,&quot;335559739&quot;:160,&quot;335559740&quot;:259}\">\u00a0<\/span><\/p>\n<p><span data-contrast=\"auto\">S\u00e4hk\u00f6posti<\/span><span data-contrast=\"auto\">:<\/span><span data-contrast=\"auto\">\u00a0tietosuoja@uwasa.fi<\/span><span data-ccp-props=\"{&quot;201341983&quot;:0,&quot;335559739&quot;:160,&quot;335559740&quot;:259}\">\u00a0<\/span><\/p>\n<p>&nbsp;<\/p>\n<ol start=\"2\">\n<li><b><span data-contrast=\"auto\"> Rekisterinpit\u00e4j\u00e4n edustaja ja yhteyshenkil\u00f6t<\/span><\/b><\/li>\n<\/ol>\n<p><span data-contrast=\"auto\">Hankkeen johtaja:\u00a0<\/span><span data-contrast=\"auto\">Ilkka Luoto<\/span><span data-ccp-props=\"{&quot;201341983&quot;:0,&quot;335559739&quot;:160,&quot;335559740&quot;:259}\">\u00a0<\/span><\/p>\n<p><span data-contrast=\"auto\">S\u00e4hk\u00f6posti: ilkka.luoto@univaasa.fi<\/span><span data-ccp-props=\"{&quot;201341983&quot;:0,&quot;335559739&quot;:160,&quot;335559740&quot;:259}\">\u00a0<\/span><\/p>\n<p><span data-contrast=\"auto\">Puhelin:\u00a0<\/span><span data-contrast=\"auto\">029 449 8383<\/span><span data-ccp-props=\"{&quot;201341983&quot;:0,&quot;335559739&quot;:160,&quot;335559740&quot;:259}\">\u00a0<\/span><\/p>\n<p><span data-ccp-props=\"{&quot;201341983&quot;:0,&quot;335559739&quot;:160,&quot;335559740&quot;:259}\">\u00a0<\/span><\/p>\n<ol start=\"3\">\n<li><b><span data-contrast=\"auto\"> Tietosuojavastaavan yhteystiedot<\/span><\/b><\/li>\n<\/ol>\n<p><span data-contrast=\"auto\">Sami Kinnunen<\/span><span data-ccp-props=\"{&quot;201341983&quot;:0,&quot;335559739&quot;:160,&quot;335559740&quot;:259}\">\u00a0<\/span><\/p>\n<p><span data-contrast=\"auto\">S\u00e4hk<\/span><span data-contrast=\"auto\">\u00f6posti: tietosuojavastaava@univaasa<\/span><span data-contrast=\"auto\">.fi<\/span><span data-ccp-props=\"{&quot;201341983&quot;:0,&quot;335559739&quot;:160,&quot;335559740&quot;:259}\">\u00a0<\/span><\/p>\n<p><span data-contrast=\"auto\">Puhelin: 029 449 8060<\/span><span data-ccp-props=\"{&quot;201341983&quot;:0,&quot;335559739&quot;:160,&quot;335559740&quot;:259}\">\u00a0<\/span><\/p>\n<p><span data-ccp-props=\"{&quot;201341983&quot;:0,&quot;335559739&quot;:160,&quot;335559740&quot;:259}\">\u00a0<\/span><\/p>\n<ol start=\"4\">\n<li><b><span data-contrast=\"auto\"> Rekisterien nimet<\/span><\/b><\/li>\n<\/ol>\n<p><span data-contrast=\"auto\">Tutkimuksen nimi:\u00a0<\/span><i><span data-contrast=\"auto\">Paikkaperustaiset innovaatiot asuinalueiden kehitt\u00e4misess\u00e4 \u2013 Kaksoistapaustutkimus Vaasan Olympiakorttelista ja Ristinummesta<\/span><\/i><i><span data-contrast=\"auto\">\u00a0(L\u00e4hi\u00f6-Inno)<\/span><\/i><span data-contrast=\"auto\">.<\/span><span data-ccp-props=\"{&quot;201341983&quot;:0,&quot;335559739&quot;:160,&quot;335559740&quot;:259}\">\u00a0<\/span><\/p>\n<ol start=\"5\">\n<li><b><span data-contrast=\"auto\"> Henkil\u00f6tietojen k\u00e4sittelyn tarkoitus<\/span><\/b><\/li>\n<\/ol>\n<p><span data-contrast=\"auto\">Hankkeessa tutkitaan alueellisen eriytymisen torjumista ja asukkaita osallistavia k\u00e4ytt\u00e4j\u00e4innovaatioita. Kyselyn tarkoituksena on ker\u00e4t\u00e4 tietoa ja kokemuksia tutkittavista asuinalueista, Olympiakorttelista ja Ristinummesta.<\/span><span data-contrast=\"auto\">\u00a0Tietoja voidaan k\u00e4ytt\u00e4\u00e4 my\u00f6s yhteydenottoon niihin vastaajiin, jotka sallivat yhteydenoton kyselylomakkeella<\/span><span data-contrast=\"auto\">\u00a0esimerkiksi s\u00e4hk\u00f6postitse.<\/span><span data-ccp-props=\"{&quot;201341983&quot;:0,&quot;335559739&quot;:160,&quot;335559740&quot;:259}\">\u00a0<\/span><\/p>\n<p><span data-ccp-props=\"{&quot;201341983&quot;:0,&quot;335559739&quot;:160,&quot;335559740&quot;:259}\">\u00a0<\/span><\/p>\n<ol start=\"6\">\n<li><b><span data-contrast=\"auto\"> Henkil\u00f6tietojen k\u00e4sittelyn oikeusperuste<\/span><\/b><\/li>\n<\/ol>\n<p><span data-contrast=\"auto\">Henkil\u00f6tietojen k\u00e4sittely on tarpeen yleisen edun mukaisessa tieteellisess\u00e4 tutkimuksessa tietosuojalain (1050\/2018) 4 \u00a7:n 3 momentin perusteella.<\/span><span data-ccp-props=\"{&quot;201341983&quot;:0,&quot;335559739&quot;:160,&quot;335559740&quot;:259}\">\u00a0<\/span><\/p>\n<p><span data-contrast=\"auto\">Tiedonkeruun oikeusperusta koostuu n\u00e4in ollen:<\/span><span data-ccp-props=\"{&quot;201341983&quot;:0,&quot;335559739&quot;:160,&quot;335559740&quot;:259}\">\u00a0<\/span><\/p>\n<ul>\n<li><span data-contrast=\"auto\"> Henkil\u00f6tietojen k\u00e4sittely on v\u00e4ltt\u00e4m\u00e4t\u00f6nt\u00e4 yleisen edun mukaisen teht\u00e4v\u00e4n suorittamiseksi<\/span><\/li>\n<\/ul>\n<p><span data-ccp-props=\"{&quot;201341983&quot;:0,&quot;335559739&quot;:160,&quot;335559740&quot;:259}\">\u00a0<\/span><\/p>\n<ol start=\"7\">\n<li><b><span data-contrast=\"auto\"> Tietosis\u00e4lt\u00f6 ja s\u00e4ilytysajat<\/span><\/b><\/li>\n<\/ol>\n<p><span data-contrast=\"auto\">Webropol<\/span><span data-contrast=\"auto\">&#8211;<\/span><span data-contrast=\"auto\">kyselyss\u00e4 ker\u00e4t\u00e4\u00e4n seuraavat tiedot:<\/span><span data-ccp-props=\"{&quot;201341983&quot;:0,&quot;335559739&quot;:160,&quot;335559740&quot;:259}\">\u00a0<\/span><\/p>\n<ul>\n<li><span data-contrast=\"auto\"> Etu- ja sukunimi<\/span><\/li>\n<li><span data-contrast=\"auto\"> Asuinpaikka\u00a0<\/span><\/li>\n<li><span data-contrast=\"auto\"> S\u00e4hk\u00f6postiosoite<\/span><\/li>\n<li><span data-contrast=\"auto\">Puhelinnumero<\/span><\/li>\n<\/ul>\n<p><span data-contrast=\"auto\">Henkil\u00f6tietojen luovuttaminen on vapaaehtoista. Kyselyyn on mahdollista vastata my\u00f6s anonyymisti.<\/span><span data-ccp-props=\"{&quot;201341983&quot;:0,&quot;335559739&quot;:160,&quot;335559740&quot;:259}\">\u00a0<\/span><\/p>\n<p><span data-contrast=\"auto\">Ker\u00e4tyt\u00a0<\/span><span data-contrast=\"auto\">henkil\u00f6<\/span><span data-contrast=\"auto\">tiedot s\u00e4ilytet\u00e4\u00e4n hankkeen keston ajan, eli vuoden 2022 loppuun. Mik\u00e4li hankkeesta seuraa v\u00e4litt\u00f6mi\u00e4 jatkoprojekteja, joihin henkil\u00f6tietoja tarvitaan, voidaan tietoja s\u00e4ilytt\u00e4\u00e4 my\u00f6s jatkoprojektin keston ajan, kuitenkin korkeintaan vuoden 2023 loppuun.<\/span><span data-contrast=\"auto\">\u00a0Muut anonyymit vastaustiedot s\u00e4ilytet\u00e4\u00e4n tutkimustarkoituksiin pysyv\u00e4sti.<\/span><span data-ccp-props=\"{&quot;201341983&quot;:0,&quot;335559739&quot;:160,&quot;335559740&quot;:259}\">\u00a0<\/span><\/p>\n<ol start=\"8\">\n<li><b><span data-contrast=\"auto\"> Mist\u00e4 k\u00e4sittelyss\u00e4 tarvittavat henkil\u00f6tiedot saadaan<\/span><\/b><\/li>\n<\/ol>\n<p><span data-contrast=\"auto\">Tiedot ker\u00e4t\u00e4\u00e4n henkil\u00f6lt\u00e4 itselt\u00e4\u00e4n, joka vastaa kyselyyn<\/span><span data-contrast=\"auto\">\u00a0Webropol-<\/span><span data-contrast=\"auto\">j\u00e4rjestelm\u00e4n tarjoaman lomakkeen kautta.<\/span><span data-ccp-props=\"{&quot;201341983&quot;:0,&quot;335559739&quot;:160,&quot;335559740&quot;:259}\">\u00a0<\/span><\/p>\n<ol start=\"9\">\n<li><b><span data-contrast=\"auto\"> Tietojen siirto tai luovuttaminen<\/span><\/b><\/li>\n<\/ol>\n<p><span data-contrast=\"auto\">Henkil\u00f6tietoja ei siirret\u00e4 muihin palveluihin.<\/span><span data-ccp-props=\"{&quot;201341983&quot;:0,&quot;335559739&quot;:160,&quot;335559740&quot;:259}\">\u00a0<\/span><\/p>\n<p><span data-contrast=\"auto\">Henkil\u00f6tietoja k\u00e4sitell\u00e4\u00e4n\u00a0Webropol-j\u00e4rjestelm\u00e4ss\u00e4.<\/span><span data-ccp-props=\"{&quot;201341983&quot;:0,&quot;335559739&quot;:160,&quot;335559740&quot;:240}\">\u00a0<\/span><\/p>\n<p>&nbsp;<\/p>\n<p><span data-contrast=\"auto\">Webropol\u00a0Oy<\/span><span data-ccp-props=\"{&quot;201341983&quot;:0,&quot;335559739&quot;:160,&quot;335559740&quot;:240}\">\u00a0<\/span><\/p>\n<p><span data-contrast=\"auto\">Business ID\/y-tunnus: 1773960-2<\/span><span data-ccp-props=\"{&quot;201341983&quot;:0,&quot;335559739&quot;:160,&quot;335559740&quot;:240}\">\u00a0<\/span><\/p>\n<p><span data-contrast=\"auto\">Huovitie 3, 00400 Helsinki<\/span><span data-ccp-props=\"{&quot;201341983&quot;:0,&quot;335559739&quot;:160,&quot;335559740&quot;:240}\">\u00a0<\/span><\/p>\n<p><span data-contrast=\"auto\">0201 552 150 | servicedesk@webropol.fi<\/span><span data-ccp-props=\"{&quot;201341983&quot;:0,&quot;335559739&quot;:160,&quot;335559740&quot;:240}\">\u00a0<\/span><\/p>\n<p>&nbsp;<\/p>\n<p><span data-contrast=\"auto\">Henkil\u00f6tietoja tarkastelevat tutkimuksen kannalta tarkoituksenmukaisissa puitteissa hankkeen tutkijat. Tutkijakokoonpano on n\u00e4ht\u00e4viss\u00e4 hankkeen kotisivuilla:\u00a0<\/span><a href=\"https:\/\/sites.uwasa.fi\/lahioinno\/\"><span data-contrast=\"none\">https:\/\/sites.uwasa.fi\/lahioinno\/<\/span><\/a><span data-ccp-props=\"{&quot;201341983&quot;:0,&quot;335559739&quot;:160,&quot;335559740&quot;:240}\">\u00a0<\/span><\/p>\n<p><span data-ccp-props=\"{&quot;201341983&quot;:0,&quot;335559739&quot;:160,&quot;335559740&quot;:240}\">\u00a0<\/span><\/p>\n<ol start=\"10\">\n<li><b><span data-contrast=\"auto\"> Tietojen siirto EU:n tai ETA:n ulkopuolelle<\/span><\/b><\/li>\n<\/ol>\n<p><span data-contrast=\"auto\">Henkil\u00f6tietoja ei siirrett\u00e4 EU tai ETA alueiden ulkopuolelle.<\/span><span data-ccp-props=\"{&quot;201341983&quot;:0,&quot;335559739&quot;:160,&quot;335559740&quot;:259}\">\u00a0<\/span><\/p>\n<p><b><span data-contrast=\"auto\">11.Henkil\u00f6tietojen suojaamisen periaatteet<\/span><\/b><span data-ccp-props=\"{&quot;201341983&quot;:0,&quot;335559739&quot;:160,&quot;335559740&quot;:259}\">\u00a0<\/span><\/p>\n<p><span data-contrast=\"auto\">Yliopisto rekisterinpit\u00e4j\u00e4n\u00e4 k\u00e4ytt\u00e4\u00e4 asianmukaisia teknisi\u00e4 ja organisatorisia toimia henkil\u00f6tietojen suojaamiseksi luvattomalta tai laittomalta k\u00e4sittelylt\u00e4 sek\u00e4 henkil\u00f6tietojen vahingoittumiselta tai <\/span><span data-contrast=\"auto\">h\u00e4vi\u00e4miselt\u00e4.<\/span><span data-ccp-props=\"{&quot;201341983&quot;:0,&quot;335559739&quot;:160,&quot;335559740&quot;:259}\">\u00a0<\/span><\/p>\n<ul>\n<li><span data-contrast=\"auto\"> Manuaalinen aineisto<\/span>\n<ul>\n<li>Henkil\u00f6tiedot suojataan asiattomalta p\u00e4\u00e4sylt\u00e4 ja laittomalta k\u00e4sittelylt\u00e4 (esim. h\u00e4vitt\u00e4minen, muuttaminen tai luovuttaminen). Jokainen k\u00e4sittelij\u00e4 voi k\u00e4sitell\u00e4 vain niit\u00e4 henkil\u00f6tietoja, joita h\u00e4n tarvitsee ty\u00f6teht\u00e4viss\u00e4\u00e4n.<\/li>\n<li>Asiakirjat s\u00e4ilytet\u00e4\u00e4n ulkopuolisilta suojattuina lukitussa tilassa. Asiakirjat tulostetaan vain tarvittaessa ja paperitulosteet tuhotaan k\u00e4yt\u00f6n j\u00e4lkeen.<span data-ccp-props=\"{&quot;201341983&quot;:0,&quot;335559739&quot;:160,&quot;335559740&quot;:259}\">\u00a0<\/span><\/li>\n<\/ul>\n<\/li>\n<\/ul>\n<ul>\n<li><span data-contrast=\"auto\"> Automaattisesti k\u00e4sitelt\u00e4v\u00e4t tiedot<\/span>\n<ul>\n<li>Kaikki tietojenk\u00e4sittely perustuu k\u00e4ytt\u00f6oikeuksiin, jotka riippuvat henkil\u00f6n roolista ja asemasta organisaatiossa, sek\u00e4 tarvittaessa erikseen kunkin rekisterin vastuutahon my\u00f6nt\u00e4miin k\u00e4ytt\u00f6lupiin. K\u00e4ytt\u00f6oikeuksien voimassaolo tarkistetaan p\u00e4ivitt\u00e4in.<\/li>\n<li>Tietotekniset j\u00e4rjestelm\u00e4t ja palvelut on suojattu alan hyvien k\u00e4yt\u00e4nt\u00f6jen mukaisesti asiattomalta p\u00e4\u00e4sylt\u00e4, niiden toimintakyky on tarvittavassa m\u00e4\u00e4rin varmistettu ja niiden elinkaari on hallittu.<span data-ccp-props=\"{&quot;201341983&quot;:0,&quot;335559739&quot;:160,&quot;335559740&quot;:259}\">\u00a0<\/span><\/li>\n<\/ul>\n<\/li>\n<\/ul>\n<p><span data-ccp-props=\"{&quot;201341983&quot;:0,&quot;335559739&quot;:160,&quot;335559740&quot;:259}\">\u00a0<\/span><\/p>\n<ol start=\"12\">\n<li><b><\/b><b><\/b><b><span data-contrast=\"auto\">Automatisoitu p\u00e4\u00e4t\u00f6ksenteko<\/span><\/b><\/li>\n<\/ol>\n<p><span data-contrast=\"auto\">Automaattisia p\u00e4\u00e4t\u00f6ksi\u00e4 ei tehd\u00e4.<\/span><span data-ccp-props=\"{&quot;201341983&quot;:0,&quot;335559739&quot;:160,&quot;335559740&quot;:259}\">\u00a0<\/span><\/p>\n<ol start=\"13\">\n<li><b><\/b><b><\/b><b><span data-contrast=\"auto\">Rekister\u00f6idyn yleiset oikeudet<\/span><\/b><\/li>\n<\/ol>\n<p><span data-ccp-props=\"{&quot;201341983&quot;:0,&quot;335559739&quot;:160,&quot;335559740&quot;:259}\">\u00a0<\/span><span data-contrast=\"auto\">Rekister\u00f6idyll\u00e4 on<\/span><span data-ccp-props=\"{&quot;201341983&quot;:0,&quot;335559739&quot;:160,&quot;335559740&quot;:259}\">\u00a0<\/span><\/p>\n<ul>\n<li><span data-contrast=\"auto\"> oikeus tarkastaa rekisterinpit\u00e4j\u00e4lt\u00e4 mit\u00e4 h\u00e4nt\u00e4 koskevia henkil\u00f6tietoja on rekisteriin <\/span>tallennettu<span data-ccp-props=\"{&quot;201341983&quot;:0,&quot;335559739&quot;:160,&quot;335559740&quot;:259}\">\u00a0<\/span><\/li>\n<\/ul>\n<ul>\n<li><span data-contrast=\"auto\"> oikeus vaatia, ett\u00e4 saa puutteelliset henkil\u00f6tiedot t\u00e4ydennetty\u00e4 sek\u00e4 ett\u00e4 Vaasan yliopisto oikaisee rekister\u00f6ity\u00e4 koskevat ep\u00e4tarkat ja virheelliset henkil\u00f6tiedot ilman aiheetonta viivytyst\u00e4<\/span><\/li>\n<li><span data-contrast=\"auto\"> oikeus saada poistettua henkil\u00f6tietonsa ilman aiheetonta viivytyst\u00e4, edellytt\u00e4en ett\u00e4<\/span>\n<ul>\n<li>henkil\u00f6tietoja ei en\u00e4\u00e4 tarvita niihin tarkoituksiin, joita varten ne ker\u00e4ttiin tai joitavarten niit\u00e4 muutoin k\u00e4siteltiin<\/li>\n<li>rekister\u00f6ity peruuttaa suostumuksen, johon k\u00e4sittely on perustunut, eik\u00e4 k\u00e4sittelyynole muuta laillista perustetta<\/li>\n<li>henkil\u00f6tietoja on k\u00e4sitelty lainvastaisesti<\/li>\n<li>henkil\u00f6tiedot on poistettava Euroopan unionin oikeuteen tai kansallisen lains\u00e4\u00e4d\u00e4nt\u00f6\u00f6n perustuvan lakis\u00e4\u00e4teisen velvoitteen noudattamiseksi.<span data-ccp-props=\"{&quot;201341983&quot;:0,&quot;335559731&quot;:1304,&quot;335559739&quot;:160,&quot;335559740&quot;:259}\">\u00a0<\/span><\/li>\n<\/ul>\n<\/li>\n<\/ul>\n<ul>\n<li><span data-contrast=\"auto\"> rajoittaa ja vastustaa k\u00e4sittely\u00e4 jos<\/span>\n<ul>\n<li>rekister\u00f6ity kiist\u00e4\u00e4 henkil\u00f6tietojensa paikkansa pit\u00e4vyyden<\/li>\n<li>k\u00e4sittely on lainvastaista tai rekister\u00f6ity vastustaa henkil\u00f6tietojensa poistamista<\/li>\n<li>rekisterinpit\u00e4j\u00e4 ei en\u00e4\u00e4 tarvitse kyseisi\u00e4 henkil\u00f6tietoja k\u00e4sittelyn tarkoituksiin, muttarekister\u00f6ity tarvitsee niit\u00e4 oikeudellisen vaateen laatimiseksi, esitt\u00e4miseksi tai puolustamiseksi<\/li>\n<li>rekister\u00f6ity on vastustanut henkil\u00f6tietojen k\u00e4sittely\u00e4 21 artiklan 1 kohdan nojalla odotettaessa sen todentamista, syrj\u00e4ytt\u00e4v\u00e4tk\u00f6 rekisterinpit\u00e4j\u00e4n oikeutetut perusteet rekister\u00f6idyn perusteet.<span data-ccp-props=\"{&quot;201341983&quot;:0,&quot;335559685&quot;:1304,&quot;335559739&quot;:160,&quot;335559740&quot;:259}\">\u00a0<\/span><\/li>\n<\/ul>\n<\/li>\n<\/ul>\n<ul>\n<li><span data-contrast=\"auto\"> oikeus peruuttaa suostumus<\/span><\/li>\n<li><span data-contrast=\"auto\"> oikeus peruuttaa antamansa suostumus, milloin tahansa t\u00e4m\u00e4n vaikuttamatta suostumuksen perusteella ennen sen peruuttamista suoritettuun k\u00e4sittelyn lainmukaisuuteen, jos henkil\u00f6tietojen k\u00e4sittely perustuu rekister\u00f6idyn antamaan suostumukseen.<\/span><\/li>\n<\/ul>\n<p><span data-ccp-props=\"{&quot;201341983&quot;:0,&quot;335559739&quot;:160,&quot;335559740&quot;:259}\">\u00a0<\/span><span data-contrast=\"auto\">Rekister\u00f6idyll\u00e4 on my\u00f6s oikeus tehd\u00e4 valitus valvontaviranomaiselle.<\/span><span data-ccp-props=\"{&quot;201341983&quot;:0,&quot;335559739&quot;:160,&quot;335559740&quot;:259}\">\u00a0<\/span><\/p>\n<p><span data-contrast=\"auto\">Rekister\u00f6idyll\u00e4 voi olla oikeus siirt\u00e4\u00e4 tiedot j\u00e4rjestelm\u00e4st\u00e4 toiseen, mik\u00e4li kyseess\u00e4 on sellainen tieto, johon kyseinen oikeus soveltuu.<\/span><span data-ccp-props=\"{&quot;201341983&quot;:0,&quot;335559739&quot;:160,&quot;335559740&quot;:259}\">\u00a0<\/span><\/p>\n<p><span data-contrast=\"auto\">Neuvoja ja ohjeistusta rekister\u00f6idyn oikeuksiin liittyviss\u00e4 asi<\/span><span data-contrast=\"auto\">oissa antaa tietosuojavastaava.<\/span><span data-ccp-props=\"{&quot;201341983&quot;:0,&quot;335559739&quot;:160,&quot;335559740&quot;:259}\">\u00a0<\/span><\/p>\n<p>&nbsp;<\/p>\n<ol start=\"14\">\n<li><b><\/b><b><\/b><b><span data-contrast=\"auto\">Muut informoitavat tiedot<\/span><\/b><\/li>\n<\/ol>\n<p><span data-contrast=\"auto\">Palvelun k\u00e4yt\u00f6st\u00e4 syntyy lokimerkint\u00f6j\u00e4, joita k\u00e4ytet\u00e4\u00e4n palvelun tietoturvallisuudesta huolehtimiseen, palvelun tekniseen kehitt\u00e4miseen sek\u00e4 vikatilanteiden havaitsemiseen, est\u00e4miseen ja selvitt\u00e4miseen (Tietoyhteiskuntakaari (917\/2014) 138\u00a7, 141\u00a7, 144\u00a7, 272\u00a7). Lokeja s\u00e4ilytet\u00e4\u00e4n n\u00e4ihin tarkoituksiin tarvittava aika eik\u00e4 niit\u00e4 k\u00e4ytet\u00e4 muuhun tarkoitukseen.\u00a0<\/span><span data-ccp-props=\"{&quot;201341983&quot;:0,&quot;335559739&quot;:160,&quot;335559740&quot;:259}\">\u00a0<\/span><\/p>\n<p><span data-ccp-props=\"{&quot;201341983&quot;:0,&quot;335559739&quot;:160,&quot;335559740&quot;:259}\">\u00a0<\/span><\/p>\n<ol start=\"15\">\n<li><b><span data-contrast=\"auto\"> Tietosuojailmoituksen muuttaminen<\/span><\/b><\/li>\n<\/ol>\n<p><span data-contrast=\"auto\">Vaasan yliopisto kehitt\u00e4\u00e4 jatkuvasti toimintaansa ja pid\u00e4tt\u00e4\u00e4 it<\/span><span data-contrast=\"auto\">selleen oikeuden p\u00e4ivitt\u00e4\u00e4 t\u00e4t\u00e4\u00a0<\/span><span data-contrast=\"auto\">tietosuojailmoitusta. Muutokset voivat perustua my\u00f6s lains\u00e4\u00e4d\u00e4nn\u00f6n muuttumiseen.<\/span><span data-ccp-props=\"{&quot;201341983&quot;:0,&quot;335559739&quot;:160,&quot;335559740&quot;:259}\">\u00a0<\/span><\/p>\n<p><span data-contrast=\"auto\">Merkitt\u00e4viss\u00e4 muutoksissa joissa tietosuojailmoituksemme muuttuu olennaisesti, voimme ilmoittaa asiasta my\u00f6s muulla tavoin ennen muutoksen voimaantuloa.<\/span><span data-ccp-props=\"{&quot;201341983&quot;:0,&quot;335559739&quot;:160,&quot;335559740&quot;:259}\">\u00a0<\/span><\/p>\n<p><span data-contrast=\"auto\">T\u00e4m\u00e4 tietosuojailmoitus on viimeksi p\u00e4i<\/span><span data-contrast=\"auto\">vitetty 20.10.2020<\/span><span data-ccp-props=\"{&quot;201341983&quot;:0,&quot;335559739&quot;:160,&quot;335559740&quot;:259}\">\u00a0<\/span><\/p>\n","protected":false},"excerpt":{"rendered":"<p>TIETOSUOJAILMOITUS\u00a0 EU:n yleinen tietosuoja-asetus (2016\/679),\u00a0 Artiklat 13 ja 14\u00a0 Laadittu: 17.9.2020\u00a0 Rekisterinpit\u00e4j\u00e4 Vaasan yliopisto\u00a0 Wolffintie\u00a034\u00a0 65200 VAASA\u00a0 Y-tunnus:\u00a00209599-8\u00a0 Puhelin: 029 449 8000\u00a0 S\u00e4hk\u00f6posti:\u00a0tietosuoja@uwasa.fi\u00a0 &nbsp; Rekisterinpit\u00e4j\u00e4n edustaja ja yhteyshenkil\u00f6t Hankkeen johtaja:\u00a0Ilkka Luoto\u00a0 S\u00e4hk\u00f6posti: ilkka.luoto@univaasa.fi\u00a0 Puhelin:\u00a0029 449 8383\u00a0 \u00a0 Tietosuojavastaavan yhteystiedot Sami Kinnunen\u00a0 S\u00e4hk\u00f6posti: tietosuojavastaava@univaasa.fi\u00a0 Puhelin: 029 449 8060\u00a0 \u00a0 Rekisterien nimet Tutkimuksen nimi:\u00a0Paikkaperustaiset innovaatiot asuinalueiden kehitt\u00e4misess\u00e4 [&hellip;]<\/p>\n","protected":false},"author":135,"featured_media":0,"parent":0,"menu_order":0,"comment_status":"closed","ping_status":"closed","template":"","meta":{"_acf_changed":false,"footnotes":""},"class_list":["post-154","page","type-page","status-publish","hentry"],"acf":[],"_links":{"self":[{"href":"https:\/\/sites.uwasa.fi\/lahioinno\/wp-json\/wp\/v2\/pages\/154"}],"collection":[{"href":"https:\/\/sites.uwasa.fi\/lahioinno\/wp-json\/wp\/v2\/pages"}],"about":[{"href":"https:\/\/sites.uwasa.fi\/lahioinno\/wp-json\/wp\/v2\/types\/page"}],"author":[{"embeddable":true,"href":"https:\/\/sites.uwasa.fi\/lahioinno\/wp-json\/wp\/v2\/users\/135"}],"replies":[{"embeddable":true,"href":"https:\/\/sites.uwasa.fi\/lahioinno\/wp-json\/wp\/v2\/comments?post=154"}],"version-history":[{"count":3,"href":"https:\/\/sites.uwasa.fi\/lahioinno\/wp-json\/wp\/v2\/pages\/154\/revisions"}],"predecessor-version":[{"id":157,"href":"https:\/\/sites.uwasa.fi\/lahioinno\/wp-json\/wp\/v2\/pages\/154\/revisions\/157"}],"wp:attachment":[{"href":"https:\/\/sites.uwasa.fi\/lahioinno\/wp-json\/wp\/v2\/media?parent=154"}],"curies":[{"name":"wp","href":"https:\/\/api.w.org\/{rel}","templated":true}]}}