{"id":101,"date":"2021-02-25T11:18:44","date_gmt":"2021-02-25T09:18:44","guid":{"rendered":"https:\/\/sites.uwasa.fi\/lahioinno\/?page_id=101"},"modified":"2022-04-19T12:11:56","modified_gmt":"2022-04-19T09:11:56","slug":"asuinalueet","status":"publish","type":"page","link":"https:\/\/sites.uwasa.fi\/lahioinno\/asuinalueet\/","title":{"rendered":"Asuinalueet"},"content":{"rendered":"<h2>Esittelemme t\u00e4ll\u00e4 sivulla toisen tutkimistamme asuinalueista. Lis\u00e4\u00e4 tietoa alueesta ja siihen liittyvist\u00e4 ilmi\u00f6ist\u00e4 ja teemoista l\u00f6yd\u00e4t blogistamme.<\/h2>\n<p style=\"text-align: left\"><img loading=\"lazy\" decoding=\"async\" class=\"aligncenter wp-image-175 size-full\" src=\"https:\/\/sites.uwasa.fi\/lahioinno\/wp-content\/blogs.dir\/4\/files\/sites\/113\/2021\/02\/olympia.png\" alt=\"\" width=\"600\" height=\"433\" srcset=\"https:\/\/sites.uwasa.fi\/lahioinno\/wp-content\/blogs.dir\/4\/files\/sites\/113\/2021\/02\/olympia.png 600w, https:\/\/sites.uwasa.fi\/lahioinno\/wp-content\/blogs.dir\/4\/files\/sites\/113\/2021\/02\/olympia-300x217.png 300w\" sizes=\"(max-width: 600px) 100vw, 600px\" \/><\/p>\n<p style=\"text-align: left\">Olympiakortteli sijaitsee Vaasassa V\u00f6yrinkaupungin kaupunginosassa, l\u00e4hell\u00e4 kasvavaa Pohjois-Klemettil\u00e4n aluetta. Kortteli on saanut omaper\u00e4isen nimens\u00e4 alueella vuoteen 1989 asti toimineen Suomen Moottoritehtaan valmistamien Olympia-merkkisten moottoreiden mukaan.\u00a0Vaasalaiset Wickstr\u00f6min veljekset ja heid\u00e4n valmistamansa keskimoottorit tunnetaan laajasti. Wickstr\u00f6meill\u00e4 oppinsa ja taitonsa ammentanut kolmikko Edvin Sundholm sek\u00e4 veljekset Adolf ja Arvid Anderson perustivat oman vene- ja maamoottoreita valmistavan Suomen Moottoritehtaan vuonna 1920.<\/p>\n<p><img loading=\"lazy\" decoding=\"async\" class=\"alignleft wp-image-226 \" src=\"https:\/\/sites.uwasa.fi\/lahioinno\/wp-content\/blogs.dir\/4\/files\/sites\/113\/2021\/02\/olympiakortteli02-1024x768.jpg\" alt=\"\" width=\"619\" height=\"464\" srcset=\"https:\/\/sites.uwasa.fi\/lahioinno\/wp-content\/blogs.dir\/4\/files\/sites\/113\/2021\/02\/olympiakortteli02-1024x768.jpg 1024w, https:\/\/sites.uwasa.fi\/lahioinno\/wp-content\/blogs.dir\/4\/files\/sites\/113\/2021\/02\/olympiakortteli02-300x225.jpg 300w, https:\/\/sites.uwasa.fi\/lahioinno\/wp-content\/blogs.dir\/4\/files\/sites\/113\/2021\/02\/olympiakortteli02-768x576.jpg 768w, https:\/\/sites.uwasa.fi\/lahioinno\/wp-content\/blogs.dir\/4\/files\/sites\/113\/2021\/02\/olympiakortteli02-1536x1152.jpg 1536w, https:\/\/sites.uwasa.fi\/lahioinno\/wp-content\/blogs.dir\/4\/files\/sites\/113\/2021\/02\/olympiakortteli02.jpg 2048w\" sizes=\"(max-width: 619px) 100vw, 619px\" \/><\/p>\n<h4>Alueen nimeen liittyy hauskaa historiaa ja kulttuuriperint\u00f6\u00e4<\/h4>\n<p style=\"text-align: left\">Moottorin nimeksi valittiin \u2019Olympia\u2019 samana vuonna j\u00e4rjestett\u00e4vien Antwerpenin olympialaisten inspiroimana. Paavo Nurmi juoksi tuolloin Belgiassa kolme kultaa ja keih\u00e4\u00e4nheitossa napattiin neloisvoitto. Olympialaiset muistetaan my\u00f6s siit\u00e4, ett\u00e4 Suomen kisajoukkueen maskottina oli el\u00e4v\u00e4 karhunpentu. Alueen nimeen liittyy hauskaa historiaa ja kulttuuriperint\u00f6\u00e4.<\/p>\n<p style=\"text-align: left\">Olympiakorttelin asuinaluetta on piinannut vuosikymmenten ajan jo suunnitteluvaiheessa syntynyt huono maine. Korttelia on \u201dmaalitettu\u201d johtuen nuorista opiskelijoista, ulkomaalaistaustaisesta v\u00e4est\u00f6st\u00e4 ja sosiaalisen tuen piiriss\u00e4 olevista asukkaista. Osin perusteettoman maineen taakasta irrottautuminen on osoittautunut hyvin vaikeaksi, vaikka nykyisin alue on rauhallinen, ja sen asukkaat muodostavat mielenkiintoisen monikulttuurisen yhteis\u00f6n, jonka sosiaaliset verkostot ulottuvat ymp\u00e4ri maailman. Asukkaat my\u00f6s poikkeuksetta mainitsevat viihtyv\u00e4ns\u00e4 alueella.<\/p>\n<h4>Olympiakortteli on rakennettu tiiviiksi umpikortteliksi<\/h4>\n<p style=\"text-align: left\">V\u00f6yrinkaupunkia leimaa entisen ty\u00f6l\u00e4iskaupunginosan henki. Asiaan vaikuttaa sekin, ett\u00e4 alue selvisi 1960\u20131980-luvuilla vallinneesta keskustasaneerauksesta ja purkubuumista suhteellisen hyvin. V\u00f6yrinkaupungista l\u00f6ytyy edelleen runsaasti alkuper\u00e4ist\u00e4 rakennuskantaa, p\u00e4\u00e4asiassa 1900-luvun alussa rakennettuja puutaloja. T\u00e4ss\u00e4 ymp\u00e4rist\u00f6ss\u00e4 Olympiakorttelin 1990-luvulla rakennetut postmodernismia edustavat pastellinv\u00e4riset rakennukset pist\u00e4v\u00e4t kielt\u00e4m\u00e4tt\u00e4 hieman silm\u00e4\u00e4n \u2013 omalla persoonallisella tavallaan.\u00a0Olympiakortteli on rakennettu tiiviiksi umpikortteliksi, joka osaltaan korostaa korttelin vahvaa itsen\u00e4ist\u00e4 profiilia V\u00f6yrinkaupungin muun vanhemman rakennuskannan keskell\u00e4.<\/p>\n<p>Laajemmin tarkasteltuna alue on muuttumassa, kun kaupungin keskustan painopiste on siirtym\u00e4ss\u00e4 kaupunkia halkovan rata-alueen V\u00f6yrinkaupungin ja Pohjois-Klemettil\u00e4n puolelle. Kyseiselle Pohjois-Klemettil\u00e4n alueelle rakennettiin noin 450 uutta kerrostaloasuntoa vuosina 2010\u20132018 ja uusia kohteita on nousemassa my\u00f6s tulevina vuosina, mik\u00e4 tulee kasvattamaan alueen v\u00e4kilukua edelleen.\u00a0V\u00f6yrinkaupungin suuralueella asuu kaiken kaikkiaan 3 567 henkil\u00f6\u00e4. Alueen palvelutarjonta tulee lis\u00e4\u00e4ntym\u00e4\u00e4n merkitt\u00e4v\u00e4sti Wasa Station -nimisen rakennushankkeen my\u00f6t\u00e4. Kyse on suuresta tapahtumakeskuksesta, johon kuuluvat musiikki- ja kongressikeskus, urheilu- ja monitoimitiloja, hotelli, asuntoja sek\u00e4 liiketiloja. Samalla alueeseen kohdistuu keskiluokkaistumisen paineita. Olympiakorttelin asukkaiden kannalta palveluiden saatavuus paranee merkitt\u00e4v\u00e4sti.<\/p>\n<p><img loading=\"lazy\" decoding=\"async\" class=\"alignright wp-image-336 size-large\" src=\"https:\/\/sites.uwasa.fi\/lahioinno\/wp-content\/blogs.dir\/4\/files\/sites\/113\/2022\/04\/lahio-inno-kuvitus-olympia-kartta04-02-1024x932.jpg\" alt=\"\" width=\"640\" height=\"583\" srcset=\"https:\/\/sites.uwasa.fi\/lahioinno\/wp-content\/blogs.dir\/4\/files\/sites\/113\/2022\/04\/lahio-inno-kuvitus-olympia-kartta04-02-1024x932.jpg 1024w, https:\/\/sites.uwasa.fi\/lahioinno\/wp-content\/blogs.dir\/4\/files\/sites\/113\/2022\/04\/lahio-inno-kuvitus-olympia-kartta04-02-300x273.jpg 300w, https:\/\/sites.uwasa.fi\/lahioinno\/wp-content\/blogs.dir\/4\/files\/sites\/113\/2022\/04\/lahio-inno-kuvitus-olympia-kartta04-02-768x699.jpg 768w, https:\/\/sites.uwasa.fi\/lahioinno\/wp-content\/blogs.dir\/4\/files\/sites\/113\/2022\/04\/lahio-inno-kuvitus-olympia-kartta04-02-1536x1398.jpg 1536w, https:\/\/sites.uwasa.fi\/lahioinno\/wp-content\/blogs.dir\/4\/files\/sites\/113\/2022\/04\/lahio-inno-kuvitus-olympia-kartta04-02.jpg 2048w\" sizes=\"(max-width: 640px) 100vw, 640px\" \/><\/p>\n<h4>Sis\u00e4pihoilla aukeaa todellisuus, joka on kes\u00e4isin vihre\u00e4<\/h4>\n<p>V\u00f6yrinkaupungin tilastoalue, jonka osa Olympiakorttelikin on, voidaan useammankin mittarin perusteella m\u00e4\u00e4ritell\u00e4 segregoituneeksi alueeksi. Alueen ty\u00f6tt\u00f6myysaste on toiseksi korkein (14 %) Vaasan suuralueiden joukossa, kun koko Vaasassa ty\u00f6tt\u00f6myysaste on 8,6 %. Maahanmuuttajataustaisten v\u00e4est\u00f6osuus on kaupungin korkein, 23 %, ja se on viisinkertaistunut vuodesta 2000 alkaen. V\u00f6yrinkaupungin v\u00e4est\u00f6profiilia kuvaa hyvin my\u00f6s se, ett\u00e4 0\u20136 vuotiaisista 38,3 % on maahanmuuttajataustaisia. Alueen toinen merkitt\u00e4v\u00e4 v\u00e4est\u00f6kehitystrendi on 20\u201339-vuotiaiden m\u00e4\u00e4r\u00e4n kaksinkertaistuminen vuodesta 2000 vuoteen 2018.\u00a0Olympiakorttelin opiskelijat tekev\u00e4t korttelista el\u00e4v\u00e4n asuinymp\u00e4rist\u00f6n. Vaikka kortteli n\u00e4ytt\u00e4\u00e4 ulkoa k\u00e4sin l\u00e4hes linnakkeelta, sis\u00e4pihoilla aukeaa toisenlainen todellisuus, joka on kes\u00e4isin vihre\u00e4, positiivisesti yll\u00e4tt\u00e4v\u00e4 ja monipolvinen. P\u00e4\u00e4ovesta avariin sis\u00e4tiloihin astuttaessa ensimm\u00e4isen\u00e4 n\u00e4kyv\u00e4t ravintola ja kuntosali.<\/p>\n<p>Olympiakorttelin historiaa ja sen nykyist\u00e4 ehk\u00e4 hieman kulmikasta mainetta ei haluta hukata. Koska ymp\u00e4r\u00f6iv\u00e4 kaupunkirakenne uudistuu nopeasti, vaarana on, ett\u00e4 aika ajaa alueen ohi 2020-luvun urbaanina asuinalueena, mik\u00e4li nykyisi\u00e4 asukkaita sek\u00e4 potentiaalisia tulevia asukkaita ei osata integroida riitt\u00e4v\u00e4sti kaupungin keskeisell\u00e4 paikalla sijaitsevan korttelin kehitt\u00e4miseen. Kehittyv\u00e4 Olympiakortteli voi parhaimmillaan olla maamerkki tulevaisuuden opiskelija-asumiselle ja monikulttuuriselle asumiselle maakuntakeskuksen ytimess\u00e4. T\u00e4ss\u00e4 L\u00e4hi\u00f6-Inno-hanke auttaa ker\u00e4\u00e4m\u00e4ll\u00e4 eri toimijoilta tietoa ja n\u00e4kemyksi\u00e4.<\/p>\n","protected":false},"excerpt":{"rendered":"<p>Esittelemme t\u00e4ll\u00e4 sivulla toisen tutkimistamme asuinalueista. Lis\u00e4\u00e4 tietoa alueesta ja siihen liittyvist\u00e4 ilmi\u00f6ist\u00e4 ja teemoista l\u00f6yd\u00e4t blogistamme. Olympiakortteli sijaitsee Vaasassa V\u00f6yrinkaupungin kaupunginosassa, l\u00e4hell\u00e4 kasvavaa Pohjois-Klemettil\u00e4n aluetta. Kortteli on saanut omaper\u00e4isen nimens\u00e4 alueella vuoteen 1989 asti toimineen Suomen Moottoritehtaan valmistamien Olympia-merkkisten moottoreiden mukaan.\u00a0Vaasalaiset Wickstr\u00f6min veljekset ja heid\u00e4n valmistamansa keskimoottorit tunnetaan laajasti. Wickstr\u00f6meill\u00e4 oppinsa ja taitonsa ammentanut [&hellip;]<\/p>\n","protected":false},"author":135,"featured_media":0,"parent":0,"menu_order":0,"comment_status":"closed","ping_status":"closed","template":"","meta":{"_acf_changed":false,"footnotes":""},"class_list":["post-101","page","type-page","status-publish","hentry"],"acf":[],"_links":{"self":[{"href":"https:\/\/sites.uwasa.fi\/lahioinno\/wp-json\/wp\/v2\/pages\/101"}],"collection":[{"href":"https:\/\/sites.uwasa.fi\/lahioinno\/wp-json\/wp\/v2\/pages"}],"about":[{"href":"https:\/\/sites.uwasa.fi\/lahioinno\/wp-json\/wp\/v2\/types\/page"}],"author":[{"embeddable":true,"href":"https:\/\/sites.uwasa.fi\/lahioinno\/wp-json\/wp\/v2\/users\/135"}],"replies":[{"embeddable":true,"href":"https:\/\/sites.uwasa.fi\/lahioinno\/wp-json\/wp\/v2\/comments?post=101"}],"version-history":[{"count":22,"href":"https:\/\/sites.uwasa.fi\/lahioinno\/wp-json\/wp\/v2\/pages\/101\/revisions"}],"predecessor-version":[{"id":343,"href":"https:\/\/sites.uwasa.fi\/lahioinno\/wp-json\/wp\/v2\/pages\/101\/revisions\/343"}],"wp:attachment":[{"href":"https:\/\/sites.uwasa.fi\/lahioinno\/wp-json\/wp\/v2\/media?parent=101"}],"curies":[{"name":"wp","href":"https:\/\/api.w.org\/{rel}","templated":true}]}}