{"id":8,"date":"2025-11-24T16:22:26","date_gmt":"2025-11-24T14:22:26","guid":{"rendered":"https:\/\/sites.uwasa.fi\/kvantti\/?page_id=8"},"modified":"2025-11-24T17:05:00","modified_gmt":"2025-11-24T15:05:00","slug":"mitateemme","status":"publish","type":"page","link":"https:\/\/sites.uwasa.fi\/kvantti\/mitateemme\/","title":{"rendered":"Mit\u00e4 teemme?"},"content":{"rendered":"<p>Hanke rakentaa Etel\u00e4-Pohjanmaalle uuden osaamispohjan kvanttilaskennan hy\u00f6dynt\u00e4miseksi. Toteutamme kolme demonstraatiota, joissa testataan kvanttilaskennan sovelluksia k\u00e4yt\u00e4nn\u00f6n yritystapauksissa. Lis\u00e4ksi luomme yritysten ja asiantuntijoiden verkoston, joka tukee teknologian k\u00e4ytt\u00f6\u00f6nottoa ja osaamisen vahvistumista.<\/p>\n","protected":false},"excerpt":{"rendered":"<p>Hanke rakentaa Etel\u00e4-Pohjanmaalle uuden osaamispohjan kvanttilaskennan hy\u00f6dynt\u00e4miseksi. Toteutamme kolme demonstraatiota, joissa testataan kvanttilaskennan sovelluksia k\u00e4yt\u00e4nn\u00f6n yritystapauksissa. Lis\u00e4ksi luomme yritysten ja asiantuntijoiden verkoston, joka tukee teknologian k\u00e4ytt\u00f6\u00f6nottoa ja osaamisen vahvistumista.<\/p>\n","protected":false},"author":29,"featured_media":0,"parent":0,"menu_order":0,"comment_status":"closed","ping_status":"closed","template":"","meta":{"_acf_changed":false,"footnotes":""},"class_list":["post-8","page","type-page","status-publish","hentry"],"acf":[],"_links":{"self":[{"href":"https:\/\/sites.uwasa.fi\/kvantti\/wp-json\/wp\/v2\/pages\/8"}],"collection":[{"href":"https:\/\/sites.uwasa.fi\/kvantti\/wp-json\/wp\/v2\/pages"}],"about":[{"href":"https:\/\/sites.uwasa.fi\/kvantti\/wp-json\/wp\/v2\/types\/page"}],"author":[{"embeddable":true,"href":"https:\/\/sites.uwasa.fi\/kvantti\/wp-json\/wp\/v2\/users\/29"}],"replies":[{"embeddable":true,"href":"https:\/\/sites.uwasa.fi\/kvantti\/wp-json\/wp\/v2\/comments?post=8"}],"version-history":[{"count":2,"href":"https:\/\/sites.uwasa.fi\/kvantti\/wp-json\/wp\/v2\/pages\/8\/revisions"}],"predecessor-version":[{"id":47,"href":"https:\/\/sites.uwasa.fi\/kvantti\/wp-json\/wp\/v2\/pages\/8\/revisions\/47"}],"wp:attachment":[{"href":"https:\/\/sites.uwasa.fi\/kvantti\/wp-json\/wp\/v2\/media?parent=8"}],"curies":[{"name":"wp","href":"https:\/\/api.w.org\/{rel}","templated":true}]}}