{"id":75,"date":"2025-11-24T17:53:31","date_gmt":"2025-11-24T15:53:31","guid":{"rendered":"https:\/\/sites.uwasa.fi\/kvantti\/?page_id=75"},"modified":"2025-11-25T09:36:23","modified_gmt":"2025-11-25T07:36:23","slug":"hanke","status":"publish","type":"page","link":"https:\/\/sites.uwasa.fi\/kvantti\/hanke\/","title":{"rendered":"Hanke"},"content":{"rendered":"<header class=\"entry-header\">\n<h1 class=\"page-title\">KVANTTI-VALTTI<\/h1>\n<\/header>\n<div class=\"entry-content\">\n<p>Nimi:\u00a0<span data-olk-copy-source=\"MessageBody\">KVANTTI-VALTTI \u2013 Kvanttilaskennan sovellukset Etel\u00e4-Pohjanmaalla (A81705)<\/span><\/p>\n<p>Toteutusaika: 1.8.2025 \u2013 31.7.2027<\/p>\n<p>Toteuttaja: Vaasan yliopisto \/ Tuotantotalous, Sein\u00e4joki<\/p>\n<p>Rahoittaja: Euroopan aluekehitysrahasto (EAKR), Etel\u00e4-Pohjanmaan liitto<\/p>\n<p>Kokonaisbudjetti:\u00a0<span data-olk-copy-source=\"MessageBody\">343 097 \u20ac, josta EU ja valtion rahoitus 274 477 \u20ac, omarahoitus 42 620 \u20ac, Sein\u00e4joen yliopistokeskuksen kehitt\u00e4misrahoitus 6 000 \u20ac, Etel\u00e4-Pohjanmaan korkeakoulus\u00e4\u00e4ti\u00f6n avustus 20 000 \u20ac.<\/span><\/p>\n<\/div>\n","protected":false},"excerpt":{"rendered":"<p>KVANTTI-VALTTI Nimi:\u00a0KVANTTI-VALTTI \u2013 Kvanttilaskennan sovellukset Etel\u00e4-Pohjanmaalla (A81705) Toteutusaika: 1.8.2025 \u2013 31.7.2027 Toteuttaja: Vaasan yliopisto \/ Tuotantotalous, Sein\u00e4joki Rahoittaja: Euroopan aluekehitysrahasto (EAKR), Etel\u00e4-Pohjanmaan liitto Kokonaisbudjetti:\u00a0343 097 \u20ac, josta EU ja valtion rahoitus 274 477 \u20ac, omarahoitus 42 620 \u20ac, Sein\u00e4joen yliopistokeskuksen kehitt\u00e4misrahoitus 6 000 \u20ac, Etel\u00e4-Pohjanmaan korkeakoulus\u00e4\u00e4ti\u00f6n avustus 20 000 \u20ac.<\/p>\n","protected":false},"author":29,"featured_media":0,"parent":0,"menu_order":0,"comment_status":"closed","ping_status":"closed","template":"","meta":{"_acf_changed":false,"footnotes":""},"class_list":["post-75","page","type-page","status-publish","hentry"],"acf":[],"_links":{"self":[{"href":"https:\/\/sites.uwasa.fi\/kvantti\/wp-json\/wp\/v2\/pages\/75"}],"collection":[{"href":"https:\/\/sites.uwasa.fi\/kvantti\/wp-json\/wp\/v2\/pages"}],"about":[{"href":"https:\/\/sites.uwasa.fi\/kvantti\/wp-json\/wp\/v2\/types\/page"}],"author":[{"embeddable":true,"href":"https:\/\/sites.uwasa.fi\/kvantti\/wp-json\/wp\/v2\/users\/29"}],"replies":[{"embeddable":true,"href":"https:\/\/sites.uwasa.fi\/kvantti\/wp-json\/wp\/v2\/comments?post=75"}],"version-history":[{"count":4,"href":"https:\/\/sites.uwasa.fi\/kvantti\/wp-json\/wp\/v2\/pages\/75\/revisions"}],"predecessor-version":[{"id":86,"href":"https:\/\/sites.uwasa.fi\/kvantti\/wp-json\/wp\/v2\/pages\/75\/revisions\/86"}],"wp:attachment":[{"href":"https:\/\/sites.uwasa.fi\/kvantti\/wp-json\/wp\/v2\/media?parent=75"}],"curies":[{"name":"wp","href":"https:\/\/api.w.org\/{rel}","templated":true}]}}