{"id":16,"date":"2025-11-24T16:36:27","date_gmt":"2025-11-24T14:36:27","guid":{"rendered":"https:\/\/sites.uwasa.fi\/kvantti\/?page_id=16"},"modified":"2026-02-04T08:50:05","modified_gmt":"2026-02-04T06:50:05","slug":"yhteystiedot","status":"publish","type":"page","link":"https:\/\/sites.uwasa.fi\/kvantti\/yhteystiedot\/","title":{"rendered":"Yhteystiedot"},"content":{"rendered":"<header class=\"entry-header\">\n<header class=\"entry-header\">\n<h1 class=\"page-title\"><\/h1>\n<\/header>\n<div class=\"entry-content\">\n<p><strong><a href=\"https:\/\/www.uwasa.fi\/fi\/henkilo\/1401365\">Ahm Shamsuzzoha<\/a><\/strong><br \/>\nHankkeen vastuuhenkil\u00f6 \/ Person responsible for project<br \/>\nVaasan yliopisto, Tekniikan ja innovaatiojohtamisen yksikk\u00f6, Tuotantotalous<br \/>\netunimi.sukunimi(at)uwasa.fi<\/p>\n<p><strong><a href=\"https:\/\/www.uwasa.fi\/fi\/henkilo\/1311364\">Juha Arrasvuori<\/a><\/strong><br \/>\nProjektip\u00e4\u00e4llikk\u00f6<br \/>\nVaasan yliopisto, Tekniikan ja innovaatiojohtamisen yksikk\u00f6, Tuotantotalous<br \/>\netunimi.sukunimi(at)uwasa.fi<\/p>\n<p><strong><a href=\"https:\/\/www.uwasa.fi\/fi\/henkilo\/2063123\">Mikael M\u00e4enp\u00e4\u00e4<\/a><\/strong><br \/>\nAsiantuntija: digitaalinen oppiminen ja viestint\u00e4<br \/>\nVaasan yliopisto, Tekniikan ja innovaatiojohtamisen yksikk\u00f6, Tuotantotalous<br \/>\netunimi.sukunimi(at)uwasa.fi<\/p>\n<p><strong><a href=\"https:\/\/www.uwasa.fi\/fi\/henkilo\/2104529\">Vaiva Stanisauskaite<\/a><\/strong><br \/>\nAsiantuntija: liiketoimintakehitt\u00e4minen<br \/>\nVaasan yliopisto, Digital Economy<br \/>\netunimi.sukunimi(at)uwasa.fi<\/p>\n<p><strong><a href=\"https:\/\/www.uwasa.fi\/fi\/henkilo\/1041738\">Pirjo Yli-Viitala<\/a><\/strong><br \/>\nAsiantuntija: yhteiskehitt\u00e4minen ja pk-yritysten digitalisaatio<br \/>\nVaasan yliopisto, Tekniikan ja innovaatiojohtamisen yksikk\u00f6, Tuotantotalous<br \/>\netunimi.sukunimi(at)uwasa.fi<\/p>\n<p><strong><a href=\"https:\/\/www.uwasa.fi\/fi\/henkilo\/1041716\">Anita Latvala<\/a><\/strong><br \/>\nController<br \/>\nVaasan yliopisto, Yliopistopalvelut \/ Akateemisten yksik\u00f6iden hallintopalvelut<br \/>\netunimi.sukunimi(at)uwasa.fi<\/p>\n<p>&nbsp;<\/p>\n<\/div>\n<p><strong>[Hankeryhm\u00e4\u00e4 tullaan laajentamaan v. 2026 aikana \/ The project team will be expanded during 2026]<\/strong><\/p>\n<\/header>\n","protected":false},"excerpt":{"rendered":"<p>Ahm Shamsuzzoha Hankkeen vastuuhenkil\u00f6 \/ Person responsible for project Vaasan yliopisto, Tekniikan ja innovaatiojohtamisen yksikk\u00f6, Tuotantotalous etunimi.sukunimi(at)uwasa.fi Juha Arrasvuori Projektip\u00e4\u00e4llikk\u00f6 Vaasan yliopisto, Tekniikan ja innovaatiojohtamisen yksikk\u00f6, Tuotantotalous etunimi.sukunimi(at)uwasa.fi Mikael M\u00e4enp\u00e4\u00e4 Asiantuntija: digitaalinen oppiminen ja viestint\u00e4 Vaasan yliopisto, Tekniikan ja innovaatiojohtamisen yksikk\u00f6, Tuotantotalous etunimi.sukunimi(at)uwasa.fi Vaiva Stanisauskaite Asiantuntija: liiketoimintakehitt\u00e4minen Vaasan yliopisto, Digital Economy etunimi.sukunimi(at)uwasa.fi Pirjo Yli-Viitala Asiantuntija: [&hellip;]<\/p>\n","protected":false},"author":29,"featured_media":0,"parent":0,"menu_order":0,"comment_status":"closed","ping_status":"closed","template":"","meta":{"_acf_changed":false,"footnotes":""},"class_list":["post-16","page","type-page","status-publish","hentry"],"acf":[],"_links":{"self":[{"href":"https:\/\/sites.uwasa.fi\/kvantti\/wp-json\/wp\/v2\/pages\/16"}],"collection":[{"href":"https:\/\/sites.uwasa.fi\/kvantti\/wp-json\/wp\/v2\/pages"}],"about":[{"href":"https:\/\/sites.uwasa.fi\/kvantti\/wp-json\/wp\/v2\/types\/page"}],"author":[{"embeddable":true,"href":"https:\/\/sites.uwasa.fi\/kvantti\/wp-json\/wp\/v2\/users\/29"}],"replies":[{"embeddable":true,"href":"https:\/\/sites.uwasa.fi\/kvantti\/wp-json\/wp\/v2\/comments?post=16"}],"version-history":[{"count":22,"href":"https:\/\/sites.uwasa.fi\/kvantti\/wp-json\/wp\/v2\/pages\/16\/revisions"}],"predecessor-version":[{"id":88,"href":"https:\/\/sites.uwasa.fi\/kvantti\/wp-json\/wp\/v2\/pages\/16\/revisions\/88"}],"wp:attachment":[{"href":"https:\/\/sites.uwasa.fi\/kvantti\/wp-json\/wp\/v2\/media?parent=16"}],"curies":[{"name":"wp","href":"https:\/\/api.w.org\/{rel}","templated":true}]}}