{"id":12,"date":"2025-11-24T16:22:56","date_gmt":"2025-11-24T14:22:56","guid":{"rendered":"https:\/\/sites.uwasa.fi\/kvantti\/?page_id=12"},"modified":"2025-11-24T17:19:32","modified_gmt":"2025-11-24T15:19:32","slug":"kestava-kehitys","status":"publish","type":"page","link":"https:\/\/sites.uwasa.fi\/kvantti\/kestava-kehitys\/","title":{"rendered":"Kest\u00e4v\u00e4 kehitys"},"content":{"rendered":"<p>Kvanttilaskenta voi tehostaa teollisuuden, logistiikan ja energiank\u00e4yt\u00f6n optimointia \u2013 eli suoraan v\u00e4hent\u00e4\u00e4 resurssien kulutusta. Hanke tukee \u00e4lykk\u00e4\u00e4n erikoistumisen strategiaa ja vahvistaa alueen yritysten kyky\u00e4 hy\u00f6dynt\u00e4\u00e4 v\u00e4h\u00e4hiiliseen tuotantoon t\u00e4ht\u00e4\u00e4vi\u00e4 digitaalisia ratkaisuja.<\/p>\n<p data-start=\"2514\" data-end=\"2622\">KVANTTI-VALTTI edist\u00e4\u00e4 <strong data-start=\"2534\" data-end=\"2574\">YK:n kest\u00e4v\u00e4n kehityksen tavoitteita<\/strong>\u00a0linjassa\u00a0<a href=\"https:\/\/www.uwasa.fi\/fi\/yliopisto\/strategia-ja-arvot-0\/kestava-kehitys-ja-vastuullisuus\" target=\"_blank\" rel=\"noopener\">Vaasan yliopiston kest\u00e4v\u00e4n kehityksen tavoitteisiin<\/a>:<\/p>\n<p data-start=\"276\" data-end=\"539\"><img loading=\"lazy\" decoding=\"async\" class=\"wp-image-65 alignnone\" src=\"https:\/\/sites.uwasa.fi\/virpi\/wp-content\/blogs.dir\/4\/files\/sites\/254\/2025\/09\/kkt-08.png\" alt=\"\" width=\"165\" height=\"165\" \/><\/p>\n<p data-start=\"276\" data-end=\"539\"><strong data-start=\"276\" data-end=\"323\">8 \u2013 Ihmisarvoista ty\u00f6t\u00e4 ja talouskasvua<\/strong><br data-start=\"323\" data-end=\"326\" \/>Kvanttilaskenta avaa alueen yrityksille t\u00e4ysin uuden osaamisalueen, joka vahvistaa tuottavuutta ja tukee korkean teknologian ty\u00f6paikkojen synty\u00e4. Hankkeessa rakennetaan osaamista, joka parantaa yritysten kilpailukyky\u00e4 ja mahdollistaa talouskasvun ymp\u00e4rist\u00f6\u00e4 kuormittamatta.<\/p>\n<p data-start=\"276\" data-end=\"539\"><img loading=\"lazy\" decoding=\"async\" class=\" wp-image-66 alignnone\" src=\"https:\/\/sites.uwasa.fi\/virpi\/wp-content\/blogs.dir\/4\/files\/sites\/254\/2025\/09\/kkt-09.png\" alt=\"\" width=\"165\" height=\"165\" \/><\/p>\n<p data-start=\"541\" data-end=\"848\"><strong data-start=\"541\" data-end=\"610\">9 \u2013 Kest\u00e4v\u00e4\u00e4 teollisuutta, innovaatioita ja infrastruktuureja<\/strong><br data-start=\"610\" data-end=\"613\" \/>KVANTTI-VALTTI toimii innovaatioveturina Etel\u00e4-Pohjanmaalle. Hankkeessa toteutetaan kolme demonstraatiota, joissa yritykset testaavat kvanttilaskennan sovelluksia prosessioptimoinnissa, data-analytiikassa ja tuotannon kehitt\u00e4misess\u00e4. T\u00e4m\u00e4 vahvistaa teollisia innovaatioita ja kiinnitt\u00e4\u00e4 kvanttilaskennan osaksi alueen teknologista infrastruktuuria.<\/p>\n<p data-start=\"541\" data-end=\"848\"><img loading=\"lazy\" decoding=\"async\" class=\" wp-image-67 alignnone\" src=\"https:\/\/sites.uwasa.fi\/virpi\/wp-content\/blogs.dir\/4\/files\/sites\/254\/2025\/09\/kkt-11.png\" alt=\"\" width=\"165\" height=\"165\" \/><\/p>\n<p data-start=\"850\" data-end=\"1102\"><strong data-start=\"850\" data-end=\"893\">11 \u2013 Kest\u00e4v\u00e4t kaupungit ja yhteis\u00f6t<\/strong><br data-start=\"893\" data-end=\"896\" \/>Uudet digitaaliset ratkaisut parantavat alueen elinvoimaa ja p\u00e4\u00e4t\u00f6ksentekokyky\u00e4. Kvanttilaskennan tuottama analytiikka ja optimointi voivat tukea esimerkiksi logistiikan, energiank\u00e4yt\u00f6n ja palveluverkkojen kehitt\u00e4mist\u00e4, mik\u00e4 tekee Etel\u00e4-Pohjanmaan kunnista ja yritysverkostoista kest\u00e4v\u00e4mpi\u00e4 ja tulevaisuuteen varautuvia.<\/p>\n<p data-start=\"1104\" data-end=\"1391\"><img loading=\"lazy\" decoding=\"async\" class=\"wp-image-68 alignnone\" src=\"https:\/\/sites.uwasa.fi\/virpi\/wp-content\/blogs.dir\/4\/files\/sites\/254\/2025\/09\/kkt-12.png\" alt=\"\" width=\"165\" height=\"165\" \/><\/p>\n<p data-start=\"1104\" data-end=\"1391\"><strong data-start=\"1104\" data-end=\"1149\">12 \u2013 Vastuullinen kulutus ja tuotanto<\/strong><br data-start=\"1149\" data-end=\"1152\" \/>Kvanttilaskenta tarjoaa uusia tapoja v\u00e4hent\u00e4\u00e4 hukkaa ja tehostaa resurssien k\u00e4ytt\u00f6\u00e4. Hankkeen demonstraatiot auttavat yrityksi\u00e4 optimoimaan tuotantoa, materiaalivirtoja ja energiankulutusta, mik\u00e4 tukee vastuullisia tuotantomalleja ja pienent\u00e4\u00e4 ymp\u00e4rist\u00f6jalanj\u00e4lke\u00e4.<\/p>\n<p>&nbsp;<\/p>\n<p>&nbsp;<\/p>\n","protected":false},"excerpt":{"rendered":"<p>Kvanttilaskenta voi tehostaa teollisuuden, logistiikan ja energiank\u00e4yt\u00f6n optimointia \u2013 eli suoraan v\u00e4hent\u00e4\u00e4 resurssien kulutusta. Hanke tukee \u00e4lykk\u00e4\u00e4n erikoistumisen strategiaa ja vahvistaa alueen yritysten kyky\u00e4 hy\u00f6dynt\u00e4\u00e4 v\u00e4h\u00e4hiiliseen tuotantoon t\u00e4ht\u00e4\u00e4vi\u00e4 digitaalisia ratkaisuja. KVANTTI-VALTTI edist\u00e4\u00e4 YK:n kest\u00e4v\u00e4n kehityksen tavoitteita\u00a0linjassa\u00a0Vaasan yliopiston kest\u00e4v\u00e4n kehityksen tavoitteisiin: 8 \u2013 Ihmisarvoista ty\u00f6t\u00e4 ja talouskasvuaKvanttilaskenta avaa alueen yrityksille t\u00e4ysin uuden osaamisalueen, joka vahvistaa tuottavuutta [&hellip;]<\/p>\n","protected":false},"author":29,"featured_media":0,"parent":0,"menu_order":0,"comment_status":"closed","ping_status":"closed","template":"","meta":{"_acf_changed":false,"footnotes":""},"class_list":["post-12","page","type-page","status-publish","hentry"],"acf":[],"_links":{"self":[{"href":"https:\/\/sites.uwasa.fi\/kvantti\/wp-json\/wp\/v2\/pages\/12"}],"collection":[{"href":"https:\/\/sites.uwasa.fi\/kvantti\/wp-json\/wp\/v2\/pages"}],"about":[{"href":"https:\/\/sites.uwasa.fi\/kvantti\/wp-json\/wp\/v2\/types\/page"}],"author":[{"embeddable":true,"href":"https:\/\/sites.uwasa.fi\/kvantti\/wp-json\/wp\/v2\/users\/29"}],"replies":[{"embeddable":true,"href":"https:\/\/sites.uwasa.fi\/kvantti\/wp-json\/wp\/v2\/comments?post=12"}],"version-history":[{"count":6,"href":"https:\/\/sites.uwasa.fi\/kvantti\/wp-json\/wp\/v2\/pages\/12\/revisions"}],"predecessor-version":[{"id":58,"href":"https:\/\/sites.uwasa.fi\/kvantti\/wp-json\/wp\/v2\/pages\/12\/revisions\/58"}],"wp:attachment":[{"href":"https:\/\/sites.uwasa.fi\/kvantti\/wp-json\/wp\/v2\/media?parent=12"}],"curies":[{"name":"wp","href":"https:\/\/api.w.org\/{rel}","templated":true}]}}