{"id":10,"date":"2025-11-24T16:22:37","date_gmt":"2025-11-24T14:22:37","guid":{"rendered":"https:\/\/sites.uwasa.fi\/kvantti\/?page_id=10"},"modified":"2025-11-24T17:05:20","modified_gmt":"2025-11-24T15:05:20","slug":"yrityksille","status":"publish","type":"page","link":"https:\/\/sites.uwasa.fi\/kvantti\/yrityksille\/","title":{"rendered":"Yrityksille"},"content":{"rendered":"<p>Yritykset p\u00e4\u00e4sev\u00e4t mukaan kvanttilaskennan kokeiluihin matalalla kynnyksell\u00e4. Tarjoamme sparrausta siit\u00e4, miss\u00e4 kvanttilaskenta tuo todellista lis\u00e4arvoa (esim. optimointi, data-analytiikka, resurssitehokkuus). Demot ja ty\u00f6pajat auttavat arvioimaan konkreettisia hy\u00f6tyj\u00e4 ja rakentamaan pitk\u00e4n aikav\u00e4lin valmiuksia.<\/p>\n","protected":false},"excerpt":{"rendered":"<p>Yritykset p\u00e4\u00e4sev\u00e4t mukaan kvanttilaskennan kokeiluihin matalalla kynnyksell\u00e4. Tarjoamme sparrausta siit\u00e4, miss\u00e4 kvanttilaskenta tuo todellista lis\u00e4arvoa (esim. optimointi, data-analytiikka, resurssitehokkuus). Demot ja ty\u00f6pajat auttavat arvioimaan konkreettisia hy\u00f6tyj\u00e4 ja rakentamaan pitk\u00e4n aikav\u00e4lin valmiuksia.<\/p>\n","protected":false},"author":29,"featured_media":0,"parent":0,"menu_order":0,"comment_status":"closed","ping_status":"closed","template":"","meta":{"_acf_changed":false,"footnotes":""},"class_list":["post-10","page","type-page","status-publish","hentry"],"acf":[],"_links":{"self":[{"href":"https:\/\/sites.uwasa.fi\/kvantti\/wp-json\/wp\/v2\/pages\/10"}],"collection":[{"href":"https:\/\/sites.uwasa.fi\/kvantti\/wp-json\/wp\/v2\/pages"}],"about":[{"href":"https:\/\/sites.uwasa.fi\/kvantti\/wp-json\/wp\/v2\/types\/page"}],"author":[{"embeddable":true,"href":"https:\/\/sites.uwasa.fi\/kvantti\/wp-json\/wp\/v2\/users\/29"}],"replies":[{"embeddable":true,"href":"https:\/\/sites.uwasa.fi\/kvantti\/wp-json\/wp\/v2\/comments?post=10"}],"version-history":[{"count":2,"href":"https:\/\/sites.uwasa.fi\/kvantti\/wp-json\/wp\/v2\/pages\/10\/revisions"}],"predecessor-version":[{"id":48,"href":"https:\/\/sites.uwasa.fi\/kvantti\/wp-json\/wp\/v2\/pages\/10\/revisions\/48"}],"wp:attachment":[{"href":"https:\/\/sites.uwasa.fi\/kvantti\/wp-json\/wp\/v2\/media?parent=10"}],"curies":[{"name":"wp","href":"https:\/\/api.w.org\/{rel}","templated":true}]}}