{"id":910,"date":"2023-01-09T15:27:41","date_gmt":"2023-01-09T13:27:41","guid":{"rendered":"https:\/\/sites.uwasa.fi\/kompassi\/?page_id=910"},"modified":"2023-02-01T10:10:23","modified_gmt":"2023-02-01T08:10:23","slug":"ohje","status":"publish","type":"page","link":"https:\/\/sites.uwasa.fi\/kompassi\/oppimisymparisto\/ohje\/","title":{"rendered":"Riskioppi-ymp\u00e4rist\u00f6n k\u00e4ytt\u00e4minen"},"content":{"rendered":"<p>T\u00e4ss\u00e4 ohjeistuksessa k\u00e4ymme l\u00e4pi muutamia Riskioppi-ymp\u00e4rist\u00f6n toimintaan liittyvi\u00e4 k\u00e4yt\u00e4nn\u00f6n asioita, joista sinun on hyv\u00e4 tiet\u00e4\u00e4 ennen opiskelun aloittamista.<\/p>\n<h2 id=\"kirjautuminen\"><strong>Riskioppi-ymp\u00e4rist\u00f6<\/strong><\/h2>\n<p>Riskioppi-ymp\u00e4rist\u00f6n pelillistetyss\u00e4 aineistossa k\u00e4sittelemme\u00a0<b>riskienhallintaa digitaalisessa toimintaymp\u00e4rist\u00f6ss\u00e4<\/b>. Aihe on vaativa, mutta pyrimme edist\u00e4m\u00e4\u00e4n sen oppimista innostavalla tavalla. Oppimisaineisto jakaantuu arjen digiriskeihin sek\u00e4 ty\u00f6n digiriskeihin. Aihetta k\u00e4sitell\u00e4\u00e4n mm. riskien muodostumisen, arvioinnin ja k\u00e4sittelyn n\u00e4k\u00f6kulmista. Ty\u00f6n digiriskien hallinta rakentuu arjen digiriskien hallinnan osaamisen pohjalle.<\/p>\n<p>On suositeltavaa opiskella aineistoa edeten numeroj\u00e4rjestyksess\u00e4 kappaleesta seuraavaan ja vasemmalta oikealle. T\u00e4m\u00e4 ei kuitenkaan ole pakollista. Voit halutessasi keskitty\u00e4 vain niihin aihepiireihin, jotka n\u00e4et itsellesi hy\u00f6dyllisimpin\u00e4.\u00a0Opintokokonaisuuden arvioitu ajank\u00e4ytt\u00f6 on 7 tuntia.<\/p>\n<p>&nbsp;<\/p>\n<h2><strong>Kirjautuminen<\/strong><\/h2>\n<p>Oppimisymp\u00e4rist\u00f6 toimii periaatteessa mill\u00e4 selainohjelmalla tahansa tietokoneella, padletilla tai \u00e4lypuhelimella. Suositeltu selain on Chrome. Pienikokoisella laitteella kannattaa n\u00e4ytt\u00f6 pit\u00e4\u00e4 vaakasuunnassa, niin tekstipalstat ovat hyvin luettavissa.<\/p>\n<p style=\"padding-left: 40px\"><strong>1. Siirry osoitteeseen: <a href=\"https:\/\/play.seppo.io\" target=\"_blank\" rel=\"noopener\">https:\/\/play.seppo.io<\/a><\/strong><\/p>\n<p style=\"padding-left: 40px\"><strong>2. Valitse kieleksi &#8217;Suomi&#8217; oikeasta yl\u00e4kulmasta.<\/strong> T\u00e4ll\u00f6in valikoiden toiminnot ovat suomeksi kuten t\u00e4ss\u00e4 kuvatussa ohjeessa.<\/p>\n<p style=\"padding-left: 40px\"><a href=\"https:\/\/sites.uwasa.fi\/kompassi\/wp-content\/blogs.dir\/4\/files\/sites\/132\/2023\/01\/login.gif\"><img loading=\"lazy\" decoding=\"async\" class=\"alignnone wp-image-966\" src=\"https:\/\/sites.uwasa.fi\/kompassi\/wp-content\/blogs.dir\/4\/files\/sites\/132\/2023\/01\/login.gif\" alt=\"\" width=\"268\" height=\"268\" \/><\/a><\/p>\n<p style=\"padding-left: 40px\"><strong>3. Kirjaudu &#8217;Pelaajana&#8217;.<\/strong><\/p>\n<p style=\"padding-left: 40px\"><strong>4. Kirjoita &#8221;Anna koodi&#8221; -kentt\u00e4\u00e4n s\u00e4hk\u00f6postitse saamasi Pin-koodi.<\/strong><\/p>\n<p style=\"padding-left: 40px\"><strong>5. Valitse itsellesi k\u00e4ytt\u00e4j\u00e4nimi.<\/strong> Paina t\u00e4m\u00e4n j\u00e4lkeen &#8217;Jatka&#8217;.<\/p>\n<p style=\"padding-left: 40px\"><strong>6. Oppimisymp\u00e4rist\u00f6 luo sinulle henkil\u00f6kohtaisen pelaajatunnuksen.<\/strong> Kirjoita tunnus muistiin. Annetulla k\u00e4ytt\u00e4j\u00e4tunnuksella p\u00e4\u00e4set jatkossa kirjautumaan oppimisymp\u00e4rist\u00f6\u00f6n jatkaen kohdista, johon edellisell\u00e4 kerralla j\u00e4it.<\/p>\n<p style=\"padding-left: 40px\"><a id=\"liikkuminen\" href=\"https:\/\/sites.uwasa.fi\/kompassi\/wp-content\/blogs.dir\/4\/files\/sites\/132\/2023\/01\/kirjautuminen.gif\"><img loading=\"lazy\" decoding=\"async\" class=\"alignnone wp-image-968\" src=\"https:\/\/sites.uwasa.fi\/kompassi\/wp-content\/blogs.dir\/4\/files\/sites\/132\/2023\/01\/kirjautuminen.gif\" alt=\"kirjautuminen Riskioppiin\" width=\"268\" height=\"268\" \/><\/a><\/p>\n<p style=\"padding-left: 40px\"><strong>7. Kun olet kirjoittanut tunnuksesi muistiin, voit painaa &#8217;Jatka peliin&#8217; -nappia<\/strong>, jolloin siirryt Riskioppi-ymp\u00e4rist\u00f6\u00f6n.<\/p>\n<p>&nbsp;<\/p>\n<p><strong>Huom! Kirjautuminen Riskivirasto-oppimispeliin toimii vastaavalla tavalla kuin edell\u00e4 kuvattu Riskioppi-ymp\u00e4rist\u00f6\u00f6n kirjautuminen.<\/strong><\/p>\n<p>&nbsp;<\/p>\n<h2><strong>Liikkuminen Riskioppi-ymp\u00e4rist\u00f6ss\u00e4<\/strong><\/h2>\n<p>Voit zoomata ja liikkua ymp\u00e4rist\u00f6ss\u00e4 kosketusn\u00e4ytt\u00f6\u00e4 tai tietokoneella hiiren rullaa\/raahausta k\u00e4ytt\u00e4en. Kuvakkeita klikkaamalla p\u00e4\u00e4set tutkimaan tarkemmin aihepiiriin liittyv\u00e4\u00e4 aineistoa. Taulukon ja kaavion suurennat klikkaamalla sit\u00e4.<\/p>\n<p><a href=\"https:\/\/sites.uwasa.fi\/kompassi\/wp-content\/blogs.dir\/4\/files\/sites\/132\/2023\/01\/pelilauta-ios.png\"><img loading=\"lazy\" decoding=\"async\" class=\"alignnone wp-image-970\" src=\"https:\/\/sites.uwasa.fi\/kompassi\/wp-content\/blogs.dir\/4\/files\/sites\/132\/2023\/01\/pelilauta-ios.png\" alt=\"Riskioppi-pelilauta\" width=\"282\" height=\"611\" srcset=\"https:\/\/sites.uwasa.fi\/kompassi\/wp-content\/blogs.dir\/4\/files\/sites\/132\/2023\/01\/pelilauta-ios.png 321w, https:\/\/sites.uwasa.fi\/kompassi\/wp-content\/blogs.dir\/4\/files\/sites\/132\/2023\/01\/pelilauta-ios-139x300.png 139w\" sizes=\"(max-width: 282px) 100vw, 282px\" \/><\/a><\/p>\n<h3 id=\"vastaaminen\"><\/h3>\n<p>&nbsp;<\/p>\n<h2><strong>Teht\u00e4viin vastaaminen<\/strong><\/h2>\n<p>Aineistossa on monentyyppisi\u00e4 teht\u00e4vi\u00e4. Teht\u00e4v\u00e4n tyyppi ilmoitetaan kunkin kappaleen otsikon yhteydess\u00e4. Huomaathan, ett\u00e4 kaikissa teht\u00e4viss\u00e4 ei v\u00e4ltt\u00e4m\u00e4tt\u00e4 ole yht\u00e4 oikeaa tai v\u00e4\u00e4r\u00e4\u00e4 vastausta. Olennaista on ajatella teht\u00e4v\u00e4\u00e4n liittyv\u00e4\u00e4 ongelmaa esim. n\u00e4k\u00f6kulmista, joita annetut vastausvaihtoehdot tarjoavat. Riskioppi-ymp\u00e4rist\u00f6ss\u00e4 teht\u00e4vist\u00e4 ei saa pisteit\u00e4 vaan moduulissa eteneminen ilmastaan seuraavilla ikoneilla:<\/p>\n<table class=\"tg\">\n<thead>\n<tr>\n<th class=\"tg-0lax\"><a href=\"https:\/\/sites.uwasa.fi\/kompassi\/wp-content\/blogs.dir\/4\/files\/sites\/132\/2023\/01\/pun.png\"><img loading=\"lazy\" decoding=\"async\" class=\"size-full wp-image-934 aligncenter\" src=\"https:\/\/sites.uwasa.fi\/kompassi\/wp-content\/blogs.dir\/4\/files\/sites\/132\/2023\/01\/pun.png\" alt=\"Punainen ikoni\" width=\"23\" height=\"31\" \/><\/a><\/th>\n<th class=\"tg-0lax\"><a href=\"https:\/\/sites.uwasa.fi\/kompassi\/wp-content\/blogs.dir\/4\/files\/sites\/132\/2023\/01\/sin.png\"><img loading=\"lazy\" decoding=\"async\" class=\"size-full wp-image-935 aligncenter\" src=\"https:\/\/sites.uwasa.fi\/kompassi\/wp-content\/blogs.dir\/4\/files\/sites\/132\/2023\/01\/sin.png\" alt=\"sininen ikoni\" width=\"22\" height=\"32\" \/><\/a><\/th>\n<th class=\"tg-0lax\"><a href=\"https:\/\/sites.uwasa.fi\/kompassi\/wp-content\/blogs.dir\/4\/files\/sites\/132\/2023\/01\/vih.png\"><img loading=\"lazy\" decoding=\"async\" class=\"size-full wp-image-936 aligncenter\" src=\"https:\/\/sites.uwasa.fi\/kompassi\/wp-content\/blogs.dir\/4\/files\/sites\/132\/2023\/01\/vih.png\" alt=\"vihre\u00e4 ikoni\" width=\"22\" height=\"32\" \/><\/a><\/th>\n<th class=\"tg-0pky\"><a href=\"https:\/\/sites.uwasa.fi\/kompassi\/wp-content\/blogs.dir\/4\/files\/sites\/132\/2023\/01\/suoriutuminen.png\"><img loading=\"lazy\" decoding=\"async\" class=\"size-full wp-image-937 aligncenter\" src=\"https:\/\/sites.uwasa.fi\/kompassi\/wp-content\/blogs.dir\/4\/files\/sites\/132\/2023\/01\/suoriutuminen.png\" alt=\"suoritetut kappaleet\" width=\"39\" height=\"31\" \/><\/a><\/th>\n<\/tr>\n<\/thead>\n<tbody>\n<tr>\n<td class=\"tg-0lax\" style=\"text-align: center\">Avoin eli lukematon kappale<\/td>\n<td class=\"tg-0lax\" style=\"text-align: center\">Aloitettu kappale\/teht\u00e4v\u00e4 kesken<\/td>\n<td class=\"tg-0lax\" style=\"text-align: center\">Kappale luettu ja teht\u00e4v\u00e4t suoritettu<\/td>\n<td class=\"tg-0lax\" style=\"text-align: center\">Suoritetut kappaleet \/ kappaleiden m\u00e4\u00e4r\u00e4<\/td>\n<\/tr>\n<\/tbody>\n<\/table>\n<p>&nbsp;<\/p>\n<p><b>Teht\u00e4v\u00e4tyypit<\/b> ovat seuraavat:<\/p>\n<ol>\n<li><b>Valintateht\u00e4v\u00e4<\/b><\/li>\n<li><b>Monivalinta<\/b><\/li>\n<li><b>Luova<\/b> eli avoin teht\u00e4v\u00e4, johon vastaat omina sanoin kirjoittamalla. Voit esimerkiksi vastata \u2019ranskalaisin viivoin\u2019.<\/li>\n<li><b>Puuttuva<\/b> <b>sana<\/b><\/li>\n<li><b>Yhdist\u00e4 parit<\/b>. Vastaat klikkaamalla ensin vasemmanpuoleisessa sarakkeessa olevaa ruutua ja sitten oikeanpuoleisessa sarakkeessa ruutua, jossa on mielest\u00e4si oikea vastausvaihtoehto. Teht\u00e4v\u00e4\u00e4n vastattuasi n\u00e4et oliko vastauksesi oikein vai v\u00e4\u00e4rin seuraavasti:<\/li>\n<\/ol>\n<table class=\"tg\">\n<thead>\n<tr>\n<th class=\"tg-0lax\" style=\"text-align: center\"><strong>Vastauksesi oli oikein!<\/strong><\/th>\n<th class=\"tg-0lax\" style=\"text-align: center\">Vastauksesi oli v\u00e4\u00e4rin!<br \/>\nOikea vastaus olisi ollut =<\/th>\n<\/tr>\n<\/thead>\n<tbody>\n<tr>\n<td class=\"tg-0lax\"><a href=\"https:\/\/sites.uwasa.fi\/kompassi\/wp-content\/blogs.dir\/4\/files\/sites\/132\/2023\/01\/oikeavast.png\"><img loading=\"lazy\" decoding=\"async\" class=\"size-full wp-image-938 aligncenter\" src=\"https:\/\/sites.uwasa.fi\/kompassi\/wp-content\/blogs.dir\/4\/files\/sites\/132\/2023\/01\/oikeavast.png\" alt=\"Oikea vastaus\" width=\"274\" height=\"73\" \/><\/a><\/td>\n<td class=\"tg-0lax\"><a href=\"https:\/\/sites.uwasa.fi\/kompassi\/wp-content\/blogs.dir\/4\/files\/sites\/132\/2023\/01\/vaaravast.png\"><img loading=\"lazy\" decoding=\"async\" class=\"size-full wp-image-939 aligncenter\" src=\"https:\/\/sites.uwasa.fi\/kompassi\/wp-content\/blogs.dir\/4\/files\/sites\/132\/2023\/01\/vaaravast.png\" alt=\"v\u00e4\u00e4r\u00e4 vastaus\" width=\"200\" height=\"147\" \/><\/a><\/td>\n<\/tr>\n<\/tbody>\n<\/table>\n<p>&nbsp;<\/p>\n","protected":false},"excerpt":{"rendered":"<p>T\u00e4ss\u00e4 ohjeistuksessa k\u00e4ymme l\u00e4pi muutamia Riskioppi-ymp\u00e4rist\u00f6n toimintaan liittyvi\u00e4 k\u00e4yt\u00e4nn\u00f6n asioita, joista sinun on hyv\u00e4 tiet\u00e4\u00e4 ennen opiskelun aloittamista. Riskioppi-ymp\u00e4rist\u00f6 Riskioppi-ymp\u00e4rist\u00f6n pelillistetyss\u00e4 aineistossa k\u00e4sittelemme\u00a0riskienhallintaa digitaalisessa toimintaymp\u00e4rist\u00f6ss\u00e4. Aihe on vaativa, mutta pyrimme edist\u00e4m\u00e4\u00e4n sen oppimista innostavalla tavalla. Oppimisaineisto jakaantuu arjen digiriskeihin sek\u00e4 ty\u00f6n digiriskeihin. Aihetta k\u00e4sitell\u00e4\u00e4n mm. riskien muodostumisen, arvioinnin ja k\u00e4sittelyn n\u00e4k\u00f6kulmista. Ty\u00f6n digiriskien hallinta rakentuu [&hellip;]<\/p>\n","protected":false},"author":29,"featured_media":897,"parent":150,"menu_order":0,"comment_status":"closed","ping_status":"closed","template":"","meta":{"_acf_changed":false,"footnotes":""},"class_list":["post-910","page","type-page","status-publish","has-post-thumbnail","hentry"],"acf":[],"_links":{"self":[{"href":"https:\/\/sites.uwasa.fi\/kompassi\/wp-json\/wp\/v2\/pages\/910"}],"collection":[{"href":"https:\/\/sites.uwasa.fi\/kompassi\/wp-json\/wp\/v2\/pages"}],"about":[{"href":"https:\/\/sites.uwasa.fi\/kompassi\/wp-json\/wp\/v2\/types\/page"}],"author":[{"embeddable":true,"href":"https:\/\/sites.uwasa.fi\/kompassi\/wp-json\/wp\/v2\/users\/29"}],"replies":[{"embeddable":true,"href":"https:\/\/sites.uwasa.fi\/kompassi\/wp-json\/wp\/v2\/comments?post=910"}],"version-history":[{"count":106,"href":"https:\/\/sites.uwasa.fi\/kompassi\/wp-json\/wp\/v2\/pages\/910\/revisions"}],"predecessor-version":[{"id":1087,"href":"https:\/\/sites.uwasa.fi\/kompassi\/wp-json\/wp\/v2\/pages\/910\/revisions\/1087"}],"up":[{"embeddable":true,"href":"https:\/\/sites.uwasa.fi\/kompassi\/wp-json\/wp\/v2\/pages\/150"}],"wp:featuredmedia":[{"embeddable":true,"href":"https:\/\/sites.uwasa.fi\/kompassi\/wp-json\/wp\/v2\/media\/897"}],"wp:attachment":[{"href":"https:\/\/sites.uwasa.fi\/kompassi\/wp-json\/wp\/v2\/media?parent=910"}],"curies":[{"name":"wp","href":"https:\/\/api.w.org\/{rel}","templated":true}]}}