{"id":83,"date":"2021-09-03T15:07:34","date_gmt":"2021-09-03T12:07:34","guid":{"rendered":"https:\/\/sites.uwasa.fi\/kompassi\/?page_id=83"},"modified":"2024-03-11T10:25:16","modified_gmt":"2024-03-11T08:25:16","slug":"toteutus","status":"publish","type":"page","link":"https:\/\/sites.uwasa.fi\/kompassi\/toteutus\/","title":{"rendered":"Hankkeen toteutus ja tuloksia"},"content":{"rendered":"<p>Tutustu t\u00e4ll\u00e4 sivulla Kompassi-hankkeessa toteutettuun aineistoon sek\u00e4 tilaisuuksiin, joissa hanketta esiteltiin.<\/p>\n<ol>\n<li>Koosteet Riskioppi-ymp\u00e4rist\u00f6n oppimisaineistoista<\/li>\n<\/ol>\n<ul>\n<li><a href=\"https:\/\/sites.uwasa.fi\/kompassi\/wp-content\/blogs.dir\/4\/files\/sites\/132\/2024\/03\/Riskioppi-Moduuli-1.pdf\">Moduuli 1: Riskienhallinta digitaalisessa toimintaymp\u00e4rist\u00f6ss\u00e4<\/a><\/li>\n<li><a href=\"https:\/\/sites.uwasa.fi\/kompassi\/wp-content\/blogs.dir\/4\/files\/sites\/132\/2024\/03\/Riskioppi-Moduuli-2.pdf\">Moduuli 2:\u00a0Riskienhallinta elinkaariajattelussa ja jatkuvuuden hallinnassa<\/a><\/li>\n<li><a href=\"https:\/\/sites.uwasa.fi\/kompassi\/wp-content\/blogs.dir\/4\/files\/sites\/132\/2024\/03\/Riskioppi-Moduuli-3.pdf\">Moduuli 3: Riskienhallinta osana kyberturvallisuusajattelua<\/a><\/li>\n<li><a href=\"https:\/\/sites.uwasa.fi\/kompassi\/wp-content\/blogs.dir\/4\/files\/sites\/132\/2024\/03\/Riskivirasto.pdf\">Riskivirasto-peli<\/a><\/li>\n<\/ul>\n<p>2. Raportti oppimistarpeiden maakunnallisesta kehitt\u00e4v\u00e4st\u00e4 arvioinnista: \u201d<a href=\"https:\/\/research.tuni.fi\/sente-fi\/julkaisu\/digitalisaatiosta-etela-pohjanmaalla\/\">Digitalisaatiosta Etel\u00e4-Pohjanmaalla \u2013 Mahdollisuuksia hy\u00f6dynt\u00e4en ja riskej\u00e4 halliten<\/a>\u201d<\/p>\n<p style=\"padding-left: 40px\">Julkaisun tiedot:\u00a0Nina Suvinen, Jari Kolehmainen, Juha Arrasvuori, Mikael M\u00e4enp\u00e4\u00e4, Maria Tuuri &amp; Pirjo Yli-Viitala (2023) Digitalisaatiosta Etel\u00e4-Pohjanmaalla: Mahdollisuuksia hy\u00f6dynt\u00e4en ja riskej\u00e4 halliten. Sente-julkaisuja 36\/2023. Tampereen yliopisto: Tampere.<\/p>\n<p>3. Raportti oppimispelist\u00e4: <a href=\"https:\/\/urn.fi\/URN:ISBN:978-952-395-134-1\">Gamification of risk management learning material in the ESF-funded Kompassi project : report on case \u201cRiskivirasto\u201d<\/a><\/p>\n<p style=\"padding-left: 40px\">Julkaisun tiedot: Mikael M\u00e4enp\u00e4\u00e4 (2024)\u00a0Gamification of risk management learning material in the ESF-funded Kompassi project : report on case \u201cRiskivirasto\u201d. University of Vaasa Reports 47.\u00a0<a href=\"https:\/\/urn.fi\/URN:ISBN:978-952-395-134-1\">https:\/\/urn.fi\/URN:ISBN:978-952-395-134-1<\/a><\/p>\n<p>4. <a href=\"https:\/\/sites.uwasa.fi\/kompassi\/wp-content\/blogs.dir\/4\/files\/sites\/132\/2024\/03\/Kompassi-DIH-31.8.2023.pdf\">Selvitys Riskienhallinnan digitaalisen innovaatiokeskittym\u00e4n (DIH) perustamiseksi Etel\u00e4-Pohjanmaalle<\/a> (versio 31.8.2023) (Pirjo Yli-Viitala)<\/p>\n","protected":false},"excerpt":{"rendered":"<p>Tutustu t\u00e4ll\u00e4 sivulla Kompassi-hankkeessa toteutettuun aineistoon sek\u00e4 tilaisuuksiin, joissa hanketta esiteltiin. Koosteet Riskioppi-ymp\u00e4rist\u00f6n oppimisaineistoista Moduuli 1: Riskienhallinta digitaalisessa toimintaymp\u00e4rist\u00f6ss\u00e4 Moduuli 2:\u00a0Riskienhallinta elinkaariajattelussa ja jatkuvuuden hallinnassa Moduuli 3: Riskienhallinta osana kyberturvallisuusajattelua Riskivirasto-peli 2. Raportti oppimistarpeiden maakunnallisesta kehitt\u00e4v\u00e4st\u00e4 arvioinnista: \u201dDigitalisaatiosta Etel\u00e4-Pohjanmaalla \u2013 Mahdollisuuksia hy\u00f6dynt\u00e4en ja riskej\u00e4 halliten\u201d Julkaisun tiedot:\u00a0Nina Suvinen, Jari Kolehmainen, Juha Arrasvuori, Mikael M\u00e4enp\u00e4\u00e4, Maria [&hellip;]<\/p>\n","protected":false},"author":29,"featured_media":0,"parent":0,"menu_order":0,"comment_status":"closed","ping_status":"closed","template":"","meta":{"_acf_changed":false,"footnotes":""},"class_list":["post-83","page","type-page","status-publish","hentry"],"acf":[],"_links":{"self":[{"href":"https:\/\/sites.uwasa.fi\/kompassi\/wp-json\/wp\/v2\/pages\/83"}],"collection":[{"href":"https:\/\/sites.uwasa.fi\/kompassi\/wp-json\/wp\/v2\/pages"}],"about":[{"href":"https:\/\/sites.uwasa.fi\/kompassi\/wp-json\/wp\/v2\/types\/page"}],"author":[{"embeddable":true,"href":"https:\/\/sites.uwasa.fi\/kompassi\/wp-json\/wp\/v2\/users\/29"}],"replies":[{"embeddable":true,"href":"https:\/\/sites.uwasa.fi\/kompassi\/wp-json\/wp\/v2\/comments?post=83"}],"version-history":[{"count":56,"href":"https:\/\/sites.uwasa.fi\/kompassi\/wp-json\/wp\/v2\/pages\/83\/revisions"}],"predecessor-version":[{"id":1487,"href":"https:\/\/sites.uwasa.fi\/kompassi\/wp-json\/wp\/v2\/pages\/83\/revisions\/1487"}],"wp:attachment":[{"href":"https:\/\/sites.uwasa.fi\/kompassi\/wp-json\/wp\/v2\/media?parent=83"}],"curies":[{"name":"wp","href":"https:\/\/api.w.org\/{rel}","templated":true}]}}