{"id":654,"date":"2022-08-11T09:00:11","date_gmt":"2022-08-11T06:00:11","guid":{"rendered":"https:\/\/sites.uwasa.fi\/kompassi\/?page_id=654"},"modified":"2022-08-11T12:27:16","modified_gmt":"2022-08-11T09:27:16","slug":"esr-osallistujatiedot","status":"publish","type":"page","link":"https:\/\/sites.uwasa.fi\/kompassi\/esr-osallistujatiedot\/","title":{"rendered":"ESR-hankkeen osallistujista ker\u00e4tt\u00e4vist\u00e4 tiedoista"},"content":{"rendered":"<p>T\u00e4m\u00e4n sivun tiedot perustuvat Ty\u00f6- ja elinkeinoministeri\u00f6n 24.5.2018 julkaisemaan dokumenttiin: &#8221;Euroopan sosiaalirahaston (ESR) rahoittamiin hankkeisiin osallistuvista henkil\u00f6ist\u00e4 ker\u00e4tt\u00e4v\u00e4t henkil\u00f6tiedot&#8221;. Tutustu koko dokumenttiin t\u00e4st\u00e4: <a href=\"https:\/\/sites.uwasa.fi\/kompassi\/wp-content\/blogs.dir\/4\/files\/sites\/132\/2022\/08\/ESR-hankkeista_kerattavat_henkilotiedot.pdf\">ESR-hankkeista ker\u00e4tt\u00e4v\u00e4t henkil\u00f6tiedot<\/a> (.pdf)<\/p>\n<p>&nbsp;<\/p>\n<h3>Miksi henkil\u00f6tietoja ker\u00e4t\u00e4\u00e4n?<\/h3>\n<p>Kompassi-hanke on rahoitettu Euroopan sosiaalirahaston REACT-EU tuella, joka on osa Euroopan unionin COVID-19-pandemian johdosta toteuttamia toimia. REACT-EU on osa Kest\u00e4v\u00e4\u00e4 kasvua ja ty\u00f6t\u00e4 2014-2020 Suomen rakennerahasto-ohjelmaa.\u00a0 Hankkeeseen osallistuvista henkil\u00f6ist\u00e4 ker\u00e4t\u00e4\u00e4n tietoja. T\u00e4m\u00e4n tiedonkeruun tavoitteena on seurata, ett\u00e4 ohjelman toimenpiteet kohdentuvat juuri niihin henkil\u00f6ryhmiin, joiden tilannetta hankkeilla pyrit\u00e4\u00e4n parantamaan. Suomenkin komissiolta saama EU-rahoitus on osittain riippuvainen siit\u00e4, miten<br \/>\nhyvin Suomi saavuttaa ohjelma-asiakirjassa asetetut tavoitteet.<\/p>\n<p>&nbsp;<\/p>\n<h3>Mit\u00e4 tietoja sinusta ker\u00e4t\u00e4\u00e4n ja miten?<\/h3>\n<p>Hankkeen tilaisuuksissa ja kohderyhm\u00e4lle j\u00e4rjestett\u00e4viss\u00e4 toimenpiteiss\u00e4 osallistujilta ker\u00e4t\u00e4\u00e4n omak\u00e4tisesti allekirjoitettu osallistujalista jolla varmistetaan l\u00e4sn\u00e4olo.<\/p>\n<p><a href=\"https:\/\/eur-lex.europa.eu\/legal-content\/FI\/TXT\/PDF\/?uri=CELEX:32013R1304&amp;from=FI\" target=\"_blank\" rel=\"noopener\">ESR-asetuksessa<\/a> on m\u00e4\u00e4ritelty, mit\u00e4 tietoja on ker\u00e4tt\u00e4v\u00e4 kaikista ESR-toimenpiteisiin osallistuneista henkil\u00f6ist\u00e4. N\u00e4iden lis\u00e4ksi osa ker\u00e4tt\u00e4vist\u00e4 tiedoista on EU:n komission hyv\u00e4ksym\u00e4\u00e4n Suomen kansalliseen rakennerahasto-ohjelmaan liittyvi\u00e4 tietoja.<\/p>\n<h4><\/h4>\n<p>&nbsp;<\/p>\n<h3>Aloitus- ja lopetusilmoitus<\/h3>\n<p>Kun aloitat ESR-rahoitteisessa hankkeessa, sinua pyydet\u00e4\u00e4n t\u00e4ytt\u00e4m\u00e4\u00e4n <strong>aloitusilmoitus<\/strong>. N\u00e4iden tietojen perusteella saadaan kuva siit\u00e4, millainen on tilanteesi sill\u00e4 hetkell\u00e4 kun aloitat hankkeessa. Osa kysymyksist\u00e4 on m\u00e4\u00e4ritelty arkaluonteisiksi ja n\u00e4iden kohdalla voit valita vastausvaihtoehdon \u201dEn halua vastata\u201d. Kaikkiin muihin kysymyksiin on vastattava, sill\u00e4 mik\u00e4li sinusta ei saada ker\u00e4tyksi kaikkia pakollisia tietoja, ei mit\u00e4\u00e4n muitakaan hankkeen ja ohjelman tuloksellisuuteen vaikuttavia tietoja voida sinusta tallentaa tietoj\u00e4rjestelm\u00e4\u00e4n.<\/p>\n<p>Vastaavasti kun lopetat ESR-rahoitteisessa hankkeessa, sinua pyydet\u00e4\u00e4n t\u00e4ytt\u00e4m\u00e4\u00e4n <strong>lopetusilmoitus<\/strong>. Siin\u00e4 antamiesi tietojen perusteella ESR Henkil\u00f6 -j\u00e4rjestelm\u00e4 tarkistaa, onko tilanteessasi tapahtunut jokin muutos sin\u00e4 aikana, jolloin olet ollut hankkeessa. Joissakin hanketyypeiss\u00e4 sinua pyydet\u00e4\u00e4n my\u00f6s arvioimaan hankkeen onnistumista omasta n\u00e4k\u00f6kulmastasi.<\/p>\n<h4><\/h4>\n<p>&nbsp;<\/p>\n<h3>Lomakkeiden allekirjoittaminen ja suostumuksen antaminen<\/h3>\n<p>Sinun tulee t\u00e4ytt\u00e4\u00e4 lomakkeet selke\u00e4sti, vastata kaikkiin esitettyihin kysymyksiin ja <strong>allekirjoittaa lomakkeet<\/strong>. Allekirjoittaessasi lomakkeet vakuutat perehtyneesi t\u00e4ytt\u00f6ohjeeseen sek\u00e4 annat samalla suostumuksesi tietojen luovuttamiseen ESR-hankkeiden seurantaa, arviointia, varainhoitoa ja tarkastamista varten.<\/p>\n<p>Jos et vastaa kaikkiin lomakkeilla esitettyihin kysymyksiin, tulee sinun kuitenkin allekirjoittaa lomake. Vain t\u00e4ll\u00e4 tavalla voidaan osoittaa, ett\u00e4 hankkeen toteuttaja on t\u00e4ytt\u00e4nyt velvollisuutensa ja edes yritt\u00e4nyt ker\u00e4t\u00e4 sinusta vaadittavat tiedot. Mik\u00e4li sinusta saadaan etunimi, sukunimi, syntym\u00e4p\u00e4iv\u00e4 ja sukupuoli, voidaan n\u00e4m\u00e4 tiedot tallentaa j\u00e4rjestelm\u00e4\u00e4n ja sin\u00e4 n\u00e4yt j\u00e4rjestelm\u00e4ss\u00e4 aloittaneena henkil\u00f6n\u00e4, vaikka muita seurantatietoja sinusta ei olekaan saatavilla. T\u00e4ll\u00f6in n\u00e4ytt\u00e4\u00e4 kuitenkin silt\u00e4, ett\u00e4 ohjelman rahoitusta kuluu, mutta asetettuja tavoitteita ei saavuteta.<br \/>\nKoska sinulta kysyt\u00e4\u00e4n arkaluonteisia tietoja, on lomakkeet merkitty <em>salassa pidett\u00e4v\u00e4<\/em> -leimalla.<\/p>\n<h4><\/h4>\n<p>&nbsp;<\/p>\n<h3>Mihin henkil\u00f6tietojasi tallennetaan ja kuka tietoja k\u00e4ytt\u00e4\u00e4?<\/h3>\n<p>Tietojen ker\u00e4\u00e4mist\u00e4 varten on ohjelman hallintoviranomainen eli ty\u00f6- ja elinkeinoministeri\u00f6 toteuttanut <a href=\"http:\/\/eur-lex.europa.eu\/legal-content\/FI\/TXT\/PDF\/?uri=CELEX:32013R1303&amp;from=FI\" target=\"_blank\" rel=\"noopener\">EU:n yleisasetuksen<\/a>\u00a0mukaisesti <strong>ESR Henkil\u00f6<\/strong> -nimisen j\u00e4rjestelm\u00e4n, josta on laadittu <a href=\"http:\/\/www.rakennerahastot.fi\/\" target=\"_blank\" rel=\"noopener\">rekisteriseloste<\/a>. <strong>Suojaustasoon III kuuluvan asiakirjan k\u00e4ytt\u00f6oikeus voidaan antaa vain sille, jolla ty\u00f6teht\u00e4viens\u00e4 vuoksi on tarve saada tietoja asiakirjasta tai muutoin k\u00e4sitell\u00e4 sit\u00e4 ja joka tuntee asiakirjojen k\u00e4sittely\u00e4 koskevat velvoitteet<\/strong>. <a href=\"https:\/\/www.finlex.fi\/fi\/laki\/ajantasa\/1999\/19990523\" target=\"_blank\" rel=\"noopener\">Henkil\u00f6tietolaissa<\/a> ja <a href=\"https:\/\/www.finlex.fi\/fi\/laki\/ajantasa\/1999\/19990731\" target=\"_blank\" rel=\"noopener\">Suomen perustuslaissa<\/a> sek\u00e4 EU:n tietosuoja-asetuksessa on s\u00e4\u00e4detty tietojesi suojaamisesta. T\u00e4m\u00e4n vuoksi sinua koskevien tietojen k\u00e4ytt\u00e4minen on rajoitettua my\u00f6skin viranomaistoiminnassa ja tarkasti valvottua.<\/p>\n<p>Kaikkia tietojasi k\u00e4sittelevi\u00e4 henkil\u00f6it\u00e4 koskee vaitiolovelvollisuus. Henkil\u00f6tietolakia ja EU:n yleist\u00e4 tietosuoja-asetusta sovelletaan 25.5.2018 alkaen rinnakkain kansallisen tietosuojalain voimaan tuloon asti. Hankkeen toteuttaja eli tuensaaja tallentaa tietosi aloitus- ja lopetusilmoituksista j\u00e4rjestelm\u00e4\u00e4n. Hankkeen toteuttaja on vastuussa ESR-hankkeen osallistujatietojen asianmukaisesta ker\u00e4\u00e4misest\u00e4, k\u00e4sittelyst\u00e4,<br \/>\ns\u00e4ilytt\u00e4misest\u00e4, tallentamisesta ja tietosuojaamisesta.<\/p>\n<p>Tarkempia tietoja EU:n tietosuoja-asetuksesta on saatavilla suomeksi osoitteesta <a href=\"http:\/\/www.privacy-regulation.eu\/fi\/index.htm\" target=\"_blank\" rel=\"noopener\">http:\/\/www.privacy-regulation.eu\/fi\/index.htm<\/a> sek\u00e4 <a href=\"http:\/\/www.tietosuoja.fi\/fi\/index\/euntietosuojauudistus.html#tietosuoja-asetustakoskevatkysymyksethttp:\/\/www.tietosuoja.fi\/fi\/index\/euntietosuojauudistus.html\" target=\"_blank\" rel=\"noopener\">Tietosuojavaltuutetun toimiston verkkosivuilta<\/a>.<\/p>\n<p>&nbsp;<\/p>\n<p style=\"text-align: center\"><strong>Tarkista ajantasaiset tiedot aina <a href=\"https:\/\/rakennerahastot.fi\/\" target=\"_blank\" rel=\"noopener\">rakennerahastot.fi<\/a> -sivustolta!<\/strong><\/p>\n<h4><\/h4>\n<h4><\/h4>\n<h4><\/h4>\n<h4><\/h4>\n<h4><\/h4>\n<h4><\/h4>\n<h4><\/h4>\n<h4><\/h4>\n<h4><\/h4>\n<h4><\/h4>\n<h4><\/h4>\n<h4><\/h4>\n<h4><\/h4>\n<p>&nbsp;<\/p>\n<p>&nbsp;<\/p>\n<p>&nbsp;<\/p>\n<p>&nbsp;<\/p>\n<p>&nbsp;<\/p>\n<p>&nbsp;<\/p>\n","protected":false},"excerpt":{"rendered":"<p>T\u00e4m\u00e4n sivun tiedot perustuvat Ty\u00f6- ja elinkeinoministeri\u00f6n 24.5.2018 julkaisemaan dokumenttiin: &#8221;Euroopan sosiaalirahaston (ESR) rahoittamiin hankkeisiin osallistuvista henkil\u00f6ist\u00e4 ker\u00e4tt\u00e4v\u00e4t henkil\u00f6tiedot&#8221;. Tutustu koko dokumenttiin t\u00e4st\u00e4: ESR-hankkeista ker\u00e4tt\u00e4v\u00e4t henkil\u00f6tiedot (.pdf) &nbsp; Miksi henkil\u00f6tietoja ker\u00e4t\u00e4\u00e4n? Kompassi-hanke on rahoitettu Euroopan sosiaalirahaston REACT-EU tuella, joka on osa Euroopan unionin COVID-19-pandemian johdosta toteuttamia toimia. REACT-EU on osa Kest\u00e4v\u00e4\u00e4 kasvua ja ty\u00f6t\u00e4 2014-2020 [&hellip;]<\/p>\n","protected":false},"author":29,"featured_media":0,"parent":0,"menu_order":0,"comment_status":"closed","ping_status":"closed","template":"","meta":{"_acf_changed":false,"footnotes":""},"class_list":["post-654","page","type-page","status-publish","hentry"],"acf":[],"_links":{"self":[{"href":"https:\/\/sites.uwasa.fi\/kompassi\/wp-json\/wp\/v2\/pages\/654"}],"collection":[{"href":"https:\/\/sites.uwasa.fi\/kompassi\/wp-json\/wp\/v2\/pages"}],"about":[{"href":"https:\/\/sites.uwasa.fi\/kompassi\/wp-json\/wp\/v2\/types\/page"}],"author":[{"embeddable":true,"href":"https:\/\/sites.uwasa.fi\/kompassi\/wp-json\/wp\/v2\/users\/29"}],"replies":[{"embeddable":true,"href":"https:\/\/sites.uwasa.fi\/kompassi\/wp-json\/wp\/v2\/comments?post=654"}],"version-history":[{"count":24,"href":"https:\/\/sites.uwasa.fi\/kompassi\/wp-json\/wp\/v2\/pages\/654\/revisions"}],"predecessor-version":[{"id":724,"href":"https:\/\/sites.uwasa.fi\/kompassi\/wp-json\/wp\/v2\/pages\/654\/revisions\/724"}],"wp:attachment":[{"href":"https:\/\/sites.uwasa.fi\/kompassi\/wp-json\/wp\/v2\/media?parent=654"}],"curies":[{"name":"wp","href":"https:\/\/api.w.org\/{rel}","templated":true}]}}