{"id":48,"date":"2021-09-03T13:50:04","date_gmt":"2021-09-03T10:50:04","guid":{"rendered":"https:\/\/sites.uwasa.fi\/kompassi\/?page_id=48"},"modified":"2023-09-01T16:07:24","modified_gmt":"2023-09-01T13:07:24","slug":"hanke","status":"publish","type":"page","link":"https:\/\/sites.uwasa.fi\/kompassi\/hanke\/","title":{"rendered":"Kompassi-hanke"},"content":{"rendered":"<h3>Verkko-oppimisymp\u00e4rist\u00f6 riskienhallinnan ja t\u00e4ydent\u00e4vien digitaalisten taitojen kehitt\u00e4miseksi ty\u00f6llisyytt\u00e4 tukemaan<\/h3>\n<ul>\n<li>Kompassi-hanke oli 1.9.2021\u2013 31.8.2023 toteutettu, <a href=\"https:\/\/ec.europa.eu\/esf\/home.jsp?langId=fi\" target=\"_blank\" rel=\"noopener\">Euroopan sosiaalirahaston<\/a> ESR-rahoitusta saanut Vaasan yliopiston SC-Research -yksik\u00f6n koordinoima hanke. REACT-EU-hankkeet rahoitettiin osana Euroopan unionin COVID-19-pandemian johdosta toteuttamia toimia. Hanke toteutettiin yhdess\u00e4 Tampereen yliopiston (Alueellisen kehitt\u00e4misen tutkimusryhm\u00e4 Sente, Sein\u00e4joen yliopistokeskus) kanssa.<\/li>\n<li>Kompassi-hankkeen tavoitteena oli toteuttaa <strong>digitaalinen oppimisymp\u00e4rist\u00f6<\/strong>, jolla edistet\u00e4\u00e4n riskienhallintaan ja sit\u00e4 t\u00e4ydent\u00e4viin digitaalisiin taitoihin pohjautuvaa osaamiskokonaisuutta. Oppimisymp\u00e4rist\u00f6n kautta parannettavia sek\u00e4 riskinhallintakyky\u00e4 t\u00e4ydent\u00e4vi\u00e4 taitoja ovat mm. ennakointi- ja reagointikyvyn kohentaminen (jatkuvuuden hallinta), muutosjoustavuus (elinkaariajattelu) digitalisoituvassa toimintaymp\u00e4rist\u00f6ss\u00e4 sek\u00e4 kyberturvallisuusajattelu. N\u00e4ist\u00e4 taidoista muodostunutta kokonaisuutta voidaan hy\u00f6dynt\u00e4\u00e4 monilla toimialoilla, joihin digitalisaatio vaikuttaa. Hankkeessa laadittiin aiheisiin liittyen monipuolisia oppimisaineistoja, kuten mm. <strong>riskienhallinnan oppimispeli<\/strong>.<\/li>\n<li>Oppimisymp\u00e4rist\u00f6n kohderyhm\u00e4n\u00e4 olivat <strong>etel\u00e4pohjalaiset yritykset ja ty\u00f6el\u00e4m\u00e4n ulkopuolella olevat alle 25-vuotiaat nuoret<\/strong>. Oppimisymp\u00e4rist\u00f6n k\u00e4ytt\u00f6 oli maksutonta.\n<ul>\n<li>Lue tarkemmin\u00a0<a href=\"https:\/\/sites.uwasa.fi\/kompassi\/esr-osallistujatiedot\/\">ESR-hankkeissa osallistujista ker\u00e4tt\u00e4vist\u00e4 tiedoista<\/a>.<\/li>\n<\/ul>\n<\/li>\n<li>Lis\u00e4ksi hankkeen tavoitteena oli ker\u00e4t\u00e4 kokemuksia digitaaliseen oppimisymp\u00e4rist\u00f6\u00f6n toteutetusta jatkuvan oppimisen mallista, jossa oppimista stimuloidaan mm. pelillisyydell\u00e4 ja tarjoamalla mahdollisuutta saada\u00a0oppimisymp\u00e4rist\u00f6n aiheisiin liittyv\u00e4\u00e4 l\u00e4hiohjausta. Jatkuva oppiminen toteutettiin siten, ett\u00e4 kohderyhmien henkil\u00f6t perehtyiv\u00e4t oppimisaineistoihin omilla ehdoillaan. T\u00e4ht\u00e4imess\u00e4 oli, ett\u00e4 oppimisymp\u00e4rist\u00f6n kautta omaksutuilla taidoilla edistet\u00e4\u00e4n yrityksen liiketoimintaa sek\u00e4 yksil\u00f6iden ty\u00f6llistymismahdollisuuksia.<\/li>\n<\/ul>\n<p><strong>Projektin yhteyshenkil\u00f6<\/strong>:\u00a0<a href=\"https:\/\/www.uwasa.fi\/fi\/henkilo\/1311364\">Juha Arrasvuori<\/a><br \/>\n<strong>Projektin<\/strong>\u00a0<strong>kesto<\/strong>: 1.9.2021\u2013 31.8.2023<br \/>\n<strong>Rahoittajat<\/strong>:\u00a0<a href=\"https:\/\/ec.europa.eu\/esf\/home.jsp?langId=fi\" target=\"_blank\" rel=\"noopener\">Euroopan sosiaalirahasto<\/a><br \/>\n<strong>Kokonaisbudjetti<\/strong>: 371 542\u20ac<\/p>\n<p><strong>Hankeryhm\u00e4:<\/strong><\/p>\n<ul>\n<li><a href=\"https:\/\/www.uwasa.fi\/fi\/henkilo\/1311364\">Juha Arrasvuori<\/a>, VY (hankkeen vetovastuu)<\/li>\n<li><a href=\"https:\/\/www.uwasa.fi\/fi\/henkilo\/2063123\">Mikael M\u00e4enp\u00e4\u00e4<\/a>, VY<\/li>\n<li><a href=\"https:\/\/www.uwasa.fi\/fi\/henkilo\/1041738\">Pirjo Yli-Viitala<\/a>, VY<\/li>\n<li><a href=\"https:\/\/www.uwasa.fi\/fi\/henkilo\/2541738\">Maria Tuuri<\/a>, VY<\/li>\n<li>Nina Suvinen, TUNI<\/li>\n<\/ul>\n<p><img loading=\"lazy\" decoding=\"async\" class=\"wp-image-52 aligncenter\" src=\"https:\/\/sites.uwasa.fi\/kompassi\/wp-content\/blogs.dir\/4\/files\/sites\/132\/2021\/09\/vipuesr-854x340-1.png\" alt=\"Vipuvoimaa Eu:lta % Euroopan sosiaalirahasto\" width=\"324\" height=\"129\" srcset=\"https:\/\/sites.uwasa.fi\/kompassi\/wp-content\/blogs.dir\/4\/files\/sites\/132\/2021\/09\/vipuesr-854x340-1.png 854w, https:\/\/sites.uwasa.fi\/kompassi\/wp-content\/blogs.dir\/4\/files\/sites\/132\/2021\/09\/vipuesr-854x340-1-300x119.png 300w, https:\/\/sites.uwasa.fi\/kompassi\/wp-content\/blogs.dir\/4\/files\/sites\/132\/2021\/09\/vipuesr-854x340-1-768x306.png 768w\" sizes=\"(max-width: 324px) 100vw, 324px\" \/><\/p>\n<p><img loading=\"lazy\" decoding=\"async\" class=\"wp-image-129 aligncenter\" src=\"https:\/\/sites.uwasa.fi\/kompassi\/wp-content\/blogs.dir\/4\/files\/sites\/132\/2021\/09\/ensisijainen-logo-fi-eng-rgb.jpg\" alt=\"\" width=\"250\" height=\"64\" srcset=\"https:\/\/sites.uwasa.fi\/kompassi\/wp-content\/blogs.dir\/4\/files\/sites\/132\/2021\/09\/ensisijainen-logo-fi-eng-rgb.jpg 2048w, https:\/\/sites.uwasa.fi\/kompassi\/wp-content\/blogs.dir\/4\/files\/sites\/132\/2021\/09\/ensisijainen-logo-fi-eng-rgb-300x76.jpg 300w, https:\/\/sites.uwasa.fi\/kompassi\/wp-content\/blogs.dir\/4\/files\/sites\/132\/2021\/09\/ensisijainen-logo-fi-eng-rgb-1024x261.jpg 1024w, https:\/\/sites.uwasa.fi\/kompassi\/wp-content\/blogs.dir\/4\/files\/sites\/132\/2021\/09\/ensisijainen-logo-fi-eng-rgb-768x196.jpg 768w, https:\/\/sites.uwasa.fi\/kompassi\/wp-content\/blogs.dir\/4\/files\/sites\/132\/2021\/09\/ensisijainen-logo-fi-eng-rgb-1536x392.jpg 1536w\" sizes=\"(max-width: 250px) 100vw, 250px\" \/><\/p>\n<p><img loading=\"lazy\" decoding=\"async\" class=\"wp-image-128 aligncenter\" src=\"https:\/\/sites.uwasa.fi\/kompassi\/wp-content\/blogs.dir\/4\/files\/sites\/132\/2021\/09\/logo-tau-fi-eng-violetti-rgb.jpg\" alt=\"\" width=\"197\" height=\"78\" srcset=\"https:\/\/sites.uwasa.fi\/kompassi\/wp-content\/blogs.dir\/4\/files\/sites\/132\/2021\/09\/logo-tau-fi-eng-violetti-rgb.jpg 895w, https:\/\/sites.uwasa.fi\/kompassi\/wp-content\/blogs.dir\/4\/files\/sites\/132\/2021\/09\/logo-tau-fi-eng-violetti-rgb-300x119.jpg 300w, https:\/\/sites.uwasa.fi\/kompassi\/wp-content\/blogs.dir\/4\/files\/sites\/132\/2021\/09\/logo-tau-fi-eng-violetti-rgb-768x304.jpg 768w\" sizes=\"(max-width: 197px) 100vw, 197px\" \/><\/p>\n<p>&nbsp;<\/p>\n","protected":false},"excerpt":{"rendered":"<p>Verkko-oppimisymp\u00e4rist\u00f6 riskienhallinnan ja t\u00e4ydent\u00e4vien digitaalisten taitojen kehitt\u00e4miseksi ty\u00f6llisyytt\u00e4 tukemaan Kompassi-hanke oli 1.9.2021\u2013 31.8.2023 toteutettu, Euroopan sosiaalirahaston ESR-rahoitusta saanut Vaasan yliopiston SC-Research -yksik\u00f6n koordinoima hanke. REACT-EU-hankkeet rahoitettiin osana Euroopan unionin COVID-19-pandemian johdosta toteuttamia toimia. Hanke toteutettiin yhdess\u00e4 Tampereen yliopiston (Alueellisen kehitt\u00e4misen tutkimusryhm\u00e4 Sente, Sein\u00e4joen yliopistokeskus) kanssa. Kompassi-hankkeen tavoitteena oli toteuttaa digitaalinen oppimisymp\u00e4rist\u00f6, jolla edistet\u00e4\u00e4n riskienhallintaan ja [&hellip;]<\/p>\n","protected":false},"author":29,"featured_media":0,"parent":0,"menu_order":0,"comment_status":"closed","ping_status":"closed","template":"","meta":{"_acf_changed":false,"footnotes":""},"class_list":["post-48","page","type-page","status-publish","hentry"],"acf":[],"_links":{"self":[{"href":"https:\/\/sites.uwasa.fi\/kompassi\/wp-json\/wp\/v2\/pages\/48"}],"collection":[{"href":"https:\/\/sites.uwasa.fi\/kompassi\/wp-json\/wp\/v2\/pages"}],"about":[{"href":"https:\/\/sites.uwasa.fi\/kompassi\/wp-json\/wp\/v2\/types\/page"}],"author":[{"embeddable":true,"href":"https:\/\/sites.uwasa.fi\/kompassi\/wp-json\/wp\/v2\/users\/29"}],"replies":[{"embeddable":true,"href":"https:\/\/sites.uwasa.fi\/kompassi\/wp-json\/wp\/v2\/comments?post=48"}],"version-history":[{"count":44,"href":"https:\/\/sites.uwasa.fi\/kompassi\/wp-json\/wp\/v2\/pages\/48\/revisions"}],"predecessor-version":[{"id":1443,"href":"https:\/\/sites.uwasa.fi\/kompassi\/wp-json\/wp\/v2\/pages\/48\/revisions\/1443"}],"wp:attachment":[{"href":"https:\/\/sites.uwasa.fi\/kompassi\/wp-json\/wp\/v2\/media?parent=48"}],"curies":[{"name":"wp","href":"https:\/\/api.w.org\/{rel}","templated":true}]}}