{"id":152,"date":"2021-11-16T12:50:15","date_gmt":"2021-11-16T10:50:15","guid":{"rendered":"https:\/\/sites.uwasa.fi\/kompassi\/?page_id=152"},"modified":"2023-09-01T17:52:10","modified_gmt":"2023-09-01T14:52:10","slug":"oppimispeli","status":"publish","type":"page","link":"https:\/\/sites.uwasa.fi\/kompassi\/oppimispeli\/","title":{"rendered":"Riskivirasto-oppimispeli"},"content":{"rendered":"<p>Suunnittelimme ja toteutimme Kompassi-hankkeessa riskienhallinnan oppimispelin osaksi digitaalista oppimisymp\u00e4rist\u00f6\u00e4. Tavoitteena on, ett\u00e4 pelillinen oppimisymp\u00e4rist\u00f6 stimuloi oppimista ja kiinnostusta sen aiheisiin. Riskiviraston saamaa palautetta:<\/p>\n<ul>\n<li>&#8221;<em>Kiva rakenne pelille ja mielest\u00e4ni opettaa hyvin esimerkkien kautta<\/em>&#8221;<\/li>\n<li>&#8221;<em>Hyvi\u00e4 esimerkkej\u00e4, mitk\u00e4 p\u00e4tev\u00e4t hyvin k\u00e4yt\u00e4nn\u00f6n el\u00e4m\u00e4ss\u00e4; J\u00e4\u00e4v\u00e4t hyvin mieleen<\/em>&#8221;<\/li>\n<\/ul>\n<p>Liity oppimisymp\u00e4rist\u00f6\u00f6n vastaamalla <a href=\"https:\/\/link.webropolsurveys.com\/Participation\/Public\/848d20a2-087a-4380-bc74-dc9851f4d530?displayId=Fin2703801\">t\u00e4h\u00e4n lomakkeeseen<\/a>. (<strong>HUOM! Liittyminen ei en\u00e4\u00e4 mahdollista 31.8.2023 j\u00e4lkeen<\/strong>)<\/p>\n<ul>\n<li><a href=\"https:\/\/www.youtube.com\/watch?v=iMKdgpftHII\" target=\"_blank\" rel=\"noopener\">Katso Riskioppi-ymp\u00e4rist\u00f6n sek\u00e4 Riskivirasto-pelin esittelyvideo<\/a> (YouTube)<\/li>\n<\/ul>\n<h2>Mik\u00e4 Riskivirasto?<\/h2>\n<ul>\n<li>Riskivirasto-peli on oppimispeli riskienhallinnan merkityksest\u00e4 ja mahdollisuuksista digitaalisessa toimintaymp\u00e4rist\u00f6ss\u00e4. Se on toteutettu toukokuussa 2022 j\u00e4rjestetyn Kompassi-ty\u00f6pajan ideointisession sek\u00e4 hankkeessa tuotetun oppimisaineiston pohjalta.<\/li>\n<li>Peliss\u00e4 teht\u00e4v\u00e4n\u00e4si on suorittaa <a href=\"https:\/\/sites.uwasa.fi\/kompassi\/oppimisymparisto\/\">Riskioppi-ymp\u00e4rist\u00f6n<\/a> ensimm\u00e4isen ja kolmannen moduulin aiheisiin liittyv\u00e4 ty\u00f6harjoittelu Riskivirastossa. Harjoittelijan matkaasi ohjaavat kaksi viraston ty\u00f6ntekij\u00e4\u00e4; Laura ja Henri. Yhdess\u00e4 Lauran ja Henrin kanssa ratkaisette p\u00e4iv\u00e4n aikana riskivirastoon yhteytt\u00e4 ottavien asiakkaiden digitaalisiin riskeihin liittyvi\u00e4 ongelmia.<\/li>\n<\/ul>\n<p><a href=\"https:\/\/sites.uwasa.fi\/kompassi\/wp-content\/blogs.dir\/4\/files\/sites\/132\/2022\/08\/laura.png\"><img loading=\"lazy\" decoding=\"async\" class=\"alignleft wp-image-686 size-medium\" src=\"https:\/\/sites.uwasa.fi\/kompassi\/wp-content\/blogs.dir\/4\/files\/sites\/132\/2022\/08\/laura-300x236.png\" alt=\"\" width=\"300\" height=\"236\" srcset=\"https:\/\/sites.uwasa.fi\/kompassi\/wp-content\/blogs.dir\/4\/files\/sites\/132\/2022\/08\/laura-300x236.png 300w, https:\/\/sites.uwasa.fi\/kompassi\/wp-content\/blogs.dir\/4\/files\/sites\/132\/2022\/08\/laura.png 491w\" sizes=\"(max-width: 300px) 100vw, 300px\" \/><\/a><\/p>\n<p>&nbsp;<\/p>\n<p>&nbsp;<\/p>\n<p><strong style=\"text-align: center\">Laura<\/strong><span style=\"text-align: center\">\u00a0on rauhallisesti vaikeisiin tilanteisiin suhtautuva ammattilainen,<br \/>\njolla on kyky n\u00e4hd\u00e4 eteen tulevissa riskeiss\u00e4 my\u00f6s mahdollisuuksia.<\/span><\/p>\n<p>&nbsp;<\/p>\n<p>&nbsp;<\/p>\n<p>&nbsp;<\/p>\n<p>&nbsp;<\/p>\n<p><a href=\"https:\/\/sites.uwasa.fi\/kompassi\/wp-content\/blogs.dir\/4\/files\/sites\/132\/2022\/08\/henri.png\"><img loading=\"lazy\" decoding=\"async\" class=\"wp-image-687 size-medium alignleft\" src=\"https:\/\/sites.uwasa.fi\/kompassi\/wp-content\/blogs.dir\/4\/files\/sites\/132\/2022\/08\/henri-300x242.png\" alt=\"\" width=\"300\" height=\"242\" srcset=\"https:\/\/sites.uwasa.fi\/kompassi\/wp-content\/blogs.dir\/4\/files\/sites\/132\/2022\/08\/henri-300x242.png 300w, https:\/\/sites.uwasa.fi\/kompassi\/wp-content\/blogs.dir\/4\/files\/sites\/132\/2022\/08\/henri.png 473w\" sizes=\"(max-width: 300px) 100vw, 300px\" \/><\/a><\/p>\n<p>&nbsp;<\/p>\n<p>&nbsp;<\/p>\n<p>&nbsp;<\/p>\n<p><strong style=\"text-align: center\">Henri<\/strong><span style=\"text-align: center\">\u00a0puolestaan on varma ja luotettava ty\u00f6pari, joka huomaa vaaran paikat<br \/>\nja auttaa sinua torjumaan digimaailman riskeiss\u00e4 piilev\u00e4t uhat.<\/span><\/p>\n<p>&nbsp;<\/p>\n<p>&nbsp;<\/p>\n<p>&nbsp;<\/p>\n<ul>\n<li>Peliss\u00e4 on yhteens\u00e4 45 eri teht\u00e4v\u00e4\u00e4, joista pelaaja voi omien valintojensa mukaan suorittaa 20. Peli\u00e4 pystyy siis pelaamaan useita reittej\u00e4 pitkin, mik\u00e4 lis\u00e4\u00e4 pelin uudelleen pelaamisen arvoa, vanhan kertaamista sek\u00e4 lis\u00e4oppimista.<\/li>\n<li>Peliss\u00e4 on kaksi maalia eli vaihtoehtoista lopputulosta.<\/li>\n<li>Peli on vahvasti tarinallinen ja teht\u00e4v\u00e4t on mahdollista my\u00f6s kuunnella \u00e4\u00e4nitteelt\u00e4.<\/li>\n<li>Pelin alkupuoli painottuu negatiivisiin riskeihin, niiden ennakointiin, tunnistamiseen, analysointiin ja k\u00e4sittelyyn. Pelin loppupuolella tuodaan vahvasti n\u00e4kyviin my\u00f6s positiiviset riskit eli mahdollisuuksien tunnistaminen.<\/li>\n<\/ul>\n<p>&nbsp;<\/p>\n<p><img loading=\"lazy\" decoding=\"async\" class=\"wp-image-698 aligncenter\" style=\"color: #0000ee\" src=\"https:\/\/sites.uwasa.fi\/kompassi\/wp-content\/blogs.dir\/4\/files\/sites\/132\/2022\/08\/riskivirasto-300x298.png\" alt=\"\" width=\"335\" height=\"333\" srcset=\"https:\/\/sites.uwasa.fi\/kompassi\/wp-content\/blogs.dir\/4\/files\/sites\/132\/2022\/08\/riskivirasto-300x298.png 300w, https:\/\/sites.uwasa.fi\/kompassi\/wp-content\/blogs.dir\/4\/files\/sites\/132\/2022\/08\/riskivirasto-150x150.png 150w, https:\/\/sites.uwasa.fi\/kompassi\/wp-content\/blogs.dir\/4\/files\/sites\/132\/2022\/08\/riskivirasto.png 741w\" sizes=\"(max-width: 335px) 100vw, 335px\" \/><\/p>\n<p>&nbsp;<\/p>\n","protected":false},"excerpt":{"rendered":"<p>Suunnittelimme ja toteutimme Kompassi-hankkeessa riskienhallinnan oppimispelin osaksi digitaalista oppimisymp\u00e4rist\u00f6\u00e4. Tavoitteena on, ett\u00e4 pelillinen oppimisymp\u00e4rist\u00f6 stimuloi oppimista ja kiinnostusta sen aiheisiin. Riskiviraston saamaa palautetta: &#8221;Kiva rakenne pelille ja mielest\u00e4ni opettaa hyvin esimerkkien kautta&#8221; &#8221;Hyvi\u00e4 esimerkkej\u00e4, mitk\u00e4 p\u00e4tev\u00e4t hyvin k\u00e4yt\u00e4nn\u00f6n el\u00e4m\u00e4ss\u00e4; J\u00e4\u00e4v\u00e4t hyvin mieleen&#8221; Liity oppimisymp\u00e4rist\u00f6\u00f6n vastaamalla t\u00e4h\u00e4n lomakkeeseen. (HUOM! Liittyminen ei en\u00e4\u00e4 mahdollista 31.8.2023 j\u00e4lkeen) Katso [&hellip;]<\/p>\n","protected":false},"author":29,"featured_media":788,"parent":0,"menu_order":0,"comment_status":"closed","ping_status":"closed","template":"","meta":{"_acf_changed":false,"footnotes":""},"class_list":["post-152","page","type-page","status-publish","has-post-thumbnail","hentry"],"acf":[],"_links":{"self":[{"href":"https:\/\/sites.uwasa.fi\/kompassi\/wp-json\/wp\/v2\/pages\/152"}],"collection":[{"href":"https:\/\/sites.uwasa.fi\/kompassi\/wp-json\/wp\/v2\/pages"}],"about":[{"href":"https:\/\/sites.uwasa.fi\/kompassi\/wp-json\/wp\/v2\/types\/page"}],"author":[{"embeddable":true,"href":"https:\/\/sites.uwasa.fi\/kompassi\/wp-json\/wp\/v2\/users\/29"}],"replies":[{"embeddable":true,"href":"https:\/\/sites.uwasa.fi\/kompassi\/wp-json\/wp\/v2\/comments?post=152"}],"version-history":[{"count":40,"href":"https:\/\/sites.uwasa.fi\/kompassi\/wp-json\/wp\/v2\/pages\/152\/revisions"}],"predecessor-version":[{"id":1452,"href":"https:\/\/sites.uwasa.fi\/kompassi\/wp-json\/wp\/v2\/pages\/152\/revisions\/1452"}],"wp:featuredmedia":[{"embeddable":true,"href":"https:\/\/sites.uwasa.fi\/kompassi\/wp-json\/wp\/v2\/media\/788"}],"wp:attachment":[{"href":"https:\/\/sites.uwasa.fi\/kompassi\/wp-json\/wp\/v2\/media?parent=152"}],"curies":[{"name":"wp","href":"https:\/\/api.w.org\/{rel}","templated":true}]}}