{"id":150,"date":"2021-11-16T12:49:57","date_gmt":"2021-11-16T10:49:57","guid":{"rendered":"https:\/\/sites.uwasa.fi\/kompassi\/?page_id=150"},"modified":"2024-03-09T09:58:11","modified_gmt":"2024-03-09T07:58:11","slug":"oppimisymparisto","status":"publish","type":"page","link":"https:\/\/sites.uwasa.fi\/kompassi\/oppimisymparisto\/","title":{"rendered":"Riskioppi-ymp\u00e4rist\u00f6"},"content":{"rendered":"<figure id=\"attachment_970\" aria-describedby=\"caption-attachment-970\" style=\"width: 263px\" class=\"wp-caption alignright\"><a href=\"https:\/\/sites.uwasa.fi\/kompassi\/wp-content\/blogs.dir\/4\/files\/sites\/132\/2023\/01\/pelilauta-ios.png\"><img loading=\"lazy\" decoding=\"async\" class=\"wp-image-970\" src=\"https:\/\/sites.uwasa.fi\/kompassi\/wp-content\/blogs.dir\/4\/files\/sites\/132\/2023\/01\/pelilauta-ios.png\" alt=\"Riskioppi-pelilauta\" width=\"263\" height=\"570\" srcset=\"https:\/\/sites.uwasa.fi\/kompassi\/wp-content\/blogs.dir\/4\/files\/sites\/132\/2023\/01\/pelilauta-ios.png 321w, https:\/\/sites.uwasa.fi\/kompassi\/wp-content\/blogs.dir\/4\/files\/sites\/132\/2023\/01\/pelilauta-ios-139x300.png 139w\" sizes=\"(max-width: 263px) 100vw, 263px\" \/><\/a><figcaption id=\"caption-attachment-970\" class=\"wp-caption-text\">Riskioppi-ymp\u00e4rist\u00f6n moduuli 1<\/figcaption><\/figure>\n<p>Toteutamme oppimisymp\u00e4rist\u00f6n, jonka kautta kehitet\u00e4\u00e4n riskinhallintakyvyn taitoja. Omaksutuilla taidoilla edistet\u00e4\u00e4n yrityksen liiketoimintaa sek\u00e4 yksil\u00f6iden ty\u00f6llistymismahdollisuuksia digiymp\u00e4rist\u00f6iss\u00e4. Kutsumme kehitetty\u00e4 ratkaisua <strong>Riskioppi-ymp\u00e4rist\u00f6ksi<\/strong>. Saatua palautetta:<\/p>\n<ul>\n<li><em>&#8221;Ammattimaista, kannustavaa teksti\u00e4, mik\u00e4 motivoi&#8221;<\/em><\/li>\n<li><em>&#8221;Monipuolisesti teksti\u00e4, teht\u00e4vi\u00e4, videoita ja linkkej\u00e4&#8221;<\/em><\/li>\n<li><em>&#8221;Hy\u00f6dyllisi\u00e4 esimerkkej\u00e4 oikeasta el\u00e4m\u00e4st\u00e4&#8221;<\/em><\/li>\n<li>&#8221;<em>Aineistosta sai monipuolisesti uutta tietoa, jonka avulla on helpompi mietti\u00e4, mit\u00e4 tehd\u00e4 riskien ehk\u00e4isemiseksi sek\u00e4 lievent\u00e4miseksi. Aineisto auttoi my\u00f6s n\u00e4kem\u00e4\u00e4n, ett\u00e4 riskiss\u00e4 on uhan lis\u00e4ksi my\u00f6s mahdollisuus.<\/em>&#8221;<\/li>\n<\/ul>\n<p>Riskioppi-ymp\u00e4rist\u00f6 koostuu kolmesta opintomoduulista:<\/p>\n<ul>\n<li>Moduuli 1: <strong>Riskienhallinta digitaalisessa toimintaymp\u00e4rist\u00f6ss\u00e4<\/strong><\/li>\n<li>Moduuli 2:\u00a0<strong><strong>Riskienhallinta elinkaariajattelussa ja jatkuvuuden hallinnassa<\/strong><\/strong><\/li>\n<li>Moduuli 3:\u00a0<strong>Riskienhallinta osana kyberturvallisuusajattelua<\/strong><\/li>\n<\/ul>\n<p>Moduulissa 1 oppimisaineisto jakaantuu:\u00a0<strong>arjen digiriskeihin<\/strong> sek\u00e4 <strong>ty\u00f6n digiriskeihin<\/strong>. T\u00e4m\u00e4n opintokokonaisuuden arvioitu ajank\u00e4ytt\u00f6 on 7 tuntia.<\/p>\n<p>Moduulissa teoriasis\u00e4ll\u00f6n tukena opiskelija p\u00e4\u00e4see aineiston k\u00e4sittelemisen edetess\u00e4 pohtimaan erilaisia teht\u00e4vi\u00e4 ja vastaamaan ajattelua aktivoiviin kysymyksiin. Opiskelija p\u00e4\u00e4see testaamaan osaamistaan my\u00f6s\u00a0<a href=\"https:\/\/sites.uwasa.fi\/kompassi\/oppimispeli\/\">Riskivirasto-peliss\u00e4<\/a>.<\/p>\n<ul>\n<li><a href=\"https:\/\/www.youtube.com\/watch?v=iMKdgpftHII\" target=\"_blank\" rel=\"noopener\">Katso Riskioppi-ymp\u00e4rist\u00f6n sek\u00e4 Riskivirasto-pelin esittelyvideo<\/a> (YouTube)<\/li>\n<\/ul>\n<p>&nbsp;<\/p>\n<figure id=\"attachment_1247\" aria-describedby=\"caption-attachment-1247\" style=\"width: 440px\" class=\"wp-caption alignleft\"><a href=\"https:\/\/sites.uwasa.fi\/kompassi\/wp-content\/blogs.dir\/4\/files\/sites\/132\/2023\/06\/moduulit2-3.png\"><img loading=\"lazy\" decoding=\"async\" class=\"wp-image-1247\" src=\"https:\/\/sites.uwasa.fi\/kompassi\/wp-content\/blogs.dir\/4\/files\/sites\/132\/2023\/06\/moduulit2-3.png\" alt=\"\" width=\"440\" height=\"435\" srcset=\"https:\/\/sites.uwasa.fi\/kompassi\/wp-content\/blogs.dir\/4\/files\/sites\/132\/2023\/06\/moduulit2-3.png 882w, https:\/\/sites.uwasa.fi\/kompassi\/wp-content\/blogs.dir\/4\/files\/sites\/132\/2023\/06\/moduulit2-3-300x296.png 300w, https:\/\/sites.uwasa.fi\/kompassi\/wp-content\/blogs.dir\/4\/files\/sites\/132\/2023\/06\/moduulit2-3-768x758.png 768w\" sizes=\"(max-width: 440px) 100vw, 440px\" \/><\/a><figcaption id=\"caption-attachment-1247\" class=\"wp-caption-text\">Riskioppi-ymp\u00e4rist\u00f6n moduulit 2 ja 3<\/figcaption><\/figure>\n<p>&nbsp;<\/p>\n<p>&nbsp;<\/p>\n<p>&nbsp;<\/p>\n<p>&nbsp;<\/p>\n<p>&nbsp;<\/p>\n<p>Moduulit 2 ja 3 on yhdistetty yhdeksi kokonaisuudeksi. T\u00e4ss\u00e4 pelillistetyss\u00e4 aineistossa k\u00e4sittelemme jatkuvuudenhallintaa ja kyberturvallisuutta t\u00e4ydent\u00e4m\u00e4\u00e4n riskienhallinnan osaamista. Opiskelija ker\u00e4\u00e4 pisteit\u00e4 vastaamalla oikein kappaleiden lopulla oleviin kysymyksiin. H\u00e4n voi halutessaan keskitty\u00e4 vain niihin aihepiireihin, jotka kokee itselleen hy\u00f6dyllisimpin\u00e4. Moduulien 2 ja 3 kokonaisuuden arvioitu ajank\u00e4ytt\u00f6 on 7 tuntia.<\/p>\n<p>&nbsp;<\/p>\n<p>&nbsp;<\/p>\n<p>&nbsp;<\/p>\n<p>&nbsp;<\/p>\n<p>&nbsp;<\/p>\n<p>&nbsp;<\/p>\n<p><img loading=\"lazy\" decoding=\"async\" class=\"wp-image-209 alignleft\" src=\"https:\/\/sites.uwasa.fi\/kompassi\/wp-content\/blogs.dir\/4\/files\/sites\/132\/2022\/02\/seppo-logo.png\" alt=\"\" width=\"226\" height=\"72\" \/><\/p>\n<p>&nbsp;<\/p>\n<p>&nbsp;<\/p>\n<p>&nbsp;<\/p>\n<p>Moduulien sis\u00e4ll\u00f6t toteutetaan Lent\u00e4v\u00e4 Liitutaulu Oy:n \u00a0<a href=\"https:\/\/seppo.io\/fi\/\" target=\"_blank\" rel=\"noopener\">Seppo-pelillisyysalustan<\/a> avulla. Seppo on suunniteltu erityisesti pelillisen opetuksen toteuttamiseen. Seppo-alustalla on t\u00e4h\u00e4n menness\u00e4 toteutettu l\u00e4hes 200 000 oppimispeli\u00e4 ja interaktiivisen oppimisen kurssia eri tarkoituksiin.<\/p>\n<h2>Opiskelijaksi liittyminen ja Riskioppi-ymp\u00e4rist\u00f6n k\u00e4ytt\u00e4minen:<\/h2>\n<p>(<strong>HUOM! Liittyminen ei en\u00e4\u00e4 mahdollista 31.8.2023 j\u00e4lkeen<\/strong>)<\/p>\n","protected":false},"excerpt":{"rendered":"<p>Toteutamme oppimisymp\u00e4rist\u00f6n, jonka kautta kehitet\u00e4\u00e4n riskinhallintakyvyn taitoja. Omaksutuilla taidoilla edistet\u00e4\u00e4n yrityksen liiketoimintaa sek\u00e4 yksil\u00f6iden ty\u00f6llistymismahdollisuuksia digiymp\u00e4rist\u00f6iss\u00e4. Kutsumme kehitetty\u00e4 ratkaisua Riskioppi-ymp\u00e4rist\u00f6ksi. Saatua palautetta: &#8221;Ammattimaista, kannustavaa teksti\u00e4, mik\u00e4 motivoi&#8221; &#8221;Monipuolisesti teksti\u00e4, teht\u00e4vi\u00e4, videoita ja linkkej\u00e4&#8221; &#8221;Hy\u00f6dyllisi\u00e4 esimerkkej\u00e4 oikeasta el\u00e4m\u00e4st\u00e4&#8221; &#8221;Aineistosta sai monipuolisesti uutta tietoa, jonka avulla on helpompi mietti\u00e4, mit\u00e4 tehd\u00e4 riskien ehk\u00e4isemiseksi sek\u00e4 lievent\u00e4miseksi. Aineisto auttoi [&hellip;]<\/p>\n","protected":false},"author":29,"featured_media":752,"parent":0,"menu_order":0,"comment_status":"closed","ping_status":"closed","template":"","meta":{"_acf_changed":false,"footnotes":""},"class_list":["post-150","page","type-page","status-publish","has-post-thumbnail","hentry"],"acf":[],"_links":{"self":[{"href":"https:\/\/sites.uwasa.fi\/kompassi\/wp-json\/wp\/v2\/pages\/150"}],"collection":[{"href":"https:\/\/sites.uwasa.fi\/kompassi\/wp-json\/wp\/v2\/pages"}],"about":[{"href":"https:\/\/sites.uwasa.fi\/kompassi\/wp-json\/wp\/v2\/types\/page"}],"author":[{"embeddable":true,"href":"https:\/\/sites.uwasa.fi\/kompassi\/wp-json\/wp\/v2\/users\/29"}],"replies":[{"embeddable":true,"href":"https:\/\/sites.uwasa.fi\/kompassi\/wp-json\/wp\/v2\/comments?post=150"}],"version-history":[{"count":96,"href":"https:\/\/sites.uwasa.fi\/kompassi\/wp-json\/wp\/v2\/pages\/150\/revisions"}],"predecessor-version":[{"id":1472,"href":"https:\/\/sites.uwasa.fi\/kompassi\/wp-json\/wp\/v2\/pages\/150\/revisions\/1472"}],"wp:featuredmedia":[{"embeddable":true,"href":"https:\/\/sites.uwasa.fi\/kompassi\/wp-json\/wp\/v2\/media\/752"}],"wp:attachment":[{"href":"https:\/\/sites.uwasa.fi\/kompassi\/wp-json\/wp\/v2\/media?parent=150"}],"curies":[{"name":"wp","href":"https:\/\/api.w.org\/{rel}","templated":true}]}}