{"id":148,"date":"2021-11-16T12:49:21","date_gmt":"2021-11-16T10:49:21","guid":{"rendered":"https:\/\/sites.uwasa.fi\/kompassi\/?page_id=148"},"modified":"2024-03-09T09:53:06","modified_gmt":"2024-03-09T07:53:06","slug":"esilla","status":"publish","type":"page","link":"https:\/\/sites.uwasa.fi\/kompassi\/esilla\/","title":{"rendered":"Hanke esill\u00e4 eri tilaisuuksissa"},"content":{"rendered":"<p>KOMPASSI-hanke oli toteutusaikanaan esill\u00e4 eri yhteyksiss\u00e4.<\/p>\n<p><span style=\"text-decoration: underline\"><em>Ty\u00f6paja kohderyhmien edustajien kanssa:<\/em><\/span><\/p>\n<p><strong>5\/2022 KOMPASSI-hankkeen pelillinen tarinankerrontaty\u00f6paja, Sein\u00e4joella 22.5.2022<\/strong><\/p>\n<ul>\n<li>KOMPASSI-hanke j\u00e4rjesti toukokuussa 2022 ty\u00f6pajatilaisuuden kaikille pelioppimisesta ja pelillist\u00e4misest\u00e4 kiinnostuneille. Ty\u00f6pajassa mietittiin asiantuntijoiden avustuksella mm. mill\u00e4 tavoin peleiss\u00e4 voidaan hy\u00f6dynt\u00e4\u00e4 tarinankerrontaa ja millaista on pelisuunnittelu pelimekaniikkojen kannalta? Ty\u00f6pajassa osallistujat p\u00e4\u00e4siv\u00e4t my\u00f6s itse ideoimaan, miten riskienhallinnan oppimateriaalisssa voitaisiin hy\u00f6dynt\u00e4\u00e4 tarinankerrontaa. (<a href=\"https:\/\/sites.uwasa.fi\/kompassi\/event\/tarinapaja\/\">Lue lis\u00e4\u00e4<\/a>)<\/li>\n<\/ul>\n<p><span style=\"text-decoration: underline\"><em>Kampanjat<\/em>:<\/span><\/p>\n<p><strong>3-8\/2023 Jaa digimokasi -kampanja (verkko)<\/strong><\/p>\n<ul>\n<li>Kompassi-hanke k\u00e4ynnisti maaliskuussa 2023 <a href=\"https:\/\/sites.uwasa.fi\/kompassi\/digimoka\/\" target=\"_blank\" rel=\"noopener\">Jaa digimokasi -verkkokampanjan<\/a>, jossa etsimme erilaisia digimokia, eli enemm\u00e4n tai v\u00e4hemm\u00e4n vakavia sattumuksia digilaitteilla ja digiymp\u00e4rist\u00f6iss\u00e4. Kampanjassa vastaaja voi kertoa omin sanoin tilanteesta, jolloin joko h\u00e4n tai jokin muu taho on tehnyt digimokan. N\u00e4in vastaajaa her\u00e4tell\u00e4\u00e4n ajattelemaan digiymp\u00e4rist\u00f6n riskien hallintaa. Samassa yhteydess\u00e4 vastaaja pystyy my\u00f6s ilmoittamaan kiinnostuksensa hankkeen Riskioppi-ymp\u00e4rist\u00f6n ja Riskivirasto-pelin kokeilemisesta sek\u00e4 halutessaan osallistumaan lahjakorttien arvontaan.<\/li>\n<\/ul>\n<p><span style=\"text-decoration: underline\"><em>Seminaari:<\/em><\/span><\/p>\n<p><strong>6\/2023 KOMPASSI-hankkeen seminaari: Digiriskit ja niiden hallinta, Sein\u00e4joella 12.6.2023<\/strong><\/p>\n<ul>\n<li>Tilaisuudessa avattiin Riskioppi-ymp\u00e4rist\u00f6n moduulit 2 ja 3, esiteltiin Kompassi-hankkeen tuloksia sek\u00e4 tuotettu julkaisu &#8221;Digitalisaatiosta Etel\u00e4-Pohjanmaalla &#8211; Mahdollisuuksia hy\u00f6dynt\u00e4en ja riskej\u00e4 halliten&#8221;. Lataa julkaisu <a href=\"https:\/\/research.tuni.fi\/sente-fi\/julkaisu\/digitalisaatiosta-etela-pohjanmaalla\/\" target=\"_blank\" rel=\"noopener\">t\u00e4st\u00e4.<\/a>\u00a0Tilaisuudessa esteltiin my\u00f6s mahdollinen toimintamalli innovaatiokeskittym\u00e4lle digiriskien halintaan.<\/li>\n<\/ul>\n<p><span style=\"text-decoration: underline\"><em>Hanke-esittelyt:<\/em><\/span><\/p>\n<p><strong>3\/2023 KOMPASSI-hanke esill\u00e4 Mission Possible -tiedep\u00e4iv\u00e4ss\u00e4 22.3.2023<\/strong><\/p>\n<ul>\n<li>KOMPASSI-hanke oli esill\u00e4 22.3.2023 Vaasan yliopiston j\u00e4rjest\u00e4m\u00e4ss\u00e4 <a href=\"https:\/\/www.uwasa.fi\/fi\/uutishuone\/uutiset\/mission-possible-tiedepaiva-innosti-tieteen-ystavia-tulevaisuuden-haasteiden\" target=\"_blank\" rel=\"noopener\">Mission Possible -tiedetapahtumassa<\/a>. Aiheenamme oli <em>riskienhallinta digitaalisessa toimintaymp\u00e4rist\u00f6ss\u00e4: case KOMPASSI-hanke<\/em>. Tutustu tilaisuudessa esitettyyn Riskioppi-ymp\u00e4rist\u00f6n sek\u00e4 Riskivirasto-pelin <a href=\"https:\/\/www.youtube.com\/watch?v=iMKdgpftHII\" target=\"_blank\" rel=\"noopener\">esittelyvideoon<\/a>.<\/li>\n<\/ul>\n<p><strong>12\/2022 KOMPASSI-hanke esill\u00e4 Kyberturvallisuuden teknologiafoorumissa 15.12.2022<\/strong><\/p>\n<ul>\n<li>KOMPASSI-hanke oli esill\u00e4 15.12.2022 Sein\u00e4joella DATOS-hankkeen j\u00e4rjest\u00e4m\u00e4ss\u00e4 Kyberturvallisuuden teknologiafoorumin tilaisuudessa. Aiheenamme oli <em>riskienhallinnan osaamisen kehitt\u00e4minen kyberturvallisuuden perustana<\/em>. Esityksen yhteydess\u00e4 oppimisymp\u00e4rist\u00f6 avattiin k\u00e4ytt\u00e4jille. <a href=\"https:\/\/www.lakeusdevaus.fi\/wp-content\/uploads\/2022\/12\/jakoon_KOMPASSI%2015.12.2022.pdf\">Esitysdiat DATOS-hankkeen sivulla<\/a>.<\/li>\n<\/ul>\n<p><strong>9\/2022 Riskivirasto-peli aiheena Vaasan yliopiston HCI-kurssilla<\/strong><\/p>\n<ul>\n<li>Kurssilla opiskelijoille esiteltiin erilaisia harjoitusty\u00f6n aihe-ehdotuksia, joista he voivat valita mieleisens\u00e4. Ryhm\u00e4ty\u00f6n\u00e4 teht\u00e4v\u00e4t harjoitusty\u00f6t liittyv\u00e4t k\u00e4ytett\u00e4vyyteen ja sen parantamiseen. Riskivirasto-peli oli yksi harjoitust\u00f6iden caseista. Kurssin harjoitusty\u00f6 toi KOMPASSI-hankkeelle ensiarvoisen t\u00e4rke\u00e4\u00e4 tietoa siit\u00e4, miten peli\u00e4 ja k\u00e4ytt\u00e4j\u00e4kokemusta voitaisiin parantaa.<\/li>\n<\/ul>\n<p><strong>11\/2021 KOMPASSI-hanke esill\u00e4 Etel\u00e4-Pohjanmaan digituen toimijoiden verkostokokoontumisessa<\/strong><\/p>\n<ul>\n<li>KOMPASSI-hanke oli esill\u00e4 25.11.2021 virtuaalisessa Digituen toimijoiden verkostokokoontumisessa, jossa esitell\u00e4\u00e4n Etel\u00e4-Pohjanmaalla toimivia digihankkeita.<\/li>\n<\/ul>\n<p><strong>11\/2021 KOMPASSI-hanke esill\u00e4 Riski-Digi -hankkeen p\u00e4\u00e4t\u00f6sseminaarissa 24.11.2021<\/strong><\/p>\n<ul>\n<li>KOMPASSI-hanke esiteltiin 24.11.2021 riskienhallintaa ja liiketoimintakehitt\u00e4mist\u00e4 k\u00e4sittelev\u00e4n Riski-Digi -hankkeen p\u00e4\u00e4t\u00f6sseminaarissa Sein\u00e4joella.<\/li>\n<\/ul>\n<p><strong>10\/2021 KOMPASSI-hanke esill\u00e4 Vaasan yliopiston HCI-kurssilla<\/strong><\/p>\n<ul>\n<li>KOMPASSI-hanke oli esill\u00e4 12.10.2021 osana Vaasan yliopiston tietotekniikan oppiaineen\u00a0<a href=\"https:\/\/opas.peppi.uwasa.fi\/fi\/opintojakso\/TITE2240\/1789?period=2021-2022\" target=\"_blank\" rel=\"noopener\">Introduction to Human Computer Interaction<\/a>\u00a0-kurssia, jossa osallistujia oli n. 100 eri koulutusohjelmista sek\u00e4\u00a0<a href=\"https:\/\/fitech.io\/fi\/\" target=\"_blank\" rel=\"noopener\">FITtechin<\/a>\u00a0kautta. Kurssilla opiskelijoille esiteltiin erilaisia harjoitusty\u00f6n aihe-ehdotuksia, joista he voivat valita mieleisens\u00e4. KOMPASSI-hanke esiteltiin kurssilla hankkeena, jossa tullaan hy\u00f6dynt\u00e4m\u00e4\u00e4n ja jatkokehitt\u00e4m\u00e4\u00e4n erityisesti riskien hallinnan aihepiiriin aiemmassa EAKR-hankkeessa kehitetty\u00e4\u00a0<a href=\"https:\/\/sites.uwasa.fi\/peek\/talouspeli\/\">TalousTandem<\/a>-oppimispelin prototyyppi\u00e4.<\/li>\n<\/ul>\n<p><span style=\"text-decoration: underline\"><em>Muut tapahtumat:<\/em><\/span><\/p>\n<p><strong>9\/2021 Hankkeen juliste on valmistunut (p\u00e4ivitetty 2022)<\/strong><\/p>\n<ul>\n<li>KOMPASSI-hankkeelle on laadittu ja julkaistu hankejuliste.<br \/>\n<a href=\"https:\/\/sites.uwasa.fi\/kompassi\/wp-content\/blogs.dir\/4\/files\/sites\/132\/2022\/05\/KOMPASSI-hanke_A3_print_final_v2022.pdf\" target=\"_blank\" rel=\"noopener\">Lataa esite t\u00e4st\u00e4 (.pdf)<\/a><\/li>\n<\/ul>\n<p><strong>9\/2021 KOMPASSI-hankkeen verkkosivut avattu<\/strong><\/p>\n<ul>\n<li>KOMPASSI-hankkeen verkkosivut on nyt julkaistu. Sivuston sis\u00e4lt\u00f6\u00e4 lis\u00e4t\u00e4\u00e4n ja kehitet\u00e4\u00e4n jatkuvasti hankkeen edetess\u00e4. Sivustolle p\u00e4\u00e4set sek\u00e4 suoran osoitteen:\u00a0<a href=\"https:\/\/sites.uwasa.fi\/kompassi\/\">https:\/\/sites.uwasa.fi\/kompassi\/<\/a>\u00a0kautta ett\u00e4 hankeelle varatun verkko-osoitteen:\u00a0<a href=\"http:\/\/www.kompassihanke.fi\/\">www.kompassihanke.fi<\/a>\u00a0kautta.<\/li>\n<\/ul>\n","protected":false},"excerpt":{"rendered":"<p>KOMPASSI-hanke oli toteutusaikanaan esill\u00e4 eri yhteyksiss\u00e4. Ty\u00f6paja kohderyhmien edustajien kanssa: 5\/2022 KOMPASSI-hankkeen pelillinen tarinankerrontaty\u00f6paja, Sein\u00e4joella 22.5.2022 KOMPASSI-hanke j\u00e4rjesti toukokuussa 2022 ty\u00f6pajatilaisuuden kaikille pelioppimisesta ja pelillist\u00e4misest\u00e4 kiinnostuneille. Ty\u00f6pajassa mietittiin asiantuntijoiden avustuksella mm. mill\u00e4 tavoin peleiss\u00e4 voidaan hy\u00f6dynt\u00e4\u00e4 tarinankerrontaa ja millaista on pelisuunnittelu pelimekaniikkojen kannalta? Ty\u00f6pajassa osallistujat p\u00e4\u00e4siv\u00e4t my\u00f6s itse ideoimaan, miten riskienhallinnan oppimateriaalisssa voitaisiin hy\u00f6dynt\u00e4\u00e4 tarinankerrontaa. [&hellip;]<\/p>\n","protected":false},"author":29,"featured_media":0,"parent":0,"menu_order":0,"comment_status":"closed","ping_status":"closed","template":"","meta":{"_acf_changed":false,"footnotes":""},"class_list":["post-148","page","type-page","status-publish","hentry"],"acf":[],"_links":{"self":[{"href":"https:\/\/sites.uwasa.fi\/kompassi\/wp-json\/wp\/v2\/pages\/148"}],"collection":[{"href":"https:\/\/sites.uwasa.fi\/kompassi\/wp-json\/wp\/v2\/pages"}],"about":[{"href":"https:\/\/sites.uwasa.fi\/kompassi\/wp-json\/wp\/v2\/types\/page"}],"author":[{"embeddable":true,"href":"https:\/\/sites.uwasa.fi\/kompassi\/wp-json\/wp\/v2\/users\/29"}],"replies":[{"embeddable":true,"href":"https:\/\/sites.uwasa.fi\/kompassi\/wp-json\/wp\/v2\/comments?post=148"}],"version-history":[{"count":31,"href":"https:\/\/sites.uwasa.fi\/kompassi\/wp-json\/wp\/v2\/pages\/148\/revisions"}],"predecessor-version":[{"id":1354,"href":"https:\/\/sites.uwasa.fi\/kompassi\/wp-json\/wp\/v2\/pages\/148\/revisions\/1354"}],"wp:attachment":[{"href":"https:\/\/sites.uwasa.fi\/kompassi\/wp-json\/wp\/v2\/media?parent=148"}],"curies":[{"name":"wp","href":"https:\/\/api.w.org\/{rel}","templated":true}]}}