{"id":1410,"date":"2023-08-31T15:21:59","date_gmt":"2023-08-31T12:21:59","guid":{"rendered":"https:\/\/sites.uwasa.fi\/kompassi\/?page_id=1410"},"modified":"2023-09-01T16:10:00","modified_gmt":"2023-09-01T13:10:00","slug":"digimoka-2","status":"publish","type":"page","link":"https:\/\/sites.uwasa.fi\/kompassi\/digimoka-2\/","title":{"rendered":"Kampanja digimokien ker\u00e4\u00e4miseksi ja kiinnostuksen her\u00e4tt\u00e4miseksi"},"content":{"rendered":"<p><strong>Jaa digimokasi<\/strong> -kampanjassa etsittiin erilaisia digimokia, eli enemm\u00e4n tai v\u00e4hemm\u00e4n vakavia sattumuksia digilaitteilla ja digiymp\u00e4rist\u00f6iss\u00e4. Kampanja toteutettiin 6.3.2023-31.8.2023 v\u00e4lisen\u00e4 aikana ja vastaajien kesken arvottiin 50 euron arvoisia lahjakortteja.<\/p>\n<p>Kampanjan tavoitteena oli erilaisten digimokien ker\u00e4\u00e4misen lis\u00e4ksi her\u00e4tt\u00e4\u00e4 kiinnostusta digitaalista riskienhallintaa kohtaan sek\u00e4 esitell\u00e4 ja antaa mahdollisuus kokeilla Kompassi-hankkeessa kehitetty\u00e4 <a href=\"https:\/\/sites.uwasa.fi\/kompassi\/oppimisymparisto\/\">Riskioppi-oppimisymp\u00e4rist\u00f6\u00e4<\/a> sek\u00e4 <a href=\"https:\/\/sites.uwasa.fi\/kompassi\/oppimispeli\/\">Riskivirasto-oppimispeli\u00e4<\/a>.<\/p>\n<p><a href=\"https:\/\/sites.uwasa.fi\/kompassi\/wp-content\/blogs.dir\/4\/files\/sites\/132\/2023\/08\/gif1.gif\"><img loading=\"lazy\" decoding=\"async\" class=\"size-full wp-image-1411 alignleft\" src=\"https:\/\/sites.uwasa.fi\/kompassi\/wp-content\/blogs.dir\/4\/files\/sites\/132\/2023\/08\/gif1.gif\" alt=\"\" width=\"220\" height=\"190\" \/><\/a><\/p>\n<p>&nbsp;<\/p>\n<p>Kampanjassa esiteltiin hankkeen riskiprofessori, joka esiintyi my\u00f6s <strong>Riskibotti<\/strong>-chatbotissa. Riskibotin kautta kannustava riskiprofessori k\u00e4vi keskustelua k\u00e4ytt\u00e4j\u00e4n kanssa kysellen, millaisia digimokia k\u00e4ytt\u00e4j\u00e4 on mahtanut kokea, mitk\u00e4 asiat k\u00e4ytt\u00e4ji\u00e4 digiriskien hallinnassa askarruttaa sek\u00e4 lopuksi tarjoten mahdollisuuden kokeilla hankkeessa kehitettyj\u00e4 oppimisymp\u00e4rist\u00f6j\u00e4. Professori reagoi k\u00e4ytt\u00e4j\u00e4n antamiin vastauksiin erilaisin animoiduin ilmein sek\u00e4 kommentoimalla annettua digimokaa. Riskibotti on n\u00e4in osa hankkeen pelillistetty\u00e4 oppimisymp\u00e4rist\u00f6\u00e4.<\/p>\n<p>&nbsp;<\/p>\n<p>&nbsp;<\/p>\n<p>&nbsp;<\/p>\n<p>&nbsp;<\/p>\n<table style=\"border-collapse: collapse;width: 100%\" border=\"1\">\n<tbody>\n<tr>\n<td style=\"width: 50%\"><a href=\"https:\/\/sites.uwasa.fi\/kompassi\/wp-content\/blogs.dir\/4\/files\/sites\/132\/2023\/08\/botti-1-8.png\"><img loading=\"lazy\" decoding=\"async\" class=\"size-full wp-image-1412 alignleft\" src=\"https:\/\/sites.uwasa.fi\/kompassi\/wp-content\/blogs.dir\/4\/files\/sites\/132\/2023\/08\/botti-1-8.png\" alt=\"\" width=\"516\" height=\"518\" srcset=\"https:\/\/sites.uwasa.fi\/kompassi\/wp-content\/blogs.dir\/4\/files\/sites\/132\/2023\/08\/botti-1-8.png 516w, https:\/\/sites.uwasa.fi\/kompassi\/wp-content\/blogs.dir\/4\/files\/sites\/132\/2023\/08\/botti-1-8-300x300.png 300w, https:\/\/sites.uwasa.fi\/kompassi\/wp-content\/blogs.dir\/4\/files\/sites\/132\/2023\/08\/botti-1-8-150x150.png 150w\" sizes=\"(max-width: 516px) 100vw, 516px\" \/><\/a><\/td>\n<td style=\"width: 50%\"><a href=\"https:\/\/sites.uwasa.fi\/kompassi\/wp-content\/blogs.dir\/4\/files\/sites\/132\/2023\/08\/botti-3-8.png\"><img loading=\"lazy\" decoding=\"async\" class=\"aligncenter size-full wp-image-1415\" src=\"https:\/\/sites.uwasa.fi\/kompassi\/wp-content\/blogs.dir\/4\/files\/sites\/132\/2023\/08\/botti-3-8.png\" alt=\"\" width=\"516\" height=\"514\" srcset=\"https:\/\/sites.uwasa.fi\/kompassi\/wp-content\/blogs.dir\/4\/files\/sites\/132\/2023\/08\/botti-3-8.png 516w, https:\/\/sites.uwasa.fi\/kompassi\/wp-content\/blogs.dir\/4\/files\/sites\/132\/2023\/08\/botti-3-8-300x300.png 300w, https:\/\/sites.uwasa.fi\/kompassi\/wp-content\/blogs.dir\/4\/files\/sites\/132\/2023\/08\/botti-3-8-150x150.png 150w\" sizes=\"(max-width: 516px) 100vw, 516px\" \/><\/a><\/td>\n<\/tr>\n<\/tbody>\n<\/table>\n<p>&nbsp;<\/p>\n<p>&nbsp;<\/p>\n<p>&nbsp;<\/p>\n<p>&nbsp;<\/p>\n<p>&nbsp;<\/p>\n<p>&nbsp;<\/p>\n<p>&nbsp;<\/p>\n<p>&nbsp;<\/p>\n<p>&nbsp;<\/p>\n<p>&nbsp;<\/p>\n<p>&nbsp;<\/p>\n","protected":false},"excerpt":{"rendered":"<p>Jaa digimokasi -kampanjassa etsittiin erilaisia digimokia, eli enemm\u00e4n tai v\u00e4hemm\u00e4n vakavia sattumuksia digilaitteilla ja digiymp\u00e4rist\u00f6iss\u00e4. Kampanja toteutettiin 6.3.2023-31.8.2023 v\u00e4lisen\u00e4 aikana ja vastaajien kesken arvottiin 50 euron arvoisia lahjakortteja. Kampanjan tavoitteena oli erilaisten digimokien ker\u00e4\u00e4misen lis\u00e4ksi her\u00e4tt\u00e4\u00e4 kiinnostusta digitaalista riskienhallintaa kohtaan sek\u00e4 esitell\u00e4 ja antaa mahdollisuus kokeilla Kompassi-hankkeessa kehitetty\u00e4 Riskioppi-oppimisymp\u00e4rist\u00f6\u00e4 sek\u00e4 Riskivirasto-oppimispeli\u00e4. &nbsp; Kampanjassa esiteltiin hankkeen [&hellip;]<\/p>\n","protected":false},"author":29,"featured_media":0,"parent":0,"menu_order":0,"comment_status":"closed","ping_status":"closed","template":"","meta":{"_acf_changed":false,"footnotes":""},"class_list":["post-1410","page","type-page","status-publish","hentry"],"acf":[],"_links":{"self":[{"href":"https:\/\/sites.uwasa.fi\/kompassi\/wp-json\/wp\/v2\/pages\/1410"}],"collection":[{"href":"https:\/\/sites.uwasa.fi\/kompassi\/wp-json\/wp\/v2\/pages"}],"about":[{"href":"https:\/\/sites.uwasa.fi\/kompassi\/wp-json\/wp\/v2\/types\/page"}],"author":[{"embeddable":true,"href":"https:\/\/sites.uwasa.fi\/kompassi\/wp-json\/wp\/v2\/users\/29"}],"replies":[{"embeddable":true,"href":"https:\/\/sites.uwasa.fi\/kompassi\/wp-json\/wp\/v2\/comments?post=1410"}],"version-history":[{"count":12,"href":"https:\/\/sites.uwasa.fi\/kompassi\/wp-json\/wp\/v2\/pages\/1410\/revisions"}],"predecessor-version":[{"id":1434,"href":"https:\/\/sites.uwasa.fi\/kompassi\/wp-json\/wp\/v2\/pages\/1410\/revisions\/1434"}],"wp:attachment":[{"href":"https:\/\/sites.uwasa.fi\/kompassi\/wp-json\/wp\/v2\/media?parent=1410"}],"curies":[{"name":"wp","href":"https:\/\/api.w.org\/{rel}","templated":true}]}}