{"id":1160,"date":"2023-03-01T15:31:51","date_gmt":"2023-03-01T13:31:51","guid":{"rendered":"https:\/\/sites.uwasa.fi\/kompassi\/?page_id=1160"},"modified":"2023-03-02T14:37:31","modified_gmt":"2023-03-02T12:37:31","slug":"tietosuojailmoitus","status":"publish","type":"page","link":"https:\/\/sites.uwasa.fi\/kompassi\/tietosuojailmoitus\/","title":{"rendered":"Tietosuojailmoitus (Jaa digimokasi)"},"content":{"rendered":"<h2>Tietosuojailmoitus<\/h2>\n<p>EU:n yleinen tietosuoja-asetus (2016\/679),<\/p>\n<p>Artiklat 13 ja 14<\/p>\n<p>Laadittu: 1.3.2023<\/p>\n<p>&nbsp;<\/p>\n<p style=\"padding-left: 40px\">1. <strong>Rekisterinpit\u00e4j\u00e4<\/strong><\/p>\n<p style=\"padding-left: 80px\">Vaasan yliopisto<\/p>\n<p style=\"padding-left: 80px\">PL 700<\/p>\n<p style=\"padding-left: 80px\">65101 VAASA<\/p>\n<p style=\"padding-left: 80px\">Y-tunnus:\u00a00209599-8<\/p>\n<p style=\"padding-left: 80px\">Puhelin: 029 449 8000<\/p>\n<p style=\"padding-left: 80px\">S\u00e4hk\u00f6posti:\u00a0tietosuoja@uwasa.fi<\/p>\n<p>&nbsp;<\/p>\n<p style=\"padding-left: 40px\">2. <strong>Rekisterinpit\u00e4j\u00e4n edustaja ja yhteyshenkil\u00f6t<\/strong><\/p>\n<p style=\"padding-left: 80px\">Hankkeen johtaja:\u00a0Juha Arrasvuori<\/p>\n<p style=\"padding-left: 80px\">S\u00e4hk\u00f6posti: juha.arrasvuori@uwasa.fi<\/p>\n<p style=\"padding-left: 80px\">Puhelin:\u00a0050 486 7978<\/p>\n<p>&nbsp;<\/p>\n<p style=\"padding-left: 40px\">3. <strong>Tietosuojavastaavan yhteystiedot<\/strong><\/p>\n<p style=\"padding-left: 80px\">Mik\u00e4li sinulla on kysymyksi\u00e4 Vaasan yliopiston suorittamasta henkil\u00f6tietojen k\u00e4sittelyst\u00e4, voit olla s\u00e4hk\u00f6postitse yhteydess\u00e4 yliopiston tietosuojavastaavana toimivaan henkil\u00f6\u00f6n tietosuojavastaava@uwasa.fi.<\/p>\n<p style=\"padding-left: 80px\">Pyynt\u00f6ihisi vastataan kuukauden kuluessa, tai jos perustellusta syyst\u00e4 t\u00e4m\u00e4 on mahdotonta, sinulle ilmoitetaan kuukauden kuluessa k\u00e4sittelyn viiv\u00e4stymisest\u00e4 ja sinulle kerrotaan viiv\u00e4stymisen syy. Pyynt\u00f6ihisi vastataan kuitenkin aina viimeist\u00e4\u00e4n kolmen kuukauden kuluessa pyynn\u00f6n tekemisest\u00e4.<\/p>\n<p>&nbsp;<\/p>\n<p style=\"padding-left: 40px\">4. <strong>Rekisterin nimi<\/strong><\/p>\n<p style=\"padding-left: 80px\"><em>Jaa digimokasi -kampanja (Kompassi-hanke)<\/em><\/p>\n<p>&nbsp;<\/p>\n<p style=\"padding-left: 40px\">5. <strong>Henkil\u00f6tietojen k\u00e4sittelyn tarkoitus<\/strong><\/p>\n<p style=\"padding-left: 80px\">Kompassi-hankkeen tavoitteena on edist\u00e4\u00e4 digitaalisen toimintaymp\u00e4rist\u00f6n riskienhallinnan osaamista. Hankkeessa toteuttavalla <em>Jaa digimokasi<\/em> -kampanjalla ker\u00e4t\u00e4\u00e4n tietoa vastaajien kokemista \u2019digimokista\u2019. Kampanjaan osallistumisen motivoimiseksi, kampanja arpoo lahjakortteja kaikkien kampanjaan vastanneiden kesken. Ker\u00e4ttyj\u00e4 henkil\u00f6tietoja k\u00e4ytet\u00e4\u00e4n yhteydenottoon vastaajiin, jotka ovat voittaneet arvonnassa. Osallistujien yhteystietoja k\u00e4ytet\u00e4\u00e4n palkintojen toimittamiseen postitse sek\u00e4 vastaamisen yhteydess\u00e4 kiinnostuksensa Kompassi-hankkeen Riskioppi-ymp\u00e4rist\u00f6\u00e4 kohtaan ilmoittaneiden kontaktoimiseen.<\/p>\n<p style=\"padding-left: 40px\">\n<p style=\"padding-left: 40px\">6. <strong>Henkil\u00f6tietojen k\u00e4sittelyn oikeusperuste<\/strong><\/p>\n<p style=\"padding-left: 80px\">Henkil\u00f6tietojen k\u00e4sittely on tarpeen yleisen edun mukaisessa tieteellisess\u00e4 tutkimuksessa tietosuojalain (1050\/2018) 4 \u00a7:n 3 momentin perusteella.<\/p>\n<p style=\"padding-left: 80px\">Tiedonkeruun oikeusperusta koostuu n\u00e4in ollen:<\/p>\n<p style=\"padding-left: 120px\">&#8211; k\u00e4sittely on tarpeen tieteellist\u00e4 tutkimusta varten ja se on oikeasuhtaista sill\u00e4 tavoiteltuun yleisen edun mukaiseen tavoitteeseen n\u00e4hden<\/p>\n<p>&nbsp;<\/p>\n<p style=\"padding-left: 40px\">7. <strong>Tietosis\u00e4lt\u00f6 ja s\u00e4ilytysajat<\/strong><\/p>\n<p style=\"padding-left: 80px\">Kyselyss\u00e4 ker\u00e4t\u00e4\u00e4n seuraavat henkil\u00f6tiedot:<\/p>\n<p style=\"padding-left: 120px\">&#8211; Vastaajan etu- ja sukunimi<br \/>\n&#8211; Vastaajan s\u00e4hk\u00f6postiosoite<br \/>\n&#8211; Vastaajan puhelinnumero<br \/>\n&#8211; Vastaajan osoite, postinumero ja postitoimipaikka<\/p>\n<p style=\"padding-left: 80px\">Kyselyyn ei ole mahdollista vastata anonyymisti.<\/p>\n<p style=\"padding-left: 80px\">Ker\u00e4tyt henkil\u00f6tiedot s\u00e4ilytet\u00e4\u00e4n hankkeen keston ajan, eli 31.8.2023 asti. Mik\u00e4li hankkeesta seuraa v\u00e4litt\u00f6mi\u00e4 jatkoprojekteja, joihin henkil\u00f6tietoja tarvitaan, voidaan tietoja s\u00e4ilytt\u00e4\u00e4 my\u00f6s jatkoprojektin keston ajan, kuitenkin korkeintaan vuoden 2025 loppuun. Muut anonyymit vastaustiedot s\u00e4ilytet\u00e4\u00e4n tutkimustarkoituksiin pysyv\u00e4sti.<\/p>\n<p>&nbsp;<\/p>\n<p style=\"padding-left: 40px\">8. <strong>Mist\u00e4 k\u00e4sittelyss\u00e4 tarvittavat henkil\u00f6tiedot saadaan<\/strong><\/p>\n<p style=\"padding-left: 80px\">Tiedot ker\u00e4t\u00e4\u00e4n henkil\u00f6lt\u00e4 itselt\u00e4\u00e4n, joka vastaa kampanjan kyselyyn\u00a0joko giosg.com Oy:n tarjoaman chatbotin tai Webropol-j\u00e4rjestelm\u00e4n tarjoaman lomakkeen kautta.<\/p>\n<p style=\"padding-left: 40px\">\n<p style=\"padding-left: 40px\">9. <strong>Tietojen siirto tai luovuttaminen<\/strong><\/p>\n<p style=\"padding-left: 80px\">Henkil\u00f6tietoja ei siirret\u00e4 muihin palveluihin.<\/p>\n<p>&nbsp;<\/p>\n<p style=\"padding-left: 40px\">9a. Vastaajan valinnan mukaan henkil\u00f6tietoja voidaan k\u00e4sitell\u00e4 Webropol-j\u00e4rjestelm\u00e4ss\u00e4<\/p>\n<p style=\"padding-left: 80px\">Webropol Oy<\/p>\n<p style=\"padding-left: 80px\">Y-tunnus: 1773960-2<\/p>\n<p style=\"padding-left: 80px\">Huovitie 3, 00400 Helsinki<\/p>\n<p style=\"padding-left: 80px\">0201 552 150 | <a href=\"mailto:servicedesk@webropol.fi\">servicedesk@webropol.fi<\/a><\/p>\n<p style=\"padding-left: 80px\">Tietosuojaseloste: <a href=\"https:\/\/webropol.fi\/tietosuojaseloste\/\">https:\/\/webropol.fi\/tietosuojaseloste\/<\/a><\/p>\n<p>&nbsp;<\/p>\n<p style=\"padding-left: 40px\">9b. Vastaajan valinnan mukaan henkil\u00f6tietoja voidaan k\u00e4sitell\u00e4\u00a0giosg chatbot -j\u00e4rjestelm\u00e4ss\u00e4<\/p>\n<p style=\"padding-left: 80px\">giosg.com Oy<\/p>\n<p style=\"padding-left: 80px\">Y-tunnus: 2388009-8<\/p>\n<p style=\"padding-left: 80px\">Valimotie 21, 00380 Helsinki<\/p>\n<p style=\"padding-left: 80px\">040 8225935 | <a href=\"mailto:support@giosg.com\">support@giosg.com<\/a><\/p>\n<p style=\"padding-left: 80px\">Tietosuojaseloste: <a href=\"https:\/\/www.giosg.com\/privacy-policy\">https:\/\/www.giosg.com\/privacy-policy<\/a><\/p>\n<p style=\"padding-left: 40px\">9c. Mik\u00e4li kyselyn aineistoa siirret\u00e4\u00e4n muihin j\u00e4rjestelmiin esim. henkil\u00f6kohtaisille tietokoneille analysointia varten, tullaan aineisto anonymisoimaan siten, ettei siirretyss\u00e4 aineistossa ole henkil\u00f6tietoja.<\/p>\n<p style=\"padding-left: 40px\">9d. Henkil\u00f6tietoja tarkastelevat tutkimuksen kannalta tarkoituksenmukaisissa puitteissa hankeryhm\u00e4n henkil\u00f6t. Hankeryhm\u00e4n kokoonpano on n\u00e4ht\u00e4viss\u00e4 hankkeen kotisivuilla:\u00a0https:\/\/sites.uwasa.fi\/kompassi\/yhteystiedot\/<\/p>\n<p>&nbsp;<\/p>\n<p style=\"padding-left: 40px\">10.<strong> Tietojen siirto EU:n tai ETA:n ulkopuolelle<\/strong><\/p>\n<p style=\"padding-left: 80px\">Henkil\u00f6tietoja ei siirrett\u00e4 EU tai ETA alueiden ulkopuolelle.<\/p>\n<p>&nbsp;<\/p>\n<p style=\"padding-left: 40px\">11. <strong>Henkil\u00f6tietojen suojaamisen periaatteet<\/strong><\/p>\n<p style=\"padding-left: 80px\">Yliopisto rekisterinpit\u00e4j\u00e4n\u00e4 k\u00e4ytt\u00e4\u00e4 asianmukaisia teknisi\u00e4 ja organisatorisia toimia henkil\u00f6tietojen suojaamiseksi luvattomalta tai laittomalta k\u00e4sittelylt\u00e4 sek\u00e4 henkil\u00f6tietojen vahingoittumiselta tai\u00a0h\u00e4vi\u00e4miselt\u00e4.<\/p>\n<p style=\"padding-left: 120px\">&#8211; Manuaalinen aineisto<\/p>\n<p style=\"padding-left: 120px\">&#8211; Henkil\u00f6tiedot suojataan asiattomalta p\u00e4\u00e4sylt\u00e4 ja laittomalta k\u00e4sittelylt\u00e4 (esim. h\u00e4vitt\u00e4minen, muuttaminen tai luovuttaminen). Jokainen k\u00e4sittelij\u00e4 voi k\u00e4sitell\u00e4 vain niit\u00e4 henkil\u00f6tietoja, joita h\u00e4n tarvitsee ty\u00f6teht\u00e4viss\u00e4\u00e4n.<\/p>\n<p style=\"padding-left: 120px\">&#8211; Asiakirjat s\u00e4ilytet\u00e4\u00e4n ulkopuolisilta suojattuina lukitussa tilassa. Asiakirjat tulostetaan vain tarvittaessa ja paperitulosteet tuhotaan k\u00e4yt\u00f6n j\u00e4lkeen.<\/p>\n<p style=\"padding-left: 120px\">&#8211; Automaattisesti k\u00e4sitelt\u00e4v\u00e4t tiedot<\/p>\n<p style=\"padding-left: 120px\">&#8211; Kaikki tietojenk\u00e4sittely perustuu k\u00e4ytt\u00f6oikeuksiin, jotka riippuvat henkil\u00f6n roolista ja asemasta organisaatiossa, sek\u00e4 tarvittaessa erikseen kunkin rekisterin vastuutahon my\u00f6nt\u00e4miin k\u00e4ytt\u00f6lupiin. K\u00e4ytt\u00f6oikeuksien voimassaolo tarkistetaan p\u00e4ivitt\u00e4in.<\/p>\n<p style=\"padding-left: 120px\">&#8211; Tietotekniset j\u00e4rjestelm\u00e4t ja palvelut on suojattu alan hyvien k\u00e4yt\u00e4nt\u00f6jen mukaisesti asiattomalta p\u00e4\u00e4sylt\u00e4, niiden toimintakyky on tarvittavassa m\u00e4\u00e4rin varmistettu ja niiden elinkaari on hallittu.<\/p>\n<p>&nbsp;<\/p>\n<p style=\"padding-left: 40px\">12.<strong> Automatisoitu p\u00e4\u00e4t\u00f6ksenteko<\/strong><\/p>\n<p style=\"padding-left: 80px\">Automaattisia p\u00e4\u00e4t\u00f6ksi\u00e4 ei tehd\u00e4.<\/p>\n<p>&nbsp;<\/p>\n<p style=\"padding-left: 40px\">13. <strong>Rekister\u00f6idyn yleiset oikeudet<\/strong><\/p>\n<p style=\"padding-left: 80px\">Rekister\u00f6idyll\u00e4 on<\/p>\n<p style=\"padding-left: 120px\">&#8211; oikeus tarkastaa rekisterinpit\u00e4j\u00e4lt\u00e4 mit\u00e4 h\u00e4nt\u00e4 koskevia henkil\u00f6tietoja on rekisteriin tallennettu<\/p>\n<p style=\"padding-left: 120px\">&#8211; oikeus vaatia, ett\u00e4 saa puutteelliset henkil\u00f6tiedot t\u00e4ydennetty\u00e4 sek\u00e4 ett\u00e4 Vaasan yliopisto oikaisee rekister\u00f6ity\u00e4 koskevat ep\u00e4tarkat ja virheelliset henkil\u00f6tiedot ilman aiheetonta viivytyst\u00e4<\/p>\n<p style=\"padding-left: 120px\">&#8211; oikeus saada poistettua henkil\u00f6tietonsa ilman aiheetonta viivytyst\u00e4, edellytt\u00e4en ett\u00e4<\/p>\n<p style=\"padding-left: 160px\">&#8211; henkil\u00f6tietoja ei en\u00e4\u00e4 tarvita niihin tarkoituksiin, joita varten ne ker\u00e4ttiin tai joita varten niit\u00e4 muutoin k\u00e4siteltiin<\/p>\n<p style=\"padding-left: 160px\">&#8211; rekister\u00f6ity peruuttaa suostumuksen, johon k\u00e4sittely on perustunut, eik\u00e4 k\u00e4sittelyyn ole muuta laillista perustetta<\/p>\n<p style=\"padding-left: 160px\">&#8211; henkil\u00f6tietoja on k\u00e4sitelty lainvastaisesti<\/p>\n<p style=\"padding-left: 160px\">&#8211; henkil\u00f6tiedot on poistettava Euroopan unionin oikeuteen tai kansallisen lains\u00e4\u00e4d\u00e4nt\u00f6\u00f6n perustuvan lakis\u00e4\u00e4teisen velvoitteen noudattamiseksi.<\/p>\n<p style=\"padding-left: 120px\">&#8211; rajoittaa ja vastustaa k\u00e4sittely\u00e4 jos<\/p>\n<p style=\"padding-left: 160px\">&#8211; rekister\u00f6ity kiist\u00e4\u00e4 henkil\u00f6tietojensa paikkansa pit\u00e4vyyden<\/p>\n<p style=\"padding-left: 160px\">&#8211; k\u00e4sittely on lainvastaista tai rekister\u00f6ity vastustaa henkil\u00f6tietojensa poistamista<\/p>\n<p style=\"padding-left: 160px\">&#8211; rekisterinpit\u00e4j\u00e4 ei en\u00e4\u00e4 tarvitse kyseisi\u00e4 henkil\u00f6tietoja k\u00e4sittelyn tarkoituksiin, mutta rekister\u00f6ity tarvitsee niit\u00e4 oikeudellisen vaateen laatimiseksi, esitt\u00e4miseksi tai puolustamiseksi<\/p>\n<p style=\"padding-left: 160px\">&#8211; rekister\u00f6ity on vastustanut henkil\u00f6tietojen k\u00e4sittely\u00e4 21 artiklan 1 kohdan nojalla odotettaessa sen todentamista, syrj\u00e4ytt\u00e4v\u00e4tk\u00f6 rekisterinpit\u00e4j\u00e4n oikeutetut perusteet rekister\u00f6idyn perusteet.<\/p>\n<p style=\"padding-left: 120px\">&#8211; oikeus peruuttaa suostumus<\/p>\n<p style=\"padding-left: 120px\">&#8211; oikeus peruuttaa antamansa suostumus, milloin tahansa t\u00e4m\u00e4n vaikuttamatta suostumuksen perusteella ennen sen peruuttamista suoritettuun k\u00e4sittelyn lainmukaisuuteen, jos henkil\u00f6tietojen k\u00e4sittely perustuu rekister\u00f6idyn antamaan suostumukseen.<\/p>\n<p style=\"padding-left: 80px\">Rekister\u00f6idyll\u00e4 on my\u00f6s oikeus tehd\u00e4 valitus valvontaviranomaiselle.<\/p>\n<p style=\"padding-left: 80px\">Rekister\u00f6idyll\u00e4 voi olla oikeus siirt\u00e4\u00e4 tiedot j\u00e4rjestelm\u00e4st\u00e4 toiseen, mik\u00e4li kyseess\u00e4 on sellainen tieto, johon kyseinen oikeus soveltuu.<\/p>\n<p style=\"padding-left: 80px\">Neuvoja ja ohjeistusta rekister\u00f6idyn oikeuksiin liittyviss\u00e4 asioissa antaa tietosuojavastaava.<\/p>\n<p>&nbsp;<\/p>\n<p style=\"padding-left: 40px\">14.<strong> Muut informoitavat tiedot<\/strong><\/p>\n<p style=\"padding-left: 80px\">Palvelun k\u00e4yt\u00f6st\u00e4 syntyy lokimerkint\u00f6j\u00e4, joita k\u00e4ytet\u00e4\u00e4n palvelun tietoturvallisuudesta huolehtimiseen, palvelun tekniseen kehitt\u00e4miseen sek\u00e4 vikatilanteiden havaitsemiseen, est\u00e4miseen ja selvitt\u00e4miseen (Tietoyhteiskuntakaari (917\/2014) 138\u00a7, 141\u00a7, 144\u00a7, 272\u00a7). Lokeja s\u00e4ilytet\u00e4\u00e4n n\u00e4ihin tarkoituksiin tarvittava aika eik\u00e4 niit\u00e4 k\u00e4ytet\u00e4 muuhun tarkoitukseen.<\/p>\n<p>&nbsp;<\/p>\n<p style=\"padding-left: 40px\">15.<strong> Tietosuojailmoituksen muuttaminen<\/strong><\/p>\n<p style=\"padding-left: 80px\">Vaasan yliopisto kehitt\u00e4\u00e4 jatkuvasti toimintaansa ja pid\u00e4tt\u00e4\u00e4 itselleen oikeuden p\u00e4ivitt\u00e4\u00e4 t\u00e4t\u00e4\u00a0tietosuojailmoitusta. Muutokset voivat perustua my\u00f6s lains\u00e4\u00e4d\u00e4nn\u00f6n muuttumiseen.<\/p>\n<p style=\"padding-left: 80px\">Merkitt\u00e4viss\u00e4 muutoksissa joissa tietosuojailmoituksemme muuttuu olennaisesti, voimme ilmoittaa asiasta my\u00f6s muulla tavoin ennen muutoksen voimaantuloa.<\/p>\n<p style=\"padding-left: 80px\">T\u00e4m\u00e4 tietosuojailmoitus on viimeksi p\u00e4ivitetty 1.3.2023.<\/p>\n","protected":false},"excerpt":{"rendered":"<p>Tietosuojailmoitus EU:n yleinen tietosuoja-asetus (2016\/679), Artiklat 13 ja 14 Laadittu: 1.3.2023 &nbsp; 1. Rekisterinpit\u00e4j\u00e4 Vaasan yliopisto PL 700 65101 VAASA Y-tunnus:\u00a00209599-8 Puhelin: 029 449 8000 S\u00e4hk\u00f6posti:\u00a0tietosuoja@uwasa.fi &nbsp; 2. Rekisterinpit\u00e4j\u00e4n edustaja ja yhteyshenkil\u00f6t Hankkeen johtaja:\u00a0Juha Arrasvuori S\u00e4hk\u00f6posti: juha.arrasvuori@uwasa.fi Puhelin:\u00a0050 486 7978 &nbsp; 3. Tietosuojavastaavan yhteystiedot Mik\u00e4li sinulla on kysymyksi\u00e4 Vaasan yliopiston suorittamasta henkil\u00f6tietojen k\u00e4sittelyst\u00e4, voit olla [&hellip;]<\/p>\n","protected":false},"author":29,"featured_media":0,"parent":0,"menu_order":0,"comment_status":"closed","ping_status":"closed","template":"","meta":{"_acf_changed":false,"footnotes":""},"class_list":["post-1160","page","type-page","status-publish","hentry"],"acf":[],"_links":{"self":[{"href":"https:\/\/sites.uwasa.fi\/kompassi\/wp-json\/wp\/v2\/pages\/1160"}],"collection":[{"href":"https:\/\/sites.uwasa.fi\/kompassi\/wp-json\/wp\/v2\/pages"}],"about":[{"href":"https:\/\/sites.uwasa.fi\/kompassi\/wp-json\/wp\/v2\/types\/page"}],"author":[{"embeddable":true,"href":"https:\/\/sites.uwasa.fi\/kompassi\/wp-json\/wp\/v2\/users\/29"}],"replies":[{"embeddable":true,"href":"https:\/\/sites.uwasa.fi\/kompassi\/wp-json\/wp\/v2\/comments?post=1160"}],"version-history":[{"count":13,"href":"https:\/\/sites.uwasa.fi\/kompassi\/wp-json\/wp\/v2\/pages\/1160\/revisions"}],"predecessor-version":[{"id":1184,"href":"https:\/\/sites.uwasa.fi\/kompassi\/wp-json\/wp\/v2\/pages\/1160\/revisions\/1184"}],"wp:attachment":[{"href":"https:\/\/sites.uwasa.fi\/kompassi\/wp-json\/wp\/v2\/media?parent=1160"}],"curies":[{"name":"wp","href":"https:\/\/api.w.org\/{rel}","templated":true}]}}